{"id":138670,"date":"2024-02-13T14:01:04","date_gmt":"2024-02-13T12:01:04","guid":{"rendered":"https:\/\/metaltale.com\/produktas\/riiulihoidja-daria-160x105-mm\/"},"modified":"2024-02-13T14:01:04","modified_gmt":"2024-02-13T12:01:04","slug":"riiulihoidja-daria-160x105-mm","status":"publish","type":"product","link":"https:\/\/metaltale.com\/et\/toode\/riiulihoidja-daria-160x105-mm\/","title":{"rendered":"Riiulihoidja DARIA 160&#215;105 mm"},"content":{"rendered":"<div class=\"prod_data\">\n<p>Paigalduskruvid Jah<br \/>\n<strong>V\u00e4rv<\/strong> teras<br \/>\nKogus komplekti kohta 1 tk.<br \/>\n<strong>Mudel<\/strong> 01.070DXX<br \/>\nMaterjal Ketus<br \/>\n<strong>Koguk\u00f5rgus (cm<\/strong> ) Valikuv\u00f5imalus<br \/>\n<strong>Aluse m\u00f5\u00f5tmed (cm)<\/strong> 1.8<\/p>\n<p>&#8211; Erinevad m\u00f5\u00f5tmed, et luua soovitud suurusega riiulid<br \/>\n&#8211; vanaaegne v\u00e4limus, mille annavad vormij\u00e4ljed, annab sellele maal\u00e4hedase iseloomu ja muudab selle ainulaadseks.<br \/>\n&#8211; ohutus ja kasutusmugavus on tagatud ebatasasuste lihvimisega.<br \/>\n&#8211; k\u00e4sitsi valmistatud viimistlus tagab retroh\u00f5ngulise stiili s\u00e4ilimise<br \/>\n&#8211; unikaalsus &#8211; toode on valmistatud manufaktuurse protsessi k\u00e4igus, nii et klambrid erinevad \u00fcksteisest detailide poolest<br \/>\n&#8211; mitmek\u00fclgsus &#8211; klambrit saab kinnitada puitlaastplaadist v\u00f5i MDF-ist valmistatud riiulite k\u00fclge<br \/>\n&#8211; selle ebatraditsiooniline v\u00e4limus muudab selle sobivaks nii retro- kui ka moodsasse interj\u00f6\u00f6ri.<\/p>\n<hr>\n<p>Siin esitatud riiulite klamber on kindlasti ebatavalise kujuga ja rikkalikult kaunistatud. Massiivne malm tagab lihtsa ja turvalise paigalduse ning stabiilse haardumise. T\u00e4nu n\u00e4htavale ornamendile saab toodet kasutada nii funktsionaalse riiuli kui ka dekoratiivse elemendina. Originaalne ja pilkup\u00fc\u00fcdev DARIA riiulit\u00fc\u00fcp sobib ideaalselt igasse moodsasse v\u00f5i retroh\u00f5ngulisse interj\u00f6\u00f6ri.<\/p>\n<p>*Riiulite klambrid on k\u00e4sitsi valmistatud, seega v\u00f5ib esineda v\u00e4ike k\u00f5rvalekalle (mitte t\u00e4pselt 90\u00b0).<\/p>\n<\/div>\n","protected":false},"excerpt":{"rendered":"<p>Paigalduskruvid Jah V\u00e4rv teras Kogus komplekti kohta 1 tk. Mudel 01.070DXX Materjal Ketus Koguk\u00f5rgus (cm ) Valikuv\u00f5imalus Aluse m\u00f5\u00f5tmed (cm)<\/p>\n","protected":false},"featured_media":115324,"comment_status":"open","ping_status":"closed","template":"","meta":{"_acf_changed":false,"pmpro_default_level":""},"product_brand":[],"product_cat":[23859,23836],"product_tag":[],"class_list":{"0":"post-138670","1":"product","2":"type-product","3":"status-publish","4":"has-post-thumbnail","6":"product_cat-lentynu-laikikliai-et","7":"product_cat-moobli-tarvikud","8":"pmpro-has-access","10":"first","11":"instock","12":"shipping-taxable","13":"purchasable","14":"product-type-simple"},"acf":[],"yoast_head":"<!-- This site is optimized with the Yoast SEO plugin v24.9 - https:\/\/yoast.com\/wordpress\/plugins\/seo\/ -->\n<title>Riiulihoidja DARIA 160x105 mm - MetalTale.com<\/title>\n<meta name=\"robots\" content=\"index, follow, max-snippet:-1, max-image-preview:large, max-video-preview:-1\" \/>\n<link rel=\"canonical\" href=\"https:\/\/metaltale.com\/et\/toode\/riiulihoidja-daria-160x105-mm\/\" \/>\n<meta property=\"og:locale\" content=\"et_EE\" \/>\n<meta property=\"og:type\" content=\"article\" \/>\n<meta property=\"og:title\" content=\"Riiulihoidja DARIA 160x105 mm - MetalTale.com\" \/>\n<meta property=\"og:description\" content=\"Paigalduskruvid Jah V\u00e4rv teras Kogus komplekti kohta 1 tk. Mudel 01.070DXX Materjal Ketus Koguk\u00f5rgus (cm ) Valikuv\u00f5imalus Aluse m\u00f5\u00f5tmed (cm)\" \/>\n<meta property=\"og:url\" content=\"https:\/\/metaltale.com\/et\/toode\/riiulihoidja-daria-160x105-mm\/\" \/>\n<meta property=\"og:site_name\" content=\"MetalTale.com\" \/>\n<meta property=\"og:image\" content=\"https:\/\/metaltale.com\/wp-content\/uploads\/2023\/11\/Kronx161teinas-DARIA-230x120-Plieninis.jpg\" \/>\n\t<meta property=\"og:image:width\" content=\"800\" \/>\n\t<meta property=\"og:image:height\" content=\"800\" \/>\n\t<meta property=\"og:image:type\" content=\"image\/jpeg\" \/>\n<meta name=\"twitter:card\" content=\"summary_large_image\" \/>\n<meta name=\"twitter:label1\" content=\"Est. reading time\" \/>\n\t<meta name=\"twitter:data1\" content=\"1 minut\" \/>\n<script type=\"application\/ld+json\" class=\"yoast-schema-graph\">{\"@context\":\"https:\/\/schema.org\",\"@graph\":[{\"@type\":\"WebPage\",\"@id\":\"https:\/\/metaltale.com\/et\/toode\/riiulihoidja-daria-160x105-mm\/\",\"url\":\"https:\/\/metaltale.com\/et\/toode\/riiulihoidja-daria-160x105-mm\/\",\"name\":\"Riiulihoidja DARIA 160x105 mm - MetalTale.com\",\"isPartOf\":{\"@id\":\"https:\/\/metaltale.com\/et\/#website\"},\"primaryImageOfPage\":{\"@id\":\"https:\/\/metaltale.com\/et\/toode\/riiulihoidja-daria-160x105-mm\/#primaryimage\"},\"image\":{\"@id\":\"https:\/\/metaltale.com\/et\/toode\/riiulihoidja-daria-160x105-mm\/#primaryimage\"},\"thumbnailUrl\":\"https:\/\/metaltale.com\/wp-content\/uploads\/2023\/11\/Kronx161teinas-DARIA-230x120-Plieninis.jpg\",\"datePublished\":\"2024-02-13T12:01:04+00:00\",\"breadcrumb\":{\"@id\":\"https:\/\/metaltale.com\/et\/toode\/riiulihoidja-daria-160x105-mm\/#breadcrumb\"},\"inLanguage\":\"et\",\"potentialAction\":[{\"@type\":\"ReadAction\",\"target\":[\"https:\/\/metaltale.com\/et\/toode\/riiulihoidja-daria-160x105-mm\/\"]}]},{\"@type\":\"ImageObject\",\"inLanguage\":\"et\",\"@id\":\"https:\/\/metaltale.com\/et\/toode\/riiulihoidja-daria-160x105-mm\/#primaryimage\",\"url\":\"https:\/\/metaltale.com\/wp-content\/uploads\/2023\/11\/Kronx161teinas-DARIA-230x120-Plieninis.jpg\",\"contentUrl\":\"https:\/\/metaltale.com\/wp-content\/uploads\/2023\/11\/Kronx161teinas-DARIA-230x120-Plieninis.jpg\",\"width\":800,\"height\":800,\"caption\":\"Juhatuse liige DARIA\"},{\"@type\":\"BreadcrumbList\",\"@id\":\"https:\/\/metaltale.com\/et\/toode\/riiulihoidja-daria-160x105-mm\/#breadcrumb\",\"itemListElement\":[{\"@type\":\"ListItem\",\"position\":1,\"name\":\"Home\",\"item\":\"https:\/\/metaltale.com\/et\/kodu\/\"},{\"@type\":\"ListItem\",\"position\":2,\"name\":\"Kauplus\",\"item\":\"https:\/\/metaltale.com\/et\/shop\/\"},{\"@type\":\"ListItem\",\"position\":3,\"name\":\"Riiulihoidja DARIA 160&#215;105 mm\"}]},{\"@type\":\"WebSite\",\"@id\":\"https:\/\/metaltale.com\/et\/#website\",\"url\":\"https:\/\/metaltale.com\/et\/\",\"name\":\"Metaltale.com\",\"description\":\"\",\"potentialAction\":[{\"@type\":\"SearchAction\",\"target\":{\"@type\":\"EntryPoint\",\"urlTemplate\":\"https:\/\/metaltale.com\/et\/?s={search_term_string}\"},\"query-input\":{\"@type\":\"PropertyValueSpecification\",\"valueRequired\":true,\"valueName\":\"search_term_string\"}}],\"inLanguage\":\"et\"}]}<\/script>\n<!-- \/ Yoast SEO plugin. -->","yoast_head_json":{"title":"Riiulihoidja DARIA 160x105 mm - MetalTale.com","robots":{"index":"index","follow":"follow","max-snippet":"max-snippet:-1","max-image-preview":"max-image-preview:large","max-video-preview":"max-video-preview:-1"},"canonical":"https:\/\/metaltale.com\/et\/toode\/riiulihoidja-daria-160x105-mm\/","og_locale":"et_EE","og_type":"article","og_title":"Riiulihoidja DARIA 160x105 mm - MetalTale.com","og_description":"Paigalduskruvid Jah V\u00e4rv teras Kogus komplekti kohta 1 tk. Mudel 01.070DXX Materjal Ketus Koguk\u00f5rgus (cm ) Valikuv\u00f5imalus Aluse m\u00f5\u00f5tmed (cm)","og_url":"https:\/\/metaltale.com\/et\/toode\/riiulihoidja-daria-160x105-mm\/","og_site_name":"MetalTale.com","og_image":[{"width":800,"height":800,"url":"https:\/\/metaltale.com\/wp-content\/uploads\/2023\/11\/Kronx161teinas-DARIA-230x120-Plieninis.jpg","type":"image\/jpeg"}],"twitter_card":"summary_large_image","twitter_misc":{"Est. reading time":"1 minut"},"schema":{"@context":"https:\/\/schema.org","@graph":[{"@type":"WebPage","@id":"https:\/\/metaltale.com\/et\/toode\/riiulihoidja-daria-160x105-mm\/","url":"https:\/\/metaltale.com\/et\/toode\/riiulihoidja-daria-160x105-mm\/","name":"Riiulihoidja DARIA 160x105 mm - MetalTale.com","isPartOf":{"@id":"https:\/\/metaltale.com\/et\/#website"},"primaryImageOfPage":{"@id":"https:\/\/metaltale.com\/et\/toode\/riiulihoidja-daria-160x105-mm\/#primaryimage"},"image":{"@id":"https:\/\/metaltale.com\/et\/toode\/riiulihoidja-daria-160x105-mm\/#primaryimage"},"thumbnailUrl":"https:\/\/metaltale.com\/wp-content\/uploads\/2023\/11\/Kronx161teinas-DARIA-230x120-Plieninis.jpg","datePublished":"2024-02-13T12:01:04+00:00","breadcrumb":{"@id":"https:\/\/metaltale.com\/et\/toode\/riiulihoidja-daria-160x105-mm\/#breadcrumb"},"inLanguage":"et","potentialAction":[{"@type":"ReadAction","target":["https:\/\/metaltale.com\/et\/toode\/riiulihoidja-daria-160x105-mm\/"]}]},{"@type":"ImageObject","inLanguage":"et","@id":"https:\/\/metaltale.com\/et\/toode\/riiulihoidja-daria-160x105-mm\/#primaryimage","url":"https:\/\/metaltale.com\/wp-content\/uploads\/2023\/11\/Kronx161teinas-DARIA-230x120-Plieninis.jpg","contentUrl":"https:\/\/metaltale.com\/wp-content\/uploads\/2023\/11\/Kronx161teinas-DARIA-230x120-Plieninis.jpg","width":800,"height":800,"caption":"Juhatuse liige DARIA"},{"@type":"BreadcrumbList","@id":"https:\/\/metaltale.com\/et\/toode\/riiulihoidja-daria-160x105-mm\/#breadcrumb","itemListElement":[{"@type":"ListItem","position":1,"name":"Home","item":"https:\/\/metaltale.com\/et\/kodu\/"},{"@type":"ListItem","position":2,"name":"Kauplus","item":"https:\/\/metaltale.com\/et\/shop\/"},{"@type":"ListItem","position":3,"name":"Riiulihoidja DARIA 160&#215;105 mm"}]},{"@type":"WebSite","@id":"https:\/\/metaltale.com\/et\/#website","url":"https:\/\/metaltale.com\/et\/","name":"Metaltale.com","description":"","potentialAction":[{"@type":"SearchAction","target":{"@type":"EntryPoint","urlTemplate":"https:\/\/metaltale.com\/et\/?s={search_term_string}"},"query-input":{"@type":"PropertyValueSpecification","valueRequired":true,"valueName":"search_term_string"}}],"inLanguage":"et"}]}},"_links":{"self":[{"href":"https:\/\/metaltale.com\/et\/wp-json\/wp\/v2\/product\/138670","targetHints":{"allow":["GET"]}}],"collection":[{"href":"https:\/\/metaltale.com\/et\/wp-json\/wp\/v2\/product"}],"about":[{"href":"https:\/\/metaltale.com\/et\/wp-json\/wp\/v2\/types\/product"}],"replies":[{"embeddable":true,"href":"https:\/\/metaltale.com\/et\/wp-json\/wp\/v2\/comments?post=138670"}],"version-history":[{"count":0,"href":"https:\/\/metaltale.com\/et\/wp-json\/wp\/v2\/product\/138670\/revisions"}],"wp:featuredmedia":[{"embeddable":true,"href":"https:\/\/metaltale.com\/et\/wp-json\/wp\/v2\/media\/115324"}],"wp:attachment":[{"href":"https:\/\/metaltale.com\/et\/wp-json\/wp\/v2\/media?parent=138670"}],"wp:term":[{"taxonomy":"product_brand","embeddable":true,"href":"https:\/\/metaltale.com\/et\/wp-json\/wp\/v2\/product_brand?post=138670"},{"taxonomy":"product_cat","embeddable":true,"href":"https:\/\/metaltale.com\/et\/wp-json\/wp\/v2\/product_cat?post=138670"},{"taxonomy":"product_tag","embeddable":true,"href":"https:\/\/metaltale.com\/et\/wp-json\/wp\/v2\/product_tag?post=138670"}],"curies":[{"name":"wp","href":"https:\/\/api.w.org\/{rel}","templated":true}]}}