{"id":138653,"date":"2024-02-13T14:01:42","date_gmt":"2024-02-13T12:01:42","guid":{"rendered":"https:\/\/metaltale.com\/produktas\/riiulitugi-albion-140x140mm-natural\/"},"modified":"2024-02-13T14:01:42","modified_gmt":"2024-02-13T12:01:42","slug":"riiulitugi-albion-140x140mm-natural","status":"publish","type":"product","link":"https:\/\/metaltale.com\/et\/toode\/riiulitugi-albion-140x140mm-natural\/","title":{"rendered":"Riiulitugi ALBION 140x140mm NATURAL"},"content":{"rendered":"<div class=\"prod_data\">\n<p><strong>Mudel<\/strong> 01.070A. AI.140<br \/>\n<strong>EAN.<\/strong>  5905369921742<br \/>\nMaterjal Ketus<br \/>\n<strong>\u00dcldine k\u00f5rgus (cm)<\/strong> 14<br \/>\n<strong>\u00dcldine laius (cm)<\/strong> 3,3<br \/>\nKoguprojektsioon (cm) 14<br \/>\nAukude <strong>vahe (cm)<\/strong> 10,5<br \/>\nPaigalduskruvid Jah<br \/>\n<strong>V\u00e4rv<\/strong> teras<br \/>\nKogus komplekti kohta 1 tk.<\/p>\n<p><span style=\"font-size: medium;\">&#8211; hoidja on valmistatud kvaliteetsest malmsulamist<br \/>\n&#8211; on \u00fcmardatud servade ja k\u00e4sitsi valmistatud detailidega<br \/>\n&#8211; tootmisprotsessis on tehtud k\u00f5ik endast olenev, et tagada toote pikk kasutusiga.<br \/>\n&#8211; t\u00e4helepanu detailidele toote valmistamisel tagab lihtsa kokkupaneku<br \/>\n&#8211; \u00d5ige arv kinnitusauke tagab riiuli stabiilse kinnituse.<br \/>\n&#8211; rohkemate sulgude abil saab luua m\u00e4rkimisv\u00e4\u00e4rse pikkusega riiuli.<br \/>\n&#8211; Riiuli valmistamiseks v\u00f5ib kasutada MDF- v\u00f5i puitlaastplaati, kuid klambrid n\u00e4evad k\u00f5ige efektsemad v\u00e4lja koos naturaalse puiduga.<\/span><\/p>\n<hr>\n<p><span style=\"font-size: medium;\">&#8220;Albioni klambrit kasutatakse k\u00f5ikjal, kus on vaja stiilset ja madalat riiulit. Selle tagasihoidlik arhitektuur lisab igale interj\u00f6\u00f6rile \u00f5rnalt \u00fclbe iseloomu.<\/span><\/p>\n<p style=\"text-align: left;\"><span style=\"font-size: medium;\">*Riiulite klambrid on k\u00e4sitsi valmistatud, seega v\u00f5ib esineda v\u00e4ike k\u00f5rvalekalle (mitte t\u00e4pselt 90\u00b0). <\/span><\/p>\n<\/div>\n","protected":false},"excerpt":{"rendered":"<p>Mudel 01.070A. AI.140 EAN. 5905369921742 Materjal Ketus \u00dcldine k\u00f5rgus (cm) 14 \u00dcldine laius (cm) 3,3 Koguprojektsioon (cm) 14 Aukude vahe<\/p>\n","protected":false},"featured_media":84588,"comment_status":"open","ping_status":"closed","template":"","meta":{"_acf_changed":false,"pmpro_default_level":""},"product_brand":[],"product_cat":[23859,23836],"product_tag":[],"class_list":{"0":"post-138653","1":"product","2":"type-product","3":"status-publish","4":"has-post-thumbnail","6":"product_cat-lentynu-laikikliai-et","7":"product_cat-moobli-tarvikud","8":"pmpro-has-access","10":"first","11":"instock","12":"shipping-taxable","13":"purchasable","14":"product-type-simple"},"acf":[],"yoast_head":"<!-- This site is optimized with the Yoast SEO plugin v24.9 - https:\/\/yoast.com\/wordpress\/plugins\/seo\/ -->\n<title>Riiulitugi ALBION 140x140mm NATURAL - MetalTale.com<\/title>\n<meta name=\"robots\" content=\"index, follow, max-snippet:-1, max-image-preview:large, max-video-preview:-1\" \/>\n<link rel=\"canonical\" href=\"https:\/\/metaltale.com\/et\/toode\/riiulitugi-albion-140x140mm-natural\/\" \/>\n<meta property=\"og:locale\" content=\"et_EE\" \/>\n<meta property=\"og:type\" content=\"article\" \/>\n<meta property=\"og:title\" content=\"Riiulitugi ALBION 140x140mm NATURAL - MetalTale.com\" \/>\n<meta property=\"og:description\" content=\"Mudel 01.070A. AI.140 EAN. 5905369921742 Materjal Ketus \u00dcldine k\u00f5rgus (cm) 14 \u00dcldine laius (cm) 3,3 Koguprojektsioon (cm) 14 Aukude vahe\" \/>\n<meta property=\"og:url\" content=\"https:\/\/metaltale.com\/et\/toode\/riiulitugi-albion-140x140mm-natural\/\" \/>\n<meta property=\"og:site_name\" content=\"MetalTale.com\" \/>\n<meta property=\"og:image\" content=\"https:\/\/metaltale.com\/wp-content\/uploads\/2023\/10\/Laikiklis-ALBION-140x140-plienas.jpg\" \/>\n\t<meta property=\"og:image:width\" content=\"800\" \/>\n\t<meta property=\"og:image:height\" content=\"800\" \/>\n\t<meta property=\"og:image:type\" content=\"image\/jpeg\" \/>\n<meta name=\"twitter:card\" content=\"summary_large_image\" \/>\n<meta name=\"twitter:label1\" content=\"Est. reading time\" \/>\n\t<meta name=\"twitter:data1\" content=\"1 minut\" \/>\n<script type=\"application\/ld+json\" class=\"yoast-schema-graph\">{\"@context\":\"https:\/\/schema.org\",\"@graph\":[{\"@type\":\"WebPage\",\"@id\":\"https:\/\/metaltale.com\/et\/toode\/riiulitugi-albion-140x140mm-natural\/\",\"url\":\"https:\/\/metaltale.com\/et\/toode\/riiulitugi-albion-140x140mm-natural\/\",\"name\":\"Riiulitugi ALBION 140x140mm NATURAL - MetalTale.com\",\"isPartOf\":{\"@id\":\"https:\/\/metaltale.com\/et\/#website\"},\"primaryImageOfPage\":{\"@id\":\"https:\/\/metaltale.com\/et\/toode\/riiulitugi-albion-140x140mm-natural\/#primaryimage\"},\"image\":{\"@id\":\"https:\/\/metaltale.com\/et\/toode\/riiulitugi-albion-140x140mm-natural\/#primaryimage\"},\"thumbnailUrl\":\"https:\/\/metaltale.com\/wp-content\/uploads\/2023\/10\/Laikiklis-ALBION-140x140-plienas.jpg\",\"datePublished\":\"2024-02-13T12:01:42+00:00\",\"breadcrumb\":{\"@id\":\"https:\/\/metaltale.com\/et\/toode\/riiulitugi-albion-140x140mm-natural\/#breadcrumb\"},\"inLanguage\":\"et\",\"potentialAction\":[{\"@type\":\"ReadAction\",\"target\":[\"https:\/\/metaltale.com\/et\/toode\/riiulitugi-albion-140x140mm-natural\/\"]}]},{\"@type\":\"ImageObject\",\"inLanguage\":\"et\",\"@id\":\"https:\/\/metaltale.com\/et\/toode\/riiulitugi-albion-140x140mm-natural\/#primaryimage\",\"url\":\"https:\/\/metaltale.com\/wp-content\/uploads\/2023\/10\/Laikiklis-ALBION-140x140-plienas.jpg\",\"contentUrl\":\"https:\/\/metaltale.com\/wp-content\/uploads\/2023\/10\/Laikiklis-ALBION-140x140-plienas.jpg\",\"width\":800,\"height\":800,\"caption\":\"Riiulitugi ALBION 140x140mm NATURAL\"},{\"@type\":\"BreadcrumbList\",\"@id\":\"https:\/\/metaltale.com\/et\/toode\/riiulitugi-albion-140x140mm-natural\/#breadcrumb\",\"itemListElement\":[{\"@type\":\"ListItem\",\"position\":1,\"name\":\"Home\",\"item\":\"https:\/\/metaltale.com\/et\/kodu\/\"},{\"@type\":\"ListItem\",\"position\":2,\"name\":\"Kauplus\",\"item\":\"https:\/\/metaltale.com\/et\/shop\/\"},{\"@type\":\"ListItem\",\"position\":3,\"name\":\"Riiulitugi ALBION 140x140mm NATURAL\"}]},{\"@type\":\"WebSite\",\"@id\":\"https:\/\/metaltale.com\/et\/#website\",\"url\":\"https:\/\/metaltale.com\/et\/\",\"name\":\"Metaltale.com\",\"description\":\"\",\"potentialAction\":[{\"@type\":\"SearchAction\",\"target\":{\"@type\":\"EntryPoint\",\"urlTemplate\":\"https:\/\/metaltale.com\/et\/?s={search_term_string}\"},\"query-input\":{\"@type\":\"PropertyValueSpecification\",\"valueRequired\":true,\"valueName\":\"search_term_string\"}}],\"inLanguage\":\"et\"}]}<\/script>\n<!-- \/ Yoast SEO plugin. -->","yoast_head_json":{"title":"Riiulitugi ALBION 140x140mm NATURAL - MetalTale.com","robots":{"index":"index","follow":"follow","max-snippet":"max-snippet:-1","max-image-preview":"max-image-preview:large","max-video-preview":"max-video-preview:-1"},"canonical":"https:\/\/metaltale.com\/et\/toode\/riiulitugi-albion-140x140mm-natural\/","og_locale":"et_EE","og_type":"article","og_title":"Riiulitugi ALBION 140x140mm NATURAL - MetalTale.com","og_description":"Mudel 01.070A. AI.140 EAN. 5905369921742 Materjal Ketus \u00dcldine k\u00f5rgus (cm) 14 \u00dcldine laius (cm) 3,3 Koguprojektsioon (cm) 14 Aukude vahe","og_url":"https:\/\/metaltale.com\/et\/toode\/riiulitugi-albion-140x140mm-natural\/","og_site_name":"MetalTale.com","og_image":[{"width":800,"height":800,"url":"https:\/\/metaltale.com\/wp-content\/uploads\/2023\/10\/Laikiklis-ALBION-140x140-plienas.jpg","type":"image\/jpeg"}],"twitter_card":"summary_large_image","twitter_misc":{"Est. reading time":"1 minut"},"schema":{"@context":"https:\/\/schema.org","@graph":[{"@type":"WebPage","@id":"https:\/\/metaltale.com\/et\/toode\/riiulitugi-albion-140x140mm-natural\/","url":"https:\/\/metaltale.com\/et\/toode\/riiulitugi-albion-140x140mm-natural\/","name":"Riiulitugi ALBION 140x140mm NATURAL - MetalTale.com","isPartOf":{"@id":"https:\/\/metaltale.com\/et\/#website"},"primaryImageOfPage":{"@id":"https:\/\/metaltale.com\/et\/toode\/riiulitugi-albion-140x140mm-natural\/#primaryimage"},"image":{"@id":"https:\/\/metaltale.com\/et\/toode\/riiulitugi-albion-140x140mm-natural\/#primaryimage"},"thumbnailUrl":"https:\/\/metaltale.com\/wp-content\/uploads\/2023\/10\/Laikiklis-ALBION-140x140-plienas.jpg","datePublished":"2024-02-13T12:01:42+00:00","breadcrumb":{"@id":"https:\/\/metaltale.com\/et\/toode\/riiulitugi-albion-140x140mm-natural\/#breadcrumb"},"inLanguage":"et","potentialAction":[{"@type":"ReadAction","target":["https:\/\/metaltale.com\/et\/toode\/riiulitugi-albion-140x140mm-natural\/"]}]},{"@type":"ImageObject","inLanguage":"et","@id":"https:\/\/metaltale.com\/et\/toode\/riiulitugi-albion-140x140mm-natural\/#primaryimage","url":"https:\/\/metaltale.com\/wp-content\/uploads\/2023\/10\/Laikiklis-ALBION-140x140-plienas.jpg","contentUrl":"https:\/\/metaltale.com\/wp-content\/uploads\/2023\/10\/Laikiklis-ALBION-140x140-plienas.jpg","width":800,"height":800,"caption":"Riiulitugi ALBION 140x140mm NATURAL"},{"@type":"BreadcrumbList","@id":"https:\/\/metaltale.com\/et\/toode\/riiulitugi-albion-140x140mm-natural\/#breadcrumb","itemListElement":[{"@type":"ListItem","position":1,"name":"Home","item":"https:\/\/metaltale.com\/et\/kodu\/"},{"@type":"ListItem","position":2,"name":"Kauplus","item":"https:\/\/metaltale.com\/et\/shop\/"},{"@type":"ListItem","position":3,"name":"Riiulitugi ALBION 140x140mm NATURAL"}]},{"@type":"WebSite","@id":"https:\/\/metaltale.com\/et\/#website","url":"https:\/\/metaltale.com\/et\/","name":"Metaltale.com","description":"","potentialAction":[{"@type":"SearchAction","target":{"@type":"EntryPoint","urlTemplate":"https:\/\/metaltale.com\/et\/?s={search_term_string}"},"query-input":{"@type":"PropertyValueSpecification","valueRequired":true,"valueName":"search_term_string"}}],"inLanguage":"et"}]}},"_links":{"self":[{"href":"https:\/\/metaltale.com\/et\/wp-json\/wp\/v2\/product\/138653","targetHints":{"allow":["GET"]}}],"collection":[{"href":"https:\/\/metaltale.com\/et\/wp-json\/wp\/v2\/product"}],"about":[{"href":"https:\/\/metaltale.com\/et\/wp-json\/wp\/v2\/types\/product"}],"replies":[{"embeddable":true,"href":"https:\/\/metaltale.com\/et\/wp-json\/wp\/v2\/comments?post=138653"}],"version-history":[{"count":0,"href":"https:\/\/metaltale.com\/et\/wp-json\/wp\/v2\/product\/138653\/revisions"}],"wp:featuredmedia":[{"embeddable":true,"href":"https:\/\/metaltale.com\/et\/wp-json\/wp\/v2\/media\/84588"}],"wp:attachment":[{"href":"https:\/\/metaltale.com\/et\/wp-json\/wp\/v2\/media?parent=138653"}],"wp:term":[{"taxonomy":"product_brand","embeddable":true,"href":"https:\/\/metaltale.com\/et\/wp-json\/wp\/v2\/product_brand?post=138653"},{"taxonomy":"product_cat","embeddable":true,"href":"https:\/\/metaltale.com\/et\/wp-json\/wp\/v2\/product_cat?post=138653"},{"taxonomy":"product_tag","embeddable":true,"href":"https:\/\/metaltale.com\/et\/wp-json\/wp\/v2\/product_tag?post=138653"}],"curies":[{"name":"wp","href":"https:\/\/api.w.org\/{rel}","templated":true}]}}