{"id":138652,"date":"2024-02-13T14:01:42","date_gmt":"2024-02-13T12:01:42","guid":{"rendered":"https:\/\/metaltale.com\/produktas\/riiulitugi-arizona-195x185mm-natural\/"},"modified":"2024-02-13T14:01:42","modified_gmt":"2024-02-13T12:01:42","slug":"riiulitugi-arizona-195x185mm-natural","status":"publish","type":"product","link":"https:\/\/metaltale.com\/et\/toode\/riiulitugi-arizona-195x185mm-natural\/","title":{"rendered":"Riiulitugi ARIZONA 195x185mm NATURAL"},"content":{"rendered":"<div class=\"prod_data\">\n<p><strong>Mudel<\/strong> 49.070A. AI.190<br \/>\n<strong>EAN.<\/strong>  5905369921759<br \/>\n<strong>Materjal<\/strong> teras<br \/>\n<strong>\u00dcldine k\u00f5rgus (cm)<\/strong> 18,5<br \/>\n<strong>\u00dcldine laius (cm)<\/strong> 5,5<br \/>\n<strong>Koguprojektsioon (cm)<\/strong> 19,5<br \/>\nPaigalduskruvid Jah<br \/>\n<strong>V\u00e4rv<\/strong> teras<br \/>\nKogus komplekti kohta 1 tk.<\/p>\n<p><span style=\"font-size: medium;\">&#8211; tsingitud kinnitusaugud v\u00f5imaldavad kruvide asetamist konsooli pinnaga samale tasapinnale<\/span><br \/>\n<span style=\"font-size: medium;\">&#8211; kinnituspunktide olemasolu takistab tahvli liikumist.<\/span><span style=\"font-size: medium;\"><\/p>\n<p>&#8211; valmistatud malmist <span style=\"font-size: medium;\">dekoratiivse kaarega ja kolme \u00fchenduselemendiga<\/span> &#8211; t\u00e4nu kvaliteetsele sulamile annab riiuli alla stabiilse toe &#8211; klambri kuju ja suurus v\u00f5imaldab riiuli erineva paksuse ja s\u00fcgavuse valmistamist &#8211; \u00fcmardatud servad ja k\u00e4sitsi valmistatud detailid muudavad toote mitte ainult esteetiliseks, vaid ka praktiliseks ja ohutuks<\/span><br \/>\n<span style=\"font-size: medium;\">&#8211; mitmek\u00fclgsus v\u00f5imaldab riiulit valmistada puitplaadist, puitlaastplaadist v\u00f5i MDF-ist<\/span><\/p>\n<hr>\n<p><span style=\"font-size: medium;\">Arizona on toode, mis sobib ideaalselt raamatute v\u00f5i kaunistuste riiulihoidjaks. Selle arhitektuur ei domineeri riiulil, vaid r\u00f5hutab selle maal\u00e4hedast iseloomu.<\/span><br \/>\n<span style=\"font-size: medium;\">See sobib ideaalselt nii avarasse, t\u00f6\u00f6stuslikusse interj\u00f6\u00f6ri kui ka tagasihoidlikesse elutubadesse ja muudesse moodsa disainiga ruumidesse.<\/span><\/p>\n<hr>\n<p style=\"text-align: left;\"><span style=\"font-size: medium;\">*Riiulite klambrid on k\u00e4sitsi valmistatud, seega v\u00f5ib esineda v\u00e4ike k\u00f5rvalekalle (mitte t\u00e4pselt 90\u00b0). <\/span><\/p>\n<\/div>\n","protected":false},"excerpt":{"rendered":"<p>Mudel 49.070A. AI.190 EAN. 5905369921759 Materjal teras \u00dcldine k\u00f5rgus (cm) 18,5 \u00dcldine laius (cm) 5,5 Koguprojektsioon (cm) 19,5 Paigalduskruvid Jah<\/p>\n","protected":false},"featured_media":119737,"comment_status":"open","ping_status":"closed","template":"","meta":{"_acf_changed":false,"pmpro_default_level":""},"product_brand":[],"product_cat":[23859,23836],"product_tag":[],"class_list":{"0":"post-138652","1":"product","2":"type-product","3":"status-publish","4":"has-post-thumbnail","6":"product_cat-lentynu-laikikliai-et","7":"product_cat-moobli-tarvikud","8":"pmpro-has-access","10":"first","11":"instock","12":"shipping-taxable","13":"purchasable","14":"product-type-simple"},"acf":[],"yoast_head":"<!-- This site is optimized with the Yoast SEO plugin v24.9 - https:\/\/yoast.com\/wordpress\/plugins\/seo\/ -->\n<title>Riiulitugi ARIZONA 195x185mm NATURAL - MetalTale.com<\/title>\n<meta name=\"robots\" content=\"index, follow, max-snippet:-1, max-image-preview:large, max-video-preview:-1\" \/>\n<link rel=\"canonical\" href=\"https:\/\/metaltale.com\/et\/toode\/riiulitugi-arizona-195x185mm-natural\/\" \/>\n<meta property=\"og:locale\" content=\"et_EE\" \/>\n<meta property=\"og:type\" content=\"article\" \/>\n<meta property=\"og:title\" content=\"Riiulitugi ARIZONA 195x185mm NATURAL - MetalTale.com\" \/>\n<meta property=\"og:description\" content=\"Mudel 49.070A. AI.190 EAN. 5905369921759 Materjal teras \u00dcldine k\u00f5rgus (cm) 18,5 \u00dcldine laius (cm) 5,5 Koguprojektsioon (cm) 19,5 Paigalduskruvid Jah\" \/>\n<meta property=\"og:url\" content=\"https:\/\/metaltale.com\/et\/toode\/riiulitugi-arizona-195x185mm-natural\/\" \/>\n<meta property=\"og:site_name\" content=\"MetalTale.com\" \/>\n<meta property=\"og:image\" content=\"https:\/\/metaltale.com\/wp-content\/uploads\/2024\/01\/lentynos-laikiklis-2.jpg\" \/>\n\t<meta property=\"og:image:width\" content=\"800\" \/>\n\t<meta property=\"og:image:height\" content=\"800\" \/>\n\t<meta property=\"og:image:type\" content=\"image\/jpeg\" \/>\n<meta name=\"twitter:card\" content=\"summary_large_image\" \/>\n<meta name=\"twitter:label1\" content=\"Est. reading time\" \/>\n\t<meta name=\"twitter:data1\" content=\"1 minut\" \/>\n<script type=\"application\/ld+json\" class=\"yoast-schema-graph\">{\"@context\":\"https:\/\/schema.org\",\"@graph\":[{\"@type\":\"WebPage\",\"@id\":\"https:\/\/metaltale.com\/et\/toode\/riiulitugi-arizona-195x185mm-natural\/\",\"url\":\"https:\/\/metaltale.com\/et\/toode\/riiulitugi-arizona-195x185mm-natural\/\",\"name\":\"Riiulitugi ARIZONA 195x185mm NATURAL - MetalTale.com\",\"isPartOf\":{\"@id\":\"https:\/\/metaltale.com\/et\/#website\"},\"primaryImageOfPage\":{\"@id\":\"https:\/\/metaltale.com\/et\/toode\/riiulitugi-arizona-195x185mm-natural\/#primaryimage\"},\"image\":{\"@id\":\"https:\/\/metaltale.com\/et\/toode\/riiulitugi-arizona-195x185mm-natural\/#primaryimage\"},\"thumbnailUrl\":\"https:\/\/metaltale.com\/wp-content\/uploads\/2024\/01\/lentynos-laikiklis-2.jpg\",\"datePublished\":\"2024-02-13T12:01:42+00:00\",\"breadcrumb\":{\"@id\":\"https:\/\/metaltale.com\/et\/toode\/riiulitugi-arizona-195x185mm-natural\/#breadcrumb\"},\"inLanguage\":\"et\",\"potentialAction\":[{\"@type\":\"ReadAction\",\"target\":[\"https:\/\/metaltale.com\/et\/toode\/riiulitugi-arizona-195x185mm-natural\/\"]}]},{\"@type\":\"ImageObject\",\"inLanguage\":\"et\",\"@id\":\"https:\/\/metaltale.com\/et\/toode\/riiulitugi-arizona-195x185mm-natural\/#primaryimage\",\"url\":\"https:\/\/metaltale.com\/wp-content\/uploads\/2024\/01\/lentynos-laikiklis-2.jpg\",\"contentUrl\":\"https:\/\/metaltale.com\/wp-content\/uploads\/2024\/01\/lentynos-laikiklis-2.jpg\",\"width\":800,\"height\":800,\"caption\":\"riiulihoidja\"},{\"@type\":\"BreadcrumbList\",\"@id\":\"https:\/\/metaltale.com\/et\/toode\/riiulitugi-arizona-195x185mm-natural\/#breadcrumb\",\"itemListElement\":[{\"@type\":\"ListItem\",\"position\":1,\"name\":\"Home\",\"item\":\"https:\/\/metaltale.com\/et\/kodu\/\"},{\"@type\":\"ListItem\",\"position\":2,\"name\":\"Kauplus\",\"item\":\"https:\/\/metaltale.com\/et\/shop\/\"},{\"@type\":\"ListItem\",\"position\":3,\"name\":\"Riiulitugi ARIZONA 195x185mm NATURAL\"}]},{\"@type\":\"WebSite\",\"@id\":\"https:\/\/metaltale.com\/et\/#website\",\"url\":\"https:\/\/metaltale.com\/et\/\",\"name\":\"Metaltale.com\",\"description\":\"\",\"potentialAction\":[{\"@type\":\"SearchAction\",\"target\":{\"@type\":\"EntryPoint\",\"urlTemplate\":\"https:\/\/metaltale.com\/et\/?s={search_term_string}\"},\"query-input\":{\"@type\":\"PropertyValueSpecification\",\"valueRequired\":true,\"valueName\":\"search_term_string\"}}],\"inLanguage\":\"et\"}]}<\/script>\n<!-- \/ Yoast SEO plugin. -->","yoast_head_json":{"title":"Riiulitugi ARIZONA 195x185mm NATURAL - MetalTale.com","robots":{"index":"index","follow":"follow","max-snippet":"max-snippet:-1","max-image-preview":"max-image-preview:large","max-video-preview":"max-video-preview:-1"},"canonical":"https:\/\/metaltale.com\/et\/toode\/riiulitugi-arizona-195x185mm-natural\/","og_locale":"et_EE","og_type":"article","og_title":"Riiulitugi ARIZONA 195x185mm NATURAL - MetalTale.com","og_description":"Mudel 49.070A. AI.190 EAN. 5905369921759 Materjal teras \u00dcldine k\u00f5rgus (cm) 18,5 \u00dcldine laius (cm) 5,5 Koguprojektsioon (cm) 19,5 Paigalduskruvid Jah","og_url":"https:\/\/metaltale.com\/et\/toode\/riiulitugi-arizona-195x185mm-natural\/","og_site_name":"MetalTale.com","og_image":[{"width":800,"height":800,"url":"https:\/\/metaltale.com\/wp-content\/uploads\/2024\/01\/lentynos-laikiklis-2.jpg","type":"image\/jpeg"}],"twitter_card":"summary_large_image","twitter_misc":{"Est. reading time":"1 minut"},"schema":{"@context":"https:\/\/schema.org","@graph":[{"@type":"WebPage","@id":"https:\/\/metaltale.com\/et\/toode\/riiulitugi-arizona-195x185mm-natural\/","url":"https:\/\/metaltale.com\/et\/toode\/riiulitugi-arizona-195x185mm-natural\/","name":"Riiulitugi ARIZONA 195x185mm NATURAL - MetalTale.com","isPartOf":{"@id":"https:\/\/metaltale.com\/et\/#website"},"primaryImageOfPage":{"@id":"https:\/\/metaltale.com\/et\/toode\/riiulitugi-arizona-195x185mm-natural\/#primaryimage"},"image":{"@id":"https:\/\/metaltale.com\/et\/toode\/riiulitugi-arizona-195x185mm-natural\/#primaryimage"},"thumbnailUrl":"https:\/\/metaltale.com\/wp-content\/uploads\/2024\/01\/lentynos-laikiklis-2.jpg","datePublished":"2024-02-13T12:01:42+00:00","breadcrumb":{"@id":"https:\/\/metaltale.com\/et\/toode\/riiulitugi-arizona-195x185mm-natural\/#breadcrumb"},"inLanguage":"et","potentialAction":[{"@type":"ReadAction","target":["https:\/\/metaltale.com\/et\/toode\/riiulitugi-arizona-195x185mm-natural\/"]}]},{"@type":"ImageObject","inLanguage":"et","@id":"https:\/\/metaltale.com\/et\/toode\/riiulitugi-arizona-195x185mm-natural\/#primaryimage","url":"https:\/\/metaltale.com\/wp-content\/uploads\/2024\/01\/lentynos-laikiklis-2.jpg","contentUrl":"https:\/\/metaltale.com\/wp-content\/uploads\/2024\/01\/lentynos-laikiklis-2.jpg","width":800,"height":800,"caption":"riiulihoidja"},{"@type":"BreadcrumbList","@id":"https:\/\/metaltale.com\/et\/toode\/riiulitugi-arizona-195x185mm-natural\/#breadcrumb","itemListElement":[{"@type":"ListItem","position":1,"name":"Home","item":"https:\/\/metaltale.com\/et\/kodu\/"},{"@type":"ListItem","position":2,"name":"Kauplus","item":"https:\/\/metaltale.com\/et\/shop\/"},{"@type":"ListItem","position":3,"name":"Riiulitugi ARIZONA 195x185mm NATURAL"}]},{"@type":"WebSite","@id":"https:\/\/metaltale.com\/et\/#website","url":"https:\/\/metaltale.com\/et\/","name":"Metaltale.com","description":"","potentialAction":[{"@type":"SearchAction","target":{"@type":"EntryPoint","urlTemplate":"https:\/\/metaltale.com\/et\/?s={search_term_string}"},"query-input":{"@type":"PropertyValueSpecification","valueRequired":true,"valueName":"search_term_string"}}],"inLanguage":"et"}]}},"_links":{"self":[{"href":"https:\/\/metaltale.com\/et\/wp-json\/wp\/v2\/product\/138652","targetHints":{"allow":["GET"]}}],"collection":[{"href":"https:\/\/metaltale.com\/et\/wp-json\/wp\/v2\/product"}],"about":[{"href":"https:\/\/metaltale.com\/et\/wp-json\/wp\/v2\/types\/product"}],"replies":[{"embeddable":true,"href":"https:\/\/metaltale.com\/et\/wp-json\/wp\/v2\/comments?post=138652"}],"version-history":[{"count":0,"href":"https:\/\/metaltale.com\/et\/wp-json\/wp\/v2\/product\/138652\/revisions"}],"wp:featuredmedia":[{"embeddable":true,"href":"https:\/\/metaltale.com\/et\/wp-json\/wp\/v2\/media\/119737"}],"wp:attachment":[{"href":"https:\/\/metaltale.com\/et\/wp-json\/wp\/v2\/media?parent=138652"}],"wp:term":[{"taxonomy":"product_brand","embeddable":true,"href":"https:\/\/metaltale.com\/et\/wp-json\/wp\/v2\/product_brand?post=138652"},{"taxonomy":"product_cat","embeddable":true,"href":"https:\/\/metaltale.com\/et\/wp-json\/wp\/v2\/product_cat?post=138652"},{"taxonomy":"product_tag","embeddable":true,"href":"https:\/\/metaltale.com\/et\/wp-json\/wp\/v2\/product_tag?post=138652"}],"curies":[{"name":"wp","href":"https:\/\/api.w.org\/{rel}","templated":true}]}}