{"id":138634,"date":"2024-02-13T14:07:04","date_gmt":"2024-02-13T12:07:04","guid":{"rendered":"https:\/\/metaltale.com\/produktas\/mooblinupp-decorative-36mm\/"},"modified":"2024-02-13T14:07:04","modified_gmt":"2024-02-13T12:07:04","slug":"mooblinupp-decorative-36mm","status":"publish","type":"product","link":"https:\/\/metaltale.com\/et\/toode\/mooblinupp-decorative-36mm\/","title":{"rendered":"M\u00f6\u00f6blinupp DECORATIVE 36mm"},"content":{"rendered":"<div class=\"prod_data\">\n<p><strong>Mudel<\/strong> 49.086O. AI.35<br \/>\n<strong>EAN.<\/strong>  5905369917059<br \/>\nMaterjal Ketus<br \/>\n<strong>\u00dcldine k\u00f5rgus (cm)<\/strong> 3<br \/>\n<strong>\u00dcldl\u00e4bim\u00f5\u00f5t (cm<\/strong> ) 3,6<br \/>\n<strong>Aluse m\u00f5\u00f5tmed (cm)<\/strong> 1,2<br \/>\n<strong>Paigalduskruvid<\/strong> Kruvi<br \/>\n<strong>V\u00e4rv<\/strong> teras<br \/>\n<strong>Trim<\/strong> Waxed<\/p>\n<p>&#8211; toode on valmistatud k\u00f5rgeima kvaliteediga malmist, mis tagab vastupidavuse ja tugevuse.<br \/>\n&#8211; Kerge tekstuuriga pind r\u00f5hutab toote retrotunnet.<br \/>\n&#8211; Klassikalise kujuga k\u00e4epide, mis suurendab kasutusmugavust<br \/>\n&#8211; tootega on kaasas kruvi lihtsaks kokkupanekuks<\/p>\n<hr>\n<p>Dekoratiivne m\u00f6\u00f6blinupp on valmistatud suure t\u00e4psusega ja \u00e4\u00e4rmise t\u00e4helepanuga detailidele, mis v\u00f5imaldab meil imetleda v\u00e4ga v\u00e4ikeses ja mugavas vormis m\u00f6\u00f6blit. Selle korpusele paigaldatud klassikaline muster esindab k\u00f5ige rustikaalsemaid mustreid, mida kasutatakse k\u00f5ikides m\u00f6\u00f6blitarvikutes.<\/p>\n<p>K\u00e4epide on valmistatud malmsulamist, mis on sobiva impregneerimisega, et tagada meie toote pikk ja mugav kasutamine. Paigalduskruvi kaasas.<\/p>\n<\/div>\n","protected":false},"excerpt":{"rendered":"<p>Mudel 49.086O. AI.35 EAN. 5905369917059 Materjal Ketus \u00dcldine k\u00f5rgus (cm) 3 \u00dcldl\u00e4bim\u00f5\u00f5t (cm ) 3,6 Aluse m\u00f5\u00f5tmed (cm) 1,2 Paigalduskruvid<\/p>\n","protected":false},"featured_media":85668,"comment_status":"open","ping_status":"closed","template":"","meta":{"_acf_changed":false,"pmpro_default_level":""},"product_brand":[],"product_cat":[23880,23836,23873],"product_tag":[],"class_list":{"0":"post-138634","1":"product","2":"type-product","3":"status-publish","4":"has-post-thumbnail","6":"product_cat-baldu-rankeneles-et","7":"product_cat-moobli-tarvikud","8":"product_cat-rankeneles-et","9":"pmpro-has-access","11":"first","12":"instock","13":"shipping-taxable","14":"purchasable","15":"product-type-simple"},"acf":[],"yoast_head":"<!-- This site is optimized with the Yoast SEO plugin v24.9 - https:\/\/yoast.com\/wordpress\/plugins\/seo\/ -->\n<title>M\u00f6\u00f6blinupp DECORATIVE 36mm - MetalTale.com<\/title>\n<meta name=\"robots\" content=\"index, follow, max-snippet:-1, max-image-preview:large, max-video-preview:-1\" \/>\n<link rel=\"canonical\" href=\"https:\/\/metaltale.com\/et\/toode\/mooblinupp-decorative-36mm\/\" \/>\n<meta property=\"og:locale\" content=\"et_EE\" \/>\n<meta property=\"og:type\" content=\"article\" \/>\n<meta property=\"og:title\" content=\"M\u00f6\u00f6blinupp DECORATIVE 36mm - MetalTale.com\" \/>\n<meta property=\"og:description\" content=\"Mudel 49.086O. AI.35 EAN. 5905369917059 Materjal Ketus \u00dcldine k\u00f5rgus (cm) 3 \u00dcldl\u00e4bim\u00f5\u00f5t (cm ) 3,6 Aluse m\u00f5\u00f5tmed (cm) 1,2 Paigalduskruvid\" \/>\n<meta property=\"og:url\" content=\"https:\/\/metaltale.com\/et\/toode\/mooblinupp-decorative-36mm\/\" \/>\n<meta property=\"og:site_name\" content=\"MetalTale.com\" \/>\n<meta name=\"twitter:card\" content=\"summary_large_image\" \/>\n<meta name=\"twitter:label1\" content=\"Est. reading time\" \/>\n\t<meta name=\"twitter:data1\" content=\"1 minut\" \/>\n<script type=\"application\/ld+json\" class=\"yoast-schema-graph\">{\"@context\":\"https:\/\/schema.org\",\"@graph\":[{\"@type\":\"WebPage\",\"@id\":\"https:\/\/metaltale.com\/et\/toode\/mooblinupp-decorative-36mm\/\",\"url\":\"https:\/\/metaltale.com\/et\/toode\/mooblinupp-decorative-36mm\/\",\"name\":\"M\u00f6\u00f6blinupp DECORATIVE 36mm - MetalTale.com\",\"isPartOf\":{\"@id\":\"https:\/\/metaltale.com\/et\/#website\"},\"primaryImageOfPage\":{\"@id\":\"https:\/\/metaltale.com\/et\/toode\/mooblinupp-decorative-36mm\/#primaryimage\"},\"image\":{\"@id\":\"https:\/\/metaltale.com\/et\/toode\/mooblinupp-decorative-36mm\/#primaryimage\"},\"thumbnailUrl\":\"https:\/\/metaltale.com\/wp-content\/uploads\/2023\/10\/Baldx173-rankenx117lx117-DECORATIVE-36-Steel.jpg\",\"datePublished\":\"2024-02-13T12:07:04+00:00\",\"breadcrumb\":{\"@id\":\"https:\/\/metaltale.com\/et\/toode\/mooblinupp-decorative-36mm\/#breadcrumb\"},\"inLanguage\":\"et\",\"potentialAction\":[{\"@type\":\"ReadAction\",\"target\":[\"https:\/\/metaltale.com\/et\/toode\/mooblinupp-decorative-36mm\/\"]}]},{\"@type\":\"ImageObject\",\"inLanguage\":\"et\",\"@id\":\"https:\/\/metaltale.com\/et\/toode\/mooblinupp-decorative-36mm\/#primaryimage\",\"url\":\"https:\/\/metaltale.com\/wp-content\/uploads\/2023\/10\/Baldx173-rankenx117lx117-DECORATIVE-36-Steel.jpg\",\"contentUrl\":\"https:\/\/metaltale.com\/wp-content\/uploads\/2023\/10\/Baldx173-rankenx117lx117-DECORATIVE-36-Steel.jpg\",\"width\":800,\"height\":800,\"caption\":\"M\u00f6\u00f6blinupp DECORATIVE 36mm\"},{\"@type\":\"BreadcrumbList\",\"@id\":\"https:\/\/metaltale.com\/et\/toode\/mooblinupp-decorative-36mm\/#breadcrumb\",\"itemListElement\":[{\"@type\":\"ListItem\",\"position\":1,\"name\":\"Home\",\"item\":\"https:\/\/metaltale.com\/et\/kodu\/\"},{\"@type\":\"ListItem\",\"position\":2,\"name\":\"Kauplus\",\"item\":\"https:\/\/metaltale.com\/et\/shop\/\"},{\"@type\":\"ListItem\",\"position\":3,\"name\":\"M\u00f6\u00f6blinupp DECORATIVE 36mm\"}]},{\"@type\":\"WebSite\",\"@id\":\"https:\/\/metaltale.com\/et\/#website\",\"url\":\"https:\/\/metaltale.com\/et\/\",\"name\":\"Metaltale.com\",\"description\":\"\",\"potentialAction\":[{\"@type\":\"SearchAction\",\"target\":{\"@type\":\"EntryPoint\",\"urlTemplate\":\"https:\/\/metaltale.com\/et\/?s={search_term_string}\"},\"query-input\":{\"@type\":\"PropertyValueSpecification\",\"valueRequired\":true,\"valueName\":\"search_term_string\"}}],\"inLanguage\":\"et\"}]}<\/script>\n<!-- \/ Yoast SEO plugin. -->","yoast_head_json":{"title":"M\u00f6\u00f6blinupp DECORATIVE 36mm - MetalTale.com","robots":{"index":"index","follow":"follow","max-snippet":"max-snippet:-1","max-image-preview":"max-image-preview:large","max-video-preview":"max-video-preview:-1"},"canonical":"https:\/\/metaltale.com\/et\/toode\/mooblinupp-decorative-36mm\/","og_locale":"et_EE","og_type":"article","og_title":"M\u00f6\u00f6blinupp DECORATIVE 36mm - MetalTale.com","og_description":"Mudel 49.086O. AI.35 EAN. 5905369917059 Materjal Ketus \u00dcldine k\u00f5rgus (cm) 3 \u00dcldl\u00e4bim\u00f5\u00f5t (cm ) 3,6 Aluse m\u00f5\u00f5tmed (cm) 1,2 Paigalduskruvid","og_url":"https:\/\/metaltale.com\/et\/toode\/mooblinupp-decorative-36mm\/","og_site_name":"MetalTale.com","twitter_card":"summary_large_image","twitter_misc":{"Est. reading time":"1 minut"},"schema":{"@context":"https:\/\/schema.org","@graph":[{"@type":"WebPage","@id":"https:\/\/metaltale.com\/et\/toode\/mooblinupp-decorative-36mm\/","url":"https:\/\/metaltale.com\/et\/toode\/mooblinupp-decorative-36mm\/","name":"M\u00f6\u00f6blinupp DECORATIVE 36mm - MetalTale.com","isPartOf":{"@id":"https:\/\/metaltale.com\/et\/#website"},"primaryImageOfPage":{"@id":"https:\/\/metaltale.com\/et\/toode\/mooblinupp-decorative-36mm\/#primaryimage"},"image":{"@id":"https:\/\/metaltale.com\/et\/toode\/mooblinupp-decorative-36mm\/#primaryimage"},"thumbnailUrl":"https:\/\/metaltale.com\/wp-content\/uploads\/2023\/10\/Baldx173-rankenx117lx117-DECORATIVE-36-Steel.jpg","datePublished":"2024-02-13T12:07:04+00:00","breadcrumb":{"@id":"https:\/\/metaltale.com\/et\/toode\/mooblinupp-decorative-36mm\/#breadcrumb"},"inLanguage":"et","potentialAction":[{"@type":"ReadAction","target":["https:\/\/metaltale.com\/et\/toode\/mooblinupp-decorative-36mm\/"]}]},{"@type":"ImageObject","inLanguage":"et","@id":"https:\/\/metaltale.com\/et\/toode\/mooblinupp-decorative-36mm\/#primaryimage","url":"https:\/\/metaltale.com\/wp-content\/uploads\/2023\/10\/Baldx173-rankenx117lx117-DECORATIVE-36-Steel.jpg","contentUrl":"https:\/\/metaltale.com\/wp-content\/uploads\/2023\/10\/Baldx173-rankenx117lx117-DECORATIVE-36-Steel.jpg","width":800,"height":800,"caption":"M\u00f6\u00f6blinupp DECORATIVE 36mm"},{"@type":"BreadcrumbList","@id":"https:\/\/metaltale.com\/et\/toode\/mooblinupp-decorative-36mm\/#breadcrumb","itemListElement":[{"@type":"ListItem","position":1,"name":"Home","item":"https:\/\/metaltale.com\/et\/kodu\/"},{"@type":"ListItem","position":2,"name":"Kauplus","item":"https:\/\/metaltale.com\/et\/shop\/"},{"@type":"ListItem","position":3,"name":"M\u00f6\u00f6blinupp DECORATIVE 36mm"}]},{"@type":"WebSite","@id":"https:\/\/metaltale.com\/et\/#website","url":"https:\/\/metaltale.com\/et\/","name":"Metaltale.com","description":"","potentialAction":[{"@type":"SearchAction","target":{"@type":"EntryPoint","urlTemplate":"https:\/\/metaltale.com\/et\/?s={search_term_string}"},"query-input":{"@type":"PropertyValueSpecification","valueRequired":true,"valueName":"search_term_string"}}],"inLanguage":"et"}]}},"_links":{"self":[{"href":"https:\/\/metaltale.com\/et\/wp-json\/wp\/v2\/product\/138634","targetHints":{"allow":["GET"]}}],"collection":[{"href":"https:\/\/metaltale.com\/et\/wp-json\/wp\/v2\/product"}],"about":[{"href":"https:\/\/metaltale.com\/et\/wp-json\/wp\/v2\/types\/product"}],"replies":[{"embeddable":true,"href":"https:\/\/metaltale.com\/et\/wp-json\/wp\/v2\/comments?post=138634"}],"version-history":[{"count":0,"href":"https:\/\/metaltale.com\/et\/wp-json\/wp\/v2\/product\/138634\/revisions"}],"wp:featuredmedia":[{"embeddable":true,"href":"https:\/\/metaltale.com\/et\/wp-json\/wp\/v2\/media\/85668"}],"wp:attachment":[{"href":"https:\/\/metaltale.com\/et\/wp-json\/wp\/v2\/media?parent=138634"}],"wp:term":[{"taxonomy":"product_brand","embeddable":true,"href":"https:\/\/metaltale.com\/et\/wp-json\/wp\/v2\/product_brand?post=138634"},{"taxonomy":"product_cat","embeddable":true,"href":"https:\/\/metaltale.com\/et\/wp-json\/wp\/v2\/product_cat?post=138634"},{"taxonomy":"product_tag","embeddable":true,"href":"https:\/\/metaltale.com\/et\/wp-json\/wp\/v2\/product_tag?post=138634"}],"curies":[{"name":"wp","href":"https:\/\/api.w.org\/{rel}","templated":true}]}}