{"id":138620,"date":"2024-02-13T14:05:05","date_gmt":"2024-02-13T12:05:05","guid":{"rendered":"https:\/\/metaltale.com\/produktas\/roivakonks-cracked-ceramic\/"},"modified":"2024-02-13T14:05:05","modified_gmt":"2024-02-13T12:05:05","slug":"roivakonks-cracked-ceramic","status":"publish","type":"product","link":"https:\/\/metaltale.com\/et\/toode\/roivakonks-cracked-ceramic\/","title":{"rendered":"R\u00f5ivakonks CRACKED CERAMIC"},"content":{"rendered":"<div class=\"prod_data\">\n<p><strong>Mudel<\/strong> 49.336CGXX<br \/>\n<strong>Materjal<\/strong> Keraamiline, teras, malm<br \/>\n<strong>\u00dcldine k\u00f5rgus (cm)<\/strong> 19<br \/>\n<strong>Koguprojektsioon (cm)<\/strong> 10<br \/>\n<strong>Aluse m\u00f5\u00f5tmed (cm<\/strong> ) 4,5 x 3,6<br \/>\n<strong>Liik<\/strong> Double<br \/>\nPaigalduskruvid Jah<br \/>\n<strong>V\u00e4rv<\/strong> Valge, teras<br \/>\nKogus komplekti kohta 1 tk.<\/p>\n<p>Eriline t\u00e4helepanu aksessuaaridele ja detailidele ning nende valmistamiseks kasutatud materjalide k\u00f5rge kvaliteet kajastub meie veebipoe pakkumises.<\/p>\n<p><strong>Rippkonks<\/strong> on klassikaline lahendus siseruumide moderniseerimiseks. Lihtne, malmist vorm on kroonitud kahe spetsiaalselt valmistatud keraamilise palliga, mis annab sellele pragunenud ja palju vanema mulje. Keraamilised elemendid koos kvaliteetse malmiga on kindlasti \u00fcks teguritest, mille taga on retrostiilis aksessuaarid.<\/p>\n<p>Tere tulemast meie maal\u00e4hedaste k\u00e4epidemete poe pealehele, kus saate tutvuda meie m\u00f6\u00f6blitarvikute, m\u00f6\u00f6blik\u00e4epidemete ja m\u00f6\u00f6blivarustuse pakkumisega.<\/p>\n<\/div>\n","protected":false},"excerpt":{"rendered":"<p>Mudel 49.336CGXX Materjal Keraamiline, teras, malm \u00dcldine k\u00f5rgus (cm) 19 Koguprojektsioon (cm) 10 Aluse m\u00f5\u00f5tmed (cm ) 4,5 x 3,6<\/p>\n","protected":false},"featured_media":129932,"comment_status":"open","ping_status":"closed","template":"","meta":{"_acf_changed":false,"pmpro_default_level":""},"product_brand":[],"product_cat":[24176,23836],"product_tag":[],"class_list":{"0":"post-138620","1":"product","2":"type-product","3":"status-publish","4":"has-post-thumbnail","6":"product_cat-ripatsid-ja-konksud","7":"product_cat-moobli-tarvikud","8":"pmpro-has-access","10":"first","11":"instock","12":"shipping-taxable","13":"purchasable","14":"product-type-simple"},"acf":[],"yoast_head":"<!-- This site is optimized with the Yoast SEO plugin v24.9 - https:\/\/yoast.com\/wordpress\/plugins\/seo\/ -->\n<title>R\u00f5ivakonks CRACKED CERAMIC - MetalTale.com<\/title>\n<meta name=\"robots\" content=\"index, follow, max-snippet:-1, max-image-preview:large, max-video-preview:-1\" \/>\n<link rel=\"canonical\" href=\"https:\/\/metaltale.com\/et\/toode\/roivakonks-cracked-ceramic\/\" \/>\n<meta property=\"og:locale\" content=\"et_EE\" \/>\n<meta property=\"og:type\" content=\"article\" \/>\n<meta property=\"og:title\" content=\"R\u00f5ivakonks CRACKED CERAMIC - MetalTale.com\" \/>\n<meta property=\"og:description\" content=\"Mudel 49.336CGXX Materjal Keraamiline, teras, malm \u00dcldine k\u00f5rgus (cm) 19 Koguprojektsioon (cm) 10 Aluse m\u00f5\u00f5tmed (cm ) 4,5 x 3,6\" \/>\n<meta property=\"og:url\" content=\"https:\/\/metaltale.com\/et\/toode\/roivakonks-cracked-ceramic\/\" \/>\n<meta property=\"og:site_name\" content=\"MetalTale.com\" \/>\n<meta name=\"twitter:card\" content=\"summary_large_image\" \/>\n<meta name=\"twitter:label1\" content=\"Est. reading time\" \/>\n\t<meta name=\"twitter:data1\" content=\"1 minut\" \/>\n<script type=\"application\/ld+json\" class=\"yoast-schema-graph\">{\"@context\":\"https:\/\/schema.org\",\"@graph\":[{\"@type\":\"WebPage\",\"@id\":\"https:\/\/metaltale.com\/et\/toode\/roivakonks-cracked-ceramic\/\",\"url\":\"https:\/\/metaltale.com\/et\/toode\/roivakonks-cracked-ceramic\/\",\"name\":\"R\u00f5ivakonks CRACKED CERAMIC - MetalTale.com\",\"isPartOf\":{\"@id\":\"https:\/\/metaltale.com\/et\/#website\"},\"primaryImageOfPage\":{\"@id\":\"https:\/\/metaltale.com\/et\/toode\/roivakonks-cracked-ceramic\/#primaryimage\"},\"image\":{\"@id\":\"https:\/\/metaltale.com\/et\/toode\/roivakonks-cracked-ceramic\/#primaryimage\"},\"thumbnailUrl\":\"https:\/\/metaltale.com\/wp-content\/uploads\/2024\/01\/Kabliukas-rubams-CRACKED-CERAMIC.jpg\",\"datePublished\":\"2024-02-13T12:05:05+00:00\",\"breadcrumb\":{\"@id\":\"https:\/\/metaltale.com\/et\/toode\/roivakonks-cracked-ceramic\/#breadcrumb\"},\"inLanguage\":\"et\",\"potentialAction\":[{\"@type\":\"ReadAction\",\"target\":[\"https:\/\/metaltale.com\/et\/toode\/roivakonks-cracked-ceramic\/\"]}]},{\"@type\":\"ImageObject\",\"inLanguage\":\"et\",\"@id\":\"https:\/\/metaltale.com\/et\/toode\/roivakonks-cracked-ceramic\/#primaryimage\",\"url\":\"https:\/\/metaltale.com\/wp-content\/uploads\/2024\/01\/Kabliukas-rubams-CRACKED-CERAMIC.jpg\",\"contentUrl\":\"https:\/\/metaltale.com\/wp-content\/uploads\/2024\/01\/Kabliukas-rubams-CRACKED-CERAMIC.jpg\",\"width\":800,\"height\":800,\"caption\":\"R\u00f5ivakonks CRACKED CERAMIC\"},{\"@type\":\"BreadcrumbList\",\"@id\":\"https:\/\/metaltale.com\/et\/toode\/roivakonks-cracked-ceramic\/#breadcrumb\",\"itemListElement\":[{\"@type\":\"ListItem\",\"position\":1,\"name\":\"Home\",\"item\":\"https:\/\/metaltale.com\/et\/kodu\/\"},{\"@type\":\"ListItem\",\"position\":2,\"name\":\"Kauplus\",\"item\":\"https:\/\/metaltale.com\/et\/shop\/\"},{\"@type\":\"ListItem\",\"position\":3,\"name\":\"R\u00f5ivakonks CRACKED CERAMIC\"}]},{\"@type\":\"WebSite\",\"@id\":\"https:\/\/metaltale.com\/et\/#website\",\"url\":\"https:\/\/metaltale.com\/et\/\",\"name\":\"Metaltale.com\",\"description\":\"\",\"potentialAction\":[{\"@type\":\"SearchAction\",\"target\":{\"@type\":\"EntryPoint\",\"urlTemplate\":\"https:\/\/metaltale.com\/et\/?s={search_term_string}\"},\"query-input\":{\"@type\":\"PropertyValueSpecification\",\"valueRequired\":true,\"valueName\":\"search_term_string\"}}],\"inLanguage\":\"et\"}]}<\/script>\n<!-- \/ Yoast SEO plugin. -->","yoast_head_json":{"title":"R\u00f5ivakonks CRACKED CERAMIC - MetalTale.com","robots":{"index":"index","follow":"follow","max-snippet":"max-snippet:-1","max-image-preview":"max-image-preview:large","max-video-preview":"max-video-preview:-1"},"canonical":"https:\/\/metaltale.com\/et\/toode\/roivakonks-cracked-ceramic\/","og_locale":"et_EE","og_type":"article","og_title":"R\u00f5ivakonks CRACKED CERAMIC - MetalTale.com","og_description":"Mudel 49.336CGXX Materjal Keraamiline, teras, malm \u00dcldine k\u00f5rgus (cm) 19 Koguprojektsioon (cm) 10 Aluse m\u00f5\u00f5tmed (cm ) 4,5 x 3,6","og_url":"https:\/\/metaltale.com\/et\/toode\/roivakonks-cracked-ceramic\/","og_site_name":"MetalTale.com","twitter_card":"summary_large_image","twitter_misc":{"Est. reading time":"1 minut"},"schema":{"@context":"https:\/\/schema.org","@graph":[{"@type":"WebPage","@id":"https:\/\/metaltale.com\/et\/toode\/roivakonks-cracked-ceramic\/","url":"https:\/\/metaltale.com\/et\/toode\/roivakonks-cracked-ceramic\/","name":"R\u00f5ivakonks CRACKED CERAMIC - MetalTale.com","isPartOf":{"@id":"https:\/\/metaltale.com\/et\/#website"},"primaryImageOfPage":{"@id":"https:\/\/metaltale.com\/et\/toode\/roivakonks-cracked-ceramic\/#primaryimage"},"image":{"@id":"https:\/\/metaltale.com\/et\/toode\/roivakonks-cracked-ceramic\/#primaryimage"},"thumbnailUrl":"https:\/\/metaltale.com\/wp-content\/uploads\/2024\/01\/Kabliukas-rubams-CRACKED-CERAMIC.jpg","datePublished":"2024-02-13T12:05:05+00:00","breadcrumb":{"@id":"https:\/\/metaltale.com\/et\/toode\/roivakonks-cracked-ceramic\/#breadcrumb"},"inLanguage":"et","potentialAction":[{"@type":"ReadAction","target":["https:\/\/metaltale.com\/et\/toode\/roivakonks-cracked-ceramic\/"]}]},{"@type":"ImageObject","inLanguage":"et","@id":"https:\/\/metaltale.com\/et\/toode\/roivakonks-cracked-ceramic\/#primaryimage","url":"https:\/\/metaltale.com\/wp-content\/uploads\/2024\/01\/Kabliukas-rubams-CRACKED-CERAMIC.jpg","contentUrl":"https:\/\/metaltale.com\/wp-content\/uploads\/2024\/01\/Kabliukas-rubams-CRACKED-CERAMIC.jpg","width":800,"height":800,"caption":"R\u00f5ivakonks CRACKED CERAMIC"},{"@type":"BreadcrumbList","@id":"https:\/\/metaltale.com\/et\/toode\/roivakonks-cracked-ceramic\/#breadcrumb","itemListElement":[{"@type":"ListItem","position":1,"name":"Home","item":"https:\/\/metaltale.com\/et\/kodu\/"},{"@type":"ListItem","position":2,"name":"Kauplus","item":"https:\/\/metaltale.com\/et\/shop\/"},{"@type":"ListItem","position":3,"name":"R\u00f5ivakonks CRACKED CERAMIC"}]},{"@type":"WebSite","@id":"https:\/\/metaltale.com\/et\/#website","url":"https:\/\/metaltale.com\/et\/","name":"Metaltale.com","description":"","potentialAction":[{"@type":"SearchAction","target":{"@type":"EntryPoint","urlTemplate":"https:\/\/metaltale.com\/et\/?s={search_term_string}"},"query-input":{"@type":"PropertyValueSpecification","valueRequired":true,"valueName":"search_term_string"}}],"inLanguage":"et"}]}},"_links":{"self":[{"href":"https:\/\/metaltale.com\/et\/wp-json\/wp\/v2\/product\/138620","targetHints":{"allow":["GET"]}}],"collection":[{"href":"https:\/\/metaltale.com\/et\/wp-json\/wp\/v2\/product"}],"about":[{"href":"https:\/\/metaltale.com\/et\/wp-json\/wp\/v2\/types\/product"}],"replies":[{"embeddable":true,"href":"https:\/\/metaltale.com\/et\/wp-json\/wp\/v2\/comments?post=138620"}],"version-history":[{"count":0,"href":"https:\/\/metaltale.com\/et\/wp-json\/wp\/v2\/product\/138620\/revisions"}],"wp:featuredmedia":[{"embeddable":true,"href":"https:\/\/metaltale.com\/et\/wp-json\/wp\/v2\/media\/129932"}],"wp:attachment":[{"href":"https:\/\/metaltale.com\/et\/wp-json\/wp\/v2\/media?parent=138620"}],"wp:term":[{"taxonomy":"product_brand","embeddable":true,"href":"https:\/\/metaltale.com\/et\/wp-json\/wp\/v2\/product_brand?post=138620"},{"taxonomy":"product_cat","embeddable":true,"href":"https:\/\/metaltale.com\/et\/wp-json\/wp\/v2\/product_cat?post=138620"},{"taxonomy":"product_tag","embeddable":true,"href":"https:\/\/metaltale.com\/et\/wp-json\/wp\/v2\/product_tag?post=138620"}],"curies":[{"name":"wp","href":"https:\/\/api.w.org\/{rel}","templated":true}]}}