{"id":138547,"date":"2024-02-13T14:07:04","date_gmt":"2024-02-13T12:07:04","guid":{"rendered":"https:\/\/metaltale.com\/produktas\/keraamiline-mooblinupp-paris-clock\/"},"modified":"2024-02-13T14:07:04","modified_gmt":"2024-02-13T12:07:04","slug":"keraamiline-mooblinupp-paris-clock","status":"publish","type":"product","link":"https:\/\/metaltale.com\/et\/toode\/keraamiline-mooblinupp-paris-clock\/","title":{"rendered":"Keraamiline m\u00f6\u00f6blinupp PARIS CLOCK"},"content":{"rendered":"<div class=\"prod_data\">\n<p><strong>Mudel<\/strong> 01.086P. CL.38<br \/>\n<strong>EAN.<\/strong>  5905369917073<br \/>\n<strong>Materjal<\/strong> Keraamiline, teras<br \/>\n<strong>\u00dcldl\u00e4bim\u00f5\u00f5t (cm)<\/strong> 3,8<br \/>\n<strong>Koguprojektsioon (cm)<\/strong> 2,7<br \/>\n<strong>Aluspinna m\u00f5\u00f5tmed (cm)<\/strong> 1<br \/>\n<strong>Paigalduskruvid<\/strong> Kruvi<br \/>\n<strong>V\u00e4rv<\/strong> Valge, must<\/p>\n<p>&#8211; k\u00e4epide on valmistatud k\u00f5rgeima kvaliteediga keraamikast ja terasest, mis on vastupidavuse garantii<br \/>\n&#8211; Klassikalise kujuga k\u00e4epide, mis suurendab kasutusmugavust<br \/>\n&#8211; lihtne kokkupanek on v\u00f5imalik t\u00e4nu tootega kaasasolevale kruvile<\/p>\n<hr>\n<p>M\u00f6\u00f6blinupud on rustikaalse m\u00f6\u00f6bli v\u00e4ga oluline dekoratiivne element.<\/p>\n<p>Stiilne m\u00f6\u00f6blinupp, millel on ilus Pariisi kellade kaunistus. K\u00e4epide on valmistatud keraamiliste ja roostevabast terasest elementide kombinatsioonist. M\u00f6\u00f6blik\u00e4epide sobib ideaalselt igale m\u00f6\u00f6bliesemele, alates \u00f6\u00f6kapist kuni sahtlite, laudade v\u00f5i lauaplaatide juurde. Nupu rustikaalne disain annab restaureeritud m\u00f6\u00f6bliesemele ainulaadse stiili ja iseloomu.<\/p>\n<\/div>\n","protected":false},"excerpt":{"rendered":"<p>Mudel 01.086P. CL.38 EAN. 5905369917073 Materjal Keraamiline, teras \u00dcldl\u00e4bim\u00f5\u00f5t (cm) 3,8 Koguprojektsioon (cm) 2,7 Aluspinna m\u00f5\u00f5tmed (cm) 1 Paigalduskruvid Kruvi<\/p>\n","protected":false},"featured_media":85632,"comment_status":"open","ping_status":"closed","template":"","meta":{"_acf_changed":false,"pmpro_default_level":""},"product_brand":[],"product_cat":[23880,23836,23873],"product_tag":[],"class_list":{"0":"post-138547","1":"product","2":"type-product","3":"status-publish","4":"has-post-thumbnail","6":"product_cat-baldu-rankeneles-et","7":"product_cat-moobli-tarvikud","8":"product_cat-rankeneles-et","9":"pmpro-has-access","11":"first","12":"instock","13":"shipping-taxable","14":"purchasable","15":"product-type-simple"},"acf":[],"yoast_head":"<!-- This site is optimized with the Yoast SEO plugin v24.9 - https:\/\/yoast.com\/wordpress\/plugins\/seo\/ -->\n<title>Keraamiline m\u00f6\u00f6blinupp PARIS CLOCK - MetalTale.com<\/title>\n<meta name=\"robots\" content=\"index, follow, max-snippet:-1, max-image-preview:large, max-video-preview:-1\" \/>\n<link rel=\"canonical\" href=\"https:\/\/metaltale.com\/et\/toode\/keraamiline-mooblinupp-paris-clock\/\" \/>\n<meta property=\"og:locale\" content=\"et_EE\" \/>\n<meta property=\"og:type\" content=\"article\" \/>\n<meta property=\"og:title\" content=\"Keraamiline m\u00f6\u00f6blinupp PARIS CLOCK - MetalTale.com\" \/>\n<meta property=\"og:description\" content=\"Mudel 01.086P. CL.38 EAN. 5905369917073 Materjal Keraamiline, teras \u00dcldl\u00e4bim\u00f5\u00f5t (cm) 3,8 Koguprojektsioon (cm) 2,7 Aluspinna m\u00f5\u00f5tmed (cm) 1 Paigalduskruvid Kruvi\" \/>\n<meta property=\"og:url\" content=\"https:\/\/metaltale.com\/et\/toode\/keraamiline-mooblinupp-paris-clock\/\" \/>\n<meta property=\"og:site_name\" content=\"MetalTale.com\" \/>\n<meta name=\"twitter:card\" content=\"summary_large_image\" \/>\n<meta name=\"twitter:label1\" content=\"Est. reading time\" \/>\n\t<meta name=\"twitter:data1\" content=\"1 minut\" \/>\n<script type=\"application\/ld+json\" class=\"yoast-schema-graph\">{\"@context\":\"https:\/\/schema.org\",\"@graph\":[{\"@type\":\"WebPage\",\"@id\":\"https:\/\/metaltale.com\/et\/toode\/keraamiline-mooblinupp-paris-clock\/\",\"url\":\"https:\/\/metaltale.com\/et\/toode\/keraamiline-mooblinupp-paris-clock\/\",\"name\":\"Keraamiline m\u00f6\u00f6blinupp PARIS CLOCK - MetalTale.com\",\"isPartOf\":{\"@id\":\"https:\/\/metaltale.com\/et\/#website\"},\"primaryImageOfPage\":{\"@id\":\"https:\/\/metaltale.com\/et\/toode\/keraamiline-mooblinupp-paris-clock\/#primaryimage\"},\"image\":{\"@id\":\"https:\/\/metaltale.com\/et\/toode\/keraamiline-mooblinupp-paris-clock\/#primaryimage\"},\"thumbnailUrl\":\"https:\/\/metaltale.com\/wp-content\/uploads\/2023\/10\/Rankenx117lx117-PARYx17DIAUS-LAIKRODIS-38-Balta.jpg\",\"datePublished\":\"2024-02-13T12:07:04+00:00\",\"breadcrumb\":{\"@id\":\"https:\/\/metaltale.com\/et\/toode\/keraamiline-mooblinupp-paris-clock\/#breadcrumb\"},\"inLanguage\":\"et\",\"potentialAction\":[{\"@type\":\"ReadAction\",\"target\":[\"https:\/\/metaltale.com\/et\/toode\/keraamiline-mooblinupp-paris-clock\/\"]}]},{\"@type\":\"ImageObject\",\"inLanguage\":\"et\",\"@id\":\"https:\/\/metaltale.com\/et\/toode\/keraamiline-mooblinupp-paris-clock\/#primaryimage\",\"url\":\"https:\/\/metaltale.com\/wp-content\/uploads\/2023\/10\/Rankenx117lx117-PARYx17DIAUS-LAIKRODIS-38-Balta.jpg\",\"contentUrl\":\"https:\/\/metaltale.com\/wp-content\/uploads\/2023\/10\/Rankenx117lx117-PARYx17DIAUS-LAIKRODIS-38-Balta.jpg\",\"width\":800,\"height\":800,\"caption\":\"Keraamiline m\u00f6\u00f6blinupp PARIS CLOCK\"},{\"@type\":\"BreadcrumbList\",\"@id\":\"https:\/\/metaltale.com\/et\/toode\/keraamiline-mooblinupp-paris-clock\/#breadcrumb\",\"itemListElement\":[{\"@type\":\"ListItem\",\"position\":1,\"name\":\"Home\",\"item\":\"https:\/\/metaltale.com\/et\/kodu\/\"},{\"@type\":\"ListItem\",\"position\":2,\"name\":\"Kauplus\",\"item\":\"https:\/\/metaltale.com\/et\/shop\/\"},{\"@type\":\"ListItem\",\"position\":3,\"name\":\"Keraamiline m\u00f6\u00f6blinupp PARIS CLOCK\"}]},{\"@type\":\"WebSite\",\"@id\":\"https:\/\/metaltale.com\/et\/#website\",\"url\":\"https:\/\/metaltale.com\/et\/\",\"name\":\"Metaltale.com\",\"description\":\"\",\"potentialAction\":[{\"@type\":\"SearchAction\",\"target\":{\"@type\":\"EntryPoint\",\"urlTemplate\":\"https:\/\/metaltale.com\/et\/?s={search_term_string}\"},\"query-input\":{\"@type\":\"PropertyValueSpecification\",\"valueRequired\":true,\"valueName\":\"search_term_string\"}}],\"inLanguage\":\"et\"}]}<\/script>\n<!-- \/ Yoast SEO plugin. -->","yoast_head_json":{"title":"Keraamiline m\u00f6\u00f6blinupp PARIS CLOCK - MetalTale.com","robots":{"index":"index","follow":"follow","max-snippet":"max-snippet:-1","max-image-preview":"max-image-preview:large","max-video-preview":"max-video-preview:-1"},"canonical":"https:\/\/metaltale.com\/et\/toode\/keraamiline-mooblinupp-paris-clock\/","og_locale":"et_EE","og_type":"article","og_title":"Keraamiline m\u00f6\u00f6blinupp PARIS CLOCK - MetalTale.com","og_description":"Mudel 01.086P. CL.38 EAN. 5905369917073 Materjal Keraamiline, teras \u00dcldl\u00e4bim\u00f5\u00f5t (cm) 3,8 Koguprojektsioon (cm) 2,7 Aluspinna m\u00f5\u00f5tmed (cm) 1 Paigalduskruvid Kruvi","og_url":"https:\/\/metaltale.com\/et\/toode\/keraamiline-mooblinupp-paris-clock\/","og_site_name":"MetalTale.com","twitter_card":"summary_large_image","twitter_misc":{"Est. reading time":"1 minut"},"schema":{"@context":"https:\/\/schema.org","@graph":[{"@type":"WebPage","@id":"https:\/\/metaltale.com\/et\/toode\/keraamiline-mooblinupp-paris-clock\/","url":"https:\/\/metaltale.com\/et\/toode\/keraamiline-mooblinupp-paris-clock\/","name":"Keraamiline m\u00f6\u00f6blinupp PARIS CLOCK - MetalTale.com","isPartOf":{"@id":"https:\/\/metaltale.com\/et\/#website"},"primaryImageOfPage":{"@id":"https:\/\/metaltale.com\/et\/toode\/keraamiline-mooblinupp-paris-clock\/#primaryimage"},"image":{"@id":"https:\/\/metaltale.com\/et\/toode\/keraamiline-mooblinupp-paris-clock\/#primaryimage"},"thumbnailUrl":"https:\/\/metaltale.com\/wp-content\/uploads\/2023\/10\/Rankenx117lx117-PARYx17DIAUS-LAIKRODIS-38-Balta.jpg","datePublished":"2024-02-13T12:07:04+00:00","breadcrumb":{"@id":"https:\/\/metaltale.com\/et\/toode\/keraamiline-mooblinupp-paris-clock\/#breadcrumb"},"inLanguage":"et","potentialAction":[{"@type":"ReadAction","target":["https:\/\/metaltale.com\/et\/toode\/keraamiline-mooblinupp-paris-clock\/"]}]},{"@type":"ImageObject","inLanguage":"et","@id":"https:\/\/metaltale.com\/et\/toode\/keraamiline-mooblinupp-paris-clock\/#primaryimage","url":"https:\/\/metaltale.com\/wp-content\/uploads\/2023\/10\/Rankenx117lx117-PARYx17DIAUS-LAIKRODIS-38-Balta.jpg","contentUrl":"https:\/\/metaltale.com\/wp-content\/uploads\/2023\/10\/Rankenx117lx117-PARYx17DIAUS-LAIKRODIS-38-Balta.jpg","width":800,"height":800,"caption":"Keraamiline m\u00f6\u00f6blinupp PARIS CLOCK"},{"@type":"BreadcrumbList","@id":"https:\/\/metaltale.com\/et\/toode\/keraamiline-mooblinupp-paris-clock\/#breadcrumb","itemListElement":[{"@type":"ListItem","position":1,"name":"Home","item":"https:\/\/metaltale.com\/et\/kodu\/"},{"@type":"ListItem","position":2,"name":"Kauplus","item":"https:\/\/metaltale.com\/et\/shop\/"},{"@type":"ListItem","position":3,"name":"Keraamiline m\u00f6\u00f6blinupp PARIS CLOCK"}]},{"@type":"WebSite","@id":"https:\/\/metaltale.com\/et\/#website","url":"https:\/\/metaltale.com\/et\/","name":"Metaltale.com","description":"","potentialAction":[{"@type":"SearchAction","target":{"@type":"EntryPoint","urlTemplate":"https:\/\/metaltale.com\/et\/?s={search_term_string}"},"query-input":{"@type":"PropertyValueSpecification","valueRequired":true,"valueName":"search_term_string"}}],"inLanguage":"et"}]}},"_links":{"self":[{"href":"https:\/\/metaltale.com\/et\/wp-json\/wp\/v2\/product\/138547","targetHints":{"allow":["GET"]}}],"collection":[{"href":"https:\/\/metaltale.com\/et\/wp-json\/wp\/v2\/product"}],"about":[{"href":"https:\/\/metaltale.com\/et\/wp-json\/wp\/v2\/types\/product"}],"replies":[{"embeddable":true,"href":"https:\/\/metaltale.com\/et\/wp-json\/wp\/v2\/comments?post=138547"}],"version-history":[{"count":0,"href":"https:\/\/metaltale.com\/et\/wp-json\/wp\/v2\/product\/138547\/revisions"}],"wp:featuredmedia":[{"embeddable":true,"href":"https:\/\/metaltale.com\/et\/wp-json\/wp\/v2\/media\/85632"}],"wp:attachment":[{"href":"https:\/\/metaltale.com\/et\/wp-json\/wp\/v2\/media?parent=138547"}],"wp:term":[{"taxonomy":"product_brand","embeddable":true,"href":"https:\/\/metaltale.com\/et\/wp-json\/wp\/v2\/product_brand?post=138547"},{"taxonomy":"product_cat","embeddable":true,"href":"https:\/\/metaltale.com\/et\/wp-json\/wp\/v2\/product_cat?post=138547"},{"taxonomy":"product_tag","embeddable":true,"href":"https:\/\/metaltale.com\/et\/wp-json\/wp\/v2\/product_tag?post=138547"}],"curies":[{"name":"wp","href":"https:\/\/api.w.org\/{rel}","templated":true}]}}