{"id":138530,"date":"2024-02-13T14:05:41","date_gmt":"2024-02-13T12:05:41","guid":{"rendered":"https:\/\/metaltale.com\/produktas\/moobli-kaepide-pawn-25-mm\/"},"modified":"2024-02-13T14:05:41","modified_gmt":"2024-02-13T12:05:41","slug":"moobli-kaepide-pawn-25-mm","status":"publish","type":"product","link":"https:\/\/metaltale.com\/et\/toode\/moobli-kaepide-pawn-25-mm\/","title":{"rendered":"M\u00f6\u00f6bli k\u00e4epide PAWN 25 mm"},"content":{"rendered":"<div class=\"prod_data\">\n<p><strong>Mudel<\/strong> 70.086B. AI.25<br \/>\n<strong>EAN.<\/strong>  5905369917127<br \/>\nMaterjal Ketus<br \/>\n<strong>\u00dcldine k\u00f5rgus (cm)<\/strong> 2,5<br \/>\n<strong>\u00dcldl\u00e4bim\u00f5\u00f5t (cm)<\/strong> 2,5<br \/>\n<strong>Aluspinna m\u00f5\u00f5tmed (cm)<\/strong> 1<br \/>\n<strong>Paigalduskruvid<\/strong> Kruvi<br \/>\n<strong>V\u00e4rv<\/strong> teras<br \/>\n<strong>Trim<\/strong> Waxed<\/p>\n<p>&#8211; toode on valmistatud k\u00f5rgeima kvaliteediga malmist, mis tagab vastupidavuse ja tugevuse.<br \/>\n&#8211; Kerge tekstuuriga pind r\u00f5hutab toote retrotunnet.<br \/>\n&#8211; Klassikalise kujuga k\u00e4epide, mis suurendab kasutusmugavust<br \/>\n&#8211; tootega on kaasas kruvi lihtsaks kokkupanekuks<\/p>\n<hr>\n<p>M\u00f6\u00f6bli nupul olev k\u00e4pik meenutab kindlasti malem\u00e4ngu ja on ideaalne lahendus k\u00f5ikidele m\u00f6\u00f6bliesemetele, mis vajavad peent ja majesteetlikku detaili, millel on \u00f5rn ja peen iseloom. M\u00f6\u00f6blinupp on ideaalne v\u00e4iksemate sahtlite ja uste jaoks.<\/p>\n<p>Meie toodete ja m\u00f6\u00f6blitarvikute v\u00e4ga oluline aspekt on nende k\u00f5rge t\u00f6\u00f6kvaliteet ning rustikaalsest sisekujundusest tuntud iseloomulikud vormid ja vormid.<\/p>\n<\/div>\n","protected":false},"excerpt":{"rendered":"<p>Mudel 70.086B. AI.25 EAN. 5905369917127 Materjal Ketus \u00dcldine k\u00f5rgus (cm) 2,5 \u00dcldl\u00e4bim\u00f5\u00f5t (cm) 2,5 Aluspinna m\u00f5\u00f5tmed (cm) 1 Paigalduskruvid Kruvi<\/p>\n","protected":false},"featured_media":85593,"comment_status":"open","ping_status":"closed","template":"","meta":{"_acf_changed":false,"pmpro_default_level":""},"product_brand":[],"product_cat":[23880,23836,23873],"product_tag":[],"class_list":{"0":"post-138530","1":"product","2":"type-product","3":"status-publish","4":"has-post-thumbnail","6":"product_cat-baldu-rankeneles-et","7":"product_cat-moobli-tarvikud","8":"product_cat-rankeneles-et","9":"pmpro-has-access","11":"first","12":"instock","13":"shipping-taxable","14":"purchasable","15":"product-type-simple"},"acf":[],"yoast_head":"<!-- This site is optimized with the Yoast SEO plugin v24.9 - https:\/\/yoast.com\/wordpress\/plugins\/seo\/ -->\n<title>M\u00f6\u00f6bli k\u00e4epide PAWN 25 mm - MetalTale.com<\/title>\n<meta name=\"robots\" content=\"index, follow, max-snippet:-1, max-image-preview:large, max-video-preview:-1\" \/>\n<link rel=\"canonical\" href=\"https:\/\/metaltale.com\/et\/toode\/moobli-kaepide-pawn-25-mm\/\" \/>\n<meta property=\"og:locale\" content=\"et_EE\" \/>\n<meta property=\"og:type\" content=\"article\" \/>\n<meta property=\"og:title\" content=\"M\u00f6\u00f6bli k\u00e4epide PAWN 25 mm - MetalTale.com\" \/>\n<meta property=\"og:description\" content=\"Mudel 70.086B. AI.25 EAN. 5905369917127 Materjal Ketus \u00dcldine k\u00f5rgus (cm) 2,5 \u00dcldl\u00e4bim\u00f5\u00f5t (cm) 2,5 Aluspinna m\u00f5\u00f5tmed (cm) 1 Paigalduskruvid Kruvi\" \/>\n<meta property=\"og:url\" content=\"https:\/\/metaltale.com\/et\/toode\/moobli-kaepide-pawn-25-mm\/\" \/>\n<meta property=\"og:site_name\" content=\"MetalTale.com\" \/>\n<meta name=\"twitter:card\" content=\"summary_large_image\" \/>\n<meta name=\"twitter:label1\" content=\"Est. reading time\" \/>\n\t<meta name=\"twitter:data1\" content=\"1 minut\" \/>\n<script type=\"application\/ld+json\" class=\"yoast-schema-graph\">{\"@context\":\"https:\/\/schema.org\",\"@graph\":[{\"@type\":\"WebPage\",\"@id\":\"https:\/\/metaltale.com\/et\/toode\/moobli-kaepide-pawn-25-mm\/\",\"url\":\"https:\/\/metaltale.com\/et\/toode\/moobli-kaepide-pawn-25-mm\/\",\"name\":\"M\u00f6\u00f6bli k\u00e4epide PAWN 25 mm - MetalTale.com\",\"isPartOf\":{\"@id\":\"https:\/\/metaltale.com\/et\/#website\"},\"primaryImageOfPage\":{\"@id\":\"https:\/\/metaltale.com\/et\/toode\/moobli-kaepide-pawn-25-mm\/#primaryimage\"},\"image\":{\"@id\":\"https:\/\/metaltale.com\/et\/toode\/moobli-kaepide-pawn-25-mm\/#primaryimage\"},\"thumbnailUrl\":\"https:\/\/metaltale.com\/wp-content\/uploads\/2023\/10\/Baldx173-rankenx117lx117-PIONEK-25-Steel.jpg\",\"datePublished\":\"2024-02-13T12:05:41+00:00\",\"breadcrumb\":{\"@id\":\"https:\/\/metaltale.com\/et\/toode\/moobli-kaepide-pawn-25-mm\/#breadcrumb\"},\"inLanguage\":\"et\",\"potentialAction\":[{\"@type\":\"ReadAction\",\"target\":[\"https:\/\/metaltale.com\/et\/toode\/moobli-kaepide-pawn-25-mm\/\"]}]},{\"@type\":\"ImageObject\",\"inLanguage\":\"et\",\"@id\":\"https:\/\/metaltale.com\/et\/toode\/moobli-kaepide-pawn-25-mm\/#primaryimage\",\"url\":\"https:\/\/metaltale.com\/wp-content\/uploads\/2023\/10\/Baldx173-rankenx117lx117-PIONEK-25-Steel.jpg\",\"contentUrl\":\"https:\/\/metaltale.com\/wp-content\/uploads\/2023\/10\/Baldx173-rankenx117lx117-PIONEK-25-Steel.jpg\",\"width\":800,\"height\":800,\"caption\":\"M\u00f6\u00f6bli k\u00e4epide PAWN 25 mm\"},{\"@type\":\"BreadcrumbList\",\"@id\":\"https:\/\/metaltale.com\/et\/toode\/moobli-kaepide-pawn-25-mm\/#breadcrumb\",\"itemListElement\":[{\"@type\":\"ListItem\",\"position\":1,\"name\":\"Home\",\"item\":\"https:\/\/metaltale.com\/et\/kodu\/\"},{\"@type\":\"ListItem\",\"position\":2,\"name\":\"Kauplus\",\"item\":\"https:\/\/metaltale.com\/et\/shop\/\"},{\"@type\":\"ListItem\",\"position\":3,\"name\":\"M\u00f6\u00f6bli k\u00e4epide PAWN 25 mm\"}]},{\"@type\":\"WebSite\",\"@id\":\"https:\/\/metaltale.com\/et\/#website\",\"url\":\"https:\/\/metaltale.com\/et\/\",\"name\":\"Metaltale.com\",\"description\":\"\",\"potentialAction\":[{\"@type\":\"SearchAction\",\"target\":{\"@type\":\"EntryPoint\",\"urlTemplate\":\"https:\/\/metaltale.com\/et\/?s={search_term_string}\"},\"query-input\":{\"@type\":\"PropertyValueSpecification\",\"valueRequired\":true,\"valueName\":\"search_term_string\"}}],\"inLanguage\":\"et\"}]}<\/script>\n<!-- \/ Yoast SEO plugin. -->","yoast_head_json":{"title":"M\u00f6\u00f6bli k\u00e4epide PAWN 25 mm - MetalTale.com","robots":{"index":"index","follow":"follow","max-snippet":"max-snippet:-1","max-image-preview":"max-image-preview:large","max-video-preview":"max-video-preview:-1"},"canonical":"https:\/\/metaltale.com\/et\/toode\/moobli-kaepide-pawn-25-mm\/","og_locale":"et_EE","og_type":"article","og_title":"M\u00f6\u00f6bli k\u00e4epide PAWN 25 mm - MetalTale.com","og_description":"Mudel 70.086B. AI.25 EAN. 5905369917127 Materjal Ketus \u00dcldine k\u00f5rgus (cm) 2,5 \u00dcldl\u00e4bim\u00f5\u00f5t (cm) 2,5 Aluspinna m\u00f5\u00f5tmed (cm) 1 Paigalduskruvid Kruvi","og_url":"https:\/\/metaltale.com\/et\/toode\/moobli-kaepide-pawn-25-mm\/","og_site_name":"MetalTale.com","twitter_card":"summary_large_image","twitter_misc":{"Est. reading time":"1 minut"},"schema":{"@context":"https:\/\/schema.org","@graph":[{"@type":"WebPage","@id":"https:\/\/metaltale.com\/et\/toode\/moobli-kaepide-pawn-25-mm\/","url":"https:\/\/metaltale.com\/et\/toode\/moobli-kaepide-pawn-25-mm\/","name":"M\u00f6\u00f6bli k\u00e4epide PAWN 25 mm - MetalTale.com","isPartOf":{"@id":"https:\/\/metaltale.com\/et\/#website"},"primaryImageOfPage":{"@id":"https:\/\/metaltale.com\/et\/toode\/moobli-kaepide-pawn-25-mm\/#primaryimage"},"image":{"@id":"https:\/\/metaltale.com\/et\/toode\/moobli-kaepide-pawn-25-mm\/#primaryimage"},"thumbnailUrl":"https:\/\/metaltale.com\/wp-content\/uploads\/2023\/10\/Baldx173-rankenx117lx117-PIONEK-25-Steel.jpg","datePublished":"2024-02-13T12:05:41+00:00","breadcrumb":{"@id":"https:\/\/metaltale.com\/et\/toode\/moobli-kaepide-pawn-25-mm\/#breadcrumb"},"inLanguage":"et","potentialAction":[{"@type":"ReadAction","target":["https:\/\/metaltale.com\/et\/toode\/moobli-kaepide-pawn-25-mm\/"]}]},{"@type":"ImageObject","inLanguage":"et","@id":"https:\/\/metaltale.com\/et\/toode\/moobli-kaepide-pawn-25-mm\/#primaryimage","url":"https:\/\/metaltale.com\/wp-content\/uploads\/2023\/10\/Baldx173-rankenx117lx117-PIONEK-25-Steel.jpg","contentUrl":"https:\/\/metaltale.com\/wp-content\/uploads\/2023\/10\/Baldx173-rankenx117lx117-PIONEK-25-Steel.jpg","width":800,"height":800,"caption":"M\u00f6\u00f6bli k\u00e4epide PAWN 25 mm"},{"@type":"BreadcrumbList","@id":"https:\/\/metaltale.com\/et\/toode\/moobli-kaepide-pawn-25-mm\/#breadcrumb","itemListElement":[{"@type":"ListItem","position":1,"name":"Home","item":"https:\/\/metaltale.com\/et\/kodu\/"},{"@type":"ListItem","position":2,"name":"Kauplus","item":"https:\/\/metaltale.com\/et\/shop\/"},{"@type":"ListItem","position":3,"name":"M\u00f6\u00f6bli k\u00e4epide PAWN 25 mm"}]},{"@type":"WebSite","@id":"https:\/\/metaltale.com\/et\/#website","url":"https:\/\/metaltale.com\/et\/","name":"Metaltale.com","description":"","potentialAction":[{"@type":"SearchAction","target":{"@type":"EntryPoint","urlTemplate":"https:\/\/metaltale.com\/et\/?s={search_term_string}"},"query-input":{"@type":"PropertyValueSpecification","valueRequired":true,"valueName":"search_term_string"}}],"inLanguage":"et"}]}},"_links":{"self":[{"href":"https:\/\/metaltale.com\/et\/wp-json\/wp\/v2\/product\/138530","targetHints":{"allow":["GET"]}}],"collection":[{"href":"https:\/\/metaltale.com\/et\/wp-json\/wp\/v2\/product"}],"about":[{"href":"https:\/\/metaltale.com\/et\/wp-json\/wp\/v2\/types\/product"}],"replies":[{"embeddable":true,"href":"https:\/\/metaltale.com\/et\/wp-json\/wp\/v2\/comments?post=138530"}],"version-history":[{"count":0,"href":"https:\/\/metaltale.com\/et\/wp-json\/wp\/v2\/product\/138530\/revisions"}],"wp:featuredmedia":[{"embeddable":true,"href":"https:\/\/metaltale.com\/et\/wp-json\/wp\/v2\/media\/85593"}],"wp:attachment":[{"href":"https:\/\/metaltale.com\/et\/wp-json\/wp\/v2\/media?parent=138530"}],"wp:term":[{"taxonomy":"product_brand","embeddable":true,"href":"https:\/\/metaltale.com\/et\/wp-json\/wp\/v2\/product_brand?post=138530"},{"taxonomy":"product_cat","embeddable":true,"href":"https:\/\/metaltale.com\/et\/wp-json\/wp\/v2\/product_cat?post=138530"},{"taxonomy":"product_tag","embeddable":true,"href":"https:\/\/metaltale.com\/et\/wp-json\/wp\/v2\/product_tag?post=138530"}],"curies":[{"name":"wp","href":"https:\/\/api.w.org\/{rel}","templated":true}]}}