{"id":138529,"date":"2024-02-13T14:05:41","date_gmt":"2024-02-13T12:05:41","guid":{"rendered":"https:\/\/metaltale.com\/produktas\/moobli-nupp-vana-klaas\/"},"modified":"2024-02-13T14:05:41","modified_gmt":"2024-02-13T12:05:41","slug":"moobli-nupp-vana-klaas","status":"publish","type":"product","link":"https:\/\/metaltale.com\/et\/toode\/moobli-nupp-vana-klaas\/","title":{"rendered":"M\u00f6\u00f6bli nupp VANA KLAAS"},"content":{"rendered":"<div class=\"prod_data\">\n<p><strong>Mudel<\/strong> 01.083C. GL.38<br \/>\n<strong>EAN.<\/strong>  5905369917196<br \/>\n<strong>Materjal<\/strong> Klaas<br \/>\n<strong>\u00dcldl\u00e4bim\u00f5\u00f5t (cm<\/strong> ) 3,5<br \/>\n<strong>Koguprojektsioon (cm)<\/strong> 4<br \/>\n<strong>Aluspinna m\u00f5\u00f5tmed (cm)<\/strong> 1<br \/>\n<strong>Paigalduskruvid<\/strong> Kruvi<br \/>\n<strong>V\u00e4rv<\/strong> L\u00e4bipaistev<\/p>\n<p>&#8211; klaasist k\u00e4epide, mis annab sellele peene v\u00e4limuse<br \/>\n&#8211; rombikujundid sobivad suurep\u00e4raselt glamuursetesse interj\u00f6\u00f6ridesse<br \/>\n&#8211; lihtne kokkupanek on v\u00f5imalik t\u00e4nu tootega kaasasolevale kruvile<\/p>\n<hr>\n<p>Meie veebipoes pakutavad m\u00f6\u00f6blinupud on klassikaliste disainide ja suundumuste t\u00e4pne koopia nende \u00e4\u00e4rmiselt mugavate rustikaalsete elementide loomisel.<\/p>\n<p>Kristallm\u00f6\u00f6bli k\u00e4epide on esiosas kaunistatud rosetiga ja alumises osas pehmendusega alusega. K\u00f5ik metallosad on patineeritud pronksist. Nupp paigaldatakse m\u00f6\u00f6blile 4 mm l\u00e4bim\u00f5\u00f5duga kinnituskruvi ja mutri abil. See kruvi on osa komplektist.<\/p>\n<\/div>\n","protected":false},"excerpt":{"rendered":"<p>Mudel 01.083C. GL.38 EAN. 5905369917196 Materjal Klaas \u00dcldl\u00e4bim\u00f5\u00f5t (cm ) 3,5 Koguprojektsioon (cm) 4 Aluspinna m\u00f5\u00f5tmed (cm) 1 Paigalduskruvid Kruvi<\/p>\n","protected":false},"featured_media":85567,"comment_status":"open","ping_status":"closed","template":"","meta":{"_acf_changed":false,"pmpro_default_level":""},"product_brand":[],"product_cat":[23880,23836,23873],"product_tag":[],"class_list":{"0":"post-138529","1":"product","2":"type-product","3":"status-publish","4":"has-post-thumbnail","6":"product_cat-baldu-rankeneles-et","7":"product_cat-moobli-tarvikud","8":"product_cat-rankeneles-et","9":"pmpro-has-access","11":"first","12":"instock","13":"shipping-taxable","14":"purchasable","15":"product-type-simple"},"acf":[],"yoast_head":"<!-- This site is optimized with the Yoast SEO plugin v24.9 - https:\/\/yoast.com\/wordpress\/plugins\/seo\/ -->\n<title>M\u00f6\u00f6bli nupp VANA KLAAS - MetalTale.com<\/title>\n<meta name=\"robots\" content=\"index, follow, max-snippet:-1, max-image-preview:large, max-video-preview:-1\" \/>\n<link rel=\"canonical\" href=\"https:\/\/metaltale.com\/et\/toode\/moobli-nupp-vana-klaas\/\" \/>\n<meta property=\"og:locale\" content=\"et_EE\" \/>\n<meta property=\"og:type\" content=\"article\" \/>\n<meta property=\"og:title\" content=\"M\u00f6\u00f6bli nupp VANA KLAAS - MetalTale.com\" \/>\n<meta property=\"og:description\" content=\"Mudel 01.083C. GL.38 EAN. 5905369917196 Materjal Klaas \u00dcldl\u00e4bim\u00f5\u00f5t (cm ) 3,5 Koguprojektsioon (cm) 4 Aluspinna m\u00f5\u00f5tmed (cm) 1 Paigalduskruvid Kruvi\" \/>\n<meta property=\"og:url\" content=\"https:\/\/metaltale.com\/et\/toode\/moobli-nupp-vana-klaas\/\" \/>\n<meta property=\"og:site_name\" content=\"MetalTale.com\" \/>\n<meta name=\"twitter:card\" content=\"summary_large_image\" \/>\n<meta name=\"twitter:label1\" content=\"Est. reading time\" \/>\n\t<meta name=\"twitter:data1\" content=\"1 minut\" \/>\n<script type=\"application\/ld+json\" class=\"yoast-schema-graph\">{\"@context\":\"https:\/\/schema.org\",\"@graph\":[{\"@type\":\"WebPage\",\"@id\":\"https:\/\/metaltale.com\/et\/toode\/moobli-nupp-vana-klaas\/\",\"url\":\"https:\/\/metaltale.com\/et\/toode\/moobli-nupp-vana-klaas\/\",\"name\":\"M\u00f6\u00f6bli nupp VANA KLAAS - MetalTale.com\",\"isPartOf\":{\"@id\":\"https:\/\/metaltale.com\/et\/#website\"},\"primaryImageOfPage\":{\"@id\":\"https:\/\/metaltale.com\/et\/toode\/moobli-nupp-vana-klaas\/#primaryimage\"},\"image\":{\"@id\":\"https:\/\/metaltale.com\/et\/toode\/moobli-nupp-vana-klaas\/#primaryimage\"},\"thumbnailUrl\":\"https:\/\/metaltale.com\/wp-content\/uploads\/2023\/10\/Baldx173-rankenx117lx117-GLASS-OLD-Transparent.jpg\",\"datePublished\":\"2024-02-13T12:05:41+00:00\",\"breadcrumb\":{\"@id\":\"https:\/\/metaltale.com\/et\/toode\/moobli-nupp-vana-klaas\/#breadcrumb\"},\"inLanguage\":\"et\",\"potentialAction\":[{\"@type\":\"ReadAction\",\"target\":[\"https:\/\/metaltale.com\/et\/toode\/moobli-nupp-vana-klaas\/\"]}]},{\"@type\":\"ImageObject\",\"inLanguage\":\"et\",\"@id\":\"https:\/\/metaltale.com\/et\/toode\/moobli-nupp-vana-klaas\/#primaryimage\",\"url\":\"https:\/\/metaltale.com\/wp-content\/uploads\/2023\/10\/Baldx173-rankenx117lx117-GLASS-OLD-Transparent.jpg\",\"contentUrl\":\"https:\/\/metaltale.com\/wp-content\/uploads\/2023\/10\/Baldx173-rankenx117lx117-GLASS-OLD-Transparent.jpg\",\"width\":800,\"height\":800,\"caption\":\"M\u00f6\u00f6bli nupp VANA KLAAS\"},{\"@type\":\"BreadcrumbList\",\"@id\":\"https:\/\/metaltale.com\/et\/toode\/moobli-nupp-vana-klaas\/#breadcrumb\",\"itemListElement\":[{\"@type\":\"ListItem\",\"position\":1,\"name\":\"Home\",\"item\":\"https:\/\/metaltale.com\/et\/kodu\/\"},{\"@type\":\"ListItem\",\"position\":2,\"name\":\"Kauplus\",\"item\":\"https:\/\/metaltale.com\/et\/shop\/\"},{\"@type\":\"ListItem\",\"position\":3,\"name\":\"M\u00f6\u00f6bli nupp VANA KLAAS\"}]},{\"@type\":\"WebSite\",\"@id\":\"https:\/\/metaltale.com\/et\/#website\",\"url\":\"https:\/\/metaltale.com\/et\/\",\"name\":\"Metaltale.com\",\"description\":\"\",\"potentialAction\":[{\"@type\":\"SearchAction\",\"target\":{\"@type\":\"EntryPoint\",\"urlTemplate\":\"https:\/\/metaltale.com\/et\/?s={search_term_string}\"},\"query-input\":{\"@type\":\"PropertyValueSpecification\",\"valueRequired\":true,\"valueName\":\"search_term_string\"}}],\"inLanguage\":\"et\"}]}<\/script>\n<!-- \/ Yoast SEO plugin. -->","yoast_head_json":{"title":"M\u00f6\u00f6bli nupp VANA KLAAS - MetalTale.com","robots":{"index":"index","follow":"follow","max-snippet":"max-snippet:-1","max-image-preview":"max-image-preview:large","max-video-preview":"max-video-preview:-1"},"canonical":"https:\/\/metaltale.com\/et\/toode\/moobli-nupp-vana-klaas\/","og_locale":"et_EE","og_type":"article","og_title":"M\u00f6\u00f6bli nupp VANA KLAAS - MetalTale.com","og_description":"Mudel 01.083C. GL.38 EAN. 5905369917196 Materjal Klaas \u00dcldl\u00e4bim\u00f5\u00f5t (cm ) 3,5 Koguprojektsioon (cm) 4 Aluspinna m\u00f5\u00f5tmed (cm) 1 Paigalduskruvid Kruvi","og_url":"https:\/\/metaltale.com\/et\/toode\/moobli-nupp-vana-klaas\/","og_site_name":"MetalTale.com","twitter_card":"summary_large_image","twitter_misc":{"Est. reading time":"1 minut"},"schema":{"@context":"https:\/\/schema.org","@graph":[{"@type":"WebPage","@id":"https:\/\/metaltale.com\/et\/toode\/moobli-nupp-vana-klaas\/","url":"https:\/\/metaltale.com\/et\/toode\/moobli-nupp-vana-klaas\/","name":"M\u00f6\u00f6bli nupp VANA KLAAS - MetalTale.com","isPartOf":{"@id":"https:\/\/metaltale.com\/et\/#website"},"primaryImageOfPage":{"@id":"https:\/\/metaltale.com\/et\/toode\/moobli-nupp-vana-klaas\/#primaryimage"},"image":{"@id":"https:\/\/metaltale.com\/et\/toode\/moobli-nupp-vana-klaas\/#primaryimage"},"thumbnailUrl":"https:\/\/metaltale.com\/wp-content\/uploads\/2023\/10\/Baldx173-rankenx117lx117-GLASS-OLD-Transparent.jpg","datePublished":"2024-02-13T12:05:41+00:00","breadcrumb":{"@id":"https:\/\/metaltale.com\/et\/toode\/moobli-nupp-vana-klaas\/#breadcrumb"},"inLanguage":"et","potentialAction":[{"@type":"ReadAction","target":["https:\/\/metaltale.com\/et\/toode\/moobli-nupp-vana-klaas\/"]}]},{"@type":"ImageObject","inLanguage":"et","@id":"https:\/\/metaltale.com\/et\/toode\/moobli-nupp-vana-klaas\/#primaryimage","url":"https:\/\/metaltale.com\/wp-content\/uploads\/2023\/10\/Baldx173-rankenx117lx117-GLASS-OLD-Transparent.jpg","contentUrl":"https:\/\/metaltale.com\/wp-content\/uploads\/2023\/10\/Baldx173-rankenx117lx117-GLASS-OLD-Transparent.jpg","width":800,"height":800,"caption":"M\u00f6\u00f6bli nupp VANA KLAAS"},{"@type":"BreadcrumbList","@id":"https:\/\/metaltale.com\/et\/toode\/moobli-nupp-vana-klaas\/#breadcrumb","itemListElement":[{"@type":"ListItem","position":1,"name":"Home","item":"https:\/\/metaltale.com\/et\/kodu\/"},{"@type":"ListItem","position":2,"name":"Kauplus","item":"https:\/\/metaltale.com\/et\/shop\/"},{"@type":"ListItem","position":3,"name":"M\u00f6\u00f6bli nupp VANA KLAAS"}]},{"@type":"WebSite","@id":"https:\/\/metaltale.com\/et\/#website","url":"https:\/\/metaltale.com\/et\/","name":"Metaltale.com","description":"","potentialAction":[{"@type":"SearchAction","target":{"@type":"EntryPoint","urlTemplate":"https:\/\/metaltale.com\/et\/?s={search_term_string}"},"query-input":{"@type":"PropertyValueSpecification","valueRequired":true,"valueName":"search_term_string"}}],"inLanguage":"et"}]}},"_links":{"self":[{"href":"https:\/\/metaltale.com\/et\/wp-json\/wp\/v2\/product\/138529","targetHints":{"allow":["GET"]}}],"collection":[{"href":"https:\/\/metaltale.com\/et\/wp-json\/wp\/v2\/product"}],"about":[{"href":"https:\/\/metaltale.com\/et\/wp-json\/wp\/v2\/types\/product"}],"replies":[{"embeddable":true,"href":"https:\/\/metaltale.com\/et\/wp-json\/wp\/v2\/comments?post=138529"}],"version-history":[{"count":0,"href":"https:\/\/metaltale.com\/et\/wp-json\/wp\/v2\/product\/138529\/revisions"}],"wp:featuredmedia":[{"embeddable":true,"href":"https:\/\/metaltale.com\/et\/wp-json\/wp\/v2\/media\/85567"}],"wp:attachment":[{"href":"https:\/\/metaltale.com\/et\/wp-json\/wp\/v2\/media?parent=138529"}],"wp:term":[{"taxonomy":"product_brand","embeddable":true,"href":"https:\/\/metaltale.com\/et\/wp-json\/wp\/v2\/product_brand?post=138529"},{"taxonomy":"product_cat","embeddable":true,"href":"https:\/\/metaltale.com\/et\/wp-json\/wp\/v2\/product_cat?post=138529"},{"taxonomy":"product_tag","embeddable":true,"href":"https:\/\/metaltale.com\/et\/wp-json\/wp\/v2\/product_tag?post=138529"}],"curies":[{"name":"wp","href":"https:\/\/api.w.org\/{rel}","templated":true}]}}