{"id":138520,"date":"2024-02-13T14:05:41","date_gmt":"2024-02-13T12:05:41","guid":{"rendered":"https:\/\/metaltale.com\/produktas\/moobli-kaepide-vibrated-32-mm\/"},"modified":"2024-02-13T14:05:41","modified_gmt":"2024-02-13T12:05:41","slug":"moobli-kaepide-vibrated-32-mm","status":"publish","type":"product","link":"https:\/\/metaltale.com\/et\/toode\/moobli-kaepide-vibrated-32-mm\/","title":{"rendered":"M\u00f6\u00f6bli k\u00e4epide VIBRATED 32 mm"},"content":{"rendered":"<div class=\"prod_data\">\n<p><strong>Mudel<\/strong> 70.086.AI.<br \/>\nMaterjal Ketus<br \/>\n<strong>\u00dcldl\u00e4bim\u00f5\u00f5t (cm)<\/strong> 3,2<br \/>\n<strong>Koguprojektsioon (cm)<\/strong> 2,8<br \/>\n<strong>Paigalduskruvid<\/strong> Kruvi<br \/>\n<strong>Aluse l\u00e4bim\u00f5\u00f5t (cm)<\/strong> 2,2<br \/>\n<strong>V\u00e4rv<\/strong> teras<br \/>\n<strong>Trim<\/strong> Waxed<\/p>\n<p>&#8211; toode on valmistatud k\u00f5rgeima kvaliteediga malmist, mis tagab vastupidavuse ja tugevuse.<br \/>\n&#8211; Kerge tekstuuriga pind r\u00f5hutab toote retrotunnet.<br \/>\n&#8211; Klassikalise kujuga k\u00e4epide, mis suurendab kasutusmugavust<br \/>\n&#8211; tootega on kaasas kruvi lihtsaks kokkupanekuks<\/p>\n<hr>\n<p>Vibreeriv m\u00f6\u00f6blinupp on kujundatud tuntud klassikaliste lahenduste p\u00f5hjal. Ovaalne korpus, mis on asetatud lamedale, korralikule jalale, r\u00f5hutab kindlat haardumist paigaldatud pinnal.<\/p>\n<p>M\u00f6\u00f6bli k\u00e4epide oli valmistatud k\u00f5rgeima kvaliteediga malmist. T\u00e4nu oskuslikule t\u00f6\u00f6tlemisele on sellele antud naturaalne rauav\u00e4rv, mis t\u00f5mbab t\u00f5husalt pilku, r\u00f5hutades k\u00fclalistele m\u00f5eldud interj\u00f6\u00f6ri maal\u00e4hedast iseloomu. K\u00f5ik meie tooted tagavad ainulaadse iseloomu ja suurep\u00e4rase v\u00f5imaluse t\u00e4iendada maal\u00e4hedast sisekliimat.<\/p>\n<\/div>\n","protected":false},"excerpt":{"rendered":"<p>Mudel 70.086.AI. Materjal Ketus \u00dcldl\u00e4bim\u00f5\u00f5t (cm) 3,2 Koguprojektsioon (cm) 2,8 Paigalduskruvid Kruvi Aluse l\u00e4bim\u00f5\u00f5t (cm) 2,2 V\u00e4rv teras Trim Waxed<\/p>\n","protected":false},"featured_media":85511,"comment_status":"open","ping_status":"closed","template":"","meta":{"_acf_changed":false,"pmpro_default_level":""},"product_brand":[],"product_cat":[23880,23836,23873],"product_tag":[],"class_list":{"0":"post-138520","1":"product","2":"type-product","3":"status-publish","4":"has-post-thumbnail","6":"product_cat-baldu-rankeneles-et","7":"product_cat-moobli-tarvikud","8":"product_cat-rankeneles-et","9":"pmpro-has-access","11":"first","12":"instock","13":"shipping-taxable","14":"purchasable","15":"product-type-simple"},"acf":[],"yoast_head":"<!-- This site is optimized with the Yoast SEO plugin v24.9 - https:\/\/yoast.com\/wordpress\/plugins\/seo\/ -->\n<title>M\u00f6\u00f6bli k\u00e4epide VIBRATED 32 mm - MetalTale.com<\/title>\n<meta name=\"robots\" content=\"index, follow, max-snippet:-1, max-image-preview:large, max-video-preview:-1\" \/>\n<link rel=\"canonical\" href=\"https:\/\/metaltale.com\/et\/toode\/moobli-kaepide-vibrated-32-mm\/\" \/>\n<meta property=\"og:locale\" content=\"et_EE\" \/>\n<meta property=\"og:type\" content=\"article\" \/>\n<meta property=\"og:title\" content=\"M\u00f6\u00f6bli k\u00e4epide VIBRATED 32 mm - MetalTale.com\" \/>\n<meta property=\"og:description\" content=\"Mudel 70.086.AI. Materjal Ketus \u00dcldl\u00e4bim\u00f5\u00f5t (cm) 3,2 Koguprojektsioon (cm) 2,8 Paigalduskruvid Kruvi Aluse l\u00e4bim\u00f5\u00f5t (cm) 2,2 V\u00e4rv teras Trim Waxed\" \/>\n<meta property=\"og:url\" content=\"https:\/\/metaltale.com\/et\/toode\/moobli-kaepide-vibrated-32-mm\/\" \/>\n<meta property=\"og:site_name\" content=\"MetalTale.com\" \/>\n<meta name=\"twitter:card\" content=\"summary_large_image\" \/>\n<meta name=\"twitter:label1\" content=\"Est. reading time\" \/>\n\t<meta name=\"twitter:data1\" content=\"1 minut\" \/>\n<script type=\"application\/ld+json\" class=\"yoast-schema-graph\">{\"@context\":\"https:\/\/schema.org\",\"@graph\":[{\"@type\":\"WebPage\",\"@id\":\"https:\/\/metaltale.com\/et\/toode\/moobli-kaepide-vibrated-32-mm\/\",\"url\":\"https:\/\/metaltale.com\/et\/toode\/moobli-kaepide-vibrated-32-mm\/\",\"name\":\"M\u00f6\u00f6bli k\u00e4epide VIBRATED 32 mm - MetalTale.com\",\"isPartOf\":{\"@id\":\"https:\/\/metaltale.com\/et\/#website\"},\"primaryImageOfPage\":{\"@id\":\"https:\/\/metaltale.com\/et\/toode\/moobli-kaepide-vibrated-32-mm\/#primaryimage\"},\"image\":{\"@id\":\"https:\/\/metaltale.com\/et\/toode\/moobli-kaepide-vibrated-32-mm\/#primaryimage\"},\"thumbnailUrl\":\"https:\/\/metaltale.com\/wp-content\/uploads\/2023\/10\/Baldx173-rankenx117lx117-VIBRATED-32-Steel.jpg\",\"datePublished\":\"2024-02-13T12:05:41+00:00\",\"breadcrumb\":{\"@id\":\"https:\/\/metaltale.com\/et\/toode\/moobli-kaepide-vibrated-32-mm\/#breadcrumb\"},\"inLanguage\":\"et\",\"potentialAction\":[{\"@type\":\"ReadAction\",\"target\":[\"https:\/\/metaltale.com\/et\/toode\/moobli-kaepide-vibrated-32-mm\/\"]}]},{\"@type\":\"ImageObject\",\"inLanguage\":\"et\",\"@id\":\"https:\/\/metaltale.com\/et\/toode\/moobli-kaepide-vibrated-32-mm\/#primaryimage\",\"url\":\"https:\/\/metaltale.com\/wp-content\/uploads\/2023\/10\/Baldx173-rankenx117lx117-VIBRATED-32-Steel.jpg\",\"contentUrl\":\"https:\/\/metaltale.com\/wp-content\/uploads\/2023\/10\/Baldx173-rankenx117lx117-VIBRATED-32-Steel.jpg\",\"width\":800,\"height\":800,\"caption\":\"M\u00f6\u00f6bli k\u00e4epide VIBRATED 32 mm\"},{\"@type\":\"BreadcrumbList\",\"@id\":\"https:\/\/metaltale.com\/et\/toode\/moobli-kaepide-vibrated-32-mm\/#breadcrumb\",\"itemListElement\":[{\"@type\":\"ListItem\",\"position\":1,\"name\":\"Home\",\"item\":\"https:\/\/metaltale.com\/et\/kodu\/\"},{\"@type\":\"ListItem\",\"position\":2,\"name\":\"Kauplus\",\"item\":\"https:\/\/metaltale.com\/et\/shop\/\"},{\"@type\":\"ListItem\",\"position\":3,\"name\":\"M\u00f6\u00f6bli k\u00e4epide VIBRATED 32 mm\"}]},{\"@type\":\"WebSite\",\"@id\":\"https:\/\/metaltale.com\/et\/#website\",\"url\":\"https:\/\/metaltale.com\/et\/\",\"name\":\"Metaltale.com\",\"description\":\"\",\"potentialAction\":[{\"@type\":\"SearchAction\",\"target\":{\"@type\":\"EntryPoint\",\"urlTemplate\":\"https:\/\/metaltale.com\/et\/?s={search_term_string}\"},\"query-input\":{\"@type\":\"PropertyValueSpecification\",\"valueRequired\":true,\"valueName\":\"search_term_string\"}}],\"inLanguage\":\"et\"}]}<\/script>\n<!-- \/ Yoast SEO plugin. -->","yoast_head_json":{"title":"M\u00f6\u00f6bli k\u00e4epide VIBRATED 32 mm - MetalTale.com","robots":{"index":"index","follow":"follow","max-snippet":"max-snippet:-1","max-image-preview":"max-image-preview:large","max-video-preview":"max-video-preview:-1"},"canonical":"https:\/\/metaltale.com\/et\/toode\/moobli-kaepide-vibrated-32-mm\/","og_locale":"et_EE","og_type":"article","og_title":"M\u00f6\u00f6bli k\u00e4epide VIBRATED 32 mm - MetalTale.com","og_description":"Mudel 70.086.AI. Materjal Ketus \u00dcldl\u00e4bim\u00f5\u00f5t (cm) 3,2 Koguprojektsioon (cm) 2,8 Paigalduskruvid Kruvi Aluse l\u00e4bim\u00f5\u00f5t (cm) 2,2 V\u00e4rv teras Trim Waxed","og_url":"https:\/\/metaltale.com\/et\/toode\/moobli-kaepide-vibrated-32-mm\/","og_site_name":"MetalTale.com","twitter_card":"summary_large_image","twitter_misc":{"Est. reading time":"1 minut"},"schema":{"@context":"https:\/\/schema.org","@graph":[{"@type":"WebPage","@id":"https:\/\/metaltale.com\/et\/toode\/moobli-kaepide-vibrated-32-mm\/","url":"https:\/\/metaltale.com\/et\/toode\/moobli-kaepide-vibrated-32-mm\/","name":"M\u00f6\u00f6bli k\u00e4epide VIBRATED 32 mm - MetalTale.com","isPartOf":{"@id":"https:\/\/metaltale.com\/et\/#website"},"primaryImageOfPage":{"@id":"https:\/\/metaltale.com\/et\/toode\/moobli-kaepide-vibrated-32-mm\/#primaryimage"},"image":{"@id":"https:\/\/metaltale.com\/et\/toode\/moobli-kaepide-vibrated-32-mm\/#primaryimage"},"thumbnailUrl":"https:\/\/metaltale.com\/wp-content\/uploads\/2023\/10\/Baldx173-rankenx117lx117-VIBRATED-32-Steel.jpg","datePublished":"2024-02-13T12:05:41+00:00","breadcrumb":{"@id":"https:\/\/metaltale.com\/et\/toode\/moobli-kaepide-vibrated-32-mm\/#breadcrumb"},"inLanguage":"et","potentialAction":[{"@type":"ReadAction","target":["https:\/\/metaltale.com\/et\/toode\/moobli-kaepide-vibrated-32-mm\/"]}]},{"@type":"ImageObject","inLanguage":"et","@id":"https:\/\/metaltale.com\/et\/toode\/moobli-kaepide-vibrated-32-mm\/#primaryimage","url":"https:\/\/metaltale.com\/wp-content\/uploads\/2023\/10\/Baldx173-rankenx117lx117-VIBRATED-32-Steel.jpg","contentUrl":"https:\/\/metaltale.com\/wp-content\/uploads\/2023\/10\/Baldx173-rankenx117lx117-VIBRATED-32-Steel.jpg","width":800,"height":800,"caption":"M\u00f6\u00f6bli k\u00e4epide VIBRATED 32 mm"},{"@type":"BreadcrumbList","@id":"https:\/\/metaltale.com\/et\/toode\/moobli-kaepide-vibrated-32-mm\/#breadcrumb","itemListElement":[{"@type":"ListItem","position":1,"name":"Home","item":"https:\/\/metaltale.com\/et\/kodu\/"},{"@type":"ListItem","position":2,"name":"Kauplus","item":"https:\/\/metaltale.com\/et\/shop\/"},{"@type":"ListItem","position":3,"name":"M\u00f6\u00f6bli k\u00e4epide VIBRATED 32 mm"}]},{"@type":"WebSite","@id":"https:\/\/metaltale.com\/et\/#website","url":"https:\/\/metaltale.com\/et\/","name":"Metaltale.com","description":"","potentialAction":[{"@type":"SearchAction","target":{"@type":"EntryPoint","urlTemplate":"https:\/\/metaltale.com\/et\/?s={search_term_string}"},"query-input":{"@type":"PropertyValueSpecification","valueRequired":true,"valueName":"search_term_string"}}],"inLanguage":"et"}]}},"_links":{"self":[{"href":"https:\/\/metaltale.com\/et\/wp-json\/wp\/v2\/product\/138520","targetHints":{"allow":["GET"]}}],"collection":[{"href":"https:\/\/metaltale.com\/et\/wp-json\/wp\/v2\/product"}],"about":[{"href":"https:\/\/metaltale.com\/et\/wp-json\/wp\/v2\/types\/product"}],"replies":[{"embeddable":true,"href":"https:\/\/metaltale.com\/et\/wp-json\/wp\/v2\/comments?post=138520"}],"version-history":[{"count":0,"href":"https:\/\/metaltale.com\/et\/wp-json\/wp\/v2\/product\/138520\/revisions"}],"wp:featuredmedia":[{"embeddable":true,"href":"https:\/\/metaltale.com\/et\/wp-json\/wp\/v2\/media\/85511"}],"wp:attachment":[{"href":"https:\/\/metaltale.com\/et\/wp-json\/wp\/v2\/media?parent=138520"}],"wp:term":[{"taxonomy":"product_brand","embeddable":true,"href":"https:\/\/metaltale.com\/et\/wp-json\/wp\/v2\/product_brand?post=138520"},{"taxonomy":"product_cat","embeddable":true,"href":"https:\/\/metaltale.com\/et\/wp-json\/wp\/v2\/product_cat?post=138520"},{"taxonomy":"product_tag","embeddable":true,"href":"https:\/\/metaltale.com\/et\/wp-json\/wp\/v2\/product_tag?post=138520"}],"curies":[{"name":"wp","href":"https:\/\/api.w.org\/{rel}","templated":true}]}}