{"id":138500,"date":"2024-02-13T14:05:05","date_gmt":"2024-02-13T12:05:05","guid":{"rendered":"https:\/\/metaltale.com\/produktas\/must-dusivoolik\/"},"modified":"2024-02-13T14:05:05","modified_gmt":"2024-02-13T12:05:05","slug":"must-dusivoolik","status":"publish","type":"product","link":"https:\/\/metaltale.com\/et\/toode\/must-dusivoolik\/","title":{"rendered":"Must du\u0161ivoolik"},"content":{"rendered":"<div class=\"prod_data\"><strong>Mudel<\/strong> WX.02.BLA  <br \/><strong>Materjal<\/strong> teras  <br \/><strong> [cm]Kogupikkus<\/strong> 150 <strong> <\/strong> <br \/><strong>V\u00e4rv<\/strong> Must  <br \/>Viimistlus Pehme, satiinne efekt <\/p>\n<p>&#8211; Du\u0161ivoolik 150 cm pikk<br \/>&#8211; l\u00e4bim\u00f5\u00f5t 1,4 cm<br \/>Voolik sobib York, Simply Retro ja Lola &amp;; Lexie kollektsioonidesse, kuna pinnal on n\u00e4htavad pintslij\u00e4ljed.<\/p>\n<hr>\n<p>Must du\u0161ivoolik peab olema toode, mis vastab tehniliselt ja v\u00e4rviliselt kaupluses pakutavale kraanile. See on paigalduselement, mis tuleb m\u00f5nikord v\u00e4lja vahetada kas rikke v\u00f5i pikkuse t\u00f5ttu. Tootmisprotsessis kasutatud kvaliteetsed materjalid tagavad kasutusmugavuse k\u00f5rge taseme.  <\/p>\n<\/div>\n","protected":false},"excerpt":{"rendered":"<p>Mudel WX.02.BLA Materjal teras [cm]Kogupikkus 150 V\u00e4rv Must Viimistlus Pehme, satiinne efekt &#8211; Du\u0161ivoolik 150 cm pikk&#8211; l\u00e4bim\u00f5\u00f5t 1,4 cmVoolik<\/p>\n","protected":false},"featured_media":85253,"comment_status":"open","ping_status":"closed","template":"","meta":{"_acf_changed":false,"pmpro_default_level":""},"product_brand":[],"product_cat":[24189],"product_tag":[],"class_list":{"0":"post-138500","1":"product","2":"type-product","3":"status-publish","4":"has-post-thumbnail","6":"product_cat-dusivoolikud","7":"pmpro-has-access","9":"first","10":"instock","11":"shipping-taxable","12":"purchasable","13":"product-type-simple"},"acf":[],"yoast_head":"<!-- This site is optimized with the Yoast SEO plugin v24.9 - https:\/\/yoast.com\/wordpress\/plugins\/seo\/ -->\n<title>Must du\u0161ivoolik - MetalTale.com<\/title>\n<meta name=\"robots\" content=\"index, follow, max-snippet:-1, max-image-preview:large, max-video-preview:-1\" \/>\n<link rel=\"canonical\" href=\"https:\/\/metaltale.com\/et\/toode\/must-dusivoolik\/\" \/>\n<meta property=\"og:locale\" content=\"et_EE\" \/>\n<meta property=\"og:type\" content=\"article\" \/>\n<meta property=\"og:title\" content=\"Must du\u0161ivoolik - MetalTale.com\" \/>\n<meta property=\"og:description\" content=\"Mudel WX.02.BLA Materjal teras [cm]Kogupikkus 150 V\u00e4rv Must Viimistlus Pehme, satiinne efekt &#8211; Du\u0161ivoolik 150 cm pikk&#8211; l\u00e4bim\u00f5\u00f5t 1,4 cmVoolik\" \/>\n<meta property=\"og:url\" content=\"https:\/\/metaltale.com\/et\/toode\/must-dusivoolik\/\" \/>\n<meta property=\"og:site_name\" content=\"MetalTale.com\" \/>\n<meta name=\"twitter:card\" content=\"summary_large_image\" \/>\n<script type=\"application\/ld+json\" class=\"yoast-schema-graph\">{\"@context\":\"https:\/\/schema.org\",\"@graph\":[{\"@type\":\"WebPage\",\"@id\":\"https:\/\/metaltale.com\/et\/toode\/must-dusivoolik\/\",\"url\":\"https:\/\/metaltale.com\/et\/toode\/must-dusivoolik\/\",\"name\":\"Must du\u0161ivoolik - MetalTale.com\",\"isPartOf\":{\"@id\":\"https:\/\/metaltale.com\/et\/#website\"},\"primaryImageOfPage\":{\"@id\":\"https:\/\/metaltale.com\/et\/toode\/must-dusivoolik\/#primaryimage\"},\"image\":{\"@id\":\"https:\/\/metaltale.com\/et\/toode\/must-dusivoolik\/#primaryimage\"},\"thumbnailUrl\":\"https:\/\/metaltale.com\/wp-content\/uploads\/2023\/10\/Dux161o-x17Earna.jpg\",\"datePublished\":\"2024-02-13T12:05:05+00:00\",\"breadcrumb\":{\"@id\":\"https:\/\/metaltale.com\/et\/toode\/must-dusivoolik\/#breadcrumb\"},\"inLanguage\":\"et\",\"potentialAction\":[{\"@type\":\"ReadAction\",\"target\":[\"https:\/\/metaltale.com\/et\/toode\/must-dusivoolik\/\"]}]},{\"@type\":\"ImageObject\",\"inLanguage\":\"et\",\"@id\":\"https:\/\/metaltale.com\/et\/toode\/must-dusivoolik\/#primaryimage\",\"url\":\"https:\/\/metaltale.com\/wp-content\/uploads\/2023\/10\/Dux161o-x17Earna.jpg\",\"contentUrl\":\"https:\/\/metaltale.com\/wp-content\/uploads\/2023\/10\/Dux161o-x17Earna.jpg\",\"width\":800,\"height\":800},{\"@type\":\"BreadcrumbList\",\"@id\":\"https:\/\/metaltale.com\/et\/toode\/must-dusivoolik\/#breadcrumb\",\"itemListElement\":[{\"@type\":\"ListItem\",\"position\":1,\"name\":\"Home\",\"item\":\"https:\/\/metaltale.com\/et\/kodu\/\"},{\"@type\":\"ListItem\",\"position\":2,\"name\":\"Kauplus\",\"item\":\"https:\/\/metaltale.com\/et\/shop\/\"},{\"@type\":\"ListItem\",\"position\":3,\"name\":\"Must du\u0161ivoolik\"}]},{\"@type\":\"WebSite\",\"@id\":\"https:\/\/metaltale.com\/et\/#website\",\"url\":\"https:\/\/metaltale.com\/et\/\",\"name\":\"Metaltale.com\",\"description\":\"\",\"potentialAction\":[{\"@type\":\"SearchAction\",\"target\":{\"@type\":\"EntryPoint\",\"urlTemplate\":\"https:\/\/metaltale.com\/et\/?s={search_term_string}\"},\"query-input\":{\"@type\":\"PropertyValueSpecification\",\"valueRequired\":true,\"valueName\":\"search_term_string\"}}],\"inLanguage\":\"et\"}]}<\/script>\n<!-- \/ Yoast SEO plugin. -->","yoast_head_json":{"title":"Must du\u0161ivoolik - MetalTale.com","robots":{"index":"index","follow":"follow","max-snippet":"max-snippet:-1","max-image-preview":"max-image-preview:large","max-video-preview":"max-video-preview:-1"},"canonical":"https:\/\/metaltale.com\/et\/toode\/must-dusivoolik\/","og_locale":"et_EE","og_type":"article","og_title":"Must du\u0161ivoolik - MetalTale.com","og_description":"Mudel WX.02.BLA Materjal teras [cm]Kogupikkus 150 V\u00e4rv Must Viimistlus Pehme, satiinne efekt &#8211; Du\u0161ivoolik 150 cm pikk&#8211; l\u00e4bim\u00f5\u00f5t 1,4 cmVoolik","og_url":"https:\/\/metaltale.com\/et\/toode\/must-dusivoolik\/","og_site_name":"MetalTale.com","twitter_card":"summary_large_image","schema":{"@context":"https:\/\/schema.org","@graph":[{"@type":"WebPage","@id":"https:\/\/metaltale.com\/et\/toode\/must-dusivoolik\/","url":"https:\/\/metaltale.com\/et\/toode\/must-dusivoolik\/","name":"Must du\u0161ivoolik - MetalTale.com","isPartOf":{"@id":"https:\/\/metaltale.com\/et\/#website"},"primaryImageOfPage":{"@id":"https:\/\/metaltale.com\/et\/toode\/must-dusivoolik\/#primaryimage"},"image":{"@id":"https:\/\/metaltale.com\/et\/toode\/must-dusivoolik\/#primaryimage"},"thumbnailUrl":"https:\/\/metaltale.com\/wp-content\/uploads\/2023\/10\/Dux161o-x17Earna.jpg","datePublished":"2024-02-13T12:05:05+00:00","breadcrumb":{"@id":"https:\/\/metaltale.com\/et\/toode\/must-dusivoolik\/#breadcrumb"},"inLanguage":"et","potentialAction":[{"@type":"ReadAction","target":["https:\/\/metaltale.com\/et\/toode\/must-dusivoolik\/"]}]},{"@type":"ImageObject","inLanguage":"et","@id":"https:\/\/metaltale.com\/et\/toode\/must-dusivoolik\/#primaryimage","url":"https:\/\/metaltale.com\/wp-content\/uploads\/2023\/10\/Dux161o-x17Earna.jpg","contentUrl":"https:\/\/metaltale.com\/wp-content\/uploads\/2023\/10\/Dux161o-x17Earna.jpg","width":800,"height":800},{"@type":"BreadcrumbList","@id":"https:\/\/metaltale.com\/et\/toode\/must-dusivoolik\/#breadcrumb","itemListElement":[{"@type":"ListItem","position":1,"name":"Home","item":"https:\/\/metaltale.com\/et\/kodu\/"},{"@type":"ListItem","position":2,"name":"Kauplus","item":"https:\/\/metaltale.com\/et\/shop\/"},{"@type":"ListItem","position":3,"name":"Must du\u0161ivoolik"}]},{"@type":"WebSite","@id":"https:\/\/metaltale.com\/et\/#website","url":"https:\/\/metaltale.com\/et\/","name":"Metaltale.com","description":"","potentialAction":[{"@type":"SearchAction","target":{"@type":"EntryPoint","urlTemplate":"https:\/\/metaltale.com\/et\/?s={search_term_string}"},"query-input":{"@type":"PropertyValueSpecification","valueRequired":true,"valueName":"search_term_string"}}],"inLanguage":"et"}]}},"_links":{"self":[{"href":"https:\/\/metaltale.com\/et\/wp-json\/wp\/v2\/product\/138500","targetHints":{"allow":["GET"]}}],"collection":[{"href":"https:\/\/metaltale.com\/et\/wp-json\/wp\/v2\/product"}],"about":[{"href":"https:\/\/metaltale.com\/et\/wp-json\/wp\/v2\/types\/product"}],"replies":[{"embeddable":true,"href":"https:\/\/metaltale.com\/et\/wp-json\/wp\/v2\/comments?post=138500"}],"version-history":[{"count":0,"href":"https:\/\/metaltale.com\/et\/wp-json\/wp\/v2\/product\/138500\/revisions"}],"wp:featuredmedia":[{"embeddable":true,"href":"https:\/\/metaltale.com\/et\/wp-json\/wp\/v2\/media\/85253"}],"wp:attachment":[{"href":"https:\/\/metaltale.com\/et\/wp-json\/wp\/v2\/media?parent=138500"}],"wp:term":[{"taxonomy":"product_brand","embeddable":true,"href":"https:\/\/metaltale.com\/et\/wp-json\/wp\/v2\/product_brand?post=138500"},{"taxonomy":"product_cat","embeddable":true,"href":"https:\/\/metaltale.com\/et\/wp-json\/wp\/v2\/product_cat?post=138500"},{"taxonomy":"product_tag","embeddable":true,"href":"https:\/\/metaltale.com\/et\/wp-json\/wp\/v2\/product_tag?post=138500"}],"curies":[{"name":"wp","href":"https:\/\/api.w.org\/{rel}","templated":true}]}}