{"id":138490,"date":"2024-02-13T14:05:05","date_gmt":"2024-02-13T12:05:05","guid":{"rendered":"https:\/\/metaltale.com\/produktas\/roivaste-konksu-muster\/"},"modified":"2024-02-13T14:05:05","modified_gmt":"2024-02-13T12:05:05","slug":"roivaste-konksu-muster","status":"publish","type":"product","link":"https:\/\/metaltale.com\/et\/toode\/roivaste-konksu-muster\/","title":{"rendered":"R\u00f5ivaste konksu MUSTER"},"content":{"rendered":"<div class=\"prod_data\">\n<p><strong>Mudel<\/strong> 70.337D. AI.148<br \/>\n<strong>EAN.<\/strong>  5905369918537<br \/>\nMaterjal Ketus<br \/>\n<strong>\u00dcldine k\u00f5rgus (cm)<\/strong> 14<br \/>\nKoguprojektsioon (cm) 9<br \/>\n<strong>Aluse m\u00f5\u00f5tmed (cm<\/strong> ) 3,5 x 5<br \/>\n<strong>Liik<\/strong> Double<br \/>\n<strong>V\u00e4rv<\/strong> teras<\/p>\n<p>Rustikalise interj\u00f6\u00f6ri korraldamisel tuleks j\u00e4lgida, et ka k\u00f5ige v\u00e4iksemad m\u00f6\u00f6bli aksessuaarid oleksid h\u00e4sti valitud. Keskmisest k\u00f5rgemate vedrustuse konksude sisse on paigutatud praktilised ja t\u00e4ielikult funktsionaalsed lahendused.<\/p>\n<p>Lahenduseks on klassikalise vormi ja rikkalikult kaunistatud motiivide kombinatsioon, mis on v\u00e4ga eriline viis r\u00f5hutada korrastatud interj\u00f6\u00f6ri rustikaalset stiili. <strong>Konks<\/strong> on valmistatud kvaliteetsest <strong>malmist kahe mugava<\/strong> riputuskonksu kujul.<\/p>\n<p>Sisaldab kruvide komplekti.<\/p>\n<\/div>\n","protected":false},"excerpt":{"rendered":"<p>Mudel 70.337D. AI.148 EAN. 5905369918537 Materjal Ketus \u00dcldine k\u00f5rgus (cm) 14 Koguprojektsioon (cm) 9 Aluse m\u00f5\u00f5tmed (cm ) 3,5 x<\/p>\n","protected":false},"featured_media":85162,"comment_status":"open","ping_status":"closed","template":"","meta":{"_acf_changed":false,"pmpro_default_level":""},"product_brand":[],"product_cat":[24176,23836],"product_tag":[],"class_list":{"0":"post-138490","1":"product","2":"type-product","3":"status-publish","4":"has-post-thumbnail","6":"product_cat-ripatsid-ja-konksud","7":"product_cat-moobli-tarvikud","8":"pmpro-has-access","10":"first","11":"instock","12":"shipping-taxable","13":"purchasable","14":"product-type-simple"},"acf":[],"yoast_head":"<!-- This site is optimized with the Yoast SEO plugin v24.9 - https:\/\/yoast.com\/wordpress\/plugins\/seo\/ -->\n<title>R\u00f5ivaste konksu MUSTER - MetalTale.com<\/title>\n<meta name=\"robots\" content=\"index, follow, max-snippet:-1, max-image-preview:large, max-video-preview:-1\" \/>\n<link rel=\"canonical\" href=\"https:\/\/metaltale.com\/et\/toode\/roivaste-konksu-muster\/\" \/>\n<meta property=\"og:locale\" content=\"et_EE\" \/>\n<meta property=\"og:type\" content=\"article\" \/>\n<meta property=\"og:title\" content=\"R\u00f5ivaste konksu MUSTER - MetalTale.com\" \/>\n<meta property=\"og:description\" content=\"Mudel 70.337D. AI.148 EAN. 5905369918537 Materjal Ketus \u00dcldine k\u00f5rgus (cm) 14 Koguprojektsioon (cm) 9 Aluse m\u00f5\u00f5tmed (cm ) 3,5 x\" \/>\n<meta property=\"og:url\" content=\"https:\/\/metaltale.com\/et\/toode\/roivaste-konksu-muster\/\" \/>\n<meta property=\"og:site_name\" content=\"MetalTale.com\" \/>\n<meta name=\"twitter:card\" content=\"summary_large_image\" \/>\n<script type=\"application\/ld+json\" class=\"yoast-schema-graph\">{\"@context\":\"https:\/\/schema.org\",\"@graph\":[{\"@type\":\"WebPage\",\"@id\":\"https:\/\/metaltale.com\/et\/toode\/roivaste-konksu-muster\/\",\"url\":\"https:\/\/metaltale.com\/et\/toode\/roivaste-konksu-muster\/\",\"name\":\"R\u00f5ivaste konksu MUSTER - MetalTale.com\",\"isPartOf\":{\"@id\":\"https:\/\/metaltale.com\/et\/#website\"},\"primaryImageOfPage\":{\"@id\":\"https:\/\/metaltale.com\/et\/toode\/roivaste-konksu-muster\/#primaryimage\"},\"image\":{\"@id\":\"https:\/\/metaltale.com\/et\/toode\/roivaste-konksu-muster\/#primaryimage\"},\"thumbnailUrl\":\"https:\/\/metaltale.com\/wp-content\/uploads\/2023\/10\/Kablys-PLIENINIS-RAx160TAS.jpg\",\"datePublished\":\"2024-02-13T12:05:05+00:00\",\"breadcrumb\":{\"@id\":\"https:\/\/metaltale.com\/et\/toode\/roivaste-konksu-muster\/#breadcrumb\"},\"inLanguage\":\"et\",\"potentialAction\":[{\"@type\":\"ReadAction\",\"target\":[\"https:\/\/metaltale.com\/et\/toode\/roivaste-konksu-muster\/\"]}]},{\"@type\":\"ImageObject\",\"inLanguage\":\"et\",\"@id\":\"https:\/\/metaltale.com\/et\/toode\/roivaste-konksu-muster\/#primaryimage\",\"url\":\"https:\/\/metaltale.com\/wp-content\/uploads\/2023\/10\/Kablys-PLIENINIS-RAx160TAS.jpg\",\"contentUrl\":\"https:\/\/metaltale.com\/wp-content\/uploads\/2023\/10\/Kablys-PLIENINIS-RAx160TAS.jpg\",\"width\":800,\"height\":800,\"caption\":\"R\u00f5ivaste konksu MUSTER\"},{\"@type\":\"BreadcrumbList\",\"@id\":\"https:\/\/metaltale.com\/et\/toode\/roivaste-konksu-muster\/#breadcrumb\",\"itemListElement\":[{\"@type\":\"ListItem\",\"position\":1,\"name\":\"Home\",\"item\":\"https:\/\/metaltale.com\/et\/kodu\/\"},{\"@type\":\"ListItem\",\"position\":2,\"name\":\"Kauplus\",\"item\":\"https:\/\/metaltale.com\/et\/shop\/\"},{\"@type\":\"ListItem\",\"position\":3,\"name\":\"R\u00f5ivaste konksu MUSTER\"}]},{\"@type\":\"WebSite\",\"@id\":\"https:\/\/metaltale.com\/et\/#website\",\"url\":\"https:\/\/metaltale.com\/et\/\",\"name\":\"Metaltale.com\",\"description\":\"\",\"potentialAction\":[{\"@type\":\"SearchAction\",\"target\":{\"@type\":\"EntryPoint\",\"urlTemplate\":\"https:\/\/metaltale.com\/et\/?s={search_term_string}\"},\"query-input\":{\"@type\":\"PropertyValueSpecification\",\"valueRequired\":true,\"valueName\":\"search_term_string\"}}],\"inLanguage\":\"et\"}]}<\/script>\n<!-- \/ Yoast SEO plugin. -->","yoast_head_json":{"title":"R\u00f5ivaste konksu MUSTER - MetalTale.com","robots":{"index":"index","follow":"follow","max-snippet":"max-snippet:-1","max-image-preview":"max-image-preview:large","max-video-preview":"max-video-preview:-1"},"canonical":"https:\/\/metaltale.com\/et\/toode\/roivaste-konksu-muster\/","og_locale":"et_EE","og_type":"article","og_title":"R\u00f5ivaste konksu MUSTER - MetalTale.com","og_description":"Mudel 70.337D. AI.148 EAN. 5905369918537 Materjal Ketus \u00dcldine k\u00f5rgus (cm) 14 Koguprojektsioon (cm) 9 Aluse m\u00f5\u00f5tmed (cm ) 3,5 x","og_url":"https:\/\/metaltale.com\/et\/toode\/roivaste-konksu-muster\/","og_site_name":"MetalTale.com","twitter_card":"summary_large_image","schema":{"@context":"https:\/\/schema.org","@graph":[{"@type":"WebPage","@id":"https:\/\/metaltale.com\/et\/toode\/roivaste-konksu-muster\/","url":"https:\/\/metaltale.com\/et\/toode\/roivaste-konksu-muster\/","name":"R\u00f5ivaste konksu MUSTER - MetalTale.com","isPartOf":{"@id":"https:\/\/metaltale.com\/et\/#website"},"primaryImageOfPage":{"@id":"https:\/\/metaltale.com\/et\/toode\/roivaste-konksu-muster\/#primaryimage"},"image":{"@id":"https:\/\/metaltale.com\/et\/toode\/roivaste-konksu-muster\/#primaryimage"},"thumbnailUrl":"https:\/\/metaltale.com\/wp-content\/uploads\/2023\/10\/Kablys-PLIENINIS-RAx160TAS.jpg","datePublished":"2024-02-13T12:05:05+00:00","breadcrumb":{"@id":"https:\/\/metaltale.com\/et\/toode\/roivaste-konksu-muster\/#breadcrumb"},"inLanguage":"et","potentialAction":[{"@type":"ReadAction","target":["https:\/\/metaltale.com\/et\/toode\/roivaste-konksu-muster\/"]}]},{"@type":"ImageObject","inLanguage":"et","@id":"https:\/\/metaltale.com\/et\/toode\/roivaste-konksu-muster\/#primaryimage","url":"https:\/\/metaltale.com\/wp-content\/uploads\/2023\/10\/Kablys-PLIENINIS-RAx160TAS.jpg","contentUrl":"https:\/\/metaltale.com\/wp-content\/uploads\/2023\/10\/Kablys-PLIENINIS-RAx160TAS.jpg","width":800,"height":800,"caption":"R\u00f5ivaste konksu MUSTER"},{"@type":"BreadcrumbList","@id":"https:\/\/metaltale.com\/et\/toode\/roivaste-konksu-muster\/#breadcrumb","itemListElement":[{"@type":"ListItem","position":1,"name":"Home","item":"https:\/\/metaltale.com\/et\/kodu\/"},{"@type":"ListItem","position":2,"name":"Kauplus","item":"https:\/\/metaltale.com\/et\/shop\/"},{"@type":"ListItem","position":3,"name":"R\u00f5ivaste konksu MUSTER"}]},{"@type":"WebSite","@id":"https:\/\/metaltale.com\/et\/#website","url":"https:\/\/metaltale.com\/et\/","name":"Metaltale.com","description":"","potentialAction":[{"@type":"SearchAction","target":{"@type":"EntryPoint","urlTemplate":"https:\/\/metaltale.com\/et\/?s={search_term_string}"},"query-input":{"@type":"PropertyValueSpecification","valueRequired":true,"valueName":"search_term_string"}}],"inLanguage":"et"}]}},"_links":{"self":[{"href":"https:\/\/metaltale.com\/et\/wp-json\/wp\/v2\/product\/138490","targetHints":{"allow":["GET"]}}],"collection":[{"href":"https:\/\/metaltale.com\/et\/wp-json\/wp\/v2\/product"}],"about":[{"href":"https:\/\/metaltale.com\/et\/wp-json\/wp\/v2\/types\/product"}],"replies":[{"embeddable":true,"href":"https:\/\/metaltale.com\/et\/wp-json\/wp\/v2\/comments?post=138490"}],"version-history":[{"count":0,"href":"https:\/\/metaltale.com\/et\/wp-json\/wp\/v2\/product\/138490\/revisions"}],"wp:featuredmedia":[{"embeddable":true,"href":"https:\/\/metaltale.com\/et\/wp-json\/wp\/v2\/media\/85162"}],"wp:attachment":[{"href":"https:\/\/metaltale.com\/et\/wp-json\/wp\/v2\/media?parent=138490"}],"wp:term":[{"taxonomy":"product_brand","embeddable":true,"href":"https:\/\/metaltale.com\/et\/wp-json\/wp\/v2\/product_brand?post=138490"},{"taxonomy":"product_cat","embeddable":true,"href":"https:\/\/metaltale.com\/et\/wp-json\/wp\/v2\/product_cat?post=138490"},{"taxonomy":"product_tag","embeddable":true,"href":"https:\/\/metaltale.com\/et\/wp-json\/wp\/v2\/product_tag?post=138490"}],"curies":[{"name":"wp","href":"https:\/\/api.w.org\/{rel}","templated":true}]}}