{"id":138483,"date":"2024-02-13T14:05:05","date_gmt":"2024-02-13T12:05:05","guid":{"rendered":"https:\/\/metaltale.com\/produktas\/kruvitav-riidekonks-50-mm\/"},"modified":"2024-02-13T14:05:05","modified_gmt":"2024-02-13T12:05:05","slug":"kruvitav-riidekonks-50-mm","status":"publish","type":"product","link":"https:\/\/metaltale.com\/et\/toode\/kruvitav-riidekonks-50-mm\/","title":{"rendered":"Kruvitav riidekonks 50 mm"},"content":{"rendered":"<div class=\"prod_data\">\n<p><strong>Mudel<\/strong> 70.335.AI.50<br \/>\n<strong>EAN.<\/strong>  5905369918513<br \/>\nMaterjal Ketus<br \/>\n<strong>\u00dcldine laius (cm)<\/strong> 5,5<br \/>\n<strong>Koguprojektsioon (cm)<\/strong> 3,6<br \/>\n<strong>T\u00fc\u00fcp<\/strong> Muu<br \/>\n<strong>Aluse l\u00e4bim\u00f5\u00f5t (cm)<\/strong> 1,3<br \/>\n<strong>V\u00e4rv<\/strong> teras<\/p>\n<p>Rustikalist stiili \u00f5igete m\u00f6\u00f6blitarvikute valikul iseloomustab funktsionaalsete funktsioonide ja l\u00f5pptoodangu erilise v\u00e4limuse kombinatsioon. <strong>Rauast keeratav konks<\/strong>, mis on valmistatud t\u00e4nu tugevale valule, on v\u00e4ga vastupidav ettepanek inimestele, kes otsivad t\u00f5estatud v\u00f5imalusi asjade kinnitamiseks.<\/p>\n<p>T\u00e4nu oma kompaktsele suurusele ja samal ajal suurele vastupidavusele on see ideaalne valgusti laevalgustite jaoks. Selle lai valik v\u00f5imalusi ja mitmek\u00fclgne olemus v\u00f5imaldavad mitmesuguste esemete riputamiseks, s\u00f5ltumata valitud pinnast.<\/p>\n<p><strong>Valukruvi<\/strong> on \u00fchendatud kinnituskruviga.<\/p>\n<\/div>\n","protected":false},"excerpt":{"rendered":"<p>Mudel 70.335.AI.50 EAN. 5905369918513 Materjal Ketus \u00dcldine laius (cm) 5,5 Koguprojektsioon (cm) 3,6 T\u00fc\u00fcp Muu Aluse l\u00e4bim\u00f5\u00f5t (cm) 1,3 V\u00e4rv<\/p>\n","protected":false},"featured_media":85091,"comment_status":"open","ping_status":"closed","template":"","meta":{"_acf_changed":false,"pmpro_default_level":""},"product_brand":[],"product_cat":[24176,23836],"product_tag":[],"class_list":{"0":"post-138483","1":"product","2":"type-product","3":"status-publish","4":"has-post-thumbnail","6":"product_cat-ripatsid-ja-konksud","7":"product_cat-moobli-tarvikud","8":"pmpro-has-access","10":"first","11":"instock","12":"shipping-taxable","13":"purchasable","14":"product-type-simple"},"acf":[],"yoast_head":"<!-- This site is optimized with the Yoast SEO plugin v24.9 - https:\/\/yoast.com\/wordpress\/plugins\/seo\/ -->\n<title>Kruvitav riidekonks 50 mm - MetalTale.com<\/title>\n<meta name=\"robots\" content=\"index, follow, max-snippet:-1, max-image-preview:large, max-video-preview:-1\" \/>\n<link rel=\"canonical\" href=\"https:\/\/metaltale.com\/et\/toode\/kruvitav-riidekonks-50-mm\/\" \/>\n<meta property=\"og:locale\" content=\"et_EE\" \/>\n<meta property=\"og:type\" content=\"article\" \/>\n<meta property=\"og:title\" content=\"Kruvitav riidekonks 50 mm - MetalTale.com\" \/>\n<meta property=\"og:description\" content=\"Mudel 70.335.AI.50 EAN. 5905369918513 Materjal Ketus \u00dcldine laius (cm) 5,5 Koguprojektsioon (cm) 3,6 T\u00fc\u00fcp Muu Aluse l\u00e4bim\u00f5\u00f5t (cm) 1,3 V\u00e4rv\" \/>\n<meta property=\"og:url\" content=\"https:\/\/metaltale.com\/et\/toode\/kruvitav-riidekonks-50-mm\/\" \/>\n<meta property=\"og:site_name\" content=\"MetalTale.com\" \/>\n<meta name=\"twitter:card\" content=\"summary_large_image\" \/>\n<script type=\"application\/ld+json\" class=\"yoast-schema-graph\">{\"@context\":\"https:\/\/schema.org\",\"@graph\":[{\"@type\":\"WebPage\",\"@id\":\"https:\/\/metaltale.com\/et\/toode\/kruvitav-riidekonks-50-mm\/\",\"url\":\"https:\/\/metaltale.com\/et\/toode\/kruvitav-riidekonks-50-mm\/\",\"name\":\"Kruvitav riidekonks 50 mm - MetalTale.com\",\"isPartOf\":{\"@id\":\"https:\/\/metaltale.com\/et\/#website\"},\"primaryImageOfPage\":{\"@id\":\"https:\/\/metaltale.com\/et\/toode\/kruvitav-riidekonks-50-mm\/#primaryimage\"},\"image\":{\"@id\":\"https:\/\/metaltale.com\/et\/toode\/kruvitav-riidekonks-50-mm\/#primaryimage\"},\"thumbnailUrl\":\"https:\/\/metaltale.com\/wp-content\/uploads\/2023\/10\/x12Esukamas-kablys-50-plienas.jpg\",\"datePublished\":\"2024-02-13T12:05:05+00:00\",\"breadcrumb\":{\"@id\":\"https:\/\/metaltale.com\/et\/toode\/kruvitav-riidekonks-50-mm\/#breadcrumb\"},\"inLanguage\":\"et\",\"potentialAction\":[{\"@type\":\"ReadAction\",\"target\":[\"https:\/\/metaltale.com\/et\/toode\/kruvitav-riidekonks-50-mm\/\"]}]},{\"@type\":\"ImageObject\",\"inLanguage\":\"et\",\"@id\":\"https:\/\/metaltale.com\/et\/toode\/kruvitav-riidekonks-50-mm\/#primaryimage\",\"url\":\"https:\/\/metaltale.com\/wp-content\/uploads\/2023\/10\/x12Esukamas-kablys-50-plienas.jpg\",\"contentUrl\":\"https:\/\/metaltale.com\/wp-content\/uploads\/2023\/10\/x12Esukamas-kablys-50-plienas.jpg\",\"width\":800,\"height\":800,\"caption\":\"Kruvitav riidekonks 50 mm\"},{\"@type\":\"BreadcrumbList\",\"@id\":\"https:\/\/metaltale.com\/et\/toode\/kruvitav-riidekonks-50-mm\/#breadcrumb\",\"itemListElement\":[{\"@type\":\"ListItem\",\"position\":1,\"name\":\"Home\",\"item\":\"https:\/\/metaltale.com\/et\/kodu\/\"},{\"@type\":\"ListItem\",\"position\":2,\"name\":\"Kauplus\",\"item\":\"https:\/\/metaltale.com\/et\/shop\/\"},{\"@type\":\"ListItem\",\"position\":3,\"name\":\"Kruvitav riidekonks 50 mm\"}]},{\"@type\":\"WebSite\",\"@id\":\"https:\/\/metaltale.com\/et\/#website\",\"url\":\"https:\/\/metaltale.com\/et\/\",\"name\":\"Metaltale.com\",\"description\":\"\",\"potentialAction\":[{\"@type\":\"SearchAction\",\"target\":{\"@type\":\"EntryPoint\",\"urlTemplate\":\"https:\/\/metaltale.com\/et\/?s={search_term_string}\"},\"query-input\":{\"@type\":\"PropertyValueSpecification\",\"valueRequired\":true,\"valueName\":\"search_term_string\"}}],\"inLanguage\":\"et\"}]}<\/script>\n<!-- \/ Yoast SEO plugin. -->","yoast_head_json":{"title":"Kruvitav riidekonks 50 mm - MetalTale.com","robots":{"index":"index","follow":"follow","max-snippet":"max-snippet:-1","max-image-preview":"max-image-preview:large","max-video-preview":"max-video-preview:-1"},"canonical":"https:\/\/metaltale.com\/et\/toode\/kruvitav-riidekonks-50-mm\/","og_locale":"et_EE","og_type":"article","og_title":"Kruvitav riidekonks 50 mm - MetalTale.com","og_description":"Mudel 70.335.AI.50 EAN. 5905369918513 Materjal Ketus \u00dcldine laius (cm) 5,5 Koguprojektsioon (cm) 3,6 T\u00fc\u00fcp Muu Aluse l\u00e4bim\u00f5\u00f5t (cm) 1,3 V\u00e4rv","og_url":"https:\/\/metaltale.com\/et\/toode\/kruvitav-riidekonks-50-mm\/","og_site_name":"MetalTale.com","twitter_card":"summary_large_image","schema":{"@context":"https:\/\/schema.org","@graph":[{"@type":"WebPage","@id":"https:\/\/metaltale.com\/et\/toode\/kruvitav-riidekonks-50-mm\/","url":"https:\/\/metaltale.com\/et\/toode\/kruvitav-riidekonks-50-mm\/","name":"Kruvitav riidekonks 50 mm - MetalTale.com","isPartOf":{"@id":"https:\/\/metaltale.com\/et\/#website"},"primaryImageOfPage":{"@id":"https:\/\/metaltale.com\/et\/toode\/kruvitav-riidekonks-50-mm\/#primaryimage"},"image":{"@id":"https:\/\/metaltale.com\/et\/toode\/kruvitav-riidekonks-50-mm\/#primaryimage"},"thumbnailUrl":"https:\/\/metaltale.com\/wp-content\/uploads\/2023\/10\/x12Esukamas-kablys-50-plienas.jpg","datePublished":"2024-02-13T12:05:05+00:00","breadcrumb":{"@id":"https:\/\/metaltale.com\/et\/toode\/kruvitav-riidekonks-50-mm\/#breadcrumb"},"inLanguage":"et","potentialAction":[{"@type":"ReadAction","target":["https:\/\/metaltale.com\/et\/toode\/kruvitav-riidekonks-50-mm\/"]}]},{"@type":"ImageObject","inLanguage":"et","@id":"https:\/\/metaltale.com\/et\/toode\/kruvitav-riidekonks-50-mm\/#primaryimage","url":"https:\/\/metaltale.com\/wp-content\/uploads\/2023\/10\/x12Esukamas-kablys-50-plienas.jpg","contentUrl":"https:\/\/metaltale.com\/wp-content\/uploads\/2023\/10\/x12Esukamas-kablys-50-plienas.jpg","width":800,"height":800,"caption":"Kruvitav riidekonks 50 mm"},{"@type":"BreadcrumbList","@id":"https:\/\/metaltale.com\/et\/toode\/kruvitav-riidekonks-50-mm\/#breadcrumb","itemListElement":[{"@type":"ListItem","position":1,"name":"Home","item":"https:\/\/metaltale.com\/et\/kodu\/"},{"@type":"ListItem","position":2,"name":"Kauplus","item":"https:\/\/metaltale.com\/et\/shop\/"},{"@type":"ListItem","position":3,"name":"Kruvitav riidekonks 50 mm"}]},{"@type":"WebSite","@id":"https:\/\/metaltale.com\/et\/#website","url":"https:\/\/metaltale.com\/et\/","name":"Metaltale.com","description":"","potentialAction":[{"@type":"SearchAction","target":{"@type":"EntryPoint","urlTemplate":"https:\/\/metaltale.com\/et\/?s={search_term_string}"},"query-input":{"@type":"PropertyValueSpecification","valueRequired":true,"valueName":"search_term_string"}}],"inLanguage":"et"}]}},"_links":{"self":[{"href":"https:\/\/metaltale.com\/et\/wp-json\/wp\/v2\/product\/138483","targetHints":{"allow":["GET"]}}],"collection":[{"href":"https:\/\/metaltale.com\/et\/wp-json\/wp\/v2\/product"}],"about":[{"href":"https:\/\/metaltale.com\/et\/wp-json\/wp\/v2\/types\/product"}],"replies":[{"embeddable":true,"href":"https:\/\/metaltale.com\/et\/wp-json\/wp\/v2\/comments?post=138483"}],"version-history":[{"count":0,"href":"https:\/\/metaltale.com\/et\/wp-json\/wp\/v2\/product\/138483\/revisions"}],"wp:featuredmedia":[{"embeddable":true,"href":"https:\/\/metaltale.com\/et\/wp-json\/wp\/v2\/media\/85091"}],"wp:attachment":[{"href":"https:\/\/metaltale.com\/et\/wp-json\/wp\/v2\/media?parent=138483"}],"wp:term":[{"taxonomy":"product_brand","embeddable":true,"href":"https:\/\/metaltale.com\/et\/wp-json\/wp\/v2\/product_brand?post=138483"},{"taxonomy":"product_cat","embeddable":true,"href":"https:\/\/metaltale.com\/et\/wp-json\/wp\/v2\/product_cat?post=138483"},{"taxonomy":"product_tag","embeddable":true,"href":"https:\/\/metaltale.com\/et\/wp-json\/wp\/v2\/product_tag?post=138483"}],"curies":[{"name":"wp","href":"https:\/\/api.w.org\/{rel}","templated":true}]}}