{"id":138462,"date":"2024-02-13T14:03:04","date_gmt":"2024-02-13T12:03:04","guid":{"rendered":"https:\/\/metaltale.com\/produktas\/roivakonks-numeric-triple-2\/"},"modified":"2024-02-13T14:03:04","modified_gmt":"2024-02-13T12:03:04","slug":"roivakonks-numeric-triple-2","status":"publish","type":"product","link":"https:\/\/metaltale.com\/et\/toode\/roivakonks-numeric-triple-2\/","title":{"rendered":"R\u00f5ivakonks NUMERIC TRIPLE 2"},"content":{"rendered":"<div class=\"prod_data\">\n<p><strong>Mudel<\/strong> 70.336XX<br \/>\nMaterjal Ketus<br \/>\n\u00dcldine k\u00f5rgus (cm) 9<br \/>\n\u00dcldine laius (cm) 7<br \/>\n<strong>Koguprojektsioon (cm)<\/strong> 6,5<br \/>\n<strong>Aluse m\u00f5\u00f5tmed (cm<\/strong> ) 3 x 2,6<br \/>\n<strong>T\u00fc\u00fcp<\/strong> Kolmekordne, digitaalne<br \/>\nPaigalduskruvid Jah<br \/>\n<strong>V\u00e4rv<\/strong> teras<br \/>\nKogus komplekti kohta 1 tk.<\/p>\n<p>Maam\u00f6\u00f6bli aksessuaarid on n\u00e4iliselt v\u00e4ikesed esemed, mis \u00f5igesti kombineerituna teiste sisustuselementidega suurendavad oluliselt nende ainulaadset atmosf\u00e4\u00e4ri.<\/p>\n<p>Siin esitatud <strong>konksud<\/strong> on valmistatud k\u00f5rgeima kvaliteediga <strong>malmist<\/strong>, mis on t\u00e4iesti funktsionaalsed lahendused t\u00f5elistele maal\u00e4hedase stiili harrastajatele. Pakutavate konksude t\u00f5estatud ja minimalistlik disain v\u00f5imaldab laia kasutusala. Nende nummerdamine muudab need ideaalseks avalike riietusruumide jaoks.<\/p>\n<p>See kannab nime 1 ja 3 ripatsi kujul, mille tipud meenutavad tammesid.<\/p>\n<p>Kahe kinnitusauguga, kruvid kaasas.<\/p>\n<\/div>\n","protected":false},"excerpt":{"rendered":"<p>Mudel 70.336XX Materjal Ketus \u00dcldine k\u00f5rgus (cm) 9 \u00dcldine laius (cm) 7 Koguprojektsioon (cm) 6,5 Aluse m\u00f5\u00f5tmed (cm ) 3<\/p>\n","protected":false},"featured_media":129950,"comment_status":"open","ping_status":"closed","template":"","meta":{"_acf_changed":false,"pmpro_default_level":""},"product_brand":[],"product_cat":[24176,23836],"product_tag":[],"class_list":{"0":"post-138462","1":"product","2":"type-product","3":"status-publish","4":"has-post-thumbnail","6":"product_cat-ripatsid-ja-konksud","7":"product_cat-moobli-tarvikud","8":"pmpro-has-access","10":"first","11":"instock","12":"shipping-taxable","13":"purchasable","14":"product-type-simple"},"acf":[],"yoast_head":"<!-- This site is optimized with the Yoast SEO plugin v24.9 - https:\/\/yoast.com\/wordpress\/plugins\/seo\/ -->\n<title>R\u00f5ivakonks NUMERIC TRIPLE 2 - MetalTale.com<\/title>\n<meta name=\"robots\" content=\"index, follow, max-snippet:-1, max-image-preview:large, max-video-preview:-1\" \/>\n<link rel=\"canonical\" href=\"https:\/\/metaltale.com\/et\/toode\/roivakonks-numeric-triple-2\/\" \/>\n<meta property=\"og:locale\" content=\"et_EE\" \/>\n<meta property=\"og:type\" content=\"article\" \/>\n<meta property=\"og:title\" content=\"R\u00f5ivakonks NUMERIC TRIPLE 2 - MetalTale.com\" \/>\n<meta property=\"og:description\" content=\"Mudel 70.336XX Materjal Ketus \u00dcldine k\u00f5rgus (cm) 9 \u00dcldine laius (cm) 7 Koguprojektsioon (cm) 6,5 Aluse m\u00f5\u00f5tmed (cm ) 3\" \/>\n<meta property=\"og:url\" content=\"https:\/\/metaltale.com\/et\/toode\/roivakonks-numeric-triple-2\/\" \/>\n<meta property=\"og:site_name\" content=\"MetalTale.com\" \/>\n<meta name=\"twitter:card\" content=\"summary_large_image\" \/>\n<meta name=\"twitter:label1\" content=\"Est. reading time\" \/>\n\t<meta name=\"twitter:data1\" content=\"1 minut\" \/>\n<script type=\"application\/ld+json\" class=\"yoast-schema-graph\">{\"@context\":\"https:\/\/schema.org\",\"@graph\":[{\"@type\":\"WebPage\",\"@id\":\"https:\/\/metaltale.com\/et\/toode\/roivakonks-numeric-triple-2\/\",\"url\":\"https:\/\/metaltale.com\/et\/toode\/roivakonks-numeric-triple-2\/\",\"name\":\"R\u00f5ivakonks NUMERIC TRIPLE 2 - MetalTale.com\",\"isPartOf\":{\"@id\":\"https:\/\/metaltale.com\/et\/#website\"},\"primaryImageOfPage\":{\"@id\":\"https:\/\/metaltale.com\/et\/toode\/roivakonks-numeric-triple-2\/#primaryimage\"},\"image\":{\"@id\":\"https:\/\/metaltale.com\/et\/toode\/roivakonks-numeric-triple-2\/#primaryimage\"},\"thumbnailUrl\":\"https:\/\/metaltale.com\/wp-content\/uploads\/2024\/01\/Kabliukas-rubams-NUMERIC-TRIPLE-2.jpg\",\"datePublished\":\"2024-02-13T12:03:04+00:00\",\"breadcrumb\":{\"@id\":\"https:\/\/metaltale.com\/et\/toode\/roivakonks-numeric-triple-2\/#breadcrumb\"},\"inLanguage\":\"et\",\"potentialAction\":[{\"@type\":\"ReadAction\",\"target\":[\"https:\/\/metaltale.com\/et\/toode\/roivakonks-numeric-triple-2\/\"]}]},{\"@type\":\"ImageObject\",\"inLanguage\":\"et\",\"@id\":\"https:\/\/metaltale.com\/et\/toode\/roivakonks-numeric-triple-2\/#primaryimage\",\"url\":\"https:\/\/metaltale.com\/wp-content\/uploads\/2024\/01\/Kabliukas-rubams-NUMERIC-TRIPLE-2.jpg\",\"contentUrl\":\"https:\/\/metaltale.com\/wp-content\/uploads\/2024\/01\/Kabliukas-rubams-NUMERIC-TRIPLE-2.jpg\",\"width\":800,\"height\":800,\"caption\":\"R\u00f5ivakonks NUMERIC TRIPLE 2\"},{\"@type\":\"BreadcrumbList\",\"@id\":\"https:\/\/metaltale.com\/et\/toode\/roivakonks-numeric-triple-2\/#breadcrumb\",\"itemListElement\":[{\"@type\":\"ListItem\",\"position\":1,\"name\":\"Home\",\"item\":\"https:\/\/metaltale.com\/et\/kodu\/\"},{\"@type\":\"ListItem\",\"position\":2,\"name\":\"Kauplus\",\"item\":\"https:\/\/metaltale.com\/et\/shop\/\"},{\"@type\":\"ListItem\",\"position\":3,\"name\":\"R\u00f5ivakonks NUMERIC TRIPLE 2\"}]},{\"@type\":\"WebSite\",\"@id\":\"https:\/\/metaltale.com\/et\/#website\",\"url\":\"https:\/\/metaltale.com\/et\/\",\"name\":\"Metaltale.com\",\"description\":\"\",\"potentialAction\":[{\"@type\":\"SearchAction\",\"target\":{\"@type\":\"EntryPoint\",\"urlTemplate\":\"https:\/\/metaltale.com\/et\/?s={search_term_string}\"},\"query-input\":{\"@type\":\"PropertyValueSpecification\",\"valueRequired\":true,\"valueName\":\"search_term_string\"}}],\"inLanguage\":\"et\"}]}<\/script>\n<!-- \/ Yoast SEO plugin. -->","yoast_head_json":{"title":"R\u00f5ivakonks NUMERIC TRIPLE 2 - MetalTale.com","robots":{"index":"index","follow":"follow","max-snippet":"max-snippet:-1","max-image-preview":"max-image-preview:large","max-video-preview":"max-video-preview:-1"},"canonical":"https:\/\/metaltale.com\/et\/toode\/roivakonks-numeric-triple-2\/","og_locale":"et_EE","og_type":"article","og_title":"R\u00f5ivakonks NUMERIC TRIPLE 2 - MetalTale.com","og_description":"Mudel 70.336XX Materjal Ketus \u00dcldine k\u00f5rgus (cm) 9 \u00dcldine laius (cm) 7 Koguprojektsioon (cm) 6,5 Aluse m\u00f5\u00f5tmed (cm ) 3","og_url":"https:\/\/metaltale.com\/et\/toode\/roivakonks-numeric-triple-2\/","og_site_name":"MetalTale.com","twitter_card":"summary_large_image","twitter_misc":{"Est. reading time":"1 minut"},"schema":{"@context":"https:\/\/schema.org","@graph":[{"@type":"WebPage","@id":"https:\/\/metaltale.com\/et\/toode\/roivakonks-numeric-triple-2\/","url":"https:\/\/metaltale.com\/et\/toode\/roivakonks-numeric-triple-2\/","name":"R\u00f5ivakonks NUMERIC TRIPLE 2 - MetalTale.com","isPartOf":{"@id":"https:\/\/metaltale.com\/et\/#website"},"primaryImageOfPage":{"@id":"https:\/\/metaltale.com\/et\/toode\/roivakonks-numeric-triple-2\/#primaryimage"},"image":{"@id":"https:\/\/metaltale.com\/et\/toode\/roivakonks-numeric-triple-2\/#primaryimage"},"thumbnailUrl":"https:\/\/metaltale.com\/wp-content\/uploads\/2024\/01\/Kabliukas-rubams-NUMERIC-TRIPLE-2.jpg","datePublished":"2024-02-13T12:03:04+00:00","breadcrumb":{"@id":"https:\/\/metaltale.com\/et\/toode\/roivakonks-numeric-triple-2\/#breadcrumb"},"inLanguage":"et","potentialAction":[{"@type":"ReadAction","target":["https:\/\/metaltale.com\/et\/toode\/roivakonks-numeric-triple-2\/"]}]},{"@type":"ImageObject","inLanguage":"et","@id":"https:\/\/metaltale.com\/et\/toode\/roivakonks-numeric-triple-2\/#primaryimage","url":"https:\/\/metaltale.com\/wp-content\/uploads\/2024\/01\/Kabliukas-rubams-NUMERIC-TRIPLE-2.jpg","contentUrl":"https:\/\/metaltale.com\/wp-content\/uploads\/2024\/01\/Kabliukas-rubams-NUMERIC-TRIPLE-2.jpg","width":800,"height":800,"caption":"R\u00f5ivakonks NUMERIC TRIPLE 2"},{"@type":"BreadcrumbList","@id":"https:\/\/metaltale.com\/et\/toode\/roivakonks-numeric-triple-2\/#breadcrumb","itemListElement":[{"@type":"ListItem","position":1,"name":"Home","item":"https:\/\/metaltale.com\/et\/kodu\/"},{"@type":"ListItem","position":2,"name":"Kauplus","item":"https:\/\/metaltale.com\/et\/shop\/"},{"@type":"ListItem","position":3,"name":"R\u00f5ivakonks NUMERIC TRIPLE 2"}]},{"@type":"WebSite","@id":"https:\/\/metaltale.com\/et\/#website","url":"https:\/\/metaltale.com\/et\/","name":"Metaltale.com","description":"","potentialAction":[{"@type":"SearchAction","target":{"@type":"EntryPoint","urlTemplate":"https:\/\/metaltale.com\/et\/?s={search_term_string}"},"query-input":{"@type":"PropertyValueSpecification","valueRequired":true,"valueName":"search_term_string"}}],"inLanguage":"et"}]}},"_links":{"self":[{"href":"https:\/\/metaltale.com\/et\/wp-json\/wp\/v2\/product\/138462","targetHints":{"allow":["GET"]}}],"collection":[{"href":"https:\/\/metaltale.com\/et\/wp-json\/wp\/v2\/product"}],"about":[{"href":"https:\/\/metaltale.com\/et\/wp-json\/wp\/v2\/types\/product"}],"replies":[{"embeddable":true,"href":"https:\/\/metaltale.com\/et\/wp-json\/wp\/v2\/comments?post=138462"}],"version-history":[{"count":0,"href":"https:\/\/metaltale.com\/et\/wp-json\/wp\/v2\/product\/138462\/revisions"}],"wp:featuredmedia":[{"embeddable":true,"href":"https:\/\/metaltale.com\/et\/wp-json\/wp\/v2\/media\/129950"}],"wp:attachment":[{"href":"https:\/\/metaltale.com\/et\/wp-json\/wp\/v2\/media?parent=138462"}],"wp:term":[{"taxonomy":"product_brand","embeddable":true,"href":"https:\/\/metaltale.com\/et\/wp-json\/wp\/v2\/product_brand?post=138462"},{"taxonomy":"product_cat","embeddable":true,"href":"https:\/\/metaltale.com\/et\/wp-json\/wp\/v2\/product_cat?post=138462"},{"taxonomy":"product_tag","embeddable":true,"href":"https:\/\/metaltale.com\/et\/wp-json\/wp\/v2\/product_tag?post=138462"}],"curies":[{"name":"wp","href":"https:\/\/api.w.org\/{rel}","templated":true}]}}