{"id":138448,"date":"2024-02-13T14:09:05","date_gmt":"2024-02-13T12:09:05","guid":{"rendered":"https:\/\/metaltale.com\/produktas\/wc-paberi-hoidja-lew\/"},"modified":"2024-02-13T14:09:05","modified_gmt":"2024-02-13T12:09:05","slug":"wc-paberi-hoidja-lew","status":"publish","type":"product","link":"https:\/\/metaltale.com\/et\/toode\/wc-paberi-hoidja-lew\/","title":{"rendered":"WC-paberi hoidja LEW"},"content":{"rendered":"<div class=\"prod_data\">\n<p><strong>Mudel<\/strong> 01.628.AI.220<br \/>\n<strong>EAN.<\/strong>  5905369921346<br \/>\n<strong>Materjal<\/strong> Puit, malm<br \/>\n<strong>\u00dcldine k\u00f5rgus (cm)<\/strong> 22<br \/>\n\u00dcldine laius (cm) 15<br \/>\n<strong>Aluse m\u00f5\u00f5tmed (cm<\/strong> ) 15 x 9,2<br \/>\nPaigalduskruvid Jah<br \/>\n<strong>V\u00e4rv<\/strong> teras<\/p>\n<p>&#8211; kaunistatud WC-paberihoidja, mis on valmistatud kvaliteetsetest liistudest<br \/>\n&#8211; on t\u00e4iuslik vannitoa kaunistus retro stiilis<br \/>\n&#8211; kinnitatakse nii seinte kui ka puitpindade k\u00fclge<br \/>\n&#8211; on kaks kinnitusauku, kruvid kaasas<\/p>\n<hr>\n<p>Valuraua ja puidu stiilne kombinatsioon on ka&#8230; WC. Praktiline viimistlus on ideaalne lahendus v\u00e4ikeste ruumide jaoks. Tualettpaberi hoidjale annab kaunistatud kinnitusalus antiiksust, klassikaline puidust k\u00e4epide aga lisab retroh\u00f5ngu. K\u00f5rgeima kvaliteediga toorained ja t\u00e4pne k\u00e4sit\u00f6\u00f6 v\u00f5imaldavad l\u00f5vi kestab aastaid. Kavandatud k\u00e4epideme mudel toob tualetti h\u00f5lpsasti maal\u00e4hedase atmosf\u00e4\u00e4ri. Kinnituskruvid kaasas.<\/p>\n<\/div>\n","protected":false},"excerpt":{"rendered":"<p>Mudel 01.628.AI.220 EAN. 5905369921346 Materjal Puit, malm \u00dcldine k\u00f5rgus (cm) 22 \u00dcldine laius (cm) 15 Aluse m\u00f5\u00f5tmed (cm ) 15<\/p>\n","protected":false},"featured_media":69000,"comment_status":"open","ping_status":"closed","template":"","meta":{"_acf_changed":false,"pmpro_default_level":""},"product_brand":[],"product_cat":[23836,23863],"product_tag":[],"class_list":{"0":"post-138448","1":"product","2":"type-product","3":"status-publish","4":"has-post-thumbnail","6":"product_cat-moobli-tarvikud","7":"product_cat-popieriaus-laikikliai-et","8":"pmpro-has-access","10":"first","11":"instock","12":"shipping-taxable","13":"purchasable","14":"product-type-simple"},"acf":[],"yoast_head":"<!-- This site is optimized with the Yoast SEO plugin v24.9 - https:\/\/yoast.com\/wordpress\/plugins\/seo\/ -->\n<title>WC-paberi hoidja LEW - MetalTale.com<\/title>\n<meta name=\"robots\" content=\"index, follow, max-snippet:-1, max-image-preview:large, max-video-preview:-1\" \/>\n<link rel=\"canonical\" href=\"https:\/\/metaltale.com\/et\/toode\/wc-paberi-hoidja-lew\/\" \/>\n<meta property=\"og:locale\" content=\"et_EE\" \/>\n<meta property=\"og:type\" content=\"article\" \/>\n<meta property=\"og:title\" content=\"WC-paberi hoidja LEW - MetalTale.com\" \/>\n<meta property=\"og:description\" content=\"Mudel 01.628.AI.220 EAN. 5905369921346 Materjal Puit, malm \u00dcldine k\u00f5rgus (cm) 22 \u00dcldine laius (cm) 15 Aluse m\u00f5\u00f5tmed (cm ) 15\" \/>\n<meta property=\"og:url\" content=\"https:\/\/metaltale.com\/et\/toode\/wc-paberi-hoidja-lew\/\" \/>\n<meta property=\"og:site_name\" content=\"MetalTale.com\" \/>\n<meta name=\"twitter:card\" content=\"summary_large_image\" \/>\n<meta name=\"twitter:label1\" content=\"Est. reading time\" \/>\n\t<meta name=\"twitter:data1\" content=\"1 minut\" \/>\n<script type=\"application\/ld+json\" class=\"yoast-schema-graph\">{\"@context\":\"https:\/\/schema.org\",\"@graph\":[{\"@type\":\"WebPage\",\"@id\":\"https:\/\/metaltale.com\/et\/toode\/wc-paberi-hoidja-lew\/\",\"url\":\"https:\/\/metaltale.com\/et\/toode\/wc-paberi-hoidja-lew\/\",\"name\":\"WC-paberi hoidja LEW - MetalTale.com\",\"isPartOf\":{\"@id\":\"https:\/\/metaltale.com\/et\/#website\"},\"primaryImageOfPage\":{\"@id\":\"https:\/\/metaltale.com\/et\/toode\/wc-paberi-hoidja-lew\/#primaryimage\"},\"image\":{\"@id\":\"https:\/\/metaltale.com\/et\/toode\/wc-paberi-hoidja-lew\/#primaryimage\"},\"thumbnailUrl\":\"https:\/\/metaltale.com\/wp-content\/uploads\/2023\/09\/Tualeto-ritinio-laikiklis-LEW.jpg\",\"datePublished\":\"2024-02-13T12:09:05+00:00\",\"breadcrumb\":{\"@id\":\"https:\/\/metaltale.com\/et\/toode\/wc-paberi-hoidja-lew\/#breadcrumb\"},\"inLanguage\":\"et\",\"potentialAction\":[{\"@type\":\"ReadAction\",\"target\":[\"https:\/\/metaltale.com\/et\/toode\/wc-paberi-hoidja-lew\/\"]}]},{\"@type\":\"ImageObject\",\"inLanguage\":\"et\",\"@id\":\"https:\/\/metaltale.com\/et\/toode\/wc-paberi-hoidja-lew\/#primaryimage\",\"url\":\"https:\/\/metaltale.com\/wp-content\/uploads\/2023\/09\/Tualeto-ritinio-laikiklis-LEW.jpg\",\"contentUrl\":\"https:\/\/metaltale.com\/wp-content\/uploads\/2023\/09\/Tualeto-ritinio-laikiklis-LEW.jpg\",\"width\":800,\"height\":800,\"caption\":\"WC-paberi hoidja LEW\"},{\"@type\":\"BreadcrumbList\",\"@id\":\"https:\/\/metaltale.com\/et\/toode\/wc-paberi-hoidja-lew\/#breadcrumb\",\"itemListElement\":[{\"@type\":\"ListItem\",\"position\":1,\"name\":\"Home\",\"item\":\"https:\/\/metaltale.com\/et\/kodu\/\"},{\"@type\":\"ListItem\",\"position\":2,\"name\":\"Kauplus\",\"item\":\"https:\/\/metaltale.com\/et\/shop\/\"},{\"@type\":\"ListItem\",\"position\":3,\"name\":\"WC-paberi hoidja LEW\"}]},{\"@type\":\"WebSite\",\"@id\":\"https:\/\/metaltale.com\/et\/#website\",\"url\":\"https:\/\/metaltale.com\/et\/\",\"name\":\"Metaltale.com\",\"description\":\"\",\"potentialAction\":[{\"@type\":\"SearchAction\",\"target\":{\"@type\":\"EntryPoint\",\"urlTemplate\":\"https:\/\/metaltale.com\/et\/?s={search_term_string}\"},\"query-input\":{\"@type\":\"PropertyValueSpecification\",\"valueRequired\":true,\"valueName\":\"search_term_string\"}}],\"inLanguage\":\"et\"}]}<\/script>\n<!-- \/ Yoast SEO plugin. -->","yoast_head_json":{"title":"WC-paberi hoidja LEW - MetalTale.com","robots":{"index":"index","follow":"follow","max-snippet":"max-snippet:-1","max-image-preview":"max-image-preview:large","max-video-preview":"max-video-preview:-1"},"canonical":"https:\/\/metaltale.com\/et\/toode\/wc-paberi-hoidja-lew\/","og_locale":"et_EE","og_type":"article","og_title":"WC-paberi hoidja LEW - MetalTale.com","og_description":"Mudel 01.628.AI.220 EAN. 5905369921346 Materjal Puit, malm \u00dcldine k\u00f5rgus (cm) 22 \u00dcldine laius (cm) 15 Aluse m\u00f5\u00f5tmed (cm ) 15","og_url":"https:\/\/metaltale.com\/et\/toode\/wc-paberi-hoidja-lew\/","og_site_name":"MetalTale.com","twitter_card":"summary_large_image","twitter_misc":{"Est. reading time":"1 minut"},"schema":{"@context":"https:\/\/schema.org","@graph":[{"@type":"WebPage","@id":"https:\/\/metaltale.com\/et\/toode\/wc-paberi-hoidja-lew\/","url":"https:\/\/metaltale.com\/et\/toode\/wc-paberi-hoidja-lew\/","name":"WC-paberi hoidja LEW - MetalTale.com","isPartOf":{"@id":"https:\/\/metaltale.com\/et\/#website"},"primaryImageOfPage":{"@id":"https:\/\/metaltale.com\/et\/toode\/wc-paberi-hoidja-lew\/#primaryimage"},"image":{"@id":"https:\/\/metaltale.com\/et\/toode\/wc-paberi-hoidja-lew\/#primaryimage"},"thumbnailUrl":"https:\/\/metaltale.com\/wp-content\/uploads\/2023\/09\/Tualeto-ritinio-laikiklis-LEW.jpg","datePublished":"2024-02-13T12:09:05+00:00","breadcrumb":{"@id":"https:\/\/metaltale.com\/et\/toode\/wc-paberi-hoidja-lew\/#breadcrumb"},"inLanguage":"et","potentialAction":[{"@type":"ReadAction","target":["https:\/\/metaltale.com\/et\/toode\/wc-paberi-hoidja-lew\/"]}]},{"@type":"ImageObject","inLanguage":"et","@id":"https:\/\/metaltale.com\/et\/toode\/wc-paberi-hoidja-lew\/#primaryimage","url":"https:\/\/metaltale.com\/wp-content\/uploads\/2023\/09\/Tualeto-ritinio-laikiklis-LEW.jpg","contentUrl":"https:\/\/metaltale.com\/wp-content\/uploads\/2023\/09\/Tualeto-ritinio-laikiklis-LEW.jpg","width":800,"height":800,"caption":"WC-paberi hoidja LEW"},{"@type":"BreadcrumbList","@id":"https:\/\/metaltale.com\/et\/toode\/wc-paberi-hoidja-lew\/#breadcrumb","itemListElement":[{"@type":"ListItem","position":1,"name":"Home","item":"https:\/\/metaltale.com\/et\/kodu\/"},{"@type":"ListItem","position":2,"name":"Kauplus","item":"https:\/\/metaltale.com\/et\/shop\/"},{"@type":"ListItem","position":3,"name":"WC-paberi hoidja LEW"}]},{"@type":"WebSite","@id":"https:\/\/metaltale.com\/et\/#website","url":"https:\/\/metaltale.com\/et\/","name":"Metaltale.com","description":"","potentialAction":[{"@type":"SearchAction","target":{"@type":"EntryPoint","urlTemplate":"https:\/\/metaltale.com\/et\/?s={search_term_string}"},"query-input":{"@type":"PropertyValueSpecification","valueRequired":true,"valueName":"search_term_string"}}],"inLanguage":"et"}]}},"_links":{"self":[{"href":"https:\/\/metaltale.com\/et\/wp-json\/wp\/v2\/product\/138448","targetHints":{"allow":["GET"]}}],"collection":[{"href":"https:\/\/metaltale.com\/et\/wp-json\/wp\/v2\/product"}],"about":[{"href":"https:\/\/metaltale.com\/et\/wp-json\/wp\/v2\/types\/product"}],"replies":[{"embeddable":true,"href":"https:\/\/metaltale.com\/et\/wp-json\/wp\/v2\/comments?post=138448"}],"version-history":[{"count":0,"href":"https:\/\/metaltale.com\/et\/wp-json\/wp\/v2\/product\/138448\/revisions"}],"wp:featuredmedia":[{"embeddable":true,"href":"https:\/\/metaltale.com\/et\/wp-json\/wp\/v2\/media\/69000"}],"wp:attachment":[{"href":"https:\/\/metaltale.com\/et\/wp-json\/wp\/v2\/media?parent=138448"}],"wp:term":[{"taxonomy":"product_brand","embeddable":true,"href":"https:\/\/metaltale.com\/et\/wp-json\/wp\/v2\/product_brand?post=138448"},{"taxonomy":"product_cat","embeddable":true,"href":"https:\/\/metaltale.com\/et\/wp-json\/wp\/v2\/product_cat?post=138448"},{"taxonomy":"product_tag","embeddable":true,"href":"https:\/\/metaltale.com\/et\/wp-json\/wp\/v2\/product_tag?post=138448"}],"curies":[{"name":"wp","href":"https:\/\/api.w.org\/{rel}","templated":true}]}}