{"id":138444,"date":"2024-02-13T14:09:05","date_gmt":"2024-02-13T12:09:05","guid":{"rendered":"https:\/\/metaltale.com\/produktas\/uksekloppija-decorated-230-mm\/"},"modified":"2024-02-13T14:09:05","modified_gmt":"2024-02-13T12:09:05","slug":"uksekloppija-decorated-230-mm","status":"publish","type":"product","link":"https:\/\/metaltale.com\/et\/toode\/uksekloppija-decorated-230-mm\/","title":{"rendered":"Uksekloppija DECORATED 230 mm"},"content":{"rendered":"<div class=\"prod_data\">\n<p><strong>Mudel<\/strong> 01.357R. AI.200<br \/>\n<strong>EAN.<\/strong>  5905369918902<br \/>\nMaterjal Ketus<br \/>\n<strong>\u00dcldine k\u00f5rgus (cm)<\/strong> 23<br \/>\n<strong>\u00dcldine laius (cm)<\/strong> 9<br \/>\n<strong>Koguprojektsioon (cm)<\/strong> 4,5<br \/>\n<strong>Aluse m\u00f5\u00f5tmed (cm<\/strong> ) 7,5 x 23<br \/>\n<strong>V\u00e4rv<\/strong> teras<\/p>\n<p>Ukseklapid on tarvikud, mida kasutatakse eelk\u00f5ige koos t\u00e4ispuidust ja t\u00e4ispuidust ustega. Need on tuntud juba sajandeid ja on v\u00e4ga funktsionaalne ja vastupidav lahendus paljudele rustikaalsetele interj\u00f6\u00f6ridele.<\/p>\n<p>Esitatud malmist <strong>uksekloppija<\/strong> avaldab muljet t\u00e4nu oma paljudele kaunistustele ja nende t\u00e4psele teostusele. Seda on lihtne kokku panna, selle mugav ja traditsiooniline kuju tagab probleemivaba haarde ja kasutusmugavuse, tagades samas praktilise kasutamise.<\/p>\n<p>Kinnitatakse sisemiselt kahe kaasasoleva kruviga .<\/p>\n<\/div>\n","protected":false},"excerpt":{"rendered":"<p>Mudel 01.357R. AI.200 EAN. 5905369918902 Materjal Ketus \u00dcldine k\u00f5rgus (cm) 23 \u00dcldine laius (cm) 9 Koguprojektsioon (cm) 4,5 Aluse m\u00f5\u00f5tmed<\/p>\n","protected":false},"featured_media":69024,"comment_status":"open","ping_status":"closed","template":"","meta":{"_acf_changed":false,"pmpro_default_level":""},"product_brand":[],"product_cat":[23850,23836],"product_tag":[],"class_list":{"0":"post-138444","1":"product","2":"type-product","3":"status-publish","4":"has-post-thumbnail","6":"product_cat-duru-belstukai-et","7":"product_cat-moobli-tarvikud","8":"pmpro-has-access","10":"first","11":"instock","12":"shipping-taxable","13":"purchasable","14":"product-type-simple"},"acf":[],"yoast_head":"<!-- This site is optimized with the Yoast SEO plugin v24.9 - https:\/\/yoast.com\/wordpress\/plugins\/seo\/ -->\n<title>Uksekloppija DECORATED 230 mm - MetalTale.com<\/title>\n<meta name=\"robots\" content=\"index, follow, max-snippet:-1, max-image-preview:large, max-video-preview:-1\" \/>\n<link rel=\"canonical\" href=\"https:\/\/metaltale.com\/et\/toode\/uksekloppija-decorated-230-mm\/\" \/>\n<meta property=\"og:locale\" content=\"et_EE\" \/>\n<meta property=\"og:type\" content=\"article\" \/>\n<meta property=\"og:title\" content=\"Uksekloppija DECORATED 230 mm - MetalTale.com\" \/>\n<meta property=\"og:description\" content=\"Mudel 01.357R. AI.200 EAN. 5905369918902 Materjal Ketus \u00dcldine k\u00f5rgus (cm) 23 \u00dcldine laius (cm) 9 Koguprojektsioon (cm) 4,5 Aluse m\u00f5\u00f5tmed\" \/>\n<meta property=\"og:url\" content=\"https:\/\/metaltale.com\/et\/toode\/uksekloppija-decorated-230-mm\/\" \/>\n<meta property=\"og:site_name\" content=\"MetalTale.com\" \/>\n<meta name=\"twitter:card\" content=\"summary_large_image\" \/>\n<script type=\"application\/ld+json\" class=\"yoast-schema-graph\">{\"@context\":\"https:\/\/schema.org\",\"@graph\":[{\"@type\":\"WebPage\",\"@id\":\"https:\/\/metaltale.com\/et\/toode\/uksekloppija-decorated-230-mm\/\",\"url\":\"https:\/\/metaltale.com\/et\/toode\/uksekloppija-decorated-230-mm\/\",\"name\":\"Uksekloppija DECORATED 230 mm - MetalTale.com\",\"isPartOf\":{\"@id\":\"https:\/\/metaltale.com\/et\/#website\"},\"primaryImageOfPage\":{\"@id\":\"https:\/\/metaltale.com\/et\/toode\/uksekloppija-decorated-230-mm\/#primaryimage\"},\"image\":{\"@id\":\"https:\/\/metaltale.com\/et\/toode\/uksekloppija-decorated-230-mm\/#primaryimage\"},\"thumbnailUrl\":\"https:\/\/metaltale.com\/wp-content\/uploads\/2023\/09\/Durx173-trankytuvas-DEKORUOTAS.jpg\",\"datePublished\":\"2024-02-13T12:09:05+00:00\",\"breadcrumb\":{\"@id\":\"https:\/\/metaltale.com\/et\/toode\/uksekloppija-decorated-230-mm\/#breadcrumb\"},\"inLanguage\":\"et\",\"potentialAction\":[{\"@type\":\"ReadAction\",\"target\":[\"https:\/\/metaltale.com\/et\/toode\/uksekloppija-decorated-230-mm\/\"]}]},{\"@type\":\"ImageObject\",\"inLanguage\":\"et\",\"@id\":\"https:\/\/metaltale.com\/et\/toode\/uksekloppija-decorated-230-mm\/#primaryimage\",\"url\":\"https:\/\/metaltale.com\/wp-content\/uploads\/2023\/09\/Durx173-trankytuvas-DEKORUOTAS.jpg\",\"contentUrl\":\"https:\/\/metaltale.com\/wp-content\/uploads\/2023\/09\/Durx173-trankytuvas-DEKORUOTAS.jpg\",\"width\":800,\"height\":800,\"caption\":\"Uksekloppija DECORATED 230 mm\"},{\"@type\":\"BreadcrumbList\",\"@id\":\"https:\/\/metaltale.com\/et\/toode\/uksekloppija-decorated-230-mm\/#breadcrumb\",\"itemListElement\":[{\"@type\":\"ListItem\",\"position\":1,\"name\":\"Home\",\"item\":\"https:\/\/metaltale.com\/et\/kodu\/\"},{\"@type\":\"ListItem\",\"position\":2,\"name\":\"Kauplus\",\"item\":\"https:\/\/metaltale.com\/et\/shop\/\"},{\"@type\":\"ListItem\",\"position\":3,\"name\":\"Uksekloppija DECORATED 230 mm\"}]},{\"@type\":\"WebSite\",\"@id\":\"https:\/\/metaltale.com\/et\/#website\",\"url\":\"https:\/\/metaltale.com\/et\/\",\"name\":\"Metaltale.com\",\"description\":\"\",\"potentialAction\":[{\"@type\":\"SearchAction\",\"target\":{\"@type\":\"EntryPoint\",\"urlTemplate\":\"https:\/\/metaltale.com\/et\/?s={search_term_string}\"},\"query-input\":{\"@type\":\"PropertyValueSpecification\",\"valueRequired\":true,\"valueName\":\"search_term_string\"}}],\"inLanguage\":\"et\"}]}<\/script>\n<!-- \/ Yoast SEO plugin. -->","yoast_head_json":{"title":"Uksekloppija DECORATED 230 mm - MetalTale.com","robots":{"index":"index","follow":"follow","max-snippet":"max-snippet:-1","max-image-preview":"max-image-preview:large","max-video-preview":"max-video-preview:-1"},"canonical":"https:\/\/metaltale.com\/et\/toode\/uksekloppija-decorated-230-mm\/","og_locale":"et_EE","og_type":"article","og_title":"Uksekloppija DECORATED 230 mm - MetalTale.com","og_description":"Mudel 01.357R. AI.200 EAN. 5905369918902 Materjal Ketus \u00dcldine k\u00f5rgus (cm) 23 \u00dcldine laius (cm) 9 Koguprojektsioon (cm) 4,5 Aluse m\u00f5\u00f5tmed","og_url":"https:\/\/metaltale.com\/et\/toode\/uksekloppija-decorated-230-mm\/","og_site_name":"MetalTale.com","twitter_card":"summary_large_image","schema":{"@context":"https:\/\/schema.org","@graph":[{"@type":"WebPage","@id":"https:\/\/metaltale.com\/et\/toode\/uksekloppija-decorated-230-mm\/","url":"https:\/\/metaltale.com\/et\/toode\/uksekloppija-decorated-230-mm\/","name":"Uksekloppija DECORATED 230 mm - MetalTale.com","isPartOf":{"@id":"https:\/\/metaltale.com\/et\/#website"},"primaryImageOfPage":{"@id":"https:\/\/metaltale.com\/et\/toode\/uksekloppija-decorated-230-mm\/#primaryimage"},"image":{"@id":"https:\/\/metaltale.com\/et\/toode\/uksekloppija-decorated-230-mm\/#primaryimage"},"thumbnailUrl":"https:\/\/metaltale.com\/wp-content\/uploads\/2023\/09\/Durx173-trankytuvas-DEKORUOTAS.jpg","datePublished":"2024-02-13T12:09:05+00:00","breadcrumb":{"@id":"https:\/\/metaltale.com\/et\/toode\/uksekloppija-decorated-230-mm\/#breadcrumb"},"inLanguage":"et","potentialAction":[{"@type":"ReadAction","target":["https:\/\/metaltale.com\/et\/toode\/uksekloppija-decorated-230-mm\/"]}]},{"@type":"ImageObject","inLanguage":"et","@id":"https:\/\/metaltale.com\/et\/toode\/uksekloppija-decorated-230-mm\/#primaryimage","url":"https:\/\/metaltale.com\/wp-content\/uploads\/2023\/09\/Durx173-trankytuvas-DEKORUOTAS.jpg","contentUrl":"https:\/\/metaltale.com\/wp-content\/uploads\/2023\/09\/Durx173-trankytuvas-DEKORUOTAS.jpg","width":800,"height":800,"caption":"Uksekloppija DECORATED 230 mm"},{"@type":"BreadcrumbList","@id":"https:\/\/metaltale.com\/et\/toode\/uksekloppija-decorated-230-mm\/#breadcrumb","itemListElement":[{"@type":"ListItem","position":1,"name":"Home","item":"https:\/\/metaltale.com\/et\/kodu\/"},{"@type":"ListItem","position":2,"name":"Kauplus","item":"https:\/\/metaltale.com\/et\/shop\/"},{"@type":"ListItem","position":3,"name":"Uksekloppija DECORATED 230 mm"}]},{"@type":"WebSite","@id":"https:\/\/metaltale.com\/et\/#website","url":"https:\/\/metaltale.com\/et\/","name":"Metaltale.com","description":"","potentialAction":[{"@type":"SearchAction","target":{"@type":"EntryPoint","urlTemplate":"https:\/\/metaltale.com\/et\/?s={search_term_string}"},"query-input":{"@type":"PropertyValueSpecification","valueRequired":true,"valueName":"search_term_string"}}],"inLanguage":"et"}]}},"_links":{"self":[{"href":"https:\/\/metaltale.com\/et\/wp-json\/wp\/v2\/product\/138444","targetHints":{"allow":["GET"]}}],"collection":[{"href":"https:\/\/metaltale.com\/et\/wp-json\/wp\/v2\/product"}],"about":[{"href":"https:\/\/metaltale.com\/et\/wp-json\/wp\/v2\/types\/product"}],"replies":[{"embeddable":true,"href":"https:\/\/metaltale.com\/et\/wp-json\/wp\/v2\/comments?post=138444"}],"version-history":[{"count":0,"href":"https:\/\/metaltale.com\/et\/wp-json\/wp\/v2\/product\/138444\/revisions"}],"wp:featuredmedia":[{"embeddable":true,"href":"https:\/\/metaltale.com\/et\/wp-json\/wp\/v2\/media\/69024"}],"wp:attachment":[{"href":"https:\/\/metaltale.com\/et\/wp-json\/wp\/v2\/media?parent=138444"}],"wp:term":[{"taxonomy":"product_brand","embeddable":true,"href":"https:\/\/metaltale.com\/et\/wp-json\/wp\/v2\/product_brand?post=138444"},{"taxonomy":"product_cat","embeddable":true,"href":"https:\/\/metaltale.com\/et\/wp-json\/wp\/v2\/product_cat?post=138444"},{"taxonomy":"product_tag","embeddable":true,"href":"https:\/\/metaltale.com\/et\/wp-json\/wp\/v2\/product_tag?post=138444"}],"curies":[{"name":"wp","href":"https:\/\/api.w.org\/{rel}","templated":true}]}}