{"id":138432,"date":"2024-02-13T14:07:41","date_gmt":"2024-02-13T12:07:41","guid":{"rendered":"https:\/\/metaltale.com\/produktas\/keraamiline-moobli-kaepide-paris-valge\/"},"modified":"2024-07-02T14:17:51","modified_gmt":"2024-07-02T12:17:51","slug":"keraamiline-moobli-kaepide-paris-valge","status":"publish","type":"product","link":"https:\/\/metaltale.com\/et\/toode\/keraamiline-moobli-kaepide-paris-valge\/","title":{"rendered":"Keraamiline m\u00f6\u00f6bli k\u00e4epide PARIS VALGE"},"content":{"rendered":"<div class=\"prod_data\">\n<p><strong>Mudel<\/strong> 01.086F. PA.38<br \/>\n<strong>EAN.<\/strong>  5905369917066<br \/>\n<strong>Materjal<\/strong> Keraamiline, teras<br \/>\n<strong>\u00dcldl\u00e4bim\u00f5\u00f5t (cm)<\/strong> 3,8<br \/>\n<strong>Koguprojektsioon (cm)<\/strong> 2,7<br \/>\n<strong>Paigalduskruvid<\/strong> Kruvi<br \/>\n<strong>V\u00e4rv<\/strong> Valge, must<br \/>\n<strong>Viimistlus<\/strong> Lakitud<\/p>\n<p>&#8211; Terasest ja keraamilisest materjalist m\u00f6\u00f6blinupp, mis tagab vastupidavuse.<br \/>\n&#8211; ilus kaunistus esik\u00fcljel, mis viitab prantsuse stiilile<br \/>\n&#8211; lihtne kokkupanek poldi ja mutriga<\/p>\n<hr>\n<p>M\u00f6\u00f6blinupud on iga sahtli, kapi v\u00f5i kapi oluline viimistlusvahend. Just need n\u00e4iliselt v\u00e4ikesed detailid v\u00f5imaldavad meie kappe ja sahtleid h\u00f5lpsasti avada. Need on mis tahes m\u00f6\u00f6bli viimistluseks.<\/p>\n<p>Karakterita kapp &#8211; kuidas seda muuta? K\u00f5ige v\u00e4hem invasiivne lahendus on&#8230; k\u00e4epideme vahetamine. Valge ja musta v\u00e4rvi keraamiline nupp sobib ideaalselt prantsuse buduaaridesse ja provansseeritud k\u00f6\u00f6gi stiilis magamistubadesse. Kaunid ja peened kaunistused nupu esik\u00fcljel muudavad iga ruumi atmosf\u00e4\u00e4ri. Kavandatav k\u00e4epide on valmistatud keraamilistest ja roostevabast terasest elementidest. Paigaldamine 4 mm poldi ja mutriga.<\/p>\n<\/div>\n","protected":false},"excerpt":{"rendered":"<p>Mudel 01.086F. PA.38 EAN. 5905369917066 Materjal Keraamiline, teras \u00dcldl\u00e4bim\u00f5\u00f5t (cm) 3,8 Koguprojektsioon (cm) 2,7 Paigalduskruvid Kruvi V\u00e4rv Valge, must Viimistlus<\/p>\n","protected":false},"featured_media":101436,"comment_status":"open","ping_status":"closed","template":"","meta":{"_acf_changed":false,"pmpro_default_level":""},"product_brand":[],"product_cat":[23880,23836,23873],"product_tag":[],"class_list":{"0":"post-138432","1":"product","2":"type-product","3":"status-publish","4":"has-post-thumbnail","6":"product_cat-baldu-rankeneles-et","7":"product_cat-moobli-tarvikud","8":"product_cat-rankeneles-et","9":"pmpro-has-access","11":"first","12":"instock","13":"shipping-taxable","14":"purchasable","15":"product-type-simple"},"acf":[],"yoast_head":"<!-- This site is optimized with the Yoast SEO plugin v24.9 - https:\/\/yoast.com\/wordpress\/plugins\/seo\/ -->\n<title>Keraamiline m\u00f6\u00f6bli k\u00e4epide PARIS VALGE - MetalTale.com<\/title>\n<meta name=\"robots\" content=\"index, follow, max-snippet:-1, max-image-preview:large, max-video-preview:-1\" \/>\n<link rel=\"canonical\" href=\"https:\/\/metaltale.com\/et\/toode\/keraamiline-moobli-kaepide-paris-valge\/\" \/>\n<meta property=\"og:locale\" content=\"et_EE\" \/>\n<meta property=\"og:type\" content=\"article\" \/>\n<meta property=\"og:title\" content=\"Keraamiline m\u00f6\u00f6bli k\u00e4epide PARIS VALGE - MetalTale.com\" \/>\n<meta property=\"og:description\" content=\"Mudel 01.086F. PA.38 EAN. 5905369917066 Materjal Keraamiline, teras \u00dcldl\u00e4bim\u00f5\u00f5t (cm) 3,8 Koguprojektsioon (cm) 2,7 Paigalduskruvid Kruvi V\u00e4rv Valge, must Viimistlus\" \/>\n<meta property=\"og:url\" content=\"https:\/\/metaltale.com\/et\/toode\/keraamiline-moobli-kaepide-paris-valge\/\" \/>\n<meta property=\"og:site_name\" content=\"MetalTale.com\" \/>\n<meta property=\"article:modified_time\" content=\"2024-07-02T12:17:51+00:00\" \/>\n<meta property=\"og:image\" content=\"https:\/\/metaltale.com\/wp-content\/uploads\/2023\/11\/Baldx173-rankenx117lx117-PARIS-WHITE.jpg\" \/>\n\t<meta property=\"og:image:width\" content=\"800\" \/>\n\t<meta property=\"og:image:height\" content=\"800\" \/>\n\t<meta property=\"og:image:type\" content=\"image\/jpeg\" \/>\n<meta name=\"twitter:card\" content=\"summary_large_image\" \/>\n<meta name=\"twitter:label1\" content=\"Est. reading time\" \/>\n\t<meta name=\"twitter:data1\" content=\"1 minut\" \/>\n<script type=\"application\/ld+json\" class=\"yoast-schema-graph\">{\"@context\":\"https:\/\/schema.org\",\"@graph\":[{\"@type\":\"WebPage\",\"@id\":\"https:\/\/metaltale.com\/et\/toode\/keraamiline-moobli-kaepide-paris-valge\/\",\"url\":\"https:\/\/metaltale.com\/et\/toode\/keraamiline-moobli-kaepide-paris-valge\/\",\"name\":\"Keraamiline m\u00f6\u00f6bli k\u00e4epide PARIS VALGE - MetalTale.com\",\"isPartOf\":{\"@id\":\"https:\/\/metaltale.com\/et\/#website\"},\"primaryImageOfPage\":{\"@id\":\"https:\/\/metaltale.com\/et\/toode\/keraamiline-moobli-kaepide-paris-valge\/#primaryimage\"},\"image\":{\"@id\":\"https:\/\/metaltale.com\/et\/toode\/keraamiline-moobli-kaepide-paris-valge\/#primaryimage\"},\"thumbnailUrl\":\"https:\/\/metaltale.com\/wp-content\/uploads\/2023\/11\/Baldx173-rankenx117lx117-PARIS-WHITE.jpg\",\"datePublished\":\"2024-02-13T12:07:41+00:00\",\"dateModified\":\"2024-07-02T12:17:51+00:00\",\"breadcrumb\":{\"@id\":\"https:\/\/metaltale.com\/et\/toode\/keraamiline-moobli-kaepide-paris-valge\/#breadcrumb\"},\"inLanguage\":\"et\",\"potentialAction\":[{\"@type\":\"ReadAction\",\"target\":[\"https:\/\/metaltale.com\/et\/toode\/keraamiline-moobli-kaepide-paris-valge\/\"]}]},{\"@type\":\"ImageObject\",\"inLanguage\":\"et\",\"@id\":\"https:\/\/metaltale.com\/et\/toode\/keraamiline-moobli-kaepide-paris-valge\/#primaryimage\",\"url\":\"https:\/\/metaltale.com\/wp-content\/uploads\/2023\/11\/Baldx173-rankenx117lx117-PARIS-WHITE.jpg\",\"contentUrl\":\"https:\/\/metaltale.com\/wp-content\/uploads\/2023\/11\/Baldx173-rankenx117lx117-PARIS-WHITE.jpg\",\"width\":800,\"height\":800,\"caption\":\"Keraamiline m\u00f6\u00f6bli k\u00e4epide PARIS VALGE\"},{\"@type\":\"BreadcrumbList\",\"@id\":\"https:\/\/metaltale.com\/et\/toode\/keraamiline-moobli-kaepide-paris-valge\/#breadcrumb\",\"itemListElement\":[{\"@type\":\"ListItem\",\"position\":1,\"name\":\"Home\",\"item\":\"https:\/\/metaltale.com\/et\/kodu\/\"},{\"@type\":\"ListItem\",\"position\":2,\"name\":\"Kauplus\",\"item\":\"https:\/\/metaltale.com\/et\/shop\/\"},{\"@type\":\"ListItem\",\"position\":3,\"name\":\"Keraamiline m\u00f6\u00f6bli k\u00e4epide PARIS VALGE\"}]},{\"@type\":\"WebSite\",\"@id\":\"https:\/\/metaltale.com\/et\/#website\",\"url\":\"https:\/\/metaltale.com\/et\/\",\"name\":\"Metaltale.com\",\"description\":\"\",\"potentialAction\":[{\"@type\":\"SearchAction\",\"target\":{\"@type\":\"EntryPoint\",\"urlTemplate\":\"https:\/\/metaltale.com\/et\/?s={search_term_string}\"},\"query-input\":{\"@type\":\"PropertyValueSpecification\",\"valueRequired\":true,\"valueName\":\"search_term_string\"}}],\"inLanguage\":\"et\"}]}<\/script>\n<!-- \/ Yoast SEO plugin. -->","yoast_head_json":{"title":"Keraamiline m\u00f6\u00f6bli k\u00e4epide PARIS VALGE - MetalTale.com","robots":{"index":"index","follow":"follow","max-snippet":"max-snippet:-1","max-image-preview":"max-image-preview:large","max-video-preview":"max-video-preview:-1"},"canonical":"https:\/\/metaltale.com\/et\/toode\/keraamiline-moobli-kaepide-paris-valge\/","og_locale":"et_EE","og_type":"article","og_title":"Keraamiline m\u00f6\u00f6bli k\u00e4epide PARIS VALGE - MetalTale.com","og_description":"Mudel 01.086F. PA.38 EAN. 5905369917066 Materjal Keraamiline, teras \u00dcldl\u00e4bim\u00f5\u00f5t (cm) 3,8 Koguprojektsioon (cm) 2,7 Paigalduskruvid Kruvi V\u00e4rv Valge, must Viimistlus","og_url":"https:\/\/metaltale.com\/et\/toode\/keraamiline-moobli-kaepide-paris-valge\/","og_site_name":"MetalTale.com","article_modified_time":"2024-07-02T12:17:51+00:00","og_image":[{"width":800,"height":800,"url":"https:\/\/metaltale.com\/wp-content\/uploads\/2023\/11\/Baldx173-rankenx117lx117-PARIS-WHITE.jpg","type":"image\/jpeg"}],"twitter_card":"summary_large_image","twitter_misc":{"Est. reading time":"1 minut"},"schema":{"@context":"https:\/\/schema.org","@graph":[{"@type":"WebPage","@id":"https:\/\/metaltale.com\/et\/toode\/keraamiline-moobli-kaepide-paris-valge\/","url":"https:\/\/metaltale.com\/et\/toode\/keraamiline-moobli-kaepide-paris-valge\/","name":"Keraamiline m\u00f6\u00f6bli k\u00e4epide PARIS VALGE - MetalTale.com","isPartOf":{"@id":"https:\/\/metaltale.com\/et\/#website"},"primaryImageOfPage":{"@id":"https:\/\/metaltale.com\/et\/toode\/keraamiline-moobli-kaepide-paris-valge\/#primaryimage"},"image":{"@id":"https:\/\/metaltale.com\/et\/toode\/keraamiline-moobli-kaepide-paris-valge\/#primaryimage"},"thumbnailUrl":"https:\/\/metaltale.com\/wp-content\/uploads\/2023\/11\/Baldx173-rankenx117lx117-PARIS-WHITE.jpg","datePublished":"2024-02-13T12:07:41+00:00","dateModified":"2024-07-02T12:17:51+00:00","breadcrumb":{"@id":"https:\/\/metaltale.com\/et\/toode\/keraamiline-moobli-kaepide-paris-valge\/#breadcrumb"},"inLanguage":"et","potentialAction":[{"@type":"ReadAction","target":["https:\/\/metaltale.com\/et\/toode\/keraamiline-moobli-kaepide-paris-valge\/"]}]},{"@type":"ImageObject","inLanguage":"et","@id":"https:\/\/metaltale.com\/et\/toode\/keraamiline-moobli-kaepide-paris-valge\/#primaryimage","url":"https:\/\/metaltale.com\/wp-content\/uploads\/2023\/11\/Baldx173-rankenx117lx117-PARIS-WHITE.jpg","contentUrl":"https:\/\/metaltale.com\/wp-content\/uploads\/2023\/11\/Baldx173-rankenx117lx117-PARIS-WHITE.jpg","width":800,"height":800,"caption":"Keraamiline m\u00f6\u00f6bli k\u00e4epide PARIS VALGE"},{"@type":"BreadcrumbList","@id":"https:\/\/metaltale.com\/et\/toode\/keraamiline-moobli-kaepide-paris-valge\/#breadcrumb","itemListElement":[{"@type":"ListItem","position":1,"name":"Home","item":"https:\/\/metaltale.com\/et\/kodu\/"},{"@type":"ListItem","position":2,"name":"Kauplus","item":"https:\/\/metaltale.com\/et\/shop\/"},{"@type":"ListItem","position":3,"name":"Keraamiline m\u00f6\u00f6bli k\u00e4epide PARIS VALGE"}]},{"@type":"WebSite","@id":"https:\/\/metaltale.com\/et\/#website","url":"https:\/\/metaltale.com\/et\/","name":"Metaltale.com","description":"","potentialAction":[{"@type":"SearchAction","target":{"@type":"EntryPoint","urlTemplate":"https:\/\/metaltale.com\/et\/?s={search_term_string}"},"query-input":{"@type":"PropertyValueSpecification","valueRequired":true,"valueName":"search_term_string"}}],"inLanguage":"et"}]}},"_links":{"self":[{"href":"https:\/\/metaltale.com\/et\/wp-json\/wp\/v2\/product\/138432","targetHints":{"allow":["GET"]}}],"collection":[{"href":"https:\/\/metaltale.com\/et\/wp-json\/wp\/v2\/product"}],"about":[{"href":"https:\/\/metaltale.com\/et\/wp-json\/wp\/v2\/types\/product"}],"replies":[{"embeddable":true,"href":"https:\/\/metaltale.com\/et\/wp-json\/wp\/v2\/comments?post=138432"}],"version-history":[{"count":1,"href":"https:\/\/metaltale.com\/et\/wp-json\/wp\/v2\/product\/138432\/revisions"}],"predecessor-version":[{"id":138438,"href":"https:\/\/metaltale.com\/et\/wp-json\/wp\/v2\/product\/138432\/revisions\/138438"}],"wp:featuredmedia":[{"embeddable":true,"href":"https:\/\/metaltale.com\/et\/wp-json\/wp\/v2\/media\/101436"}],"wp:attachment":[{"href":"https:\/\/metaltale.com\/et\/wp-json\/wp\/v2\/media?parent=138432"}],"wp:term":[{"taxonomy":"product_brand","embeddable":true,"href":"https:\/\/metaltale.com\/et\/wp-json\/wp\/v2\/product_brand?post=138432"},{"taxonomy":"product_cat","embeddable":true,"href":"https:\/\/metaltale.com\/et\/wp-json\/wp\/v2\/product_cat?post=138432"},{"taxonomy":"product_tag","embeddable":true,"href":"https:\/\/metaltale.com\/et\/wp-json\/wp\/v2\/product_tag?post=138432"}],"curies":[{"name":"wp","href":"https:\/\/api.w.org\/{rel}","templated":true}]}}