{"id":138426,"date":"2024-02-13T14:07:41","date_gmt":"2024-02-13T12:07:41","guid":{"rendered":"https:\/\/metaltale.com\/produktas\/moobli-nupu-kaheksajalg\/"},"modified":"2024-02-13T14:07:41","modified_gmt":"2024-02-13T12:07:41","slug":"moobli-nupu-kaheksajalg","status":"publish","type":"product","link":"https:\/\/metaltale.com\/et\/toode\/moobli-nupu-kaheksajalg\/","title":{"rendered":"M\u00f6\u00f6bli nupu kaheksajalg"},"content":{"rendered":"<div class=\"prod_data\">\n<p><strong>Mudel<\/strong> 01.086O. AI.70<br \/>\n<strong>EAN.<\/strong>  5905369917035<br \/>\nMaterjal Ketus<br \/>\n<strong>\u00dcldl\u00e4bim\u00f5\u00f5t (cm<\/strong> ) 6,6<br \/>\n<strong>Koguprojektsioon (cm)<\/strong> 3<br \/>\n<strong>Paigalduskruvid<\/strong> Kruvi<br \/>\n<strong>V\u00e4rv<\/strong> teras<br \/>\n<strong>Trim<\/strong> Waxed<\/p>\n<p>&#8211; malmist m\u00f6\u00f6bli k\u00e4epide, mis tagab toote vastupidavuse<br \/>\n&#8211; kaheksajalgse ebatavaline kuju lisab originaalsust igale m\u00f6\u00f6bliesemele<br \/>\n&#8211; Lihtne kruvide paigaldamine<\/p>\n<hr>\n<p>M\u00f6\u00f6blinupud on iga sahtli, kapi v\u00f5i kapi oluline viimistlusvahend. Just need n\u00e4iliselt v\u00e4ikesed detailid v\u00f5imaldavad meie kappe ja sahtleid h\u00f5lpsasti avada. Need on mis tahes m\u00f6\u00f6bli viimistluseks.<\/p>\n<p>Valurauast m\u00f6\u00f6blinupp ei ole ilmselge m\u00f6\u00f6blimudel, kuid see leiab kindlasti f\u00e4nne laste ja teismeliste seas. See sobib ideaalselt ka merelise iseloomuga interj\u00f6\u00f6ridesse. Valurauast nupp, mille k\u00e4epide on punutud kaheksajalgadest, muudab iga m\u00f6\u00f6blieseme avamise v\u00f5i sahtlist v\u00e4ljav\u00f5tmise muinasjutuliseks seikluseks.<\/p>\n<\/div>\n","protected":false},"excerpt":{"rendered":"<p>Mudel 01.086O. AI.70 EAN. 5905369917035 Materjal Ketus \u00dcldl\u00e4bim\u00f5\u00f5t (cm ) 6,6 Koguprojektsioon (cm) 3 Paigalduskruvid Kruvi V\u00e4rv teras Trim Waxed<\/p>\n","protected":false},"featured_media":101421,"comment_status":"open","ping_status":"closed","template":"","meta":{"_acf_changed":false,"pmpro_default_level":""},"product_brand":[],"product_cat":[23880,23836,23873],"product_tag":[],"class_list":{"0":"post-138426","1":"product","2":"type-product","3":"status-publish","4":"has-post-thumbnail","6":"product_cat-baldu-rankeneles-et","7":"product_cat-moobli-tarvikud","8":"product_cat-rankeneles-et","9":"pmpro-has-access","11":"first","12":"instock","13":"shipping-taxable","14":"purchasable","15":"product-type-simple"},"acf":[],"yoast_head":"<!-- This site is optimized with the Yoast SEO plugin v24.9 - https:\/\/yoast.com\/wordpress\/plugins\/seo\/ -->\n<title>M\u00f6\u00f6bli nupu kaheksajalg - MetalTale.com<\/title>\n<meta name=\"robots\" content=\"index, follow, max-snippet:-1, max-image-preview:large, max-video-preview:-1\" \/>\n<link rel=\"canonical\" href=\"https:\/\/metaltale.com\/et\/toode\/moobli-nupu-kaheksajalg\/\" \/>\n<meta property=\"og:locale\" content=\"et_EE\" \/>\n<meta property=\"og:type\" content=\"article\" \/>\n<meta property=\"og:title\" content=\"M\u00f6\u00f6bli nupu kaheksajalg - MetalTale.com\" \/>\n<meta property=\"og:description\" content=\"Mudel 01.086O. AI.70 EAN. 5905369917035 Materjal Ketus \u00dcldl\u00e4bim\u00f5\u00f5t (cm ) 6,6 Koguprojektsioon (cm) 3 Paigalduskruvid Kruvi V\u00e4rv teras Trim Waxed\" \/>\n<meta property=\"og:url\" content=\"https:\/\/metaltale.com\/et\/toode\/moobli-nupu-kaheksajalg\/\" \/>\n<meta property=\"og:site_name\" content=\"MetalTale.com\" \/>\n<meta name=\"twitter:card\" content=\"summary_large_image\" \/>\n<meta name=\"twitter:label1\" content=\"Est. reading time\" \/>\n\t<meta name=\"twitter:data1\" content=\"1 minut\" \/>\n<script type=\"application\/ld+json\" class=\"yoast-schema-graph\">{\"@context\":\"https:\/\/schema.org\",\"@graph\":[{\"@type\":\"WebPage\",\"@id\":\"https:\/\/metaltale.com\/et\/toode\/moobli-nupu-kaheksajalg\/\",\"url\":\"https:\/\/metaltale.com\/et\/toode\/moobli-nupu-kaheksajalg\/\",\"name\":\"M\u00f6\u00f6bli nupu kaheksajalg - MetalTale.com\",\"isPartOf\":{\"@id\":\"https:\/\/metaltale.com\/et\/#website\"},\"primaryImageOfPage\":{\"@id\":\"https:\/\/metaltale.com\/et\/toode\/moobli-nupu-kaheksajalg\/#primaryimage\"},\"image\":{\"@id\":\"https:\/\/metaltale.com\/et\/toode\/moobli-nupu-kaheksajalg\/#primaryimage\"},\"thumbnailUrl\":\"https:\/\/metaltale.com\/wp-content\/uploads\/2023\/11\/Rankenx117lx117-Ax160TUONKOJAI-66-Plienas.jpg\",\"datePublished\":\"2024-02-13T12:07:41+00:00\",\"breadcrumb\":{\"@id\":\"https:\/\/metaltale.com\/et\/toode\/moobli-nupu-kaheksajalg\/#breadcrumb\"},\"inLanguage\":\"et\",\"potentialAction\":[{\"@type\":\"ReadAction\",\"target\":[\"https:\/\/metaltale.com\/et\/toode\/moobli-nupu-kaheksajalg\/\"]}]},{\"@type\":\"ImageObject\",\"inLanguage\":\"et\",\"@id\":\"https:\/\/metaltale.com\/et\/toode\/moobli-nupu-kaheksajalg\/#primaryimage\",\"url\":\"https:\/\/metaltale.com\/wp-content\/uploads\/2023\/11\/Rankenx117lx117-Ax160TUONKOJAI-66-Plienas.jpg\",\"contentUrl\":\"https:\/\/metaltale.com\/wp-content\/uploads\/2023\/11\/Rankenx117lx117-Ax160TUONKOJAI-66-Plienas.jpg\",\"width\":800,\"height\":800,\"caption\":\"M\u00f6\u00f6bli nupu kaheksajalg\"},{\"@type\":\"BreadcrumbList\",\"@id\":\"https:\/\/metaltale.com\/et\/toode\/moobli-nupu-kaheksajalg\/#breadcrumb\",\"itemListElement\":[{\"@type\":\"ListItem\",\"position\":1,\"name\":\"Home\",\"item\":\"https:\/\/metaltale.com\/et\/kodu\/\"},{\"@type\":\"ListItem\",\"position\":2,\"name\":\"Kauplus\",\"item\":\"https:\/\/metaltale.com\/et\/shop\/\"},{\"@type\":\"ListItem\",\"position\":3,\"name\":\"M\u00f6\u00f6bli nupu kaheksajalg\"}]},{\"@type\":\"WebSite\",\"@id\":\"https:\/\/metaltale.com\/et\/#website\",\"url\":\"https:\/\/metaltale.com\/et\/\",\"name\":\"Metaltale.com\",\"description\":\"\",\"potentialAction\":[{\"@type\":\"SearchAction\",\"target\":{\"@type\":\"EntryPoint\",\"urlTemplate\":\"https:\/\/metaltale.com\/et\/?s={search_term_string}\"},\"query-input\":{\"@type\":\"PropertyValueSpecification\",\"valueRequired\":true,\"valueName\":\"search_term_string\"}}],\"inLanguage\":\"et\"}]}<\/script>\n<!-- \/ Yoast SEO plugin. -->","yoast_head_json":{"title":"M\u00f6\u00f6bli nupu kaheksajalg - MetalTale.com","robots":{"index":"index","follow":"follow","max-snippet":"max-snippet:-1","max-image-preview":"max-image-preview:large","max-video-preview":"max-video-preview:-1"},"canonical":"https:\/\/metaltale.com\/et\/toode\/moobli-nupu-kaheksajalg\/","og_locale":"et_EE","og_type":"article","og_title":"M\u00f6\u00f6bli nupu kaheksajalg - MetalTale.com","og_description":"Mudel 01.086O. AI.70 EAN. 5905369917035 Materjal Ketus \u00dcldl\u00e4bim\u00f5\u00f5t (cm ) 6,6 Koguprojektsioon (cm) 3 Paigalduskruvid Kruvi V\u00e4rv teras Trim Waxed","og_url":"https:\/\/metaltale.com\/et\/toode\/moobli-nupu-kaheksajalg\/","og_site_name":"MetalTale.com","twitter_card":"summary_large_image","twitter_misc":{"Est. reading time":"1 minut"},"schema":{"@context":"https:\/\/schema.org","@graph":[{"@type":"WebPage","@id":"https:\/\/metaltale.com\/et\/toode\/moobli-nupu-kaheksajalg\/","url":"https:\/\/metaltale.com\/et\/toode\/moobli-nupu-kaheksajalg\/","name":"M\u00f6\u00f6bli nupu kaheksajalg - MetalTale.com","isPartOf":{"@id":"https:\/\/metaltale.com\/et\/#website"},"primaryImageOfPage":{"@id":"https:\/\/metaltale.com\/et\/toode\/moobli-nupu-kaheksajalg\/#primaryimage"},"image":{"@id":"https:\/\/metaltale.com\/et\/toode\/moobli-nupu-kaheksajalg\/#primaryimage"},"thumbnailUrl":"https:\/\/metaltale.com\/wp-content\/uploads\/2023\/11\/Rankenx117lx117-Ax160TUONKOJAI-66-Plienas.jpg","datePublished":"2024-02-13T12:07:41+00:00","breadcrumb":{"@id":"https:\/\/metaltale.com\/et\/toode\/moobli-nupu-kaheksajalg\/#breadcrumb"},"inLanguage":"et","potentialAction":[{"@type":"ReadAction","target":["https:\/\/metaltale.com\/et\/toode\/moobli-nupu-kaheksajalg\/"]}]},{"@type":"ImageObject","inLanguage":"et","@id":"https:\/\/metaltale.com\/et\/toode\/moobli-nupu-kaheksajalg\/#primaryimage","url":"https:\/\/metaltale.com\/wp-content\/uploads\/2023\/11\/Rankenx117lx117-Ax160TUONKOJAI-66-Plienas.jpg","contentUrl":"https:\/\/metaltale.com\/wp-content\/uploads\/2023\/11\/Rankenx117lx117-Ax160TUONKOJAI-66-Plienas.jpg","width":800,"height":800,"caption":"M\u00f6\u00f6bli nupu kaheksajalg"},{"@type":"BreadcrumbList","@id":"https:\/\/metaltale.com\/et\/toode\/moobli-nupu-kaheksajalg\/#breadcrumb","itemListElement":[{"@type":"ListItem","position":1,"name":"Home","item":"https:\/\/metaltale.com\/et\/kodu\/"},{"@type":"ListItem","position":2,"name":"Kauplus","item":"https:\/\/metaltale.com\/et\/shop\/"},{"@type":"ListItem","position":3,"name":"M\u00f6\u00f6bli nupu kaheksajalg"}]},{"@type":"WebSite","@id":"https:\/\/metaltale.com\/et\/#website","url":"https:\/\/metaltale.com\/et\/","name":"Metaltale.com","description":"","potentialAction":[{"@type":"SearchAction","target":{"@type":"EntryPoint","urlTemplate":"https:\/\/metaltale.com\/et\/?s={search_term_string}"},"query-input":{"@type":"PropertyValueSpecification","valueRequired":true,"valueName":"search_term_string"}}],"inLanguage":"et"}]}},"_links":{"self":[{"href":"https:\/\/metaltale.com\/et\/wp-json\/wp\/v2\/product\/138426","targetHints":{"allow":["GET"]}}],"collection":[{"href":"https:\/\/metaltale.com\/et\/wp-json\/wp\/v2\/product"}],"about":[{"href":"https:\/\/metaltale.com\/et\/wp-json\/wp\/v2\/types\/product"}],"replies":[{"embeddable":true,"href":"https:\/\/metaltale.com\/et\/wp-json\/wp\/v2\/comments?post=138426"}],"version-history":[{"count":0,"href":"https:\/\/metaltale.com\/et\/wp-json\/wp\/v2\/product\/138426\/revisions"}],"wp:featuredmedia":[{"embeddable":true,"href":"https:\/\/metaltale.com\/et\/wp-json\/wp\/v2\/media\/101421"}],"wp:attachment":[{"href":"https:\/\/metaltale.com\/et\/wp-json\/wp\/v2\/media?parent=138426"}],"wp:term":[{"taxonomy":"product_brand","embeddable":true,"href":"https:\/\/metaltale.com\/et\/wp-json\/wp\/v2\/product_brand?post=138426"},{"taxonomy":"product_cat","embeddable":true,"href":"https:\/\/metaltale.com\/et\/wp-json\/wp\/v2\/product_cat?post=138426"},{"taxonomy":"product_tag","embeddable":true,"href":"https:\/\/metaltale.com\/et\/wp-json\/wp\/v2\/product_tag?post=138426"}],"curies":[{"name":"wp","href":"https:\/\/api.w.org\/{rel}","templated":true}]}}