{"id":138422,"date":"2024-02-13T14:07:41","date_gmt":"2024-02-13T12:07:41","guid":{"rendered":"https:\/\/metaltale.com\/produktas\/keraamiline-kaepide-albany\/"},"modified":"2024-02-13T14:07:41","modified_gmt":"2024-02-13T12:07:41","slug":"keraamiline-kaepide-albany","status":"publish","type":"product","link":"https:\/\/metaltale.com\/et\/toode\/keraamiline-kaepide-albany\/","title":{"rendered":"Keraamiline k\u00e4epide ALBANY"},"content":{"rendered":"<div class=\"prod_data\">\n<p><strong>Mudel<\/strong> 49.086P. AIC.35<br \/>\n<strong>EAN.<\/strong>  5905369916816<br \/>\n<strong>Materjal<\/strong> Keraamiline, teras<br \/>\n<strong>\u00dcldl\u00e4bim\u00f5\u00f5t (cm)<\/strong> 4<br \/>\n<strong>Koguprojektsioon (cm)<\/strong> 4<br \/>\n<strong>Paigalduskruvid<\/strong> Kruvi<br \/>\n<strong>V\u00e4rv<\/strong> Mitmev\u00e4rviline<br \/>\n<strong>Trim<\/strong> Waxed<\/p>\n<p>&#8211; k\u00e4epide on valmistatud k\u00f5rgeima kvaliteediga keraamikast ja terasest, mis on vastupidavuse garantii<br \/>\n&#8211; k\u00e4epide, mida on rikastatud k\u00e4sitsi maalitud, et anda sellele v\u00f5luv aktsent.<br \/>\n&#8211; lihtne kokkupanek v\u00f5imaldab meil poldi k\u00fclge kinnitada mutri, mis on toote k\u00fclge kinnitatud<\/p>\n<hr>\n<p>M\u00f6\u00f6blinupud on iga sahtli, kapi v\u00f5i kapi oluline viimistlusvahend. Just need n\u00e4iliselt v\u00e4ikesed detailid v\u00f5imaldavad meie kappe ja sahtleid h\u00f5lpsasti avada. Need on mis tahes m\u00f6\u00f6bli viimistluseks.<\/p>\n<p>Keraamiline, k\u00e4sitsi maalitud m\u00f6\u00f6blinupp, mida hoitakse vaoshoitud v\u00e4rvides, muudab iga puu h\u00f5lpsasti retrop\u00e4rliks. V\u00f5luv lillemustrit r\u00f5hutab kaunilt metallist rosett Rikastatud v\u00e4rviliste aktsentidega, kuid hoitud ekru ja pruunides toonides, meenutab see keraamiline k\u00e4epide teie vanaema vatitekke ja rahvakunsti. Nupp kinnitatakse m\u00f6\u00f6bli k\u00fclge 4 mm l\u00e4bim\u00f5\u00f5duga poldi ja mutriga. See kruvi on osa komplektist.<\/p>\n<\/div>\n","protected":false},"excerpt":{"rendered":"<p>Mudel 49.086P. AIC.35 EAN. 5905369916816 Materjal Keraamiline, teras \u00dcldl\u00e4bim\u00f5\u00f5t (cm) 4 Koguprojektsioon (cm) 4 Paigalduskruvid Kruvi V\u00e4rv Mitmev\u00e4rviline Trim Waxed<\/p>\n","protected":false},"featured_media":86069,"comment_status":"open","ping_status":"closed","template":"","meta":{"_acf_changed":false,"pmpro_default_level":""},"product_brand":[],"product_cat":[23880,23836,23873],"product_tag":[],"class_list":{"0":"post-138422","1":"product","2":"type-product","3":"status-publish","4":"has-post-thumbnail","6":"product_cat-baldu-rankeneles-et","7":"product_cat-moobli-tarvikud","8":"product_cat-rankeneles-et","9":"pmpro-has-access","11":"first","12":"instock","13":"shipping-taxable","14":"purchasable","15":"product-type-simple"},"acf":[],"yoast_head":"<!-- This site is optimized with the Yoast SEO plugin v24.9 - https:\/\/yoast.com\/wordpress\/plugins\/seo\/ -->\n<title>Keraamiline k\u00e4epide ALBANY - MetalTale.com<\/title>\n<meta name=\"robots\" content=\"index, follow, max-snippet:-1, max-image-preview:large, max-video-preview:-1\" \/>\n<link rel=\"canonical\" href=\"https:\/\/metaltale.com\/et\/toode\/keraamiline-kaepide-albany\/\" \/>\n<meta property=\"og:locale\" content=\"et_EE\" \/>\n<meta property=\"og:type\" content=\"article\" \/>\n<meta property=\"og:title\" content=\"Keraamiline k\u00e4epide ALBANY - MetalTale.com\" \/>\n<meta property=\"og:description\" content=\"Mudel 49.086P. AIC.35 EAN. 5905369916816 Materjal Keraamiline, teras \u00dcldl\u00e4bim\u00f5\u00f5t (cm) 4 Koguprojektsioon (cm) 4 Paigalduskruvid Kruvi V\u00e4rv Mitmev\u00e4rviline Trim Waxed\" \/>\n<meta property=\"og:url\" content=\"https:\/\/metaltale.com\/et\/toode\/keraamiline-kaepide-albany\/\" \/>\n<meta property=\"og:site_name\" content=\"MetalTale.com\" \/>\n<meta name=\"twitter:card\" content=\"summary_large_image\" \/>\n<meta name=\"twitter:label1\" content=\"Est. reading time\" \/>\n\t<meta name=\"twitter:data1\" content=\"1 minut\" \/>\n<script type=\"application\/ld+json\" class=\"yoast-schema-graph\">{\"@context\":\"https:\/\/schema.org\",\"@graph\":[{\"@type\":\"WebPage\",\"@id\":\"https:\/\/metaltale.com\/et\/toode\/keraamiline-kaepide-albany\/\",\"url\":\"https:\/\/metaltale.com\/et\/toode\/keraamiline-kaepide-albany\/\",\"name\":\"Keraamiline k\u00e4epide ALBANY - MetalTale.com\",\"isPartOf\":{\"@id\":\"https:\/\/metaltale.com\/et\/#website\"},\"primaryImageOfPage\":{\"@id\":\"https:\/\/metaltale.com\/et\/toode\/keraamiline-kaepide-albany\/#primaryimage\"},\"image\":{\"@id\":\"https:\/\/metaltale.com\/et\/toode\/keraamiline-kaepide-albany\/#primaryimage\"},\"thumbnailUrl\":\"https:\/\/metaltale.com\/wp-content\/uploads\/2023\/10\/ALBANY-keraminx117-rankenx117lx117.jpg\",\"datePublished\":\"2024-02-13T12:07:41+00:00\",\"breadcrumb\":{\"@id\":\"https:\/\/metaltale.com\/et\/toode\/keraamiline-kaepide-albany\/#breadcrumb\"},\"inLanguage\":\"et\",\"potentialAction\":[{\"@type\":\"ReadAction\",\"target\":[\"https:\/\/metaltale.com\/et\/toode\/keraamiline-kaepide-albany\/\"]}]},{\"@type\":\"ImageObject\",\"inLanguage\":\"et\",\"@id\":\"https:\/\/metaltale.com\/et\/toode\/keraamiline-kaepide-albany\/#primaryimage\",\"url\":\"https:\/\/metaltale.com\/wp-content\/uploads\/2023\/10\/ALBANY-keraminx117-rankenx117lx117.jpg\",\"contentUrl\":\"https:\/\/metaltale.com\/wp-content\/uploads\/2023\/10\/ALBANY-keraminx117-rankenx117lx117.jpg\",\"width\":800,\"height\":800,\"caption\":\"Keraamiline k\u00e4epide ALBANY\"},{\"@type\":\"BreadcrumbList\",\"@id\":\"https:\/\/metaltale.com\/et\/toode\/keraamiline-kaepide-albany\/#breadcrumb\",\"itemListElement\":[{\"@type\":\"ListItem\",\"position\":1,\"name\":\"Home\",\"item\":\"https:\/\/metaltale.com\/et\/kodu\/\"},{\"@type\":\"ListItem\",\"position\":2,\"name\":\"Kauplus\",\"item\":\"https:\/\/metaltale.com\/et\/shop\/\"},{\"@type\":\"ListItem\",\"position\":3,\"name\":\"Keraamiline k\u00e4epide ALBANY\"}]},{\"@type\":\"WebSite\",\"@id\":\"https:\/\/metaltale.com\/et\/#website\",\"url\":\"https:\/\/metaltale.com\/et\/\",\"name\":\"Metaltale.com\",\"description\":\"\",\"potentialAction\":[{\"@type\":\"SearchAction\",\"target\":{\"@type\":\"EntryPoint\",\"urlTemplate\":\"https:\/\/metaltale.com\/et\/?s={search_term_string}\"},\"query-input\":{\"@type\":\"PropertyValueSpecification\",\"valueRequired\":true,\"valueName\":\"search_term_string\"}}],\"inLanguage\":\"et\"}]}<\/script>\n<!-- \/ Yoast SEO plugin. -->","yoast_head_json":{"title":"Keraamiline k\u00e4epide ALBANY - MetalTale.com","robots":{"index":"index","follow":"follow","max-snippet":"max-snippet:-1","max-image-preview":"max-image-preview:large","max-video-preview":"max-video-preview:-1"},"canonical":"https:\/\/metaltale.com\/et\/toode\/keraamiline-kaepide-albany\/","og_locale":"et_EE","og_type":"article","og_title":"Keraamiline k\u00e4epide ALBANY - MetalTale.com","og_description":"Mudel 49.086P. AIC.35 EAN. 5905369916816 Materjal Keraamiline, teras \u00dcldl\u00e4bim\u00f5\u00f5t (cm) 4 Koguprojektsioon (cm) 4 Paigalduskruvid Kruvi V\u00e4rv Mitmev\u00e4rviline Trim Waxed","og_url":"https:\/\/metaltale.com\/et\/toode\/keraamiline-kaepide-albany\/","og_site_name":"MetalTale.com","twitter_card":"summary_large_image","twitter_misc":{"Est. reading time":"1 minut"},"schema":{"@context":"https:\/\/schema.org","@graph":[{"@type":"WebPage","@id":"https:\/\/metaltale.com\/et\/toode\/keraamiline-kaepide-albany\/","url":"https:\/\/metaltale.com\/et\/toode\/keraamiline-kaepide-albany\/","name":"Keraamiline k\u00e4epide ALBANY - MetalTale.com","isPartOf":{"@id":"https:\/\/metaltale.com\/et\/#website"},"primaryImageOfPage":{"@id":"https:\/\/metaltale.com\/et\/toode\/keraamiline-kaepide-albany\/#primaryimage"},"image":{"@id":"https:\/\/metaltale.com\/et\/toode\/keraamiline-kaepide-albany\/#primaryimage"},"thumbnailUrl":"https:\/\/metaltale.com\/wp-content\/uploads\/2023\/10\/ALBANY-keraminx117-rankenx117lx117.jpg","datePublished":"2024-02-13T12:07:41+00:00","breadcrumb":{"@id":"https:\/\/metaltale.com\/et\/toode\/keraamiline-kaepide-albany\/#breadcrumb"},"inLanguage":"et","potentialAction":[{"@type":"ReadAction","target":["https:\/\/metaltale.com\/et\/toode\/keraamiline-kaepide-albany\/"]}]},{"@type":"ImageObject","inLanguage":"et","@id":"https:\/\/metaltale.com\/et\/toode\/keraamiline-kaepide-albany\/#primaryimage","url":"https:\/\/metaltale.com\/wp-content\/uploads\/2023\/10\/ALBANY-keraminx117-rankenx117lx117.jpg","contentUrl":"https:\/\/metaltale.com\/wp-content\/uploads\/2023\/10\/ALBANY-keraminx117-rankenx117lx117.jpg","width":800,"height":800,"caption":"Keraamiline k\u00e4epide ALBANY"},{"@type":"BreadcrumbList","@id":"https:\/\/metaltale.com\/et\/toode\/keraamiline-kaepide-albany\/#breadcrumb","itemListElement":[{"@type":"ListItem","position":1,"name":"Home","item":"https:\/\/metaltale.com\/et\/kodu\/"},{"@type":"ListItem","position":2,"name":"Kauplus","item":"https:\/\/metaltale.com\/et\/shop\/"},{"@type":"ListItem","position":3,"name":"Keraamiline k\u00e4epide ALBANY"}]},{"@type":"WebSite","@id":"https:\/\/metaltale.com\/et\/#website","url":"https:\/\/metaltale.com\/et\/","name":"Metaltale.com","description":"","potentialAction":[{"@type":"SearchAction","target":{"@type":"EntryPoint","urlTemplate":"https:\/\/metaltale.com\/et\/?s={search_term_string}"},"query-input":{"@type":"PropertyValueSpecification","valueRequired":true,"valueName":"search_term_string"}}],"inLanguage":"et"}]}},"_links":{"self":[{"href":"https:\/\/metaltale.com\/et\/wp-json\/wp\/v2\/product\/138422","targetHints":{"allow":["GET"]}}],"collection":[{"href":"https:\/\/metaltale.com\/et\/wp-json\/wp\/v2\/product"}],"about":[{"href":"https:\/\/metaltale.com\/et\/wp-json\/wp\/v2\/types\/product"}],"replies":[{"embeddable":true,"href":"https:\/\/metaltale.com\/et\/wp-json\/wp\/v2\/comments?post=138422"}],"version-history":[{"count":0,"href":"https:\/\/metaltale.com\/et\/wp-json\/wp\/v2\/product\/138422\/revisions"}],"wp:featuredmedia":[{"embeddable":true,"href":"https:\/\/metaltale.com\/et\/wp-json\/wp\/v2\/media\/86069"}],"wp:attachment":[{"href":"https:\/\/metaltale.com\/et\/wp-json\/wp\/v2\/media?parent=138422"}],"wp:term":[{"taxonomy":"product_brand","embeddable":true,"href":"https:\/\/metaltale.com\/et\/wp-json\/wp\/v2\/product_brand?post=138422"},{"taxonomy":"product_cat","embeddable":true,"href":"https:\/\/metaltale.com\/et\/wp-json\/wp\/v2\/product_cat?post=138422"},{"taxonomy":"product_tag","embeddable":true,"href":"https:\/\/metaltale.com\/et\/wp-json\/wp\/v2\/product_tag?post=138422"}],"curies":[{"name":"wp","href":"https:\/\/api.w.org\/{rel}","templated":true}]}}