{"id":138419,"date":"2024-02-13T14:07:41","date_gmt":"2024-02-13T12:07:41","guid":{"rendered":"https:\/\/metaltale.com\/produktas\/rustic-mooblinupp-otsevabastusega\/"},"modified":"2024-02-13T14:07:41","modified_gmt":"2024-02-13T12:07:41","slug":"rustic-mooblinupp-otsevabastusega","status":"publish","type":"product","link":"https:\/\/metaltale.com\/et\/toode\/rustic-mooblinupp-otsevabastusega\/","title":{"rendered":"RUSTIC m\u00f6\u00f6blinupp otsevabastusega"},"content":{"rendered":"<div class=\"prod_data\">\n<p><strong>Mudel<\/strong> 25996.11000.27<br \/>\n<strong>EAN.<\/strong>  5905369916281<br \/>\n<strong>Materjal<\/strong> teras<br \/>\n<strong>\u00dcldine k\u00f5rgus (cm)<\/strong> 3<br \/>\n\u00dcldine laius (cm) 11<br \/>\n<strong>Aluse m\u00f5\u00f5tmed (cm)<\/strong> 3 (k\u00f5rgus)<br \/>\n<strong>Paigalduskruvid<\/strong> Kruvi<br \/>\n<strong>V\u00e4rv<\/strong> Pruun, roostevaba<br \/>\nViimistlus lihvitud<\/p>\n<p>&#8211; k\u00e4epide on valmistatud kvaliteetsest terasest, mis on toote vastupidavuse garantii.<br \/>\n&#8211; Klassikalise kujuga k\u00e4epide, mis suurendab kasutusmugavust<br \/>\n&#8211; dekoratiivsed sildid suurendavad toote visuaalseid omadusi<br \/>\n&#8211; lihtne kokkupanek on v\u00f5imalik t\u00e4nu tootega kaasasolevale kruvile<\/p>\n<hr>\n<p>Rustika m\u00f6\u00f6bli k\u00e4epidemed on suurep\u00e4rane n\u00e4ide kasulikust retro m\u00f6\u00f6bli aksessuaarist, mis suurendab oluliselt kogu ruumi visuaalset tunnet, s\u00e4ilitades samas t\u00e4ielikult kasutatavaid funktsioone. V\u00e4ikestel ja v\u00e4ikestel vormidel n\u00e4ib olevat suur m\u00f5ju interj\u00f6\u00f6ride l\u00f5pptulemusele. M\u00f6\u00f6bli k\u00e4epide oli valmistatud kvaliteetsest terasest ning immutatud ja vanandatud. See on stiililt v\u00e4ga vana &#8211; sellel on roosteefekt. Elegantne silt on selle t\u00e4iendav praktiline eelis.<\/p>\n<p>Komplekti kuulub kruvikinnitus.<\/p>\n<\/div>\n","protected":false},"excerpt":{"rendered":"<p>Mudel 25996.11000.27 EAN. 5905369916281 Materjal teras \u00dcldine k\u00f5rgus (cm) 3 \u00dcldine laius (cm) 11 Aluse m\u00f5\u00f5tmed (cm) 3 (k\u00f5rgus) Paigalduskruvid<\/p>\n","protected":false},"featured_media":86111,"comment_status":"open","ping_status":"closed","template":"","meta":{"_acf_changed":false,"pmpro_default_level":""},"product_brand":[],"product_cat":[23880,23836,23873],"product_tag":[],"class_list":{"0":"post-138419","1":"product","2":"type-product","3":"status-publish","4":"has-post-thumbnail","6":"product_cat-baldu-rankeneles-et","7":"product_cat-moobli-tarvikud","8":"product_cat-rankeneles-et","9":"pmpro-has-access","11":"first","12":"instock","13":"shipping-taxable","14":"purchasable","15":"product-type-simple"},"acf":[],"yoast_head":"<!-- This site is optimized with the Yoast SEO plugin v24.9 - https:\/\/yoast.com\/wordpress\/plugins\/seo\/ -->\n<title>RUSTIC m\u00f6\u00f6blinupp otsevabastusega - MetalTale.com<\/title>\n<meta name=\"robots\" content=\"index, follow, max-snippet:-1, max-image-preview:large, max-video-preview:-1\" \/>\n<link rel=\"canonical\" href=\"https:\/\/metaltale.com\/et\/toode\/rustic-mooblinupp-otsevabastusega\/\" \/>\n<meta property=\"og:locale\" content=\"et_EE\" \/>\n<meta property=\"og:type\" content=\"article\" \/>\n<meta property=\"og:title\" content=\"RUSTIC m\u00f6\u00f6blinupp otsevabastusega - MetalTale.com\" \/>\n<meta property=\"og:description\" content=\"Mudel 25996.11000.27 EAN. 5905369916281 Materjal teras \u00dcldine k\u00f5rgus (cm) 3 \u00dcldine laius (cm) 11 Aluse m\u00f5\u00f5tmed (cm) 3 (k\u00f5rgus) Paigalduskruvid\" \/>\n<meta property=\"og:url\" content=\"https:\/\/metaltale.com\/et\/toode\/rustic-mooblinupp-otsevabastusega\/\" \/>\n<meta property=\"og:site_name\" content=\"MetalTale.com\" \/>\n<meta name=\"twitter:card\" content=\"summary_large_image\" \/>\n<meta name=\"twitter:label1\" content=\"Est. reading time\" \/>\n\t<meta name=\"twitter:data1\" content=\"1 minut\" \/>\n<script type=\"application\/ld+json\" class=\"yoast-schema-graph\">{\"@context\":\"https:\/\/schema.org\",\"@graph\":[{\"@type\":\"WebPage\",\"@id\":\"https:\/\/metaltale.com\/et\/toode\/rustic-mooblinupp-otsevabastusega\/\",\"url\":\"https:\/\/metaltale.com\/et\/toode\/rustic-mooblinupp-otsevabastusega\/\",\"name\":\"RUSTIC m\u00f6\u00f6blinupp otsevabastusega - MetalTale.com\",\"isPartOf\":{\"@id\":\"https:\/\/metaltale.com\/et\/#website\"},\"primaryImageOfPage\":{\"@id\":\"https:\/\/metaltale.com\/et\/toode\/rustic-mooblinupp-otsevabastusega\/#primaryimage\"},\"image\":{\"@id\":\"https:\/\/metaltale.com\/et\/toode\/rustic-mooblinupp-otsevabastusega\/#primaryimage\"},\"thumbnailUrl\":\"https:\/\/metaltale.com\/wp-content\/uploads\/2023\/10\/Baldx173-rankenx117lx117-RUSTIC-SU-TIESIA-Ix160KABA.jpg\",\"datePublished\":\"2024-02-13T12:07:41+00:00\",\"breadcrumb\":{\"@id\":\"https:\/\/metaltale.com\/et\/toode\/rustic-mooblinupp-otsevabastusega\/#breadcrumb\"},\"inLanguage\":\"et\",\"potentialAction\":[{\"@type\":\"ReadAction\",\"target\":[\"https:\/\/metaltale.com\/et\/toode\/rustic-mooblinupp-otsevabastusega\/\"]}]},{\"@type\":\"ImageObject\",\"inLanguage\":\"et\",\"@id\":\"https:\/\/metaltale.com\/et\/toode\/rustic-mooblinupp-otsevabastusega\/#primaryimage\",\"url\":\"https:\/\/metaltale.com\/wp-content\/uploads\/2023\/10\/Baldx173-rankenx117lx117-RUSTIC-SU-TIESIA-Ix160KABA.jpg\",\"contentUrl\":\"https:\/\/metaltale.com\/wp-content\/uploads\/2023\/10\/Baldx173-rankenx117lx117-RUSTIC-SU-TIESIA-Ix160KABA.jpg\",\"width\":800,\"height\":800,\"caption\":\"RUSTIC m\u00f6\u00f6blinupp otsevabastusega\"},{\"@type\":\"BreadcrumbList\",\"@id\":\"https:\/\/metaltale.com\/et\/toode\/rustic-mooblinupp-otsevabastusega\/#breadcrumb\",\"itemListElement\":[{\"@type\":\"ListItem\",\"position\":1,\"name\":\"Home\",\"item\":\"https:\/\/metaltale.com\/et\/kodu\/\"},{\"@type\":\"ListItem\",\"position\":2,\"name\":\"Kauplus\",\"item\":\"https:\/\/metaltale.com\/et\/shop\/\"},{\"@type\":\"ListItem\",\"position\":3,\"name\":\"RUSTIC m\u00f6\u00f6blinupp otsevabastusega\"}]},{\"@type\":\"WebSite\",\"@id\":\"https:\/\/metaltale.com\/et\/#website\",\"url\":\"https:\/\/metaltale.com\/et\/\",\"name\":\"Metaltale.com\",\"description\":\"\",\"potentialAction\":[{\"@type\":\"SearchAction\",\"target\":{\"@type\":\"EntryPoint\",\"urlTemplate\":\"https:\/\/metaltale.com\/et\/?s={search_term_string}\"},\"query-input\":{\"@type\":\"PropertyValueSpecification\",\"valueRequired\":true,\"valueName\":\"search_term_string\"}}],\"inLanguage\":\"et\"}]}<\/script>\n<!-- \/ Yoast SEO plugin. -->","yoast_head_json":{"title":"RUSTIC m\u00f6\u00f6blinupp otsevabastusega - MetalTale.com","robots":{"index":"index","follow":"follow","max-snippet":"max-snippet:-1","max-image-preview":"max-image-preview:large","max-video-preview":"max-video-preview:-1"},"canonical":"https:\/\/metaltale.com\/et\/toode\/rustic-mooblinupp-otsevabastusega\/","og_locale":"et_EE","og_type":"article","og_title":"RUSTIC m\u00f6\u00f6blinupp otsevabastusega - MetalTale.com","og_description":"Mudel 25996.11000.27 EAN. 5905369916281 Materjal teras \u00dcldine k\u00f5rgus (cm) 3 \u00dcldine laius (cm) 11 Aluse m\u00f5\u00f5tmed (cm) 3 (k\u00f5rgus) Paigalduskruvid","og_url":"https:\/\/metaltale.com\/et\/toode\/rustic-mooblinupp-otsevabastusega\/","og_site_name":"MetalTale.com","twitter_card":"summary_large_image","twitter_misc":{"Est. reading time":"1 minut"},"schema":{"@context":"https:\/\/schema.org","@graph":[{"@type":"WebPage","@id":"https:\/\/metaltale.com\/et\/toode\/rustic-mooblinupp-otsevabastusega\/","url":"https:\/\/metaltale.com\/et\/toode\/rustic-mooblinupp-otsevabastusega\/","name":"RUSTIC m\u00f6\u00f6blinupp otsevabastusega - MetalTale.com","isPartOf":{"@id":"https:\/\/metaltale.com\/et\/#website"},"primaryImageOfPage":{"@id":"https:\/\/metaltale.com\/et\/toode\/rustic-mooblinupp-otsevabastusega\/#primaryimage"},"image":{"@id":"https:\/\/metaltale.com\/et\/toode\/rustic-mooblinupp-otsevabastusega\/#primaryimage"},"thumbnailUrl":"https:\/\/metaltale.com\/wp-content\/uploads\/2023\/10\/Baldx173-rankenx117lx117-RUSTIC-SU-TIESIA-Ix160KABA.jpg","datePublished":"2024-02-13T12:07:41+00:00","breadcrumb":{"@id":"https:\/\/metaltale.com\/et\/toode\/rustic-mooblinupp-otsevabastusega\/#breadcrumb"},"inLanguage":"et","potentialAction":[{"@type":"ReadAction","target":["https:\/\/metaltale.com\/et\/toode\/rustic-mooblinupp-otsevabastusega\/"]}]},{"@type":"ImageObject","inLanguage":"et","@id":"https:\/\/metaltale.com\/et\/toode\/rustic-mooblinupp-otsevabastusega\/#primaryimage","url":"https:\/\/metaltale.com\/wp-content\/uploads\/2023\/10\/Baldx173-rankenx117lx117-RUSTIC-SU-TIESIA-Ix160KABA.jpg","contentUrl":"https:\/\/metaltale.com\/wp-content\/uploads\/2023\/10\/Baldx173-rankenx117lx117-RUSTIC-SU-TIESIA-Ix160KABA.jpg","width":800,"height":800,"caption":"RUSTIC m\u00f6\u00f6blinupp otsevabastusega"},{"@type":"BreadcrumbList","@id":"https:\/\/metaltale.com\/et\/toode\/rustic-mooblinupp-otsevabastusega\/#breadcrumb","itemListElement":[{"@type":"ListItem","position":1,"name":"Home","item":"https:\/\/metaltale.com\/et\/kodu\/"},{"@type":"ListItem","position":2,"name":"Kauplus","item":"https:\/\/metaltale.com\/et\/shop\/"},{"@type":"ListItem","position":3,"name":"RUSTIC m\u00f6\u00f6blinupp otsevabastusega"}]},{"@type":"WebSite","@id":"https:\/\/metaltale.com\/et\/#website","url":"https:\/\/metaltale.com\/et\/","name":"Metaltale.com","description":"","potentialAction":[{"@type":"SearchAction","target":{"@type":"EntryPoint","urlTemplate":"https:\/\/metaltale.com\/et\/?s={search_term_string}"},"query-input":{"@type":"PropertyValueSpecification","valueRequired":true,"valueName":"search_term_string"}}],"inLanguage":"et"}]}},"_links":{"self":[{"href":"https:\/\/metaltale.com\/et\/wp-json\/wp\/v2\/product\/138419","targetHints":{"allow":["GET"]}}],"collection":[{"href":"https:\/\/metaltale.com\/et\/wp-json\/wp\/v2\/product"}],"about":[{"href":"https:\/\/metaltale.com\/et\/wp-json\/wp\/v2\/types\/product"}],"replies":[{"embeddable":true,"href":"https:\/\/metaltale.com\/et\/wp-json\/wp\/v2\/comments?post=138419"}],"version-history":[{"count":0,"href":"https:\/\/metaltale.com\/et\/wp-json\/wp\/v2\/product\/138419\/revisions"}],"wp:featuredmedia":[{"embeddable":true,"href":"https:\/\/metaltale.com\/et\/wp-json\/wp\/v2\/media\/86111"}],"wp:attachment":[{"href":"https:\/\/metaltale.com\/et\/wp-json\/wp\/v2\/media?parent=138419"}],"wp:term":[{"taxonomy":"product_brand","embeddable":true,"href":"https:\/\/metaltale.com\/et\/wp-json\/wp\/v2\/product_brand?post=138419"},{"taxonomy":"product_cat","embeddable":true,"href":"https:\/\/metaltale.com\/et\/wp-json\/wp\/v2\/product_cat?post=138419"},{"taxonomy":"product_tag","embeddable":true,"href":"https:\/\/metaltale.com\/et\/wp-json\/wp\/v2\/product_tag?post=138419"}],"curies":[{"name":"wp","href":"https:\/\/api.w.org\/{rel}","templated":true}]}}