{"id":138410,"date":"2024-02-13T14:07:41","date_gmt":"2024-02-13T12:07:41","guid":{"rendered":"https:\/\/metaltale.com\/produktas\/wc-paberihoidja-toileti-kaunistusega-koristatud\/"},"modified":"2024-02-13T14:07:41","modified_gmt":"2024-02-13T12:07:41","slug":"wc-paberihoidja-toileti-kaunistusega-koristatud","status":"publish","type":"product","link":"https:\/\/metaltale.com\/et\/toode\/wc-paberihoidja-toileti-kaunistusega-koristatud\/","title":{"rendered":"WC-paberihoidja TOILETI KAUNISTUSEGA KORISTATUD"},"content":{"rendered":"<div class=\"prod_data\">\n<p><strong>Mudel<\/strong> 01.623.AI.250<br \/>\n<strong>EAN.<\/strong>  5905369921421<br \/>\nMaterjal Ketus<br \/>\n\u00dcldine k\u00f5rgus (cm) 28<br \/>\n<strong>\u00dcldine laius (cm)<\/strong> 17<br \/>\n<strong>V\u00e4rv<\/strong> teras<\/p>\n<p>&#8211; kaunistatud WC-paberihoidja, mis on valmistatud kvaliteetsetest liistudest<br \/>\n&#8211; on t\u00e4iuslik vannitoa kaunistus retro stiilis<br \/>\n&#8211; kinnitatakse nii seinte kui ka puitpindade k\u00fclge<br \/>\n&#8211; on kaks kinnitusauku, kruvid kaasas<\/p>\n<hr>\n<p><strong>WC-paberihoidja<\/strong> v\u00f5ib olla ka v\u00e4ga muljetavaldav aksessuaar, mis suurendab kogu vannitoa visuaalset elamust. Rikkalikult kaunistatud lillemotiivid, mis on paigutatud kenasse rustikaalsesse tahvlikujusse, muudavad k\u00e4epideme v\u00e4ga v\u00e4\u00e4rtuslikuks antiigiks.<\/p>\n<p>Dekoratiivset v\u00e4ljan\u00e4gemist suurendab ka hoolikalt valitud ja ettevalmistatud puiduliik, mida kasutatakse paberirulli kandva k\u00e4epideme jaoks. Lihtne ja stabiilne paigaldus on tagatud komplekti kuuluvate h\u00e4sti valitud kinnituskruvide abil.<\/p>\n<p>Tere tulemast meie maal\u00e4hedaste k\u00e4epidemete poe pealehele, kus saate tutvuda meie m\u00f6\u00f6blitarvikute, m\u00f6\u00f6blik\u00e4epidemete ja m\u00f6\u00f6blivarustuse pakkumisega.<\/p>\n<\/div>\n","protected":false},"excerpt":{"rendered":"<p>Mudel 01.623.AI.250 EAN. 5905369921421 Materjal Ketus \u00dcldine k\u00f5rgus (cm) 28 \u00dcldine laius (cm) 17 V\u00e4rv teras &#8211; kaunistatud WC-paberihoidja, mis<\/p>\n","protected":false},"featured_media":68949,"comment_status":"open","ping_status":"closed","template":"","meta":{"_acf_changed":false,"pmpro_default_level":""},"product_brand":[],"product_cat":[23836,23863],"product_tag":[],"class_list":{"0":"post-138410","1":"product","2":"type-product","3":"status-publish","4":"has-post-thumbnail","6":"product_cat-moobli-tarvikud","7":"product_cat-popieriaus-laikikliai-et","8":"pmpro-has-access","10":"first","11":"instock","12":"shipping-taxable","13":"purchasable","14":"product-type-simple"},"acf":[],"yoast_head":"<!-- This site is optimized with the Yoast SEO plugin v24.9 - https:\/\/yoast.com\/wordpress\/plugins\/seo\/ -->\n<title>WC-paberihoidja TOILETI KAUNISTUSEGA KORISTATUD - MetalTale.com<\/title>\n<meta name=\"robots\" content=\"index, follow, max-snippet:-1, max-image-preview:large, max-video-preview:-1\" \/>\n<link rel=\"canonical\" href=\"https:\/\/metaltale.com\/et\/toode\/wc-paberihoidja-toileti-kaunistusega-koristatud\/\" \/>\n<meta property=\"og:locale\" content=\"et_EE\" \/>\n<meta property=\"og:type\" content=\"article\" \/>\n<meta property=\"og:title\" content=\"WC-paberihoidja TOILETI KAUNISTUSEGA KORISTATUD - MetalTale.com\" \/>\n<meta property=\"og:description\" content=\"Mudel 01.623.AI.250 EAN. 5905369921421 Materjal Ketus \u00dcldine k\u00f5rgus (cm) 28 \u00dcldine laius (cm) 17 V\u00e4rv teras &#8211; kaunistatud WC-paberihoidja, mis\" \/>\n<meta property=\"og:url\" content=\"https:\/\/metaltale.com\/et\/toode\/wc-paberihoidja-toileti-kaunistusega-koristatud\/\" \/>\n<meta property=\"og:site_name\" content=\"MetalTale.com\" \/>\n<meta name=\"twitter:card\" content=\"summary_large_image\" \/>\n<meta name=\"twitter:label1\" content=\"Est. reading time\" \/>\n\t<meta name=\"twitter:data1\" content=\"1 minut\" \/>\n<script type=\"application\/ld+json\" class=\"yoast-schema-graph\">{\"@context\":\"https:\/\/schema.org\",\"@graph\":[{\"@type\":\"WebPage\",\"@id\":\"https:\/\/metaltale.com\/et\/toode\/wc-paberihoidja-toileti-kaunistusega-koristatud\/\",\"url\":\"https:\/\/metaltale.com\/et\/toode\/wc-paberihoidja-toileti-kaunistusega-koristatud\/\",\"name\":\"WC-paberihoidja TOILETI KAUNISTUSEGA KORISTATUD - MetalTale.com\",\"isPartOf\":{\"@id\":\"https:\/\/metaltale.com\/et\/#website\"},\"primaryImageOfPage\":{\"@id\":\"https:\/\/metaltale.com\/et\/toode\/wc-paberihoidja-toileti-kaunistusega-koristatud\/#primaryimage\"},\"image\":{\"@id\":\"https:\/\/metaltale.com\/et\/toode\/wc-paberihoidja-toileti-kaunistusega-koristatud\/#primaryimage\"},\"thumbnailUrl\":\"https:\/\/metaltale.com\/wp-content\/uploads\/2023\/09\/Tualeto-ritinx117lio-laikiklis-TUALETAS-DEKORUOTAS.jpg\",\"datePublished\":\"2024-02-13T12:07:41+00:00\",\"breadcrumb\":{\"@id\":\"https:\/\/metaltale.com\/et\/toode\/wc-paberihoidja-toileti-kaunistusega-koristatud\/#breadcrumb\"},\"inLanguage\":\"et\",\"potentialAction\":[{\"@type\":\"ReadAction\",\"target\":[\"https:\/\/metaltale.com\/et\/toode\/wc-paberihoidja-toileti-kaunistusega-koristatud\/\"]}]},{\"@type\":\"ImageObject\",\"inLanguage\":\"et\",\"@id\":\"https:\/\/metaltale.com\/et\/toode\/wc-paberihoidja-toileti-kaunistusega-koristatud\/#primaryimage\",\"url\":\"https:\/\/metaltale.com\/wp-content\/uploads\/2023\/09\/Tualeto-ritinx117lio-laikiklis-TUALETAS-DEKORUOTAS.jpg\",\"contentUrl\":\"https:\/\/metaltale.com\/wp-content\/uploads\/2023\/09\/Tualeto-ritinx117lio-laikiklis-TUALETAS-DEKORUOTAS.jpg\",\"width\":800,\"height\":800,\"caption\":\"WC-paberihoidja TOILETI KAUNISTUSEGA KORISTATUD\"},{\"@type\":\"BreadcrumbList\",\"@id\":\"https:\/\/metaltale.com\/et\/toode\/wc-paberihoidja-toileti-kaunistusega-koristatud\/#breadcrumb\",\"itemListElement\":[{\"@type\":\"ListItem\",\"position\":1,\"name\":\"Home\",\"item\":\"https:\/\/metaltale.com\/et\/kodu\/\"},{\"@type\":\"ListItem\",\"position\":2,\"name\":\"Kauplus\",\"item\":\"https:\/\/metaltale.com\/et\/shop\/\"},{\"@type\":\"ListItem\",\"position\":3,\"name\":\"WC-paberihoidja TOILETI KAUNISTUSEGA KORISTATUD\"}]},{\"@type\":\"WebSite\",\"@id\":\"https:\/\/metaltale.com\/et\/#website\",\"url\":\"https:\/\/metaltale.com\/et\/\",\"name\":\"Metaltale.com\",\"description\":\"\",\"potentialAction\":[{\"@type\":\"SearchAction\",\"target\":{\"@type\":\"EntryPoint\",\"urlTemplate\":\"https:\/\/metaltale.com\/et\/?s={search_term_string}\"},\"query-input\":{\"@type\":\"PropertyValueSpecification\",\"valueRequired\":true,\"valueName\":\"search_term_string\"}}],\"inLanguage\":\"et\"}]}<\/script>\n<!-- \/ Yoast SEO plugin. -->","yoast_head_json":{"title":"WC-paberihoidja TOILETI KAUNISTUSEGA KORISTATUD - MetalTale.com","robots":{"index":"index","follow":"follow","max-snippet":"max-snippet:-1","max-image-preview":"max-image-preview:large","max-video-preview":"max-video-preview:-1"},"canonical":"https:\/\/metaltale.com\/et\/toode\/wc-paberihoidja-toileti-kaunistusega-koristatud\/","og_locale":"et_EE","og_type":"article","og_title":"WC-paberihoidja TOILETI KAUNISTUSEGA KORISTATUD - MetalTale.com","og_description":"Mudel 01.623.AI.250 EAN. 5905369921421 Materjal Ketus \u00dcldine k\u00f5rgus (cm) 28 \u00dcldine laius (cm) 17 V\u00e4rv teras &#8211; kaunistatud WC-paberihoidja, mis","og_url":"https:\/\/metaltale.com\/et\/toode\/wc-paberihoidja-toileti-kaunistusega-koristatud\/","og_site_name":"MetalTale.com","twitter_card":"summary_large_image","twitter_misc":{"Est. reading time":"1 minut"},"schema":{"@context":"https:\/\/schema.org","@graph":[{"@type":"WebPage","@id":"https:\/\/metaltale.com\/et\/toode\/wc-paberihoidja-toileti-kaunistusega-koristatud\/","url":"https:\/\/metaltale.com\/et\/toode\/wc-paberihoidja-toileti-kaunistusega-koristatud\/","name":"WC-paberihoidja TOILETI KAUNISTUSEGA KORISTATUD - MetalTale.com","isPartOf":{"@id":"https:\/\/metaltale.com\/et\/#website"},"primaryImageOfPage":{"@id":"https:\/\/metaltale.com\/et\/toode\/wc-paberihoidja-toileti-kaunistusega-koristatud\/#primaryimage"},"image":{"@id":"https:\/\/metaltale.com\/et\/toode\/wc-paberihoidja-toileti-kaunistusega-koristatud\/#primaryimage"},"thumbnailUrl":"https:\/\/metaltale.com\/wp-content\/uploads\/2023\/09\/Tualeto-ritinx117lio-laikiklis-TUALETAS-DEKORUOTAS.jpg","datePublished":"2024-02-13T12:07:41+00:00","breadcrumb":{"@id":"https:\/\/metaltale.com\/et\/toode\/wc-paberihoidja-toileti-kaunistusega-koristatud\/#breadcrumb"},"inLanguage":"et","potentialAction":[{"@type":"ReadAction","target":["https:\/\/metaltale.com\/et\/toode\/wc-paberihoidja-toileti-kaunistusega-koristatud\/"]}]},{"@type":"ImageObject","inLanguage":"et","@id":"https:\/\/metaltale.com\/et\/toode\/wc-paberihoidja-toileti-kaunistusega-koristatud\/#primaryimage","url":"https:\/\/metaltale.com\/wp-content\/uploads\/2023\/09\/Tualeto-ritinx117lio-laikiklis-TUALETAS-DEKORUOTAS.jpg","contentUrl":"https:\/\/metaltale.com\/wp-content\/uploads\/2023\/09\/Tualeto-ritinx117lio-laikiklis-TUALETAS-DEKORUOTAS.jpg","width":800,"height":800,"caption":"WC-paberihoidja TOILETI KAUNISTUSEGA KORISTATUD"},{"@type":"BreadcrumbList","@id":"https:\/\/metaltale.com\/et\/toode\/wc-paberihoidja-toileti-kaunistusega-koristatud\/#breadcrumb","itemListElement":[{"@type":"ListItem","position":1,"name":"Home","item":"https:\/\/metaltale.com\/et\/kodu\/"},{"@type":"ListItem","position":2,"name":"Kauplus","item":"https:\/\/metaltale.com\/et\/shop\/"},{"@type":"ListItem","position":3,"name":"WC-paberihoidja TOILETI KAUNISTUSEGA KORISTATUD"}]},{"@type":"WebSite","@id":"https:\/\/metaltale.com\/et\/#website","url":"https:\/\/metaltale.com\/et\/","name":"Metaltale.com","description":"","potentialAction":[{"@type":"SearchAction","target":{"@type":"EntryPoint","urlTemplate":"https:\/\/metaltale.com\/et\/?s={search_term_string}"},"query-input":{"@type":"PropertyValueSpecification","valueRequired":true,"valueName":"search_term_string"}}],"inLanguage":"et"}]}},"_links":{"self":[{"href":"https:\/\/metaltale.com\/et\/wp-json\/wp\/v2\/product\/138410","targetHints":{"allow":["GET"]}}],"collection":[{"href":"https:\/\/metaltale.com\/et\/wp-json\/wp\/v2\/product"}],"about":[{"href":"https:\/\/metaltale.com\/et\/wp-json\/wp\/v2\/types\/product"}],"replies":[{"embeddable":true,"href":"https:\/\/metaltale.com\/et\/wp-json\/wp\/v2\/comments?post=138410"}],"version-history":[{"count":0,"href":"https:\/\/metaltale.com\/et\/wp-json\/wp\/v2\/product\/138410\/revisions"}],"wp:featuredmedia":[{"embeddable":true,"href":"https:\/\/metaltale.com\/et\/wp-json\/wp\/v2\/media\/68949"}],"wp:attachment":[{"href":"https:\/\/metaltale.com\/et\/wp-json\/wp\/v2\/media?parent=138410"}],"wp:term":[{"taxonomy":"product_brand","embeddable":true,"href":"https:\/\/metaltale.com\/et\/wp-json\/wp\/v2\/product_brand?post=138410"},{"taxonomy":"product_cat","embeddable":true,"href":"https:\/\/metaltale.com\/et\/wp-json\/wp\/v2\/product_cat?post=138410"},{"taxonomy":"product_tag","embeddable":true,"href":"https:\/\/metaltale.com\/et\/wp-json\/wp\/v2\/product_tag?post=138410"}],"curies":[{"name":"wp","href":"https:\/\/api.w.org\/{rel}","templated":true}]}}