{"id":138409,"date":"2024-02-13T14:07:41","date_gmt":"2024-02-13T12:07:41","guid":{"rendered":"https:\/\/metaltale.com\/produktas\/wc-paberi-hoidja-railway-gwr\/"},"modified":"2024-02-13T14:07:41","modified_gmt":"2024-02-13T12:07:41","slug":"wc-paberi-hoidja-railway-gwr","status":"publish","type":"product","link":"https:\/\/metaltale.com\/et\/toode\/wc-paberi-hoidja-railway-gwr\/","title":{"rendered":"WC-paberi hoidja RAILWAY GWR"},"content":{"rendered":"<div class=\"prod_data\">\n<p><strong>Mudel<\/strong> 01.624G. AI.180<br \/>\n<strong>EAN.<\/strong>  5905369921322<br \/>\n<strong>Materjal<\/strong> teras<br \/>\n<strong>\u00dcldine k\u00f5rgus (cm)<\/strong> 15<br \/>\n<strong>\u00dcldine laius (cm)<\/strong> 19<br \/>\n<strong>Aluse m\u00f5\u00f5tmed (cm<\/strong> ) 14,5 x 12,4<br \/>\n<strong>V\u00e4rv<\/strong> teras<\/p>\n<p>&#8211; kaunistatud WC-paberihoidja, mis on valmistatud kvaliteetsetest liistudest<br \/>\n&#8211; on t\u00e4iuslik vannitoa kaunistus retro stiilis<br \/>\n&#8211; kinnitatakse nii seinte kui ka puitpindade k\u00fclge<br \/>\n&#8211; on kaks kinnitusauku, kruvid kaasas<\/p>\n<hr>\n<p><strong>Retro m\u00f6\u00f6blitarvikud<\/strong>, olenemata nende funktsioonist, v\u00f5ivad olla \u00fcllatavalt rikkalike vormide, vormide ja kaunistuste poolest. T\u00f5elise maal\u00e4hedase stiili armastaja jaoks on oluline valida \u00f5igeid sisustuselemente, isegi k\u00f5ige v\u00e4iksemaid.<\/p>\n<p>Kavandatud <strong>tualettpaberi rullihoidja<\/strong> on muljetavaldav praktiline lahendus, mis parandab oluliselt iga vannitoa visuaalset kogemust. Kinnituselement valmistati k\u00f5rgekvaliteedilisest malmsulamist dekoratiivse plaadiplaaniga, mis meenutab v\u00e4limuselt t\u00f6\u00f6stusliku arengu uhkust.<\/p>\n<p>Kinnitatakse nii seintele kui ka puitpindadele.<\/p>\n<p>Sellel on kaks kinnitusauku ja kruvid.<\/p>\n<p>Tere tulemast meie maal\u00e4hedaste k\u00e4epidemete poe pealehele, kus saate tutvuda meie m\u00f6\u00f6blitarvikute, m\u00f6\u00f6blik\u00e4epidemete ja m\u00f6\u00f6blivarustuse pakkumisega.<\/p>\n<\/div>\n","protected":false},"excerpt":{"rendered":"<p>Mudel 01.624G. AI.180 EAN. 5905369921322 Materjal teras \u00dcldine k\u00f5rgus (cm) 15 \u00dcldine laius (cm) 19 Aluse m\u00f5\u00f5tmed (cm ) 14,5<\/p>\n","protected":false},"featured_media":68922,"comment_status":"open","ping_status":"closed","template":"","meta":{"_acf_changed":false,"pmpro_default_level":""},"product_brand":[],"product_cat":[23836,23863],"product_tag":[],"class_list":{"0":"post-138409","1":"product","2":"type-product","3":"status-publish","4":"has-post-thumbnail","6":"product_cat-moobli-tarvikud","7":"product_cat-popieriaus-laikikliai-et","8":"pmpro-has-access","10":"first","11":"instock","12":"shipping-taxable","13":"purchasable","14":"product-type-simple"},"acf":[],"yoast_head":"<!-- This site is optimized with the Yoast SEO plugin v24.9 - https:\/\/yoast.com\/wordpress\/plugins\/seo\/ -->\n<title>WC-paberi hoidja RAILWAY GWR - MetalTale.com<\/title>\n<meta name=\"robots\" content=\"index, follow, max-snippet:-1, max-image-preview:large, max-video-preview:-1\" \/>\n<link rel=\"canonical\" href=\"https:\/\/metaltale.com\/et\/toode\/wc-paberi-hoidja-railway-gwr\/\" \/>\n<meta property=\"og:locale\" content=\"et_EE\" \/>\n<meta property=\"og:type\" content=\"article\" \/>\n<meta property=\"og:title\" content=\"WC-paberi hoidja RAILWAY GWR - MetalTale.com\" \/>\n<meta property=\"og:description\" content=\"Mudel 01.624G. AI.180 EAN. 5905369921322 Materjal teras \u00dcldine k\u00f5rgus (cm) 15 \u00dcldine laius (cm) 19 Aluse m\u00f5\u00f5tmed (cm ) 14,5\" \/>\n<meta property=\"og:url\" content=\"https:\/\/metaltale.com\/et\/toode\/wc-paberi-hoidja-railway-gwr\/\" \/>\n<meta property=\"og:site_name\" content=\"MetalTale.com\" \/>\n<meta name=\"twitter:card\" content=\"summary_large_image\" \/>\n<meta name=\"twitter:label1\" content=\"Est. reading time\" \/>\n\t<meta name=\"twitter:data1\" content=\"1 minut\" \/>\n<script type=\"application\/ld+json\" class=\"yoast-schema-graph\">{\"@context\":\"https:\/\/schema.org\",\"@graph\":[{\"@type\":\"WebPage\",\"@id\":\"https:\/\/metaltale.com\/et\/toode\/wc-paberi-hoidja-railway-gwr\/\",\"url\":\"https:\/\/metaltale.com\/et\/toode\/wc-paberi-hoidja-railway-gwr\/\",\"name\":\"WC-paberi hoidja RAILWAY GWR - MetalTale.com\",\"isPartOf\":{\"@id\":\"https:\/\/metaltale.com\/et\/#website\"},\"primaryImageOfPage\":{\"@id\":\"https:\/\/metaltale.com\/et\/toode\/wc-paberi-hoidja-railway-gwr\/#primaryimage\"},\"image\":{\"@id\":\"https:\/\/metaltale.com\/et\/toode\/wc-paberi-hoidja-railway-gwr\/#primaryimage\"},\"thumbnailUrl\":\"https:\/\/metaltale.com\/wp-content\/uploads\/2023\/09\/Tualeto-ritinio-laikiklis-RAILWAY-GWR.jpg\",\"datePublished\":\"2024-02-13T12:07:41+00:00\",\"breadcrumb\":{\"@id\":\"https:\/\/metaltale.com\/et\/toode\/wc-paberi-hoidja-railway-gwr\/#breadcrumb\"},\"inLanguage\":\"et\",\"potentialAction\":[{\"@type\":\"ReadAction\",\"target\":[\"https:\/\/metaltale.com\/et\/toode\/wc-paberi-hoidja-railway-gwr\/\"]}]},{\"@type\":\"ImageObject\",\"inLanguage\":\"et\",\"@id\":\"https:\/\/metaltale.com\/et\/toode\/wc-paberi-hoidja-railway-gwr\/#primaryimage\",\"url\":\"https:\/\/metaltale.com\/wp-content\/uploads\/2023\/09\/Tualeto-ritinio-laikiklis-RAILWAY-GWR.jpg\",\"contentUrl\":\"https:\/\/metaltale.com\/wp-content\/uploads\/2023\/09\/Tualeto-ritinio-laikiklis-RAILWAY-GWR.jpg\",\"width\":800,\"height\":800,\"caption\":\"WC-paberi hoidja RAILWAY GWR\"},{\"@type\":\"BreadcrumbList\",\"@id\":\"https:\/\/metaltale.com\/et\/toode\/wc-paberi-hoidja-railway-gwr\/#breadcrumb\",\"itemListElement\":[{\"@type\":\"ListItem\",\"position\":1,\"name\":\"Home\",\"item\":\"https:\/\/metaltale.com\/et\/kodu\/\"},{\"@type\":\"ListItem\",\"position\":2,\"name\":\"Kauplus\",\"item\":\"https:\/\/metaltale.com\/et\/shop\/\"},{\"@type\":\"ListItem\",\"position\":3,\"name\":\"WC-paberi hoidja RAILWAY GWR\"}]},{\"@type\":\"WebSite\",\"@id\":\"https:\/\/metaltale.com\/et\/#website\",\"url\":\"https:\/\/metaltale.com\/et\/\",\"name\":\"Metaltale.com\",\"description\":\"\",\"potentialAction\":[{\"@type\":\"SearchAction\",\"target\":{\"@type\":\"EntryPoint\",\"urlTemplate\":\"https:\/\/metaltale.com\/et\/?s={search_term_string}\"},\"query-input\":{\"@type\":\"PropertyValueSpecification\",\"valueRequired\":true,\"valueName\":\"search_term_string\"}}],\"inLanguage\":\"et\"}]}<\/script>\n<!-- \/ Yoast SEO plugin. -->","yoast_head_json":{"title":"WC-paberi hoidja RAILWAY GWR - MetalTale.com","robots":{"index":"index","follow":"follow","max-snippet":"max-snippet:-1","max-image-preview":"max-image-preview:large","max-video-preview":"max-video-preview:-1"},"canonical":"https:\/\/metaltale.com\/et\/toode\/wc-paberi-hoidja-railway-gwr\/","og_locale":"et_EE","og_type":"article","og_title":"WC-paberi hoidja RAILWAY GWR - MetalTale.com","og_description":"Mudel 01.624G. AI.180 EAN. 5905369921322 Materjal teras \u00dcldine k\u00f5rgus (cm) 15 \u00dcldine laius (cm) 19 Aluse m\u00f5\u00f5tmed (cm ) 14,5","og_url":"https:\/\/metaltale.com\/et\/toode\/wc-paberi-hoidja-railway-gwr\/","og_site_name":"MetalTale.com","twitter_card":"summary_large_image","twitter_misc":{"Est. reading time":"1 minut"},"schema":{"@context":"https:\/\/schema.org","@graph":[{"@type":"WebPage","@id":"https:\/\/metaltale.com\/et\/toode\/wc-paberi-hoidja-railway-gwr\/","url":"https:\/\/metaltale.com\/et\/toode\/wc-paberi-hoidja-railway-gwr\/","name":"WC-paberi hoidja RAILWAY GWR - MetalTale.com","isPartOf":{"@id":"https:\/\/metaltale.com\/et\/#website"},"primaryImageOfPage":{"@id":"https:\/\/metaltale.com\/et\/toode\/wc-paberi-hoidja-railway-gwr\/#primaryimage"},"image":{"@id":"https:\/\/metaltale.com\/et\/toode\/wc-paberi-hoidja-railway-gwr\/#primaryimage"},"thumbnailUrl":"https:\/\/metaltale.com\/wp-content\/uploads\/2023\/09\/Tualeto-ritinio-laikiklis-RAILWAY-GWR.jpg","datePublished":"2024-02-13T12:07:41+00:00","breadcrumb":{"@id":"https:\/\/metaltale.com\/et\/toode\/wc-paberi-hoidja-railway-gwr\/#breadcrumb"},"inLanguage":"et","potentialAction":[{"@type":"ReadAction","target":["https:\/\/metaltale.com\/et\/toode\/wc-paberi-hoidja-railway-gwr\/"]}]},{"@type":"ImageObject","inLanguage":"et","@id":"https:\/\/metaltale.com\/et\/toode\/wc-paberi-hoidja-railway-gwr\/#primaryimage","url":"https:\/\/metaltale.com\/wp-content\/uploads\/2023\/09\/Tualeto-ritinio-laikiklis-RAILWAY-GWR.jpg","contentUrl":"https:\/\/metaltale.com\/wp-content\/uploads\/2023\/09\/Tualeto-ritinio-laikiklis-RAILWAY-GWR.jpg","width":800,"height":800,"caption":"WC-paberi hoidja RAILWAY GWR"},{"@type":"BreadcrumbList","@id":"https:\/\/metaltale.com\/et\/toode\/wc-paberi-hoidja-railway-gwr\/#breadcrumb","itemListElement":[{"@type":"ListItem","position":1,"name":"Home","item":"https:\/\/metaltale.com\/et\/kodu\/"},{"@type":"ListItem","position":2,"name":"Kauplus","item":"https:\/\/metaltale.com\/et\/shop\/"},{"@type":"ListItem","position":3,"name":"WC-paberi hoidja RAILWAY GWR"}]},{"@type":"WebSite","@id":"https:\/\/metaltale.com\/et\/#website","url":"https:\/\/metaltale.com\/et\/","name":"Metaltale.com","description":"","potentialAction":[{"@type":"SearchAction","target":{"@type":"EntryPoint","urlTemplate":"https:\/\/metaltale.com\/et\/?s={search_term_string}"},"query-input":{"@type":"PropertyValueSpecification","valueRequired":true,"valueName":"search_term_string"}}],"inLanguage":"et"}]}},"_links":{"self":[{"href":"https:\/\/metaltale.com\/et\/wp-json\/wp\/v2\/product\/138409","targetHints":{"allow":["GET"]}}],"collection":[{"href":"https:\/\/metaltale.com\/et\/wp-json\/wp\/v2\/product"}],"about":[{"href":"https:\/\/metaltale.com\/et\/wp-json\/wp\/v2\/types\/product"}],"replies":[{"embeddable":true,"href":"https:\/\/metaltale.com\/et\/wp-json\/wp\/v2\/comments?post=138409"}],"version-history":[{"count":0,"href":"https:\/\/metaltale.com\/et\/wp-json\/wp\/v2\/product\/138409\/revisions"}],"wp:featuredmedia":[{"embeddable":true,"href":"https:\/\/metaltale.com\/et\/wp-json\/wp\/v2\/media\/68922"}],"wp:attachment":[{"href":"https:\/\/metaltale.com\/et\/wp-json\/wp\/v2\/media?parent=138409"}],"wp:term":[{"taxonomy":"product_brand","embeddable":true,"href":"https:\/\/metaltale.com\/et\/wp-json\/wp\/v2\/product_brand?post=138409"},{"taxonomy":"product_cat","embeddable":true,"href":"https:\/\/metaltale.com\/et\/wp-json\/wp\/v2\/product_cat?post=138409"},{"taxonomy":"product_tag","embeddable":true,"href":"https:\/\/metaltale.com\/et\/wp-json\/wp\/v2\/product_tag?post=138409"}],"curies":[{"name":"wp","href":"https:\/\/api.w.org\/{rel}","templated":true}]}}