{"id":138387,"date":"2024-02-13T14:11:05","date_gmt":"2024-02-13T12:11:05","guid":{"rendered":"https:\/\/metaltale.com\/produktas\/arrowhead-130-mm-roostetanud-ukselukk\/"},"modified":"2024-02-13T14:11:05","modified_gmt":"2024-02-13T12:11:05","slug":"arrowhead-130-mm-roostetanud-ukselukk","status":"publish","type":"product","link":"https:\/\/metaltale.com\/et\/toode\/arrowhead-130-mm-roostetanud-ukselukk\/","title":{"rendered":"ARROWHEAD 130 mm roostetanud ukselukk"},"content":{"rendered":"<div class=\"prod_data\">\n<p><strong>Mudel<\/strong> 03.341.RU.130<br \/>\n<strong>EAN.<\/strong>  5905369918698<br \/>\n<strong>Materjal<\/strong> teras<br \/>\n<strong>\u00dcldine k\u00f5rgus (cm)<\/strong> 5<br \/>\n<strong>\u00dcldine laius (cm)<\/strong> 12,3<br \/>\n<strong>Koguprojektsioon (cm)<\/strong> 3<br \/>\n<strong>V\u00e4rv<\/strong> roostes<\/p>\n<hr>\n<p>T\u00e4nap\u00e4eva interj\u00f6\u00f6rid ja nende kujundus pakuvad sisekujundajatele l\u00f5putuid v\u00f5imalusi. <strong>Country-stiili<\/strong> iseloomustab ka suur vabadus kombineerida erinevaid materjale. <strong>Roostevaba piigilukk<\/strong> on valmistatud k\u00f5rgeima kvaliteediga pressitud terasest, mis on teadlikult loodud vananema. Luku klassikalist kuju ja disaini r\u00f5hutab tugev rooste olemasolu, mis on originaalne viis tuua meie interj\u00f6\u00f6ridesse maal\u00e4hedast atmosf\u00e4\u00e4ri.<\/p>\n<hr>\n<\/div>\n","protected":false},"excerpt":{"rendered":"<p>Mudel 03.341.RU.130 EAN. 5905369918698 Materjal teras \u00dcldine k\u00f5rgus (cm) 5 \u00dcldine laius (cm) 12,3 Koguprojektsioon (cm) 3 V\u00e4rv roostes T\u00e4nap\u00e4eva<\/p>\n","protected":false},"featured_media":109626,"comment_status":"open","ping_status":"closed","template":"","meta":{"_acf_changed":false,"pmpro_default_level":""},"product_brand":[],"product_cat":[23836,23870],"product_tag":[],"class_list":{"0":"post-138387","1":"product","2":"type-product","3":"status-publish","4":"has-post-thumbnail","6":"product_cat-moobli-tarvikud","7":"product_cat-sklasciai-ir-kabliukai-et","8":"pmpro-has-access","10":"first","11":"instock","12":"shipping-taxable","13":"purchasable","14":"product-type-simple"},"acf":[],"yoast_head":"<!-- This site is optimized with the Yoast SEO plugin v24.9 - https:\/\/yoast.com\/wordpress\/plugins\/seo\/ -->\n<title>ARROWHEAD 130 mm roostetanud ukselukk - MetalTale.com<\/title>\n<meta name=\"robots\" content=\"index, follow, max-snippet:-1, max-image-preview:large, max-video-preview:-1\" \/>\n<link rel=\"canonical\" href=\"https:\/\/metaltale.com\/et\/toode\/arrowhead-130-mm-roostetanud-ukselukk\/\" \/>\n<meta property=\"og:locale\" content=\"et_EE\" \/>\n<meta property=\"og:type\" content=\"article\" \/>\n<meta property=\"og:title\" content=\"ARROWHEAD 130 mm roostetanud ukselukk - MetalTale.com\" \/>\n<meta property=\"og:description\" content=\"Mudel 03.341.RU.130 EAN. 5905369918698 Materjal teras \u00dcldine k\u00f5rgus (cm) 5 \u00dcldine laius (cm) 12,3 Koguprojektsioon (cm) 3 V\u00e4rv roostes T\u00e4nap\u00e4eva\" \/>\n<meta property=\"og:url\" content=\"https:\/\/metaltale.com\/et\/toode\/arrowhead-130-mm-roostetanud-ukselukk\/\" \/>\n<meta property=\"og:site_name\" content=\"MetalTale.com\" \/>\n<meta name=\"twitter:card\" content=\"summary_large_image\" \/>\n<script type=\"application\/ld+json\" class=\"yoast-schema-graph\">{\"@context\":\"https:\/\/schema.org\",\"@graph\":[{\"@type\":\"WebPage\",\"@id\":\"https:\/\/metaltale.com\/et\/toode\/arrowhead-130-mm-roostetanud-ukselukk\/\",\"url\":\"https:\/\/metaltale.com\/et\/toode\/arrowhead-130-mm-roostetanud-ukselukk\/\",\"name\":\"ARROWHEAD 130 mm roostetanud ukselukk - MetalTale.com\",\"isPartOf\":{\"@id\":\"https:\/\/metaltale.com\/et\/#website\"},\"primaryImageOfPage\":{\"@id\":\"https:\/\/metaltale.com\/et\/toode\/arrowhead-130-mm-roostetanud-ukselukk\/#primaryimage\"},\"image\":{\"@id\":\"https:\/\/metaltale.com\/et\/toode\/arrowhead-130-mm-roostetanud-ukselukk\/#primaryimage\"},\"thumbnailUrl\":\"https:\/\/metaltale.com\/wp-content\/uploads\/2023\/11\/Sagtis-su-smaigaliu-GROT-130-Rusted.jpg\",\"datePublished\":\"2024-02-13T12:11:05+00:00\",\"breadcrumb\":{\"@id\":\"https:\/\/metaltale.com\/et\/toode\/arrowhead-130-mm-roostetanud-ukselukk\/#breadcrumb\"},\"inLanguage\":\"et\",\"potentialAction\":[{\"@type\":\"ReadAction\",\"target\":[\"https:\/\/metaltale.com\/et\/toode\/arrowhead-130-mm-roostetanud-ukselukk\/\"]}]},{\"@type\":\"ImageObject\",\"inLanguage\":\"et\",\"@id\":\"https:\/\/metaltale.com\/et\/toode\/arrowhead-130-mm-roostetanud-ukselukk\/#primaryimage\",\"url\":\"https:\/\/metaltale.com\/wp-content\/uploads\/2023\/11\/Sagtis-su-smaigaliu-GROT-130-Rusted.jpg\",\"contentUrl\":\"https:\/\/metaltale.com\/wp-content\/uploads\/2023\/11\/Sagtis-su-smaigaliu-GROT-130-Rusted.jpg\",\"width\":800,\"height\":800,\"caption\":\"ARROWHEAD 130 mm roostetanud ukselukk\"},{\"@type\":\"BreadcrumbList\",\"@id\":\"https:\/\/metaltale.com\/et\/toode\/arrowhead-130-mm-roostetanud-ukselukk\/#breadcrumb\",\"itemListElement\":[{\"@type\":\"ListItem\",\"position\":1,\"name\":\"Home\",\"item\":\"https:\/\/metaltale.com\/et\/kodu\/\"},{\"@type\":\"ListItem\",\"position\":2,\"name\":\"Kauplus\",\"item\":\"https:\/\/metaltale.com\/et\/shop\/\"},{\"@type\":\"ListItem\",\"position\":3,\"name\":\"ARROWHEAD 130 mm roostetanud ukselukk\"}]},{\"@type\":\"WebSite\",\"@id\":\"https:\/\/metaltale.com\/et\/#website\",\"url\":\"https:\/\/metaltale.com\/et\/\",\"name\":\"Metaltale.com\",\"description\":\"\",\"potentialAction\":[{\"@type\":\"SearchAction\",\"target\":{\"@type\":\"EntryPoint\",\"urlTemplate\":\"https:\/\/metaltale.com\/et\/?s={search_term_string}\"},\"query-input\":{\"@type\":\"PropertyValueSpecification\",\"valueRequired\":true,\"valueName\":\"search_term_string\"}}],\"inLanguage\":\"et\"}]}<\/script>\n<!-- \/ Yoast SEO plugin. -->","yoast_head_json":{"title":"ARROWHEAD 130 mm roostetanud ukselukk - MetalTale.com","robots":{"index":"index","follow":"follow","max-snippet":"max-snippet:-1","max-image-preview":"max-image-preview:large","max-video-preview":"max-video-preview:-1"},"canonical":"https:\/\/metaltale.com\/et\/toode\/arrowhead-130-mm-roostetanud-ukselukk\/","og_locale":"et_EE","og_type":"article","og_title":"ARROWHEAD 130 mm roostetanud ukselukk - MetalTale.com","og_description":"Mudel 03.341.RU.130 EAN. 5905369918698 Materjal teras \u00dcldine k\u00f5rgus (cm) 5 \u00dcldine laius (cm) 12,3 Koguprojektsioon (cm) 3 V\u00e4rv roostes T\u00e4nap\u00e4eva","og_url":"https:\/\/metaltale.com\/et\/toode\/arrowhead-130-mm-roostetanud-ukselukk\/","og_site_name":"MetalTale.com","twitter_card":"summary_large_image","schema":{"@context":"https:\/\/schema.org","@graph":[{"@type":"WebPage","@id":"https:\/\/metaltale.com\/et\/toode\/arrowhead-130-mm-roostetanud-ukselukk\/","url":"https:\/\/metaltale.com\/et\/toode\/arrowhead-130-mm-roostetanud-ukselukk\/","name":"ARROWHEAD 130 mm roostetanud ukselukk - MetalTale.com","isPartOf":{"@id":"https:\/\/metaltale.com\/et\/#website"},"primaryImageOfPage":{"@id":"https:\/\/metaltale.com\/et\/toode\/arrowhead-130-mm-roostetanud-ukselukk\/#primaryimage"},"image":{"@id":"https:\/\/metaltale.com\/et\/toode\/arrowhead-130-mm-roostetanud-ukselukk\/#primaryimage"},"thumbnailUrl":"https:\/\/metaltale.com\/wp-content\/uploads\/2023\/11\/Sagtis-su-smaigaliu-GROT-130-Rusted.jpg","datePublished":"2024-02-13T12:11:05+00:00","breadcrumb":{"@id":"https:\/\/metaltale.com\/et\/toode\/arrowhead-130-mm-roostetanud-ukselukk\/#breadcrumb"},"inLanguage":"et","potentialAction":[{"@type":"ReadAction","target":["https:\/\/metaltale.com\/et\/toode\/arrowhead-130-mm-roostetanud-ukselukk\/"]}]},{"@type":"ImageObject","inLanguage":"et","@id":"https:\/\/metaltale.com\/et\/toode\/arrowhead-130-mm-roostetanud-ukselukk\/#primaryimage","url":"https:\/\/metaltale.com\/wp-content\/uploads\/2023\/11\/Sagtis-su-smaigaliu-GROT-130-Rusted.jpg","contentUrl":"https:\/\/metaltale.com\/wp-content\/uploads\/2023\/11\/Sagtis-su-smaigaliu-GROT-130-Rusted.jpg","width":800,"height":800,"caption":"ARROWHEAD 130 mm roostetanud ukselukk"},{"@type":"BreadcrumbList","@id":"https:\/\/metaltale.com\/et\/toode\/arrowhead-130-mm-roostetanud-ukselukk\/#breadcrumb","itemListElement":[{"@type":"ListItem","position":1,"name":"Home","item":"https:\/\/metaltale.com\/et\/kodu\/"},{"@type":"ListItem","position":2,"name":"Kauplus","item":"https:\/\/metaltale.com\/et\/shop\/"},{"@type":"ListItem","position":3,"name":"ARROWHEAD 130 mm roostetanud ukselukk"}]},{"@type":"WebSite","@id":"https:\/\/metaltale.com\/et\/#website","url":"https:\/\/metaltale.com\/et\/","name":"Metaltale.com","description":"","potentialAction":[{"@type":"SearchAction","target":{"@type":"EntryPoint","urlTemplate":"https:\/\/metaltale.com\/et\/?s={search_term_string}"},"query-input":{"@type":"PropertyValueSpecification","valueRequired":true,"valueName":"search_term_string"}}],"inLanguage":"et"}]}},"_links":{"self":[{"href":"https:\/\/metaltale.com\/et\/wp-json\/wp\/v2\/product\/138387","targetHints":{"allow":["GET"]}}],"collection":[{"href":"https:\/\/metaltale.com\/et\/wp-json\/wp\/v2\/product"}],"about":[{"href":"https:\/\/metaltale.com\/et\/wp-json\/wp\/v2\/types\/product"}],"replies":[{"embeddable":true,"href":"https:\/\/metaltale.com\/et\/wp-json\/wp\/v2\/comments?post=138387"}],"version-history":[{"count":0,"href":"https:\/\/metaltale.com\/et\/wp-json\/wp\/v2\/product\/138387\/revisions"}],"wp:featuredmedia":[{"embeddable":true,"href":"https:\/\/metaltale.com\/et\/wp-json\/wp\/v2\/media\/109626"}],"wp:attachment":[{"href":"https:\/\/metaltale.com\/et\/wp-json\/wp\/v2\/media?parent=138387"}],"wp:term":[{"taxonomy":"product_brand","embeddable":true,"href":"https:\/\/metaltale.com\/et\/wp-json\/wp\/v2\/product_brand?post=138387"},{"taxonomy":"product_cat","embeddable":true,"href":"https:\/\/metaltale.com\/et\/wp-json\/wp\/v2\/product_cat?post=138387"},{"taxonomy":"product_tag","embeddable":true,"href":"https:\/\/metaltale.com\/et\/wp-json\/wp\/v2\/product_tag?post=138387"}],"curies":[{"name":"wp","href":"https:\/\/api.w.org\/{rel}","templated":true}]}}