{"id":138381,"date":"2024-02-13T14:11:05","date_gmt":"2024-02-13T12:11:05","guid":{"rendered":"https:\/\/metaltale.com\/produktas\/ukselukk-skoblega-150-mm\/"},"modified":"2024-02-13T14:11:05","modified_gmt":"2024-02-13T12:11:05","slug":"ukselukk-skoblega-150-mm","status":"publish","type":"product","link":"https:\/\/metaltale.com\/et\/toode\/ukselukk-skoblega-150-mm\/","title":{"rendered":"Ukselukk SKOBLEga 150 mm"},"content":{"rendered":"<div class=\"prod_data\">\n<p><strong>Mudel<\/strong> 49.340..AI.150<br \/>\n<strong>EAN.<\/strong>  5905369918728<br \/>\n<strong>Materjal<\/strong> teras<br \/>\n<strong>\u00dcldine k\u00f5rgus (cm)<\/strong> 3,8<br \/>\n<strong>\u00dcldine laius (cm)<\/strong> 20,5<br \/>\n<strong>Koguprojektsioon (cm)<\/strong> 3<br \/>\n<strong>V\u00e4rv<\/strong> teras<\/p>\n<hr>\n<p><span style=\"font-size: medium;\">Klassikaline tippkvaliteedist pressitud terasest <strong>naelaga lukk<\/strong> on samal ajal lihtne ja t\u00f5hus viis kastide, kohvrite v\u00f5i m\u00f6\u00f6bli uste funktsionaalseks sulgemiseks. Maastikulises stiilis interj\u00f6\u00f6rid n\u00f5uavad \u00f5iget valikut retro aksessuaare. Kavandatav lukk oli varustatud pika raamiga, mis oli kinnitatud hingega, v\u00f5imaldades valitud sisu t\u00f5husat sulgemist. T\u00e4nu oma universaalsele kujule pakub lukk mitmesuguseid monteerimisv\u00f5imalusi s\u00f5ltuvalt kasutajate vajadustest ja n\u00f5uetest. Tere tulemast meie maal\u00e4hedaste k\u00e4epidemete poe pealehele, kus saate tutvuda meie m\u00f6\u00f6blitarvikute, m\u00f6\u00f6blik\u00e4epidemete ja m\u00f6\u00f6blivarustuse pakkumisega. <\/span><\/p>\n<hr>\n<\/div>\n","protected":false},"excerpt":{"rendered":"<p>Mudel 49.340..AI.150 EAN. 5905369918728 Materjal teras \u00dcldine k\u00f5rgus (cm) 3,8 \u00dcldine laius (cm) 20,5 Koguprojektsioon (cm) 3 V\u00e4rv teras Klassikaline<\/p>\n","protected":false},"featured_media":109609,"comment_status":"open","ping_status":"closed","template":"","meta":{"_acf_changed":false,"pmpro_default_level":""},"product_brand":[],"product_cat":[23836,23870],"product_tag":[],"class_list":{"0":"post-138381","1":"product","2":"type-product","3":"status-publish","4":"has-post-thumbnail","6":"product_cat-moobli-tarvikud","7":"product_cat-sklasciai-ir-kabliukai-et","8":"pmpro-has-access","10":"first","11":"instock","12":"shipping-taxable","13":"purchasable","14":"product-type-simple"},"acf":[],"yoast_head":"<!-- This site is optimized with the Yoast SEO plugin v24.9 - https:\/\/yoast.com\/wordpress\/plugins\/seo\/ -->\n<title>Ukselukk SKOBLEga 150 mm - MetalTale.com<\/title>\n<meta name=\"robots\" content=\"index, follow, max-snippet:-1, max-image-preview:large, max-video-preview:-1\" \/>\n<link rel=\"canonical\" href=\"https:\/\/metaltale.com\/et\/toode\/ukselukk-skoblega-150-mm\/\" \/>\n<meta property=\"og:locale\" content=\"et_EE\" \/>\n<meta property=\"og:type\" content=\"article\" \/>\n<meta property=\"og:title\" content=\"Ukselukk SKOBLEga 150 mm - MetalTale.com\" \/>\n<meta property=\"og:description\" content=\"Mudel 49.340..AI.150 EAN. 5905369918728 Materjal teras \u00dcldine k\u00f5rgus (cm) 3,8 \u00dcldine laius (cm) 20,5 Koguprojektsioon (cm) 3 V\u00e4rv teras Klassikaline\" \/>\n<meta property=\"og:url\" content=\"https:\/\/metaltale.com\/et\/toode\/ukselukk-skoblega-150-mm\/\" \/>\n<meta property=\"og:site_name\" content=\"MetalTale.com\" \/>\n<meta name=\"twitter:card\" content=\"summary_large_image\" \/>\n<meta name=\"twitter:label1\" content=\"Est. reading time\" \/>\n\t<meta name=\"twitter:data1\" content=\"1 minut\" \/>\n<script type=\"application\/ld+json\" class=\"yoast-schema-graph\">{\"@context\":\"https:\/\/schema.org\",\"@graph\":[{\"@type\":\"WebPage\",\"@id\":\"https:\/\/metaltale.com\/et\/toode\/ukselukk-skoblega-150-mm\/\",\"url\":\"https:\/\/metaltale.com\/et\/toode\/ukselukk-skoblega-150-mm\/\",\"name\":\"Ukselukk SKOBLEga 150 mm - MetalTale.com\",\"isPartOf\":{\"@id\":\"https:\/\/metaltale.com\/et\/#website\"},\"primaryImageOfPage\":{\"@id\":\"https:\/\/metaltale.com\/et\/toode\/ukselukk-skoblega-150-mm\/#primaryimage\"},\"image\":{\"@id\":\"https:\/\/metaltale.com\/et\/toode\/ukselukk-skoblega-150-mm\/#primaryimage\"},\"thumbnailUrl\":\"https:\/\/metaltale.com\/wp-content\/uploads\/2023\/11\/Sagtis-SU-SKOBEL-150.jpg\",\"datePublished\":\"2024-02-13T12:11:05+00:00\",\"breadcrumb\":{\"@id\":\"https:\/\/metaltale.com\/et\/toode\/ukselukk-skoblega-150-mm\/#breadcrumb\"},\"inLanguage\":\"et\",\"potentialAction\":[{\"@type\":\"ReadAction\",\"target\":[\"https:\/\/metaltale.com\/et\/toode\/ukselukk-skoblega-150-mm\/\"]}]},{\"@type\":\"ImageObject\",\"inLanguage\":\"et\",\"@id\":\"https:\/\/metaltale.com\/et\/toode\/ukselukk-skoblega-150-mm\/#primaryimage\",\"url\":\"https:\/\/metaltale.com\/wp-content\/uploads\/2023\/11\/Sagtis-SU-SKOBEL-150.jpg\",\"contentUrl\":\"https:\/\/metaltale.com\/wp-content\/uploads\/2023\/11\/Sagtis-SU-SKOBEL-150.jpg\",\"width\":800,\"height\":800,\"caption\":\"Ukselukk SKOBLEga 150 mm\"},{\"@type\":\"BreadcrumbList\",\"@id\":\"https:\/\/metaltale.com\/et\/toode\/ukselukk-skoblega-150-mm\/#breadcrumb\",\"itemListElement\":[{\"@type\":\"ListItem\",\"position\":1,\"name\":\"Home\",\"item\":\"https:\/\/metaltale.com\/et\/kodu\/\"},{\"@type\":\"ListItem\",\"position\":2,\"name\":\"Kauplus\",\"item\":\"https:\/\/metaltale.com\/et\/shop\/\"},{\"@type\":\"ListItem\",\"position\":3,\"name\":\"Ukselukk SKOBLEga 150 mm\"}]},{\"@type\":\"WebSite\",\"@id\":\"https:\/\/metaltale.com\/et\/#website\",\"url\":\"https:\/\/metaltale.com\/et\/\",\"name\":\"Metaltale.com\",\"description\":\"\",\"potentialAction\":[{\"@type\":\"SearchAction\",\"target\":{\"@type\":\"EntryPoint\",\"urlTemplate\":\"https:\/\/metaltale.com\/et\/?s={search_term_string}\"},\"query-input\":{\"@type\":\"PropertyValueSpecification\",\"valueRequired\":true,\"valueName\":\"search_term_string\"}}],\"inLanguage\":\"et\"}]}<\/script>\n<!-- \/ Yoast SEO plugin. -->","yoast_head_json":{"title":"Ukselukk SKOBLEga 150 mm - MetalTale.com","robots":{"index":"index","follow":"follow","max-snippet":"max-snippet:-1","max-image-preview":"max-image-preview:large","max-video-preview":"max-video-preview:-1"},"canonical":"https:\/\/metaltale.com\/et\/toode\/ukselukk-skoblega-150-mm\/","og_locale":"et_EE","og_type":"article","og_title":"Ukselukk SKOBLEga 150 mm - MetalTale.com","og_description":"Mudel 49.340..AI.150 EAN. 5905369918728 Materjal teras \u00dcldine k\u00f5rgus (cm) 3,8 \u00dcldine laius (cm) 20,5 Koguprojektsioon (cm) 3 V\u00e4rv teras Klassikaline","og_url":"https:\/\/metaltale.com\/et\/toode\/ukselukk-skoblega-150-mm\/","og_site_name":"MetalTale.com","twitter_card":"summary_large_image","twitter_misc":{"Est. reading time":"1 minut"},"schema":{"@context":"https:\/\/schema.org","@graph":[{"@type":"WebPage","@id":"https:\/\/metaltale.com\/et\/toode\/ukselukk-skoblega-150-mm\/","url":"https:\/\/metaltale.com\/et\/toode\/ukselukk-skoblega-150-mm\/","name":"Ukselukk SKOBLEga 150 mm - MetalTale.com","isPartOf":{"@id":"https:\/\/metaltale.com\/et\/#website"},"primaryImageOfPage":{"@id":"https:\/\/metaltale.com\/et\/toode\/ukselukk-skoblega-150-mm\/#primaryimage"},"image":{"@id":"https:\/\/metaltale.com\/et\/toode\/ukselukk-skoblega-150-mm\/#primaryimage"},"thumbnailUrl":"https:\/\/metaltale.com\/wp-content\/uploads\/2023\/11\/Sagtis-SU-SKOBEL-150.jpg","datePublished":"2024-02-13T12:11:05+00:00","breadcrumb":{"@id":"https:\/\/metaltale.com\/et\/toode\/ukselukk-skoblega-150-mm\/#breadcrumb"},"inLanguage":"et","potentialAction":[{"@type":"ReadAction","target":["https:\/\/metaltale.com\/et\/toode\/ukselukk-skoblega-150-mm\/"]}]},{"@type":"ImageObject","inLanguage":"et","@id":"https:\/\/metaltale.com\/et\/toode\/ukselukk-skoblega-150-mm\/#primaryimage","url":"https:\/\/metaltale.com\/wp-content\/uploads\/2023\/11\/Sagtis-SU-SKOBEL-150.jpg","contentUrl":"https:\/\/metaltale.com\/wp-content\/uploads\/2023\/11\/Sagtis-SU-SKOBEL-150.jpg","width":800,"height":800,"caption":"Ukselukk SKOBLEga 150 mm"},{"@type":"BreadcrumbList","@id":"https:\/\/metaltale.com\/et\/toode\/ukselukk-skoblega-150-mm\/#breadcrumb","itemListElement":[{"@type":"ListItem","position":1,"name":"Home","item":"https:\/\/metaltale.com\/et\/kodu\/"},{"@type":"ListItem","position":2,"name":"Kauplus","item":"https:\/\/metaltale.com\/et\/shop\/"},{"@type":"ListItem","position":3,"name":"Ukselukk SKOBLEga 150 mm"}]},{"@type":"WebSite","@id":"https:\/\/metaltale.com\/et\/#website","url":"https:\/\/metaltale.com\/et\/","name":"Metaltale.com","description":"","potentialAction":[{"@type":"SearchAction","target":{"@type":"EntryPoint","urlTemplate":"https:\/\/metaltale.com\/et\/?s={search_term_string}"},"query-input":{"@type":"PropertyValueSpecification","valueRequired":true,"valueName":"search_term_string"}}],"inLanguage":"et"}]}},"_links":{"self":[{"href":"https:\/\/metaltale.com\/et\/wp-json\/wp\/v2\/product\/138381","targetHints":{"allow":["GET"]}}],"collection":[{"href":"https:\/\/metaltale.com\/et\/wp-json\/wp\/v2\/product"}],"about":[{"href":"https:\/\/metaltale.com\/et\/wp-json\/wp\/v2\/types\/product"}],"replies":[{"embeddable":true,"href":"https:\/\/metaltale.com\/et\/wp-json\/wp\/v2\/comments?post=138381"}],"version-history":[{"count":0,"href":"https:\/\/metaltale.com\/et\/wp-json\/wp\/v2\/product\/138381\/revisions"}],"wp:featuredmedia":[{"embeddable":true,"href":"https:\/\/metaltale.com\/et\/wp-json\/wp\/v2\/media\/109609"}],"wp:attachment":[{"href":"https:\/\/metaltale.com\/et\/wp-json\/wp\/v2\/media?parent=138381"}],"wp:term":[{"taxonomy":"product_brand","embeddable":true,"href":"https:\/\/metaltale.com\/et\/wp-json\/wp\/v2\/product_brand?post=138381"},{"taxonomy":"product_cat","embeddable":true,"href":"https:\/\/metaltale.com\/et\/wp-json\/wp\/v2\/product_cat?post=138381"},{"taxonomy":"product_tag","embeddable":true,"href":"https:\/\/metaltale.com\/et\/wp-json\/wp\/v2\/product_tag?post=138381"}],"curies":[{"name":"wp","href":"https:\/\/api.w.org\/{rel}","templated":true}]}}