{"id":138379,"date":"2024-02-13T14:11:05","date_gmt":"2024-02-13T12:11:05","guid":{"rendered":"https:\/\/metaltale.com\/produktas\/sepistatud-rauast-uksekaepidemed-murcia-dekoratiivsed\/"},"modified":"2024-02-13T14:11:05","modified_gmt":"2024-02-13T12:11:05","slug":"sepistatud-rauast-uksekaepidemed-murcia-dekoratiivsed","status":"publish","type":"product","link":"https:\/\/metaltale.com\/et\/toode\/sepistatud-rauast-uksekaepidemed-murcia-dekoratiivsed\/","title":{"rendered":"Sepistatud rauast uksek\u00e4epidemed MURCIA dekoratiivsed"},"content":{"rendered":"<div class=\"prod_data\">\n<p><strong>Mudel<\/strong> AG.102P.PRGR<br \/>\n<strong>Materjal<\/strong> teras<br \/>\n\u00dcldine k\u00f5rgus (cm) 28<br \/>\n\u00dcldine laius (cm) 12<br \/>\n<strong>Koguprojektsioon (cm)<\/strong> 7<br \/>\n<strong>Aluse m\u00f5\u00f5tmed (cm<\/strong> ) 4,5&#215;28<br \/>\n<strong>Toetus<\/strong> Jah<br \/>\nPaigalduskruvid Jah<br \/>\nV\u00e4rv Must<br \/>\n<strong>Viimistlus<\/strong> Pehme, satiinne efekt<br \/>\n<strong>Pinna t\u00fc\u00fcp<\/strong> Silea<br \/>\n<strong>Kogus komplekti kohta<\/strong> 2 x k\u00e4epide\/k\u00e4epide + s\u00fcdamik + kinnituskruvid<\/p>\n<p>&#8211; Sisaldab kahte k\u00e4epidet (kuni 1 ukseleht), s\u00fcdamikku ja paigalduselemendid.<br \/>\n&#8211; k\u00e4epideme tagasil\u00f6\u00f6gimehhanism<\/p>\n<hr>\n<p>MURCJA mudel on terasest uksek\u00e4epide musta, poolmatt m\u00e4rgistuse v\u00f5i rosetiga. Variantide olemasolu v\u00f5imaldab k\u00e4epideme kasutamist erinevates ruumides, luues v\u00e4ga \u00fchtse ja l\u00e4bim\u00f5eldud minimaalse koridori kujunduse. V\u00e4ljaku pinnal on n\u00e4ha haamri j\u00e4lgi ja ka k\u00e4epide ise on rikkalikult kaunistatud. Sepistatud uksek\u00e4epideme dekoratiivsus sobib eriti h\u00e4sti koos tavalise ukselehega.<\/p>\n<hr>\n<\/div>\n","protected":false},"excerpt":{"rendered":"<p>Mudel AG.102P.PRGR Materjal teras \u00dcldine k\u00f5rgus (cm) 28 \u00dcldine laius (cm) 12 Koguprojektsioon (cm) 7 Aluse m\u00f5\u00f5tmed (cm ) 4,5&#215;28<\/p>\n","protected":false},"featured_media":0,"comment_status":"open","ping_status":"closed","template":"","meta":{"_acf_changed":false,"pmpro_default_level":""},"product_brand":[],"product_cat":[24162,23882,23836],"product_tag":[],"class_list":{"0":"post-138379","1":"product","2":"type-product","3":"status-publish","5":"product_cat-kaepidemed","6":"product_cat-duru-rankenos-duru-rankenos-et","7":"product_cat-moobli-tarvikud","8":"pmpro-has-access","10":"first","11":"instock","12":"shipping-taxable","13":"purchasable","14":"product-type-simple"},"acf":[],"yoast_head":"<!-- This site is optimized with the Yoast SEO plugin v24.9 - https:\/\/yoast.com\/wordpress\/plugins\/seo\/ -->\n<title>Sepistatud rauast uksek\u00e4epidemed MURCIA dekoratiivsed - MetalTale.com<\/title>\n<meta name=\"robots\" content=\"index, follow, max-snippet:-1, max-image-preview:large, max-video-preview:-1\" \/>\n<link rel=\"canonical\" href=\"https:\/\/metaltale.com\/et\/toode\/sepistatud-rauast-uksekaepidemed-murcia-dekoratiivsed\/\" \/>\n<meta property=\"og:locale\" content=\"et_EE\" \/>\n<meta property=\"og:type\" content=\"article\" \/>\n<meta property=\"og:title\" content=\"Sepistatud rauast uksek\u00e4epidemed MURCIA dekoratiivsed - MetalTale.com\" \/>\n<meta property=\"og:description\" content=\"Mudel AG.102P.PRGR Materjal teras \u00dcldine k\u00f5rgus (cm) 28 \u00dcldine laius (cm) 12 Koguprojektsioon (cm) 7 Aluse m\u00f5\u00f5tmed (cm ) 4,5&#215;28\" \/>\n<meta property=\"og:url\" content=\"https:\/\/metaltale.com\/et\/toode\/sepistatud-rauast-uksekaepidemed-murcia-dekoratiivsed\/\" \/>\n<meta property=\"og:site_name\" content=\"MetalTale.com\" \/>\n<meta name=\"twitter:card\" content=\"summary_large_image\" \/>\n<meta name=\"twitter:label1\" content=\"Est. reading time\" \/>\n\t<meta name=\"twitter:data1\" content=\"1 minut\" \/>\n<script type=\"application\/ld+json\" class=\"yoast-schema-graph\">{\"@context\":\"https:\/\/schema.org\",\"@graph\":[{\"@type\":\"WebPage\",\"@id\":\"https:\/\/metaltale.com\/et\/toode\/sepistatud-rauast-uksekaepidemed-murcia-dekoratiivsed\/\",\"url\":\"https:\/\/metaltale.com\/et\/toode\/sepistatud-rauast-uksekaepidemed-murcia-dekoratiivsed\/\",\"name\":\"Sepistatud rauast uksek\u00e4epidemed MURCIA dekoratiivsed - MetalTale.com\",\"isPartOf\":{\"@id\":\"https:\/\/metaltale.com\/et\/#website\"},\"datePublished\":\"2024-02-13T12:11:05+00:00\",\"breadcrumb\":{\"@id\":\"https:\/\/metaltale.com\/et\/toode\/sepistatud-rauast-uksekaepidemed-murcia-dekoratiivsed\/#breadcrumb\"},\"inLanguage\":\"et\",\"potentialAction\":[{\"@type\":\"ReadAction\",\"target\":[\"https:\/\/metaltale.com\/et\/toode\/sepistatud-rauast-uksekaepidemed-murcia-dekoratiivsed\/\"]}]},{\"@type\":\"BreadcrumbList\",\"@id\":\"https:\/\/metaltale.com\/et\/toode\/sepistatud-rauast-uksekaepidemed-murcia-dekoratiivsed\/#breadcrumb\",\"itemListElement\":[{\"@type\":\"ListItem\",\"position\":1,\"name\":\"Home\",\"item\":\"https:\/\/metaltale.com\/et\/kodu\/\"},{\"@type\":\"ListItem\",\"position\":2,\"name\":\"Kauplus\",\"item\":\"https:\/\/metaltale.com\/et\/shop\/\"},{\"@type\":\"ListItem\",\"position\":3,\"name\":\"Sepistatud rauast uksek\u00e4epidemed MURCIA dekoratiivsed\"}]},{\"@type\":\"WebSite\",\"@id\":\"https:\/\/metaltale.com\/et\/#website\",\"url\":\"https:\/\/metaltale.com\/et\/\",\"name\":\"Metaltale.com\",\"description\":\"\",\"potentialAction\":[{\"@type\":\"SearchAction\",\"target\":{\"@type\":\"EntryPoint\",\"urlTemplate\":\"https:\/\/metaltale.com\/et\/?s={search_term_string}\"},\"query-input\":{\"@type\":\"PropertyValueSpecification\",\"valueRequired\":true,\"valueName\":\"search_term_string\"}}],\"inLanguage\":\"et\"}]}<\/script>\n<!-- \/ Yoast SEO plugin. -->","yoast_head_json":{"title":"Sepistatud rauast uksek\u00e4epidemed MURCIA dekoratiivsed - MetalTale.com","robots":{"index":"index","follow":"follow","max-snippet":"max-snippet:-1","max-image-preview":"max-image-preview:large","max-video-preview":"max-video-preview:-1"},"canonical":"https:\/\/metaltale.com\/et\/toode\/sepistatud-rauast-uksekaepidemed-murcia-dekoratiivsed\/","og_locale":"et_EE","og_type":"article","og_title":"Sepistatud rauast uksek\u00e4epidemed MURCIA dekoratiivsed - MetalTale.com","og_description":"Mudel AG.102P.PRGR Materjal teras \u00dcldine k\u00f5rgus (cm) 28 \u00dcldine laius (cm) 12 Koguprojektsioon (cm) 7 Aluse m\u00f5\u00f5tmed (cm ) 4,5&#215;28","og_url":"https:\/\/metaltale.com\/et\/toode\/sepistatud-rauast-uksekaepidemed-murcia-dekoratiivsed\/","og_site_name":"MetalTale.com","twitter_card":"summary_large_image","twitter_misc":{"Est. reading time":"1 minut"},"schema":{"@context":"https:\/\/schema.org","@graph":[{"@type":"WebPage","@id":"https:\/\/metaltale.com\/et\/toode\/sepistatud-rauast-uksekaepidemed-murcia-dekoratiivsed\/","url":"https:\/\/metaltale.com\/et\/toode\/sepistatud-rauast-uksekaepidemed-murcia-dekoratiivsed\/","name":"Sepistatud rauast uksek\u00e4epidemed MURCIA dekoratiivsed - MetalTale.com","isPartOf":{"@id":"https:\/\/metaltale.com\/et\/#website"},"datePublished":"2024-02-13T12:11:05+00:00","breadcrumb":{"@id":"https:\/\/metaltale.com\/et\/toode\/sepistatud-rauast-uksekaepidemed-murcia-dekoratiivsed\/#breadcrumb"},"inLanguage":"et","potentialAction":[{"@type":"ReadAction","target":["https:\/\/metaltale.com\/et\/toode\/sepistatud-rauast-uksekaepidemed-murcia-dekoratiivsed\/"]}]},{"@type":"BreadcrumbList","@id":"https:\/\/metaltale.com\/et\/toode\/sepistatud-rauast-uksekaepidemed-murcia-dekoratiivsed\/#breadcrumb","itemListElement":[{"@type":"ListItem","position":1,"name":"Home","item":"https:\/\/metaltale.com\/et\/kodu\/"},{"@type":"ListItem","position":2,"name":"Kauplus","item":"https:\/\/metaltale.com\/et\/shop\/"},{"@type":"ListItem","position":3,"name":"Sepistatud rauast uksek\u00e4epidemed MURCIA dekoratiivsed"}]},{"@type":"WebSite","@id":"https:\/\/metaltale.com\/et\/#website","url":"https:\/\/metaltale.com\/et\/","name":"Metaltale.com","description":"","potentialAction":[{"@type":"SearchAction","target":{"@type":"EntryPoint","urlTemplate":"https:\/\/metaltale.com\/et\/?s={search_term_string}"},"query-input":{"@type":"PropertyValueSpecification","valueRequired":true,"valueName":"search_term_string"}}],"inLanguage":"et"}]}},"_links":{"self":[{"href":"https:\/\/metaltale.com\/et\/wp-json\/wp\/v2\/product\/138379","targetHints":{"allow":["GET"]}}],"collection":[{"href":"https:\/\/metaltale.com\/et\/wp-json\/wp\/v2\/product"}],"about":[{"href":"https:\/\/metaltale.com\/et\/wp-json\/wp\/v2\/types\/product"}],"replies":[{"embeddable":true,"href":"https:\/\/metaltale.com\/et\/wp-json\/wp\/v2\/comments?post=138379"}],"version-history":[{"count":0,"href":"https:\/\/metaltale.com\/et\/wp-json\/wp\/v2\/product\/138379\/revisions"}],"wp:attachment":[{"href":"https:\/\/metaltale.com\/et\/wp-json\/wp\/v2\/media?parent=138379"}],"wp:term":[{"taxonomy":"product_brand","embeddable":true,"href":"https:\/\/metaltale.com\/et\/wp-json\/wp\/v2\/product_brand?post=138379"},{"taxonomy":"product_cat","embeddable":true,"href":"https:\/\/metaltale.com\/et\/wp-json\/wp\/v2\/product_cat?post=138379"},{"taxonomy":"product_tag","embeddable":true,"href":"https:\/\/metaltale.com\/et\/wp-json\/wp\/v2\/product_tag?post=138379"}],"curies":[{"name":"wp","href":"https:\/\/api.w.org\/{rel}","templated":true}]}}