{"id":138351,"date":"2024-02-13T14:09:50","date_gmt":"2024-02-13T12:09:50","guid":{"rendered":"https:\/\/metaltale.com\/produktas\/ukselukustuslukk-coria-250-mm\/"},"modified":"2024-02-13T14:09:50","modified_gmt":"2024-02-13T12:09:50","slug":"ukselukustuslukk-coria-250-mm","status":"publish","type":"product","link":"https:\/\/metaltale.com\/et\/toode\/ukselukustuslukk-coria-250-mm\/","title":{"rendered":"Ukselukustuslukk CORIA 250 mm"},"content":{"rendered":"<div class=\"prod_data\">\n<p><strong>Mudel<\/strong> AG.061.PRGR<br \/>\n<strong>Materjal<\/strong> teras<br \/>\n<strong>\u00dcldine k\u00f5rgus (cm)<\/strong> 3,5<br \/>\n<strong>Koguprojektsioon (cm)<\/strong> 3,5<br \/>\nPaigalduskruvid Jah<br \/>\nV\u00e4rv Must<br \/>\n<strong>Pinna t\u00fc\u00fcp<\/strong> Silea<\/p>\n<hr>\n<p>Tavap\u00e4raselt valmistatud Coria lukukinnitus on valmistatud mustast terasest. Kiire paigaldus ja funktsionaalsus muudavad puidust uksed, v\u00e4ravad ja aknaluugid mitte ainult h\u00e4sti suletuks, vaid ka peenelt kaunistatud. T\u00e4nu kaitsvale lakikihile on surnud ots kahjustuste eest kaitstud ja sileda puudutusega.<\/p>\n<hr>\n<\/div>\n","protected":false},"excerpt":{"rendered":"<p>Mudel AG.061.PRGR Materjal teras \u00dcldine k\u00f5rgus (cm) 3,5 Koguprojektsioon (cm) 3,5 Paigalduskruvid Jah V\u00e4rv Must Pinna t\u00fc\u00fcp Silea Tavap\u00e4raselt valmistatud<\/p>\n","protected":false},"featured_media":86391,"comment_status":"open","ping_status":"closed","template":"","meta":{"_acf_changed":false,"pmpro_default_level":""},"product_brand":[],"product_cat":[23888,23836,23870,23877],"product_tag":[],"class_list":{"0":"post-138351","1":"product","2":"type-product","3":"status-publish","4":"has-post-thumbnail","6":"product_cat-duru-spynos-et","7":"product_cat-moobli-tarvikud","8":"product_cat-sklasciai-ir-kabliukai-et","9":"product_cat-spynos-et","10":"pmpro-has-access","12":"first","13":"instock","14":"shipping-taxable","15":"purchasable","16":"product-type-simple"},"acf":[],"yoast_head":"<!-- This site is optimized with the Yoast SEO plugin v24.9 - https:\/\/yoast.com\/wordpress\/plugins\/seo\/ -->\n<title>Ukselukustuslukk CORIA 250 mm - MetalTale.com<\/title>\n<meta name=\"robots\" content=\"index, follow, max-snippet:-1, max-image-preview:large, max-video-preview:-1\" \/>\n<link rel=\"canonical\" href=\"https:\/\/metaltale.com\/et\/toode\/ukselukustuslukk-coria-250-mm\/\" \/>\n<meta property=\"og:locale\" content=\"et_EE\" \/>\n<meta property=\"og:type\" content=\"article\" \/>\n<meta property=\"og:title\" content=\"Ukselukustuslukk CORIA 250 mm - MetalTale.com\" \/>\n<meta property=\"og:description\" content=\"Mudel AG.061.PRGR Materjal teras \u00dcldine k\u00f5rgus (cm) 3,5 Koguprojektsioon (cm) 3,5 Paigalduskruvid Jah V\u00e4rv Must Pinna t\u00fc\u00fcp Silea Tavap\u00e4raselt valmistatud\" \/>\n<meta property=\"og:url\" content=\"https:\/\/metaltale.com\/et\/toode\/ukselukustuslukk-coria-250-mm\/\" \/>\n<meta property=\"og:site_name\" content=\"MetalTale.com\" \/>\n<meta property=\"og:image\" content=\"https:\/\/metaltale.com\/wp-content\/uploads\/2023\/10\/Durx173-varx17Etas-CORIA-150-Black.jpg\" \/>\n\t<meta property=\"og:image:width\" content=\"800\" \/>\n\t<meta property=\"og:image:height\" content=\"800\" \/>\n\t<meta property=\"og:image:type\" content=\"image\/jpeg\" \/>\n<meta name=\"twitter:card\" content=\"summary_large_image\" \/>\n<script type=\"application\/ld+json\" class=\"yoast-schema-graph\">{\"@context\":\"https:\/\/schema.org\",\"@graph\":[{\"@type\":\"WebPage\",\"@id\":\"https:\/\/metaltale.com\/et\/toode\/ukselukustuslukk-coria-250-mm\/\",\"url\":\"https:\/\/metaltale.com\/et\/toode\/ukselukustuslukk-coria-250-mm\/\",\"name\":\"Ukselukustuslukk CORIA 250 mm - MetalTale.com\",\"isPartOf\":{\"@id\":\"https:\/\/metaltale.com\/et\/#website\"},\"primaryImageOfPage\":{\"@id\":\"https:\/\/metaltale.com\/et\/toode\/ukselukustuslukk-coria-250-mm\/#primaryimage\"},\"image\":{\"@id\":\"https:\/\/metaltale.com\/et\/toode\/ukselukustuslukk-coria-250-mm\/#primaryimage\"},\"thumbnailUrl\":\"https:\/\/metaltale.com\/wp-content\/uploads\/2023\/10\/Durx173-varx17Etas-CORIA-150-Black.jpg\",\"datePublished\":\"2024-02-13T12:09:50+00:00\",\"breadcrumb\":{\"@id\":\"https:\/\/metaltale.com\/et\/toode\/ukselukustuslukk-coria-250-mm\/#breadcrumb\"},\"inLanguage\":\"et\",\"potentialAction\":[{\"@type\":\"ReadAction\",\"target\":[\"https:\/\/metaltale.com\/et\/toode\/ukselukustuslukk-coria-250-mm\/\"]}]},{\"@type\":\"ImageObject\",\"inLanguage\":\"et\",\"@id\":\"https:\/\/metaltale.com\/et\/toode\/ukselukustuslukk-coria-250-mm\/#primaryimage\",\"url\":\"https:\/\/metaltale.com\/wp-content\/uploads\/2023\/10\/Durx173-varx17Etas-CORIA-150-Black.jpg\",\"contentUrl\":\"https:\/\/metaltale.com\/wp-content\/uploads\/2023\/10\/Durx173-varx17Etas-CORIA-150-Black.jpg\",\"width\":800,\"height\":800,\"caption\":\"Ukselukustuslukk CORIA\"},{\"@type\":\"BreadcrumbList\",\"@id\":\"https:\/\/metaltale.com\/et\/toode\/ukselukustuslukk-coria-250-mm\/#breadcrumb\",\"itemListElement\":[{\"@type\":\"ListItem\",\"position\":1,\"name\":\"Home\",\"item\":\"https:\/\/metaltale.com\/et\/kodu\/\"},{\"@type\":\"ListItem\",\"position\":2,\"name\":\"Kauplus\",\"item\":\"https:\/\/metaltale.com\/et\/shop\/\"},{\"@type\":\"ListItem\",\"position\":3,\"name\":\"Ukselukustuslukk CORIA 250 mm\"}]},{\"@type\":\"WebSite\",\"@id\":\"https:\/\/metaltale.com\/et\/#website\",\"url\":\"https:\/\/metaltale.com\/et\/\",\"name\":\"Metaltale.com\",\"description\":\"\",\"potentialAction\":[{\"@type\":\"SearchAction\",\"target\":{\"@type\":\"EntryPoint\",\"urlTemplate\":\"https:\/\/metaltale.com\/et\/?s={search_term_string}\"},\"query-input\":{\"@type\":\"PropertyValueSpecification\",\"valueRequired\":true,\"valueName\":\"search_term_string\"}}],\"inLanguage\":\"et\"}]}<\/script>\n<!-- \/ Yoast SEO plugin. -->","yoast_head_json":{"title":"Ukselukustuslukk CORIA 250 mm - MetalTale.com","robots":{"index":"index","follow":"follow","max-snippet":"max-snippet:-1","max-image-preview":"max-image-preview:large","max-video-preview":"max-video-preview:-1"},"canonical":"https:\/\/metaltale.com\/et\/toode\/ukselukustuslukk-coria-250-mm\/","og_locale":"et_EE","og_type":"article","og_title":"Ukselukustuslukk CORIA 250 mm - MetalTale.com","og_description":"Mudel AG.061.PRGR Materjal teras \u00dcldine k\u00f5rgus (cm) 3,5 Koguprojektsioon (cm) 3,5 Paigalduskruvid Jah V\u00e4rv Must Pinna t\u00fc\u00fcp Silea Tavap\u00e4raselt valmistatud","og_url":"https:\/\/metaltale.com\/et\/toode\/ukselukustuslukk-coria-250-mm\/","og_site_name":"MetalTale.com","og_image":[{"width":800,"height":800,"url":"https:\/\/metaltale.com\/wp-content\/uploads\/2023\/10\/Durx173-varx17Etas-CORIA-150-Black.jpg","type":"image\/jpeg"}],"twitter_card":"summary_large_image","schema":{"@context":"https:\/\/schema.org","@graph":[{"@type":"WebPage","@id":"https:\/\/metaltale.com\/et\/toode\/ukselukustuslukk-coria-250-mm\/","url":"https:\/\/metaltale.com\/et\/toode\/ukselukustuslukk-coria-250-mm\/","name":"Ukselukustuslukk CORIA 250 mm - MetalTale.com","isPartOf":{"@id":"https:\/\/metaltale.com\/et\/#website"},"primaryImageOfPage":{"@id":"https:\/\/metaltale.com\/et\/toode\/ukselukustuslukk-coria-250-mm\/#primaryimage"},"image":{"@id":"https:\/\/metaltale.com\/et\/toode\/ukselukustuslukk-coria-250-mm\/#primaryimage"},"thumbnailUrl":"https:\/\/metaltale.com\/wp-content\/uploads\/2023\/10\/Durx173-varx17Etas-CORIA-150-Black.jpg","datePublished":"2024-02-13T12:09:50+00:00","breadcrumb":{"@id":"https:\/\/metaltale.com\/et\/toode\/ukselukustuslukk-coria-250-mm\/#breadcrumb"},"inLanguage":"et","potentialAction":[{"@type":"ReadAction","target":["https:\/\/metaltale.com\/et\/toode\/ukselukustuslukk-coria-250-mm\/"]}]},{"@type":"ImageObject","inLanguage":"et","@id":"https:\/\/metaltale.com\/et\/toode\/ukselukustuslukk-coria-250-mm\/#primaryimage","url":"https:\/\/metaltale.com\/wp-content\/uploads\/2023\/10\/Durx173-varx17Etas-CORIA-150-Black.jpg","contentUrl":"https:\/\/metaltale.com\/wp-content\/uploads\/2023\/10\/Durx173-varx17Etas-CORIA-150-Black.jpg","width":800,"height":800,"caption":"Ukselukustuslukk CORIA"},{"@type":"BreadcrumbList","@id":"https:\/\/metaltale.com\/et\/toode\/ukselukustuslukk-coria-250-mm\/#breadcrumb","itemListElement":[{"@type":"ListItem","position":1,"name":"Home","item":"https:\/\/metaltale.com\/et\/kodu\/"},{"@type":"ListItem","position":2,"name":"Kauplus","item":"https:\/\/metaltale.com\/et\/shop\/"},{"@type":"ListItem","position":3,"name":"Ukselukustuslukk CORIA 250 mm"}]},{"@type":"WebSite","@id":"https:\/\/metaltale.com\/et\/#website","url":"https:\/\/metaltale.com\/et\/","name":"Metaltale.com","description":"","potentialAction":[{"@type":"SearchAction","target":{"@type":"EntryPoint","urlTemplate":"https:\/\/metaltale.com\/et\/?s={search_term_string}"},"query-input":{"@type":"PropertyValueSpecification","valueRequired":true,"valueName":"search_term_string"}}],"inLanguage":"et"}]}},"_links":{"self":[{"href":"https:\/\/metaltale.com\/et\/wp-json\/wp\/v2\/product\/138351","targetHints":{"allow":["GET"]}}],"collection":[{"href":"https:\/\/metaltale.com\/et\/wp-json\/wp\/v2\/product"}],"about":[{"href":"https:\/\/metaltale.com\/et\/wp-json\/wp\/v2\/types\/product"}],"replies":[{"embeddable":true,"href":"https:\/\/metaltale.com\/et\/wp-json\/wp\/v2\/comments?post=138351"}],"version-history":[{"count":0,"href":"https:\/\/metaltale.com\/et\/wp-json\/wp\/v2\/product\/138351\/revisions"}],"wp:featuredmedia":[{"embeddable":true,"href":"https:\/\/metaltale.com\/et\/wp-json\/wp\/v2\/media\/86391"}],"wp:attachment":[{"href":"https:\/\/metaltale.com\/et\/wp-json\/wp\/v2\/media?parent=138351"}],"wp:term":[{"taxonomy":"product_brand","embeddable":true,"href":"https:\/\/metaltale.com\/et\/wp-json\/wp\/v2\/product_brand?post=138351"},{"taxonomy":"product_cat","embeddable":true,"href":"https:\/\/metaltale.com\/et\/wp-json\/wp\/v2\/product_cat?post=138351"},{"taxonomy":"product_tag","embeddable":true,"href":"https:\/\/metaltale.com\/et\/wp-json\/wp\/v2\/product_tag?post=138351"}],"curies":[{"name":"wp","href":"https:\/\/api.w.org\/{rel}","templated":true}]}}