{"id":138288,"date":"2024-02-13T14:17:06","date_gmt":"2024-02-13T12:17:06","guid":{"rendered":"https:\/\/metaltale.com\/produktas\/ukseluku-silindrid-30-30\/"},"modified":"2024-02-13T14:17:06","modified_gmt":"2024-02-13T12:17:06","slug":"ukseluku-silindrid-30-30","status":"publish","type":"product","link":"https:\/\/metaltale.com\/et\/toode\/ukseluku-silindrid-30-30\/","title":{"rendered":"Ukseluku silindrid 30\/30"},"content":{"rendered":"<div class=\"prod_data\">\n<p><strong>Mudel<\/strong> AG. C60384-PRGR<br \/>\n<strong>Materjal<\/strong> Messing<br \/>\nV\u00e4rv Must<br \/>\n<strong>Viimistlus<\/strong> Pehme, satiinne efekt<br \/>\n<strong>Pinna t\u00fc\u00fcp<\/strong> Silea<br \/>\nKogus komplekti kohta 1 tk.<\/p>\n<hr>\n<p>&#8211; musta v\u00e4rvi messingist patendi uksepaneel<br \/>\nToodet v\u00f5ib kasutada tule- ja suitsukindlates sise- ja v\u00e4lisustes (tase 3 vastavalt standardile EN 1303: 2015).<br \/>\n&#8211; K\u00f5rge korrosioonikindlus (-20 kuni +80)<br \/>\n&#8211; Vastupidavuskatsed (\u00fcle 100 000 katsets\u00fckli) on kinnitanud toote k\u00f5rgeimat kvaliteeti.<br \/>\n&#8211; Komplekt sisaldab 3 v\u00f5tit<\/p>\n<hr>\n<p>Ukselukkude sisestused on igas majapidamises h\u00e4davajalik toode. Turvalisus on uksepaneeli t\u00e4htsaim omadus, kuid \u00f5ige v\u00e4rv ja disain on lisav\u00e4\u00e4rtuseks &#8211; eriti kui see on kombineeritud stiilse uksek\u00e4epidemega. Must lukkude sisestus r\u00f5hutab peenelt poe pakkumises olevate sama viimistlusega (satiinmust, lakitud pind) uksek\u00e4epidemete ilu. Lai valik suurusi tagab t\u00e4iusliku sobivuse teie ukselehega ja testid kinnitavad toote k\u00f5rgeimat kvaliteeti.<\/p>\n<hr>\n<\/div>\n","protected":false},"excerpt":{"rendered":"<p>Mudel AG. C60384-PRGR Materjal Messing V\u00e4rv Must Viimistlus Pehme, satiinne efekt Pinna t\u00fc\u00fcp Silea Kogus komplekti kohta 1 tk. &#8211;<\/p>\n","protected":false},"featured_media":87208,"comment_status":"open","ping_status":"closed","template":"","meta":{"_acf_changed":false,"pmpro_default_level":""},"product_brand":[],"product_cat":[23888,23836,23877],"product_tag":[],"class_list":{"0":"post-138288","1":"product","2":"type-product","3":"status-publish","4":"has-post-thumbnail","6":"product_cat-duru-spynos-et","7":"product_cat-moobli-tarvikud","8":"product_cat-spynos-et","9":"pmpro-has-access","11":"first","12":"instock","13":"shipping-taxable","14":"purchasable","15":"product-type-simple"},"acf":[],"yoast_head":"<!-- This site is optimized with the Yoast SEO plugin v24.9 - https:\/\/yoast.com\/wordpress\/plugins\/seo\/ -->\n<title>Ukseluku silindrid 30\/30 - MetalTale.com<\/title>\n<meta name=\"robots\" content=\"index, follow, max-snippet:-1, max-image-preview:large, max-video-preview:-1\" \/>\n<link rel=\"canonical\" href=\"https:\/\/metaltale.com\/et\/toode\/ukseluku-silindrid-30-30\/\" \/>\n<meta property=\"og:locale\" content=\"et_EE\" \/>\n<meta property=\"og:type\" content=\"article\" \/>\n<meta property=\"og:title\" content=\"Ukseluku silindrid 30\/30 - MetalTale.com\" \/>\n<meta property=\"og:description\" content=\"Mudel AG. C60384-PRGR Materjal Messing V\u00e4rv Must Viimistlus Pehme, satiinne efekt Pinna t\u00fc\u00fcp Silea Kogus komplekti kohta 1 tk. &#8211;\" \/>\n<meta property=\"og:url\" content=\"https:\/\/metaltale.com\/et\/toode\/ukseluku-silindrid-30-30\/\" \/>\n<meta property=\"og:site_name\" content=\"MetalTale.com\" \/>\n<meta property=\"og:image\" content=\"https:\/\/metaltale.com\/wp-content\/uploads\/2023\/10\/Patento-intarpas-3030-juodas.jpg\" \/>\n\t<meta property=\"og:image:width\" content=\"800\" \/>\n\t<meta property=\"og:image:height\" content=\"800\" \/>\n\t<meta property=\"og:image:type\" content=\"image\/jpeg\" \/>\n<meta name=\"twitter:card\" content=\"summary_large_image\" \/>\n<meta name=\"twitter:label1\" content=\"Est. reading time\" \/>\n\t<meta name=\"twitter:data1\" content=\"1 minut\" \/>\n<script type=\"application\/ld+json\" class=\"yoast-schema-graph\">{\"@context\":\"https:\/\/schema.org\",\"@graph\":[{\"@type\":\"WebPage\",\"@id\":\"https:\/\/metaltale.com\/et\/toode\/ukseluku-silindrid-30-30\/\",\"url\":\"https:\/\/metaltale.com\/et\/toode\/ukseluku-silindrid-30-30\/\",\"name\":\"Ukseluku silindrid 30\/30 - MetalTale.com\",\"isPartOf\":{\"@id\":\"https:\/\/metaltale.com\/et\/#website\"},\"primaryImageOfPage\":{\"@id\":\"https:\/\/metaltale.com\/et\/toode\/ukseluku-silindrid-30-30\/#primaryimage\"},\"image\":{\"@id\":\"https:\/\/metaltale.com\/et\/toode\/ukseluku-silindrid-30-30\/#primaryimage\"},\"thumbnailUrl\":\"https:\/\/metaltale.com\/wp-content\/uploads\/2023\/10\/Patento-intarpas-3030-juodas.jpg\",\"datePublished\":\"2024-02-13T12:17:06+00:00\",\"breadcrumb\":{\"@id\":\"https:\/\/metaltale.com\/et\/toode\/ukseluku-silindrid-30-30\/#breadcrumb\"},\"inLanguage\":\"et\",\"potentialAction\":[{\"@type\":\"ReadAction\",\"target\":[\"https:\/\/metaltale.com\/et\/toode\/ukseluku-silindrid-30-30\/\"]}]},{\"@type\":\"ImageObject\",\"inLanguage\":\"et\",\"@id\":\"https:\/\/metaltale.com\/et\/toode\/ukseluku-silindrid-30-30\/#primaryimage\",\"url\":\"https:\/\/metaltale.com\/wp-content\/uploads\/2023\/10\/Patento-intarpas-3030-juodas.jpg\",\"contentUrl\":\"https:\/\/metaltale.com\/wp-content\/uploads\/2023\/10\/Patento-intarpas-3030-juodas.jpg\",\"width\":800,\"height\":800,\"caption\":\"Ukseluku silindrid 30\/30\"},{\"@type\":\"BreadcrumbList\",\"@id\":\"https:\/\/metaltale.com\/et\/toode\/ukseluku-silindrid-30-30\/#breadcrumb\",\"itemListElement\":[{\"@type\":\"ListItem\",\"position\":1,\"name\":\"Home\",\"item\":\"https:\/\/metaltale.com\/et\/kodu\/\"},{\"@type\":\"ListItem\",\"position\":2,\"name\":\"Kauplus\",\"item\":\"https:\/\/metaltale.com\/et\/shop\/\"},{\"@type\":\"ListItem\",\"position\":3,\"name\":\"Ukseluku silindrid 30\/30\"}]},{\"@type\":\"WebSite\",\"@id\":\"https:\/\/metaltale.com\/et\/#website\",\"url\":\"https:\/\/metaltale.com\/et\/\",\"name\":\"Metaltale.com\",\"description\":\"\",\"potentialAction\":[{\"@type\":\"SearchAction\",\"target\":{\"@type\":\"EntryPoint\",\"urlTemplate\":\"https:\/\/metaltale.com\/et\/?s={search_term_string}\"},\"query-input\":{\"@type\":\"PropertyValueSpecification\",\"valueRequired\":true,\"valueName\":\"search_term_string\"}}],\"inLanguage\":\"et\"}]}<\/script>\n<!-- \/ Yoast SEO plugin. -->","yoast_head_json":{"title":"Ukseluku silindrid 30\/30 - MetalTale.com","robots":{"index":"index","follow":"follow","max-snippet":"max-snippet:-1","max-image-preview":"max-image-preview:large","max-video-preview":"max-video-preview:-1"},"canonical":"https:\/\/metaltale.com\/et\/toode\/ukseluku-silindrid-30-30\/","og_locale":"et_EE","og_type":"article","og_title":"Ukseluku silindrid 30\/30 - MetalTale.com","og_description":"Mudel AG. C60384-PRGR Materjal Messing V\u00e4rv Must Viimistlus Pehme, satiinne efekt Pinna t\u00fc\u00fcp Silea Kogus komplekti kohta 1 tk. &#8211;","og_url":"https:\/\/metaltale.com\/et\/toode\/ukseluku-silindrid-30-30\/","og_site_name":"MetalTale.com","og_image":[{"width":800,"height":800,"url":"https:\/\/metaltale.com\/wp-content\/uploads\/2023\/10\/Patento-intarpas-3030-juodas.jpg","type":"image\/jpeg"}],"twitter_card":"summary_large_image","twitter_misc":{"Est. reading time":"1 minut"},"schema":{"@context":"https:\/\/schema.org","@graph":[{"@type":"WebPage","@id":"https:\/\/metaltale.com\/et\/toode\/ukseluku-silindrid-30-30\/","url":"https:\/\/metaltale.com\/et\/toode\/ukseluku-silindrid-30-30\/","name":"Ukseluku silindrid 30\/30 - MetalTale.com","isPartOf":{"@id":"https:\/\/metaltale.com\/et\/#website"},"primaryImageOfPage":{"@id":"https:\/\/metaltale.com\/et\/toode\/ukseluku-silindrid-30-30\/#primaryimage"},"image":{"@id":"https:\/\/metaltale.com\/et\/toode\/ukseluku-silindrid-30-30\/#primaryimage"},"thumbnailUrl":"https:\/\/metaltale.com\/wp-content\/uploads\/2023\/10\/Patento-intarpas-3030-juodas.jpg","datePublished":"2024-02-13T12:17:06+00:00","breadcrumb":{"@id":"https:\/\/metaltale.com\/et\/toode\/ukseluku-silindrid-30-30\/#breadcrumb"},"inLanguage":"et","potentialAction":[{"@type":"ReadAction","target":["https:\/\/metaltale.com\/et\/toode\/ukseluku-silindrid-30-30\/"]}]},{"@type":"ImageObject","inLanguage":"et","@id":"https:\/\/metaltale.com\/et\/toode\/ukseluku-silindrid-30-30\/#primaryimage","url":"https:\/\/metaltale.com\/wp-content\/uploads\/2023\/10\/Patento-intarpas-3030-juodas.jpg","contentUrl":"https:\/\/metaltale.com\/wp-content\/uploads\/2023\/10\/Patento-intarpas-3030-juodas.jpg","width":800,"height":800,"caption":"Ukseluku silindrid 30\/30"},{"@type":"BreadcrumbList","@id":"https:\/\/metaltale.com\/et\/toode\/ukseluku-silindrid-30-30\/#breadcrumb","itemListElement":[{"@type":"ListItem","position":1,"name":"Home","item":"https:\/\/metaltale.com\/et\/kodu\/"},{"@type":"ListItem","position":2,"name":"Kauplus","item":"https:\/\/metaltale.com\/et\/shop\/"},{"@type":"ListItem","position":3,"name":"Ukseluku silindrid 30\/30"}]},{"@type":"WebSite","@id":"https:\/\/metaltale.com\/et\/#website","url":"https:\/\/metaltale.com\/et\/","name":"Metaltale.com","description":"","potentialAction":[{"@type":"SearchAction","target":{"@type":"EntryPoint","urlTemplate":"https:\/\/metaltale.com\/et\/?s={search_term_string}"},"query-input":{"@type":"PropertyValueSpecification","valueRequired":true,"valueName":"search_term_string"}}],"inLanguage":"et"}]}},"_links":{"self":[{"href":"https:\/\/metaltale.com\/et\/wp-json\/wp\/v2\/product\/138288","targetHints":{"allow":["GET"]}}],"collection":[{"href":"https:\/\/metaltale.com\/et\/wp-json\/wp\/v2\/product"}],"about":[{"href":"https:\/\/metaltale.com\/et\/wp-json\/wp\/v2\/types\/product"}],"replies":[{"embeddable":true,"href":"https:\/\/metaltale.com\/et\/wp-json\/wp\/v2\/comments?post=138288"}],"version-history":[{"count":0,"href":"https:\/\/metaltale.com\/et\/wp-json\/wp\/v2\/product\/138288\/revisions"}],"wp:featuredmedia":[{"embeddable":true,"href":"https:\/\/metaltale.com\/et\/wp-json\/wp\/v2\/media\/87208"}],"wp:attachment":[{"href":"https:\/\/metaltale.com\/et\/wp-json\/wp\/v2\/media?parent=138288"}],"wp:term":[{"taxonomy":"product_brand","embeddable":true,"href":"https:\/\/metaltale.com\/et\/wp-json\/wp\/v2\/product_brand?post=138288"},{"taxonomy":"product_cat","embeddable":true,"href":"https:\/\/metaltale.com\/et\/wp-json\/wp\/v2\/product_cat?post=138288"},{"taxonomy":"product_tag","embeddable":true,"href":"https:\/\/metaltale.com\/et\/wp-json\/wp\/v2\/product_tag?post=138288"}],"curies":[{"name":"wp","href":"https:\/\/api.w.org\/{rel}","templated":true}]}}