{"id":138285,"date":"2024-02-13T14:17:06","date_gmt":"2024-02-13T12:17:06","guid":{"rendered":"https:\/\/metaltale.com\/produktas\/kaepideme-wigan\/"},"modified":"2024-02-13T14:17:06","modified_gmt":"2024-02-13T12:17:06","slug":"kaepideme-wigan","status":"publish","type":"product","link":"https:\/\/metaltale.com\/et\/toode\/kaepideme-wigan\/","title":{"rendered":"K\u00e4epideme WIGAN"},"content":{"rendered":"<div class=\"prod_data\">\n<h2>M\u00f6\u00f6blitarvikud &#8211; LANGO RANKENA WIGAN<\/h2>\n<p><strong>Mudel:<\/strong> B.KOWNAS<br \/>\n<strong>EAN:<\/strong> 5905369903595<br \/>\n<strong>Materjal<\/strong>: keraamiline, metall<br \/>\n<strong>\u00dcldine k\u00f5rgus (cm):<\/strong> 7<br \/>\n<strong>\u00dcldlaius (cm):<\/strong> 13<br \/>\n<strong>Koguprojektsioon (cm):<\/strong> 7,5<br \/>\n<strong>V\u00e4rv:<\/strong> must\/valge<br \/>\n<strong>Pinnat\u00fc\u00fcp:<\/strong> sileda pinnaga<\/p>\n<p>Must Wigan aknak\u00e4epide valge keraamilise nupuga on ideaalne valik neile, kes soovivad luua oman\u00e4olist interj\u00f6\u00f6ri. Selle k\u00e4epideme jaoks soovitame teisi tooteid Wigani tootesarjast.<\/p>\n<p>Suurus 7&#215;7 mm, pikkus 54 mm.<\/p>\n<\/div>\n","protected":false},"excerpt":{"rendered":"<p>M\u00f6\u00f6blitarvikud &#8211; LANGO RANKENA WIGAN Mudel: B.KOWNAS EAN: 5905369903595 Materjal: keraamiline, metall \u00dcldine k\u00f5rgus (cm): 7 \u00dcldlaius (cm): 13 Koguprojektsioon<\/p>\n","protected":false},"featured_media":87142,"comment_status":"open","ping_status":"closed","template":"","meta":{"_acf_changed":false,"pmpro_default_level":""},"product_brand":[],"product_cat":[24169,24162,23836],"product_tag":[],"class_list":{"0":"post-138285","1":"product","2":"type-product","3":"status-publish","4":"has-post-thumbnail","6":"product_cat-aknakaepidemed","7":"product_cat-kaepidemed","8":"product_cat-moobli-tarvikud","9":"pmpro-has-access","11":"first","12":"instock","13":"shipping-taxable","14":"purchasable","15":"product-type-simple"},"acf":[],"yoast_head":"<!-- This site is optimized with the Yoast SEO plugin v24.9 - https:\/\/yoast.com\/wordpress\/plugins\/seo\/ -->\n<title>K\u00e4epideme WIGAN - MetalTale.com<\/title>\n<meta name=\"robots\" content=\"index, follow, max-snippet:-1, max-image-preview:large, max-video-preview:-1\" \/>\n<link rel=\"canonical\" href=\"https:\/\/metaltale.com\/et\/toode\/kaepideme-wigan\/\" \/>\n<meta property=\"og:locale\" content=\"et_EE\" \/>\n<meta property=\"og:type\" content=\"article\" \/>\n<meta property=\"og:title\" content=\"K\u00e4epideme WIGAN - MetalTale.com\" \/>\n<meta property=\"og:description\" content=\"M\u00f6\u00f6blitarvikud &#8211; LANGO RANKENA WIGAN Mudel: B.KOWNAS EAN: 5905369903595 Materjal: keraamiline, metall \u00dcldine k\u00f5rgus (cm): 7 \u00dcldlaius (cm): 13 Koguprojektsioon\" \/>\n<meta property=\"og:url\" content=\"https:\/\/metaltale.com\/et\/toode\/kaepideme-wigan\/\" \/>\n<meta property=\"og:site_name\" content=\"MetalTale.com\" \/>\n<meta name=\"twitter:card\" content=\"summary_large_image\" \/>\n<script type=\"application\/ld+json\" class=\"yoast-schema-graph\">{\"@context\":\"https:\/\/schema.org\",\"@graph\":[{\"@type\":\"WebPage\",\"@id\":\"https:\/\/metaltale.com\/et\/toode\/kaepideme-wigan\/\",\"url\":\"https:\/\/metaltale.com\/et\/toode\/kaepideme-wigan\/\",\"name\":\"K\u00e4epideme WIGAN - MetalTale.com\",\"isPartOf\":{\"@id\":\"https:\/\/metaltale.com\/et\/#website\"},\"primaryImageOfPage\":{\"@id\":\"https:\/\/metaltale.com\/et\/toode\/kaepideme-wigan\/#primaryimage\"},\"image\":{\"@id\":\"https:\/\/metaltale.com\/et\/toode\/kaepideme-wigan\/#primaryimage\"},\"thumbnailUrl\":\"https:\/\/metaltale.com\/wp-content\/uploads\/2023\/10\/Lango-rankena-WIGAN.jpg\",\"datePublished\":\"2024-02-13T12:17:06+00:00\",\"breadcrumb\":{\"@id\":\"https:\/\/metaltale.com\/et\/toode\/kaepideme-wigan\/#breadcrumb\"},\"inLanguage\":\"et\",\"potentialAction\":[{\"@type\":\"ReadAction\",\"target\":[\"https:\/\/metaltale.com\/et\/toode\/kaepideme-wigan\/\"]}]},{\"@type\":\"ImageObject\",\"inLanguage\":\"et\",\"@id\":\"https:\/\/metaltale.com\/et\/toode\/kaepideme-wigan\/#primaryimage\",\"url\":\"https:\/\/metaltale.com\/wp-content\/uploads\/2023\/10\/Lango-rankena-WIGAN.jpg\",\"contentUrl\":\"https:\/\/metaltale.com\/wp-content\/uploads\/2023\/10\/Lango-rankena-WIGAN.jpg\",\"width\":800,\"height\":800,\"caption\":\"K\u00e4epideme WIGAN\"},{\"@type\":\"BreadcrumbList\",\"@id\":\"https:\/\/metaltale.com\/et\/toode\/kaepideme-wigan\/#breadcrumb\",\"itemListElement\":[{\"@type\":\"ListItem\",\"position\":1,\"name\":\"Home\",\"item\":\"https:\/\/metaltale.com\/et\/kodu\/\"},{\"@type\":\"ListItem\",\"position\":2,\"name\":\"Kauplus\",\"item\":\"https:\/\/metaltale.com\/et\/shop\/\"},{\"@type\":\"ListItem\",\"position\":3,\"name\":\"K\u00e4epideme WIGAN\"}]},{\"@type\":\"WebSite\",\"@id\":\"https:\/\/metaltale.com\/et\/#website\",\"url\":\"https:\/\/metaltale.com\/et\/\",\"name\":\"Metaltale.com\",\"description\":\"\",\"potentialAction\":[{\"@type\":\"SearchAction\",\"target\":{\"@type\":\"EntryPoint\",\"urlTemplate\":\"https:\/\/metaltale.com\/et\/?s={search_term_string}\"},\"query-input\":{\"@type\":\"PropertyValueSpecification\",\"valueRequired\":true,\"valueName\":\"search_term_string\"}}],\"inLanguage\":\"et\"}]}<\/script>\n<!-- \/ Yoast SEO plugin. -->","yoast_head_json":{"title":"K\u00e4epideme WIGAN - MetalTale.com","robots":{"index":"index","follow":"follow","max-snippet":"max-snippet:-1","max-image-preview":"max-image-preview:large","max-video-preview":"max-video-preview:-1"},"canonical":"https:\/\/metaltale.com\/et\/toode\/kaepideme-wigan\/","og_locale":"et_EE","og_type":"article","og_title":"K\u00e4epideme WIGAN - MetalTale.com","og_description":"M\u00f6\u00f6blitarvikud &#8211; LANGO RANKENA WIGAN Mudel: B.KOWNAS EAN: 5905369903595 Materjal: keraamiline, metall \u00dcldine k\u00f5rgus (cm): 7 \u00dcldlaius (cm): 13 Koguprojektsioon","og_url":"https:\/\/metaltale.com\/et\/toode\/kaepideme-wigan\/","og_site_name":"MetalTale.com","twitter_card":"summary_large_image","schema":{"@context":"https:\/\/schema.org","@graph":[{"@type":"WebPage","@id":"https:\/\/metaltale.com\/et\/toode\/kaepideme-wigan\/","url":"https:\/\/metaltale.com\/et\/toode\/kaepideme-wigan\/","name":"K\u00e4epideme WIGAN - MetalTale.com","isPartOf":{"@id":"https:\/\/metaltale.com\/et\/#website"},"primaryImageOfPage":{"@id":"https:\/\/metaltale.com\/et\/toode\/kaepideme-wigan\/#primaryimage"},"image":{"@id":"https:\/\/metaltale.com\/et\/toode\/kaepideme-wigan\/#primaryimage"},"thumbnailUrl":"https:\/\/metaltale.com\/wp-content\/uploads\/2023\/10\/Lango-rankena-WIGAN.jpg","datePublished":"2024-02-13T12:17:06+00:00","breadcrumb":{"@id":"https:\/\/metaltale.com\/et\/toode\/kaepideme-wigan\/#breadcrumb"},"inLanguage":"et","potentialAction":[{"@type":"ReadAction","target":["https:\/\/metaltale.com\/et\/toode\/kaepideme-wigan\/"]}]},{"@type":"ImageObject","inLanguage":"et","@id":"https:\/\/metaltale.com\/et\/toode\/kaepideme-wigan\/#primaryimage","url":"https:\/\/metaltale.com\/wp-content\/uploads\/2023\/10\/Lango-rankena-WIGAN.jpg","contentUrl":"https:\/\/metaltale.com\/wp-content\/uploads\/2023\/10\/Lango-rankena-WIGAN.jpg","width":800,"height":800,"caption":"K\u00e4epideme WIGAN"},{"@type":"BreadcrumbList","@id":"https:\/\/metaltale.com\/et\/toode\/kaepideme-wigan\/#breadcrumb","itemListElement":[{"@type":"ListItem","position":1,"name":"Home","item":"https:\/\/metaltale.com\/et\/kodu\/"},{"@type":"ListItem","position":2,"name":"Kauplus","item":"https:\/\/metaltale.com\/et\/shop\/"},{"@type":"ListItem","position":3,"name":"K\u00e4epideme WIGAN"}]},{"@type":"WebSite","@id":"https:\/\/metaltale.com\/et\/#website","url":"https:\/\/metaltale.com\/et\/","name":"Metaltale.com","description":"","potentialAction":[{"@type":"SearchAction","target":{"@type":"EntryPoint","urlTemplate":"https:\/\/metaltale.com\/et\/?s={search_term_string}"},"query-input":{"@type":"PropertyValueSpecification","valueRequired":true,"valueName":"search_term_string"}}],"inLanguage":"et"}]}},"_links":{"self":[{"href":"https:\/\/metaltale.com\/et\/wp-json\/wp\/v2\/product\/138285","targetHints":{"allow":["GET"]}}],"collection":[{"href":"https:\/\/metaltale.com\/et\/wp-json\/wp\/v2\/product"}],"about":[{"href":"https:\/\/metaltale.com\/et\/wp-json\/wp\/v2\/types\/product"}],"replies":[{"embeddable":true,"href":"https:\/\/metaltale.com\/et\/wp-json\/wp\/v2\/comments?post=138285"}],"version-history":[{"count":0,"href":"https:\/\/metaltale.com\/et\/wp-json\/wp\/v2\/product\/138285\/revisions"}],"wp:featuredmedia":[{"embeddable":true,"href":"https:\/\/metaltale.com\/et\/wp-json\/wp\/v2\/media\/87142"}],"wp:attachment":[{"href":"https:\/\/metaltale.com\/et\/wp-json\/wp\/v2\/media?parent=138285"}],"wp:term":[{"taxonomy":"product_brand","embeddable":true,"href":"https:\/\/metaltale.com\/et\/wp-json\/wp\/v2\/product_brand?post=138285"},{"taxonomy":"product_cat","embeddable":true,"href":"https:\/\/metaltale.com\/et\/wp-json\/wp\/v2\/product_cat?post=138285"},{"taxonomy":"product_tag","embeddable":true,"href":"https:\/\/metaltale.com\/et\/wp-json\/wp\/v2\/product_tag?post=138285"}],"curies":[{"name":"wp","href":"https:\/\/api.w.org\/{rel}","templated":true}]}}