{"id":138279,"date":"2024-02-13T14:17:06","date_gmt":"2024-02-13T12:17:06","guid":{"rendered":"https:\/\/metaltale.com\/produktas\/aknakaepide-preston\/"},"modified":"2024-02-13T14:17:06","modified_gmt":"2024-02-13T12:17:06","slug":"aknakaepide-preston","status":"publish","type":"product","link":"https:\/\/metaltale.com\/et\/toode\/aknakaepide-preston\/","title":{"rendered":"Aknak\u00e4epide PRESTON"},"content":{"rendered":"<div class=\"prod_data\">\n<p><strong>Mudel<\/strong> B.KOPNAS<br \/>\n<strong>EAN.<\/strong>  5905369903564<br \/>\nMaterjal Metall<br \/>\n<strong>\u00dcldine k\u00f5rgus (cm)<\/strong> 7<br \/>\n<strong>\u00dcldine laius (cm)<\/strong> 8<br \/>\n<strong>Koguprojektsioon (cm)<\/strong> 5<br \/>\nV\u00e4rv Must<br \/>\n<strong>Pinna t\u00fc\u00fcp<\/strong> Silea<br \/>\n<strong>LISATEAVE<\/strong> Eemaldatav spiraal<\/p>\n<p>Must Preston aknak\u00e4epide ei ole mitte ainult praktiline, vaid ka v\u00e4ga dekoratiivne. K\u00e4epideme eso kuju muudab selle kasutamise v\u00e4ga lihtsaks. K\u00e4epide on soovitatav moodsatele laiendatud akendele ja klassikalistele puitakendele. Soovitame koos selle k\u00e4epidemega kasutada ka teisi Preston-seeria tooteid.<\/p>\n<\/div>\n","protected":false},"excerpt":{"rendered":"<p>Mudel B.KOPNAS EAN. 5905369903564 Materjal Metall \u00dcldine k\u00f5rgus (cm) 7 \u00dcldine laius (cm) 8 Koguprojektsioon (cm) 5 V\u00e4rv Must Pinna<\/p>\n","protected":false},"featured_media":87124,"comment_status":"open","ping_status":"closed","template":"","meta":{"_acf_changed":false,"pmpro_default_level":""},"product_brand":[],"product_cat":[24169,24162,23836],"product_tag":[],"class_list":{"0":"post-138279","1":"product","2":"type-product","3":"status-publish","4":"has-post-thumbnail","6":"product_cat-aknakaepidemed","7":"product_cat-kaepidemed","8":"product_cat-moobli-tarvikud","9":"pmpro-has-access","11":"first","12":"instock","13":"shipping-taxable","14":"purchasable","15":"product-type-simple"},"acf":[],"yoast_head":"<!-- This site is optimized with the Yoast SEO plugin v24.9 - https:\/\/yoast.com\/wordpress\/plugins\/seo\/ -->\n<title>Aknak\u00e4epide PRESTON - MetalTale.com<\/title>\n<meta name=\"robots\" content=\"index, follow, max-snippet:-1, max-image-preview:large, max-video-preview:-1\" \/>\n<link rel=\"canonical\" href=\"https:\/\/metaltale.com\/et\/toode\/aknakaepide-preston\/\" \/>\n<meta property=\"og:locale\" content=\"et_EE\" \/>\n<meta property=\"og:type\" content=\"article\" \/>\n<meta property=\"og:title\" content=\"Aknak\u00e4epide PRESTON - MetalTale.com\" \/>\n<meta property=\"og:description\" content=\"Mudel B.KOPNAS EAN. 5905369903564 Materjal Metall \u00dcldine k\u00f5rgus (cm) 7 \u00dcldine laius (cm) 8 Koguprojektsioon (cm) 5 V\u00e4rv Must Pinna\" \/>\n<meta property=\"og:url\" content=\"https:\/\/metaltale.com\/et\/toode\/aknakaepide-preston\/\" \/>\n<meta property=\"og:site_name\" content=\"MetalTale.com\" \/>\n<meta property=\"og:image\" content=\"https:\/\/metaltale.com\/wp-content\/uploads\/2023\/10\/Langx173-rankena-PRESTON.jpg\" \/>\n\t<meta property=\"og:image:width\" content=\"800\" \/>\n\t<meta property=\"og:image:height\" content=\"800\" \/>\n\t<meta property=\"og:image:type\" content=\"image\/jpeg\" \/>\n<meta name=\"twitter:card\" content=\"summary_large_image\" \/>\n<script type=\"application\/ld+json\" class=\"yoast-schema-graph\">{\"@context\":\"https:\/\/schema.org\",\"@graph\":[{\"@type\":\"WebPage\",\"@id\":\"https:\/\/metaltale.com\/et\/toode\/aknakaepide-preston\/\",\"url\":\"https:\/\/metaltale.com\/et\/toode\/aknakaepide-preston\/\",\"name\":\"Aknak\u00e4epide PRESTON - MetalTale.com\",\"isPartOf\":{\"@id\":\"https:\/\/metaltale.com\/et\/#website\"},\"primaryImageOfPage\":{\"@id\":\"https:\/\/metaltale.com\/et\/toode\/aknakaepide-preston\/#primaryimage\"},\"image\":{\"@id\":\"https:\/\/metaltale.com\/et\/toode\/aknakaepide-preston\/#primaryimage\"},\"thumbnailUrl\":\"https:\/\/metaltale.com\/wp-content\/uploads\/2023\/10\/Langx173-rankena-PRESTON.jpg\",\"datePublished\":\"2024-02-13T12:17:06+00:00\",\"breadcrumb\":{\"@id\":\"https:\/\/metaltale.com\/et\/toode\/aknakaepide-preston\/#breadcrumb\"},\"inLanguage\":\"et\",\"potentialAction\":[{\"@type\":\"ReadAction\",\"target\":[\"https:\/\/metaltale.com\/et\/toode\/aknakaepide-preston\/\"]}]},{\"@type\":\"ImageObject\",\"inLanguage\":\"et\",\"@id\":\"https:\/\/metaltale.com\/et\/toode\/aknakaepide-preston\/#primaryimage\",\"url\":\"https:\/\/metaltale.com\/wp-content\/uploads\/2023\/10\/Langx173-rankena-PRESTON.jpg\",\"contentUrl\":\"https:\/\/metaltale.com\/wp-content\/uploads\/2023\/10\/Langx173-rankena-PRESTON.jpg\",\"width\":800,\"height\":800,\"caption\":\"Aknak\u00e4epide PRESTON\"},{\"@type\":\"BreadcrumbList\",\"@id\":\"https:\/\/metaltale.com\/et\/toode\/aknakaepide-preston\/#breadcrumb\",\"itemListElement\":[{\"@type\":\"ListItem\",\"position\":1,\"name\":\"Home\",\"item\":\"https:\/\/metaltale.com\/et\/kodu\/\"},{\"@type\":\"ListItem\",\"position\":2,\"name\":\"Kauplus\",\"item\":\"https:\/\/metaltale.com\/et\/shop\/\"},{\"@type\":\"ListItem\",\"position\":3,\"name\":\"Aknak\u00e4epide PRESTON\"}]},{\"@type\":\"WebSite\",\"@id\":\"https:\/\/metaltale.com\/et\/#website\",\"url\":\"https:\/\/metaltale.com\/et\/\",\"name\":\"Metaltale.com\",\"description\":\"\",\"potentialAction\":[{\"@type\":\"SearchAction\",\"target\":{\"@type\":\"EntryPoint\",\"urlTemplate\":\"https:\/\/metaltale.com\/et\/?s={search_term_string}\"},\"query-input\":{\"@type\":\"PropertyValueSpecification\",\"valueRequired\":true,\"valueName\":\"search_term_string\"}}],\"inLanguage\":\"et\"}]}<\/script>\n<!-- \/ Yoast SEO plugin. -->","yoast_head_json":{"title":"Aknak\u00e4epide PRESTON - MetalTale.com","robots":{"index":"index","follow":"follow","max-snippet":"max-snippet:-1","max-image-preview":"max-image-preview:large","max-video-preview":"max-video-preview:-1"},"canonical":"https:\/\/metaltale.com\/et\/toode\/aknakaepide-preston\/","og_locale":"et_EE","og_type":"article","og_title":"Aknak\u00e4epide PRESTON - MetalTale.com","og_description":"Mudel B.KOPNAS EAN. 5905369903564 Materjal Metall \u00dcldine k\u00f5rgus (cm) 7 \u00dcldine laius (cm) 8 Koguprojektsioon (cm) 5 V\u00e4rv Must Pinna","og_url":"https:\/\/metaltale.com\/et\/toode\/aknakaepide-preston\/","og_site_name":"MetalTale.com","og_image":[{"width":800,"height":800,"url":"https:\/\/metaltale.com\/wp-content\/uploads\/2023\/10\/Langx173-rankena-PRESTON.jpg","type":"image\/jpeg"}],"twitter_card":"summary_large_image","schema":{"@context":"https:\/\/schema.org","@graph":[{"@type":"WebPage","@id":"https:\/\/metaltale.com\/et\/toode\/aknakaepide-preston\/","url":"https:\/\/metaltale.com\/et\/toode\/aknakaepide-preston\/","name":"Aknak\u00e4epide PRESTON - MetalTale.com","isPartOf":{"@id":"https:\/\/metaltale.com\/et\/#website"},"primaryImageOfPage":{"@id":"https:\/\/metaltale.com\/et\/toode\/aknakaepide-preston\/#primaryimage"},"image":{"@id":"https:\/\/metaltale.com\/et\/toode\/aknakaepide-preston\/#primaryimage"},"thumbnailUrl":"https:\/\/metaltale.com\/wp-content\/uploads\/2023\/10\/Langx173-rankena-PRESTON.jpg","datePublished":"2024-02-13T12:17:06+00:00","breadcrumb":{"@id":"https:\/\/metaltale.com\/et\/toode\/aknakaepide-preston\/#breadcrumb"},"inLanguage":"et","potentialAction":[{"@type":"ReadAction","target":["https:\/\/metaltale.com\/et\/toode\/aknakaepide-preston\/"]}]},{"@type":"ImageObject","inLanguage":"et","@id":"https:\/\/metaltale.com\/et\/toode\/aknakaepide-preston\/#primaryimage","url":"https:\/\/metaltale.com\/wp-content\/uploads\/2023\/10\/Langx173-rankena-PRESTON.jpg","contentUrl":"https:\/\/metaltale.com\/wp-content\/uploads\/2023\/10\/Langx173-rankena-PRESTON.jpg","width":800,"height":800,"caption":"Aknak\u00e4epide PRESTON"},{"@type":"BreadcrumbList","@id":"https:\/\/metaltale.com\/et\/toode\/aknakaepide-preston\/#breadcrumb","itemListElement":[{"@type":"ListItem","position":1,"name":"Home","item":"https:\/\/metaltale.com\/et\/kodu\/"},{"@type":"ListItem","position":2,"name":"Kauplus","item":"https:\/\/metaltale.com\/et\/shop\/"},{"@type":"ListItem","position":3,"name":"Aknak\u00e4epide PRESTON"}]},{"@type":"WebSite","@id":"https:\/\/metaltale.com\/et\/#website","url":"https:\/\/metaltale.com\/et\/","name":"Metaltale.com","description":"","potentialAction":[{"@type":"SearchAction","target":{"@type":"EntryPoint","urlTemplate":"https:\/\/metaltale.com\/et\/?s={search_term_string}"},"query-input":{"@type":"PropertyValueSpecification","valueRequired":true,"valueName":"search_term_string"}}],"inLanguage":"et"}]}},"_links":{"self":[{"href":"https:\/\/metaltale.com\/et\/wp-json\/wp\/v2\/product\/138279","targetHints":{"allow":["GET"]}}],"collection":[{"href":"https:\/\/metaltale.com\/et\/wp-json\/wp\/v2\/product"}],"about":[{"href":"https:\/\/metaltale.com\/et\/wp-json\/wp\/v2\/types\/product"}],"replies":[{"embeddable":true,"href":"https:\/\/metaltale.com\/et\/wp-json\/wp\/v2\/comments?post=138279"}],"version-history":[{"count":0,"href":"https:\/\/metaltale.com\/et\/wp-json\/wp\/v2\/product\/138279\/revisions"}],"wp:featuredmedia":[{"embeddable":true,"href":"https:\/\/metaltale.com\/et\/wp-json\/wp\/v2\/media\/87124"}],"wp:attachment":[{"href":"https:\/\/metaltale.com\/et\/wp-json\/wp\/v2\/media?parent=138279"}],"wp:term":[{"taxonomy":"product_brand","embeddable":true,"href":"https:\/\/metaltale.com\/et\/wp-json\/wp\/v2\/product_brand?post=138279"},{"taxonomy":"product_cat","embeddable":true,"href":"https:\/\/metaltale.com\/et\/wp-json\/wp\/v2\/product_cat?post=138279"},{"taxonomy":"product_tag","embeddable":true,"href":"https:\/\/metaltale.com\/et\/wp-json\/wp\/v2\/product_tag?post=138279"}],"curies":[{"name":"wp","href":"https:\/\/api.w.org\/{rel}","templated":true}]}}