{"id":138202,"date":"2024-02-13T14:09:05","date_gmt":"2024-02-13T12:09:05","guid":{"rendered":"https:\/\/metaltale.com\/produktas\/keti-ukselukk-turvalisus\/"},"modified":"2026-03-25T19:59:32","modified_gmt":"2026-03-25T17:59:32","slug":"keti-ukselukk-turvalisus","status":"publish","type":"product","link":"https:\/\/metaltale.com\/et\/toode\/keti-ukselukk-turvalisus\/","title":{"rendered":"Keti ukselukk Turvalisus"},"content":{"rendered":"<div class=\"prod_data\">\n<p><strong>Mudel<\/strong> AG.17580<br \/>\n<strong>EAN.<\/strong>  5905369904769<br \/>\n<strong>Materjal<\/strong> teras<br \/>\n<strong> [cm]Kogupikkus<\/strong> 11<strong> <\/strong><br \/>\n<strong>\u00dcldine laius (cm)<\/strong> 6<br \/>\n<strong>Parema k\u00fclje laius (cm)<\/strong> 2<br \/>\n<strong>Vasaku k\u00fclje laius (cm)<\/strong> 8,5<br \/>\nPaigalduskruvid Jah<br \/>\nV\u00e4rv Must<br \/>\n<strong>Viimistlus<\/strong> Lakitud<br \/>\n<strong>Pinna t\u00fc\u00fcp<\/strong> Silea<\/p>\n<p>Uksekett on valmistatud poolmattterasest.<br \/>\nMustad puidukruvid on kaasas.<br \/>\nUksekett on toode, mis on m\u00f5eldud k\u00f5igile, kes hindavad kodus turvalisust. Lihtne disain ja must v\u00e4rv on harmooniline duo, mis sobib igasse interj\u00f6\u00f6ri, samal ajal kui ukselehe on originaalne retroh\u00f5nguline. Kvaliteetne toode on pikaealisuse garantii.<\/p>\n<\/div>\n","protected":false},"excerpt":{"rendered":"<p>Mudel AG.17580 EAN. 5905369904769 Materjal teras [cm]Kogupikkus 11 \u00dcldine laius (cm) 6 Parema k\u00fclje laius (cm) 2 Vasaku k\u00fclje laius<\/p>\n","protected":false},"featured_media":86307,"comment_status":"open","ping_status":"closed","template":"","meta":{"_acf_changed":false,"pmpro_default_level":""},"product_brand":[],"product_cat":[23888,23836,23870,23877],"product_tag":[],"class_list":{"0":"post-138202","1":"product","2":"type-product","3":"status-publish","4":"has-post-thumbnail","6":"product_cat-duru-spynos-et","7":"product_cat-moobli-tarvikud","8":"product_cat-sklasciai-ir-kabliukai-et","9":"product_cat-spynos-et","10":"pmpro-has-access","12":"first","13":"outofstock","14":"shipping-taxable","15":"purchasable","16":"product-type-simple"},"acf":[],"yoast_head":"<!-- This site is optimized with the Yoast SEO plugin v24.9 - https:\/\/yoast.com\/wordpress\/plugins\/seo\/ -->\n<title>Keti ukselukk Turvalisus - MetalTale.com<\/title>\n<meta name=\"robots\" content=\"index, follow, max-snippet:-1, max-image-preview:large, max-video-preview:-1\" \/>\n<link rel=\"canonical\" href=\"https:\/\/metaltale.com\/et\/toode\/keti-ukselukk-turvalisus\/\" \/>\n<meta property=\"og:locale\" content=\"et_EE\" \/>\n<meta property=\"og:type\" content=\"article\" \/>\n<meta property=\"og:title\" content=\"Keti ukselukk Turvalisus - MetalTale.com\" \/>\n<meta property=\"og:description\" content=\"Mudel AG.17580 EAN. 5905369904769 Materjal teras [cm]Kogupikkus 11 \u00dcldine laius (cm) 6 Parema k\u00fclje laius (cm) 2 Vasaku k\u00fclje laius\" \/>\n<meta property=\"og:url\" content=\"https:\/\/metaltale.com\/et\/toode\/keti-ukselukk-turvalisus\/\" \/>\n<meta property=\"og:site_name\" content=\"MetalTale.com\" \/>\n<meta property=\"article:modified_time\" content=\"2026-03-25T17:59:32+00:00\" \/>\n<meta property=\"og:image\" content=\"https:\/\/metaltale.com\/wp-content\/uploads\/2023\/10\/SAUGUMO-durx173-grandinx117.jpg\" \/>\n\t<meta property=\"og:image:width\" content=\"800\" \/>\n\t<meta property=\"og:image:height\" content=\"800\" \/>\n\t<meta property=\"og:image:type\" content=\"image\/jpeg\" \/>\n<meta name=\"twitter:card\" content=\"summary_large_image\" \/>\n<script type=\"application\/ld+json\" class=\"yoast-schema-graph\">{\"@context\":\"https:\/\/schema.org\",\"@graph\":[{\"@type\":\"WebPage\",\"@id\":\"https:\/\/metaltale.com\/et\/toode\/keti-ukselukk-turvalisus\/\",\"url\":\"https:\/\/metaltale.com\/et\/toode\/keti-ukselukk-turvalisus\/\",\"name\":\"Keti ukselukk Turvalisus - MetalTale.com\",\"isPartOf\":{\"@id\":\"https:\/\/metaltale.com\/et\/#website\"},\"primaryImageOfPage\":{\"@id\":\"https:\/\/metaltale.com\/et\/toode\/keti-ukselukk-turvalisus\/#primaryimage\"},\"image\":{\"@id\":\"https:\/\/metaltale.com\/et\/toode\/keti-ukselukk-turvalisus\/#primaryimage\"},\"thumbnailUrl\":\"https:\/\/metaltale.com\/wp-content\/uploads\/2023\/10\/SAUGUMO-durx173-grandinx117.jpg\",\"datePublished\":\"2024-02-13T12:09:05+00:00\",\"dateModified\":\"2026-03-25T17:59:32+00:00\",\"breadcrumb\":{\"@id\":\"https:\/\/metaltale.com\/et\/toode\/keti-ukselukk-turvalisus\/#breadcrumb\"},\"inLanguage\":\"et\",\"potentialAction\":[{\"@type\":\"ReadAction\",\"target\":[\"https:\/\/metaltale.com\/et\/toode\/keti-ukselukk-turvalisus\/\"]}]},{\"@type\":\"ImageObject\",\"inLanguage\":\"et\",\"@id\":\"https:\/\/metaltale.com\/et\/toode\/keti-ukselukk-turvalisus\/#primaryimage\",\"url\":\"https:\/\/metaltale.com\/wp-content\/uploads\/2023\/10\/SAUGUMO-durx173-grandinx117.jpg\",\"contentUrl\":\"https:\/\/metaltale.com\/wp-content\/uploads\/2023\/10\/SAUGUMO-durx173-grandinx117.jpg\",\"width\":800,\"height\":800,\"caption\":\"Keti ukselukk Turvalisus\"},{\"@type\":\"BreadcrumbList\",\"@id\":\"https:\/\/metaltale.com\/et\/toode\/keti-ukselukk-turvalisus\/#breadcrumb\",\"itemListElement\":[{\"@type\":\"ListItem\",\"position\":1,\"name\":\"Home\",\"item\":\"https:\/\/metaltale.com\/et\/kodu\/\"},{\"@type\":\"ListItem\",\"position\":2,\"name\":\"Kauplus\",\"item\":\"https:\/\/metaltale.com\/et\/shop\/\"},{\"@type\":\"ListItem\",\"position\":3,\"name\":\"Keti ukselukk Turvalisus\"}]},{\"@type\":\"WebSite\",\"@id\":\"https:\/\/metaltale.com\/et\/#website\",\"url\":\"https:\/\/metaltale.com\/et\/\",\"name\":\"Metaltale.com\",\"description\":\"\",\"potentialAction\":[{\"@type\":\"SearchAction\",\"target\":{\"@type\":\"EntryPoint\",\"urlTemplate\":\"https:\/\/metaltale.com\/et\/?s={search_term_string}\"},\"query-input\":{\"@type\":\"PropertyValueSpecification\",\"valueRequired\":true,\"valueName\":\"search_term_string\"}}],\"inLanguage\":\"et\"}]}<\/script>\n<!-- \/ Yoast SEO plugin. -->","yoast_head_json":{"title":"Keti ukselukk Turvalisus - MetalTale.com","robots":{"index":"index","follow":"follow","max-snippet":"max-snippet:-1","max-image-preview":"max-image-preview:large","max-video-preview":"max-video-preview:-1"},"canonical":"https:\/\/metaltale.com\/et\/toode\/keti-ukselukk-turvalisus\/","og_locale":"et_EE","og_type":"article","og_title":"Keti ukselukk Turvalisus - MetalTale.com","og_description":"Mudel AG.17580 EAN. 5905369904769 Materjal teras [cm]Kogupikkus 11 \u00dcldine laius (cm) 6 Parema k\u00fclje laius (cm) 2 Vasaku k\u00fclje laius","og_url":"https:\/\/metaltale.com\/et\/toode\/keti-ukselukk-turvalisus\/","og_site_name":"MetalTale.com","article_modified_time":"2026-03-25T17:59:32+00:00","og_image":[{"width":800,"height":800,"url":"https:\/\/metaltale.com\/wp-content\/uploads\/2023\/10\/SAUGUMO-durx173-grandinx117.jpg","type":"image\/jpeg"}],"twitter_card":"summary_large_image","schema":{"@context":"https:\/\/schema.org","@graph":[{"@type":"WebPage","@id":"https:\/\/metaltale.com\/et\/toode\/keti-ukselukk-turvalisus\/","url":"https:\/\/metaltale.com\/et\/toode\/keti-ukselukk-turvalisus\/","name":"Keti ukselukk Turvalisus - MetalTale.com","isPartOf":{"@id":"https:\/\/metaltale.com\/et\/#website"},"primaryImageOfPage":{"@id":"https:\/\/metaltale.com\/et\/toode\/keti-ukselukk-turvalisus\/#primaryimage"},"image":{"@id":"https:\/\/metaltale.com\/et\/toode\/keti-ukselukk-turvalisus\/#primaryimage"},"thumbnailUrl":"https:\/\/metaltale.com\/wp-content\/uploads\/2023\/10\/SAUGUMO-durx173-grandinx117.jpg","datePublished":"2024-02-13T12:09:05+00:00","dateModified":"2026-03-25T17:59:32+00:00","breadcrumb":{"@id":"https:\/\/metaltale.com\/et\/toode\/keti-ukselukk-turvalisus\/#breadcrumb"},"inLanguage":"et","potentialAction":[{"@type":"ReadAction","target":["https:\/\/metaltale.com\/et\/toode\/keti-ukselukk-turvalisus\/"]}]},{"@type":"ImageObject","inLanguage":"et","@id":"https:\/\/metaltale.com\/et\/toode\/keti-ukselukk-turvalisus\/#primaryimage","url":"https:\/\/metaltale.com\/wp-content\/uploads\/2023\/10\/SAUGUMO-durx173-grandinx117.jpg","contentUrl":"https:\/\/metaltale.com\/wp-content\/uploads\/2023\/10\/SAUGUMO-durx173-grandinx117.jpg","width":800,"height":800,"caption":"Keti ukselukk Turvalisus"},{"@type":"BreadcrumbList","@id":"https:\/\/metaltale.com\/et\/toode\/keti-ukselukk-turvalisus\/#breadcrumb","itemListElement":[{"@type":"ListItem","position":1,"name":"Home","item":"https:\/\/metaltale.com\/et\/kodu\/"},{"@type":"ListItem","position":2,"name":"Kauplus","item":"https:\/\/metaltale.com\/et\/shop\/"},{"@type":"ListItem","position":3,"name":"Keti ukselukk Turvalisus"}]},{"@type":"WebSite","@id":"https:\/\/metaltale.com\/et\/#website","url":"https:\/\/metaltale.com\/et\/","name":"Metaltale.com","description":"","potentialAction":[{"@type":"SearchAction","target":{"@type":"EntryPoint","urlTemplate":"https:\/\/metaltale.com\/et\/?s={search_term_string}"},"query-input":{"@type":"PropertyValueSpecification","valueRequired":true,"valueName":"search_term_string"}}],"inLanguage":"et"}]}},"_links":{"self":[{"href":"https:\/\/metaltale.com\/et\/wp-json\/wp\/v2\/product\/138202","targetHints":{"allow":["GET"]}}],"collection":[{"href":"https:\/\/metaltale.com\/et\/wp-json\/wp\/v2\/product"}],"about":[{"href":"https:\/\/metaltale.com\/et\/wp-json\/wp\/v2\/types\/product"}],"replies":[{"embeddable":true,"href":"https:\/\/metaltale.com\/et\/wp-json\/wp\/v2\/comments?post=138202"}],"version-history":[{"count":0,"href":"https:\/\/metaltale.com\/et\/wp-json\/wp\/v2\/product\/138202\/revisions"}],"wp:featuredmedia":[{"embeddable":true,"href":"https:\/\/metaltale.com\/et\/wp-json\/wp\/v2\/media\/86307"}],"wp:attachment":[{"href":"https:\/\/metaltale.com\/et\/wp-json\/wp\/v2\/media?parent=138202"}],"wp:term":[{"taxonomy":"product_brand","embeddable":true,"href":"https:\/\/metaltale.com\/et\/wp-json\/wp\/v2\/product_brand?post=138202"},{"taxonomy":"product_cat","embeddable":true,"href":"https:\/\/metaltale.com\/et\/wp-json\/wp\/v2\/product_cat?post=138202"},{"taxonomy":"product_tag","embeddable":true,"href":"https:\/\/metaltale.com\/et\/wp-json\/wp\/v2\/product_tag?post=138202"}],"curies":[{"name":"wp","href":"https:\/\/api.w.org\/{rel}","templated":true}]}}