{"id":138185,"date":"2024-02-13T14:13:05","date_gmt":"2024-02-13T12:13:05","guid":{"rendered":"https:\/\/metaltale.com\/produktas\/wigan-uksekaepidemed-koos-lukuga-72-mm\/"},"modified":"2024-02-13T14:13:05","modified_gmt":"2024-02-13T12:13:05","slug":"wigan-uksekaepidemed-koos-lukuga-72-mm","status":"publish","type":"product","link":"https:\/\/metaltale.com\/et\/toode\/wigan-uksekaepidemed-koos-lukuga-72-mm\/","title":{"rendered":"WIGAN uksek\u00e4epidemed koos lukuga 72 mm"},"content":{"rendered":"<div class=\"prod_data\">\n<p><strong>Mudel<\/strong> B.WN. PRGR<br \/>\n<strong>Materjal<\/strong> Keraamiline, metall<br \/>\n<strong>Koguprojektsioon (cm)<\/strong> 7,5<br \/>\n<strong>K\u00e4epideme ja v\u00f5tmeava vaheline kaugus (mm)<\/strong> 72 mm<br \/>\n<strong>V\u00e4rv<\/strong> Must\/valge<br \/>\n<strong>Pinna t\u00fc\u00fcp<\/strong> Silea<br \/>\n<strong>Kogus komplekti kohta<\/strong> 2 x k\u00e4epide\/k\u00e4epide + s\u00fcdamik + kinnituskruvid<\/p>\n<hr>\n<p>Keraamilise k\u00e4epidemega must poolmatt uksek\u00e4epide on ideaalne valik lihtsate uste jaoks, kus see annab peene ja elegantse, kuid samas funktsionaalse viimistluse. Keraamika kasutamine annab uksek\u00e4epidemele ainulaadse retroh\u00f5ngulise iseloomu. Selles pakkumises pakume mitmeid Wigan&#8217;i k\u00e4epideme sarja mudeleid: nt m\u00e4rgiga, mille hulgast saate valida lisa v\u00f5i v\u00f5tme, m\u00e4rgiga WC sulgemiseks, t\u00e4ism\u00e4rgiga v\u00f5i k\u00e4epidemega ise. V\u00f5imalusi on nii palju, et seda k\u00e4epideme mudelit saab t\u00f5esti kasutada k\u00f5igi maja v\u00f5i korteri uste puhul.<\/p>\n<hr>\n<table style=\"height: 20%; ; width: 100%;\" border=\"0\">\n<tbody>\n<tr>\n<td>MUDEL<\/td>\n<td>\u00dcLEMINE K\u00d5RGUS<\/td>\n<td>MAXIMAALNE LAIUS<\/td>\n<td>K\u00c4SIPUHASTUS<\/td>\n<td>TIPPTASEMEL VALDKOND<\/td>\n<td>K\u00c4E PIKKUS<\/td>\n<td>JAOTUSTE VALIK<\/td>\n<\/tr>\n<tr>\n<td><\/td>\n<td><\/td>\n<td><\/td>\n<td><\/td>\n<td><\/td>\n<td><\/td>\n<td><\/td>\n<\/tr>\n<tr>\n<td><\/td>\n<td><\/td>\n<td><\/td>\n<td><\/td>\n<td><\/td>\n<td><\/td>\n<td><\/td>\n<\/tr>\n<tr>\n<td><\/td>\n<td><\/td>\n<td><\/td>\n<td><\/td>\n<td><\/td>\n<td><\/td>\n<td><\/td>\n<\/tr>\n<tr>\n<td>WIGAN&#8217;I K\u00c4EPIDE KOOS V\u00d5TMEM\u00c4RGIGA 72 MM<\/td>\n<td>  240 mm<\/td>\n<td>  135 mm<\/td>\n<td>  72 mm<\/td>\n<td> 40 mm<\/td>\n<td>125 mm<\/td>\n<td>193 mm<\/td>\n<\/tr>\n<tr>\n<td><\/td>\n<td><\/td>\n<td><\/td>\n<td><\/td>\n<td><\/td>\n<td><\/td>\n<td><\/td>\n<\/tr>\n<tr>\n<td><\/td>\n<td><\/td>\n<td><\/td>\n<td><\/td>\n<td><\/td>\n<td><\/td>\n<td><\/td>\n<\/tr>\n<tr>\n<td><\/td>\n<td><\/td>\n<td><\/td>\n<td><\/td>\n<td><\/td>\n<td><\/td>\n<td><\/td>\n<\/tr>\n<tr>\n<td><\/td>\n<td><\/td>\n<td><\/td>\n<td><\/td>\n<td><\/td>\n<td><\/td>\n<td><\/td>\n<\/tr>\n<\/tbody>\n<\/table>\n<\/div>\n","protected":false},"excerpt":{"rendered":"<p>Mudel B.WN. PRGR Materjal Keraamiline, metall Koguprojektsioon (cm) 7,5 K\u00e4epideme ja v\u00f5tmeava vaheline kaugus (mm) 72 mm V\u00e4rv Must\/valge Pinna<\/p>\n","protected":false},"featured_media":131886,"comment_status":"open","ping_status":"closed","template":"","meta":{"_acf_changed":false,"pmpro_default_level":""},"product_brand":[],"product_cat":[24162,23882,23836],"product_tag":[],"class_list":{"0":"post-138185","1":"product","2":"type-product","3":"status-publish","4":"has-post-thumbnail","6":"product_cat-kaepidemed","7":"product_cat-duru-rankenos-duru-rankenos-et","8":"product_cat-moobli-tarvikud","9":"pmpro-has-access","11":"first","12":"instock","13":"shipping-taxable","14":"purchasable","15":"product-type-simple"},"acf":[],"yoast_head":"<!-- This site is optimized with the Yoast SEO plugin v24.9 - https:\/\/yoast.com\/wordpress\/plugins\/seo\/ -->\n<title>WIGAN uksek\u00e4epidemed koos lukuga 72 mm - MetalTale.com<\/title>\n<meta name=\"robots\" content=\"index, follow, max-snippet:-1, max-image-preview:large, max-video-preview:-1\" \/>\n<link rel=\"canonical\" href=\"https:\/\/metaltale.com\/et\/toode\/wigan-uksekaepidemed-koos-lukuga-72-mm\/\" \/>\n<meta property=\"og:locale\" content=\"et_EE\" \/>\n<meta property=\"og:type\" content=\"article\" \/>\n<meta property=\"og:title\" content=\"WIGAN uksek\u00e4epidemed koos lukuga 72 mm - MetalTale.com\" \/>\n<meta property=\"og:description\" content=\"Mudel B.WN. PRGR Materjal Keraamiline, metall Koguprojektsioon (cm) 7,5 K\u00e4epideme ja v\u00f5tmeava vaheline kaugus (mm) 72 mm V\u00e4rv Must\/valge Pinna\" \/>\n<meta property=\"og:url\" content=\"https:\/\/metaltale.com\/et\/toode\/wigan-uksekaepidemed-koos-lukuga-72-mm\/\" \/>\n<meta property=\"og:site_name\" content=\"MetalTale.com\" \/>\n<meta property=\"og:image\" content=\"https:\/\/metaltale.com\/wp-content\/uploads\/2024\/02\/Duru-rankenos-WIGAN-su-uzraktu-72-mm.jpg\" \/>\n\t<meta property=\"og:image:width\" content=\"800\" \/>\n\t<meta property=\"og:image:height\" content=\"800\" \/>\n\t<meta property=\"og:image:type\" content=\"image\/jpeg\" \/>\n<meta name=\"twitter:card\" content=\"summary_large_image\" \/>\n<meta name=\"twitter:label1\" content=\"Est. reading time\" \/>\n\t<meta name=\"twitter:data1\" content=\"1 minut\" \/>\n<script type=\"application\/ld+json\" class=\"yoast-schema-graph\">{\"@context\":\"https:\/\/schema.org\",\"@graph\":[{\"@type\":\"WebPage\",\"@id\":\"https:\/\/metaltale.com\/et\/toode\/wigan-uksekaepidemed-koos-lukuga-72-mm\/\",\"url\":\"https:\/\/metaltale.com\/et\/toode\/wigan-uksekaepidemed-koos-lukuga-72-mm\/\",\"name\":\"WIGAN uksek\u00e4epidemed koos lukuga 72 mm - MetalTale.com\",\"isPartOf\":{\"@id\":\"https:\/\/metaltale.com\/et\/#website\"},\"primaryImageOfPage\":{\"@id\":\"https:\/\/metaltale.com\/et\/toode\/wigan-uksekaepidemed-koos-lukuga-72-mm\/#primaryimage\"},\"image\":{\"@id\":\"https:\/\/metaltale.com\/et\/toode\/wigan-uksekaepidemed-koos-lukuga-72-mm\/#primaryimage\"},\"thumbnailUrl\":\"https:\/\/metaltale.com\/wp-content\/uploads\/2024\/02\/Duru-rankenos-WIGAN-su-uzraktu-72-mm.jpg\",\"datePublished\":\"2024-02-13T12:13:05+00:00\",\"breadcrumb\":{\"@id\":\"https:\/\/metaltale.com\/et\/toode\/wigan-uksekaepidemed-koos-lukuga-72-mm\/#breadcrumb\"},\"inLanguage\":\"et\",\"potentialAction\":[{\"@type\":\"ReadAction\",\"target\":[\"https:\/\/metaltale.com\/et\/toode\/wigan-uksekaepidemed-koos-lukuga-72-mm\/\"]}]},{\"@type\":\"ImageObject\",\"inLanguage\":\"et\",\"@id\":\"https:\/\/metaltale.com\/et\/toode\/wigan-uksekaepidemed-koos-lukuga-72-mm\/#primaryimage\",\"url\":\"https:\/\/metaltale.com\/wp-content\/uploads\/2024\/02\/Duru-rankenos-WIGAN-su-uzraktu-72-mm.jpg\",\"contentUrl\":\"https:\/\/metaltale.com\/wp-content\/uploads\/2024\/02\/Duru-rankenos-WIGAN-su-uzraktu-72-mm.jpg\",\"width\":800,\"height\":800,\"caption\":\"WIGAN uksek\u00e4epidemed koos lukuga 72 mm\"},{\"@type\":\"BreadcrumbList\",\"@id\":\"https:\/\/metaltale.com\/et\/toode\/wigan-uksekaepidemed-koos-lukuga-72-mm\/#breadcrumb\",\"itemListElement\":[{\"@type\":\"ListItem\",\"position\":1,\"name\":\"Home\",\"item\":\"https:\/\/metaltale.com\/et\/kodu\/\"},{\"@type\":\"ListItem\",\"position\":2,\"name\":\"Kauplus\",\"item\":\"https:\/\/metaltale.com\/et\/shop\/\"},{\"@type\":\"ListItem\",\"position\":3,\"name\":\"WIGAN uksek\u00e4epidemed koos lukuga 72 mm\"}]},{\"@type\":\"WebSite\",\"@id\":\"https:\/\/metaltale.com\/et\/#website\",\"url\":\"https:\/\/metaltale.com\/et\/\",\"name\":\"Metaltale.com\",\"description\":\"\",\"potentialAction\":[{\"@type\":\"SearchAction\",\"target\":{\"@type\":\"EntryPoint\",\"urlTemplate\":\"https:\/\/metaltale.com\/et\/?s={search_term_string}\"},\"query-input\":{\"@type\":\"PropertyValueSpecification\",\"valueRequired\":true,\"valueName\":\"search_term_string\"}}],\"inLanguage\":\"et\"}]}<\/script>\n<!-- \/ Yoast SEO plugin. -->","yoast_head_json":{"title":"WIGAN uksek\u00e4epidemed koos lukuga 72 mm - MetalTale.com","robots":{"index":"index","follow":"follow","max-snippet":"max-snippet:-1","max-image-preview":"max-image-preview:large","max-video-preview":"max-video-preview:-1"},"canonical":"https:\/\/metaltale.com\/et\/toode\/wigan-uksekaepidemed-koos-lukuga-72-mm\/","og_locale":"et_EE","og_type":"article","og_title":"WIGAN uksek\u00e4epidemed koos lukuga 72 mm - MetalTale.com","og_description":"Mudel B.WN. PRGR Materjal Keraamiline, metall Koguprojektsioon (cm) 7,5 K\u00e4epideme ja v\u00f5tmeava vaheline kaugus (mm) 72 mm V\u00e4rv Must\/valge Pinna","og_url":"https:\/\/metaltale.com\/et\/toode\/wigan-uksekaepidemed-koos-lukuga-72-mm\/","og_site_name":"MetalTale.com","og_image":[{"width":800,"height":800,"url":"https:\/\/metaltale.com\/wp-content\/uploads\/2024\/02\/Duru-rankenos-WIGAN-su-uzraktu-72-mm.jpg","type":"image\/jpeg"}],"twitter_card":"summary_large_image","twitter_misc":{"Est. reading time":"1 minut"},"schema":{"@context":"https:\/\/schema.org","@graph":[{"@type":"WebPage","@id":"https:\/\/metaltale.com\/et\/toode\/wigan-uksekaepidemed-koos-lukuga-72-mm\/","url":"https:\/\/metaltale.com\/et\/toode\/wigan-uksekaepidemed-koos-lukuga-72-mm\/","name":"WIGAN uksek\u00e4epidemed koos lukuga 72 mm - MetalTale.com","isPartOf":{"@id":"https:\/\/metaltale.com\/et\/#website"},"primaryImageOfPage":{"@id":"https:\/\/metaltale.com\/et\/toode\/wigan-uksekaepidemed-koos-lukuga-72-mm\/#primaryimage"},"image":{"@id":"https:\/\/metaltale.com\/et\/toode\/wigan-uksekaepidemed-koos-lukuga-72-mm\/#primaryimage"},"thumbnailUrl":"https:\/\/metaltale.com\/wp-content\/uploads\/2024\/02\/Duru-rankenos-WIGAN-su-uzraktu-72-mm.jpg","datePublished":"2024-02-13T12:13:05+00:00","breadcrumb":{"@id":"https:\/\/metaltale.com\/et\/toode\/wigan-uksekaepidemed-koos-lukuga-72-mm\/#breadcrumb"},"inLanguage":"et","potentialAction":[{"@type":"ReadAction","target":["https:\/\/metaltale.com\/et\/toode\/wigan-uksekaepidemed-koos-lukuga-72-mm\/"]}]},{"@type":"ImageObject","inLanguage":"et","@id":"https:\/\/metaltale.com\/et\/toode\/wigan-uksekaepidemed-koos-lukuga-72-mm\/#primaryimage","url":"https:\/\/metaltale.com\/wp-content\/uploads\/2024\/02\/Duru-rankenos-WIGAN-su-uzraktu-72-mm.jpg","contentUrl":"https:\/\/metaltale.com\/wp-content\/uploads\/2024\/02\/Duru-rankenos-WIGAN-su-uzraktu-72-mm.jpg","width":800,"height":800,"caption":"WIGAN uksek\u00e4epidemed koos lukuga 72 mm"},{"@type":"BreadcrumbList","@id":"https:\/\/metaltale.com\/et\/toode\/wigan-uksekaepidemed-koos-lukuga-72-mm\/#breadcrumb","itemListElement":[{"@type":"ListItem","position":1,"name":"Home","item":"https:\/\/metaltale.com\/et\/kodu\/"},{"@type":"ListItem","position":2,"name":"Kauplus","item":"https:\/\/metaltale.com\/et\/shop\/"},{"@type":"ListItem","position":3,"name":"WIGAN uksek\u00e4epidemed koos lukuga 72 mm"}]},{"@type":"WebSite","@id":"https:\/\/metaltale.com\/et\/#website","url":"https:\/\/metaltale.com\/et\/","name":"Metaltale.com","description":"","potentialAction":[{"@type":"SearchAction","target":{"@type":"EntryPoint","urlTemplate":"https:\/\/metaltale.com\/et\/?s={search_term_string}"},"query-input":{"@type":"PropertyValueSpecification","valueRequired":true,"valueName":"search_term_string"}}],"inLanguage":"et"}]}},"_links":{"self":[{"href":"https:\/\/metaltale.com\/et\/wp-json\/wp\/v2\/product\/138185","targetHints":{"allow":["GET"]}}],"collection":[{"href":"https:\/\/metaltale.com\/et\/wp-json\/wp\/v2\/product"}],"about":[{"href":"https:\/\/metaltale.com\/et\/wp-json\/wp\/v2\/types\/product"}],"replies":[{"embeddable":true,"href":"https:\/\/metaltale.com\/et\/wp-json\/wp\/v2\/comments?post=138185"}],"version-history":[{"count":0,"href":"https:\/\/metaltale.com\/et\/wp-json\/wp\/v2\/product\/138185\/revisions"}],"wp:featuredmedia":[{"embeddable":true,"href":"https:\/\/metaltale.com\/et\/wp-json\/wp\/v2\/media\/131886"}],"wp:attachment":[{"href":"https:\/\/metaltale.com\/et\/wp-json\/wp\/v2\/media?parent=138185"}],"wp:term":[{"taxonomy":"product_brand","embeddable":true,"href":"https:\/\/metaltale.com\/et\/wp-json\/wp\/v2\/product_brand?post=138185"},{"taxonomy":"product_cat","embeddable":true,"href":"https:\/\/metaltale.com\/et\/wp-json\/wp\/v2\/product_cat?post=138185"},{"taxonomy":"product_tag","embeddable":true,"href":"https:\/\/metaltale.com\/et\/wp-json\/wp\/v2\/product_tag?post=138185"}],"curies":[{"name":"wp","href":"https:\/\/api.w.org\/{rel}","templated":true}]}}