{"id":138168,"date":"2024-02-13T14:13:05","date_gmt":"2024-02-13T12:13:05","guid":{"rendered":"https:\/\/metaltale.com\/produktas\/sepistatud-raudne-uksekaepide-murcja-90-mm-koos-lukuga\/"},"modified":"2024-02-13T14:13:05","modified_gmt":"2024-02-13T12:13:05","slug":"sepistatud-raudne-uksekaepide-murcja-90-mm-koos-lukuga","status":"publish","type":"product","link":"https:\/\/metaltale.com\/et\/toode\/sepistatud-raudne-uksekaepide-murcja-90-mm-koos-lukuga\/","title":{"rendered":"Sepistatud raudne uksek\u00e4epide MURCJA 90 mm koos lukuga"},"content":{"rendered":"<div class=\"prod_data\">\n<h2>M\u00f6\u00f6blitarvikud &#8211; Sepistatud uksek\u00e4epide MURCJA 90MM<\/h2>\n<p><strong>Mudel:<\/strong> AG.102PB-90<br \/>\n<strong>Materjal:<\/strong> teras<br \/>\n<strong>\u00dcldine k\u00f5rgus (cm):<\/strong> 28<br \/>\n<strong>\u00dcldlaius (cm):<\/strong> 12<br \/>\n<strong>Koguprojektsioon (cm):<\/strong> 7<br \/>\n<strong>Aluse m\u00f5\u00f5tmed (cm):<\/strong> 4,5&#215;28<br \/>\n<strong>K\u00e4epideme ja v\u00f5tmeava vaheline kaugus (mm):<\/strong> 90 mm<br \/>\n<strong>Paigalduskruvid:<\/strong> jah<br \/>\n<strong>V\u00e4rv:<\/strong> must<br \/>\n<strong>Viimistlus:<\/strong> Pehme, satiinne efekt<br \/>\n<strong>Pinnat\u00fc\u00fcp:<\/strong> sileda pinnaga<br \/>\n<strong>Kogus komplektis:<\/strong> 1 k\u00e4epide (ukse m\u00f5lemale k\u00fcljele) + s\u00fcdamik + kinnituskruvid<br \/>\n<strong>Lisateave:<\/strong> k\u00e4epidemehhanism<\/p>\n<p>Seda musta poolmattist terasest uksek\u00e4epidet iseloomustab ainulaadne disain. Tarnitakse koos kinnituskinnitustega.<\/p>\n<\/div>\n","protected":false},"excerpt":{"rendered":"<p>M\u00f6\u00f6blitarvikud &#8211; Sepistatud uksek\u00e4epide MURCJA 90MM Mudel: AG.102PB-90 Materjal: teras \u00dcldine k\u00f5rgus (cm): 28 \u00dcldlaius (cm): 12 Koguprojektsioon (cm): 7<\/p>\n","protected":false},"featured_media":96375,"comment_status":"open","ping_status":"closed","template":"","meta":{"_acf_changed":false,"pmpro_default_level":""},"product_brand":[],"product_cat":[24162,23882,23836],"product_tag":[],"class_list":{"0":"post-138168","1":"product","2":"type-product","3":"status-publish","4":"has-post-thumbnail","6":"product_cat-kaepidemed","7":"product_cat-duru-rankenos-duru-rankenos-et","8":"product_cat-moobli-tarvikud","9":"pmpro-has-access","11":"first","12":"instock","13":"shipping-taxable","14":"purchasable","15":"product-type-simple"},"acf":[],"yoast_head":"<!-- This site is optimized with the Yoast SEO plugin v24.9 - https:\/\/yoast.com\/wordpress\/plugins\/seo\/ -->\n<title>Sepistatud raudne uksek\u00e4epide MURCJA 90 mm koos lukuga - MetalTale.com<\/title>\n<meta name=\"robots\" content=\"index, follow, max-snippet:-1, max-image-preview:large, max-video-preview:-1\" \/>\n<link rel=\"canonical\" href=\"https:\/\/metaltale.com\/et\/toode\/sepistatud-raudne-uksekaepide-murcja-90-mm-koos-lukuga\/\" \/>\n<meta property=\"og:locale\" content=\"et_EE\" \/>\n<meta property=\"og:type\" content=\"article\" \/>\n<meta property=\"og:title\" content=\"Sepistatud raudne uksek\u00e4epide MURCJA 90 mm koos lukuga - MetalTale.com\" \/>\n<meta property=\"og:description\" content=\"M\u00f6\u00f6blitarvikud &#8211; Sepistatud uksek\u00e4epide MURCJA 90MM Mudel: AG.102PB-90 Materjal: teras \u00dcldine k\u00f5rgus (cm): 28 \u00dcldlaius (cm): 12 Koguprojektsioon (cm): 7\" \/>\n<meta property=\"og:url\" content=\"https:\/\/metaltale.com\/et\/toode\/sepistatud-raudne-uksekaepide-murcja-90-mm-koos-lukuga\/\" \/>\n<meta property=\"og:site_name\" content=\"MetalTale.com\" \/>\n<meta property=\"og:image\" content=\"https:\/\/metaltale.com\/wp-content\/uploads\/2023\/10\/MURCJA-rankena-su-dekoratyvine-ix161kaba.jpg\" \/>\n\t<meta property=\"og:image:width\" content=\"800\" \/>\n\t<meta property=\"og:image:height\" content=\"800\" \/>\n\t<meta property=\"og:image:type\" content=\"image\/jpeg\" \/>\n<meta name=\"twitter:card\" content=\"summary_large_image\" \/>\n<script type=\"application\/ld+json\" class=\"yoast-schema-graph\">{\"@context\":\"https:\/\/schema.org\",\"@graph\":[{\"@type\":\"WebPage\",\"@id\":\"https:\/\/metaltale.com\/et\/toode\/sepistatud-raudne-uksekaepide-murcja-90-mm-koos-lukuga\/\",\"url\":\"https:\/\/metaltale.com\/et\/toode\/sepistatud-raudne-uksekaepide-murcja-90-mm-koos-lukuga\/\",\"name\":\"Sepistatud raudne uksek\u00e4epide MURCJA 90 mm koos lukuga - MetalTale.com\",\"isPartOf\":{\"@id\":\"https:\/\/metaltale.com\/et\/#website\"},\"primaryImageOfPage\":{\"@id\":\"https:\/\/metaltale.com\/et\/toode\/sepistatud-raudne-uksekaepide-murcja-90-mm-koos-lukuga\/#primaryimage\"},\"image\":{\"@id\":\"https:\/\/metaltale.com\/et\/toode\/sepistatud-raudne-uksekaepide-murcja-90-mm-koos-lukuga\/#primaryimage\"},\"thumbnailUrl\":\"https:\/\/metaltale.com\/wp-content\/uploads\/2023\/10\/MURCJA-rankena-su-dekoratyvine-ix161kaba.jpg\",\"datePublished\":\"2024-02-13T12:13:05+00:00\",\"breadcrumb\":{\"@id\":\"https:\/\/metaltale.com\/et\/toode\/sepistatud-raudne-uksekaepide-murcja-90-mm-koos-lukuga\/#breadcrumb\"},\"inLanguage\":\"et\",\"potentialAction\":[{\"@type\":\"ReadAction\",\"target\":[\"https:\/\/metaltale.com\/et\/toode\/sepistatud-raudne-uksekaepide-murcja-90-mm-koos-lukuga\/\"]}]},{\"@type\":\"ImageObject\",\"inLanguage\":\"et\",\"@id\":\"https:\/\/metaltale.com\/et\/toode\/sepistatud-raudne-uksekaepide-murcja-90-mm-koos-lukuga\/#primaryimage\",\"url\":\"https:\/\/metaltale.com\/wp-content\/uploads\/2023\/10\/MURCJA-rankena-su-dekoratyvine-ix161kaba.jpg\",\"contentUrl\":\"https:\/\/metaltale.com\/wp-content\/uploads\/2023\/10\/MURCJA-rankena-su-dekoratyvine-ix161kaba.jpg\",\"width\":800,\"height\":800,\"caption\":\"Sepistatud rauast uksek\u00e4epide MURCJA 90 mm\"},{\"@type\":\"BreadcrumbList\",\"@id\":\"https:\/\/metaltale.com\/et\/toode\/sepistatud-raudne-uksekaepide-murcja-90-mm-koos-lukuga\/#breadcrumb\",\"itemListElement\":[{\"@type\":\"ListItem\",\"position\":1,\"name\":\"Home\",\"item\":\"https:\/\/metaltale.com\/et\/kodu\/\"},{\"@type\":\"ListItem\",\"position\":2,\"name\":\"Kauplus\",\"item\":\"https:\/\/metaltale.com\/et\/shop\/\"},{\"@type\":\"ListItem\",\"position\":3,\"name\":\"Sepistatud raudne uksek\u00e4epide MURCJA 90 mm koos lukuga\"}]},{\"@type\":\"WebSite\",\"@id\":\"https:\/\/metaltale.com\/et\/#website\",\"url\":\"https:\/\/metaltale.com\/et\/\",\"name\":\"Metaltale.com\",\"description\":\"\",\"potentialAction\":[{\"@type\":\"SearchAction\",\"target\":{\"@type\":\"EntryPoint\",\"urlTemplate\":\"https:\/\/metaltale.com\/et\/?s={search_term_string}\"},\"query-input\":{\"@type\":\"PropertyValueSpecification\",\"valueRequired\":true,\"valueName\":\"search_term_string\"}}],\"inLanguage\":\"et\"}]}<\/script>\n<!-- \/ Yoast SEO plugin. -->","yoast_head_json":{"title":"Sepistatud raudne uksek\u00e4epide MURCJA 90 mm koos lukuga - MetalTale.com","robots":{"index":"index","follow":"follow","max-snippet":"max-snippet:-1","max-image-preview":"max-image-preview:large","max-video-preview":"max-video-preview:-1"},"canonical":"https:\/\/metaltale.com\/et\/toode\/sepistatud-raudne-uksekaepide-murcja-90-mm-koos-lukuga\/","og_locale":"et_EE","og_type":"article","og_title":"Sepistatud raudne uksek\u00e4epide MURCJA 90 mm koos lukuga - MetalTale.com","og_description":"M\u00f6\u00f6blitarvikud &#8211; Sepistatud uksek\u00e4epide MURCJA 90MM Mudel: AG.102PB-90 Materjal: teras \u00dcldine k\u00f5rgus (cm): 28 \u00dcldlaius (cm): 12 Koguprojektsioon (cm): 7","og_url":"https:\/\/metaltale.com\/et\/toode\/sepistatud-raudne-uksekaepide-murcja-90-mm-koos-lukuga\/","og_site_name":"MetalTale.com","og_image":[{"width":800,"height":800,"url":"https:\/\/metaltale.com\/wp-content\/uploads\/2023\/10\/MURCJA-rankena-su-dekoratyvine-ix161kaba.jpg","type":"image\/jpeg"}],"twitter_card":"summary_large_image","schema":{"@context":"https:\/\/schema.org","@graph":[{"@type":"WebPage","@id":"https:\/\/metaltale.com\/et\/toode\/sepistatud-raudne-uksekaepide-murcja-90-mm-koos-lukuga\/","url":"https:\/\/metaltale.com\/et\/toode\/sepistatud-raudne-uksekaepide-murcja-90-mm-koos-lukuga\/","name":"Sepistatud raudne uksek\u00e4epide MURCJA 90 mm koos lukuga - MetalTale.com","isPartOf":{"@id":"https:\/\/metaltale.com\/et\/#website"},"primaryImageOfPage":{"@id":"https:\/\/metaltale.com\/et\/toode\/sepistatud-raudne-uksekaepide-murcja-90-mm-koos-lukuga\/#primaryimage"},"image":{"@id":"https:\/\/metaltale.com\/et\/toode\/sepistatud-raudne-uksekaepide-murcja-90-mm-koos-lukuga\/#primaryimage"},"thumbnailUrl":"https:\/\/metaltale.com\/wp-content\/uploads\/2023\/10\/MURCJA-rankena-su-dekoratyvine-ix161kaba.jpg","datePublished":"2024-02-13T12:13:05+00:00","breadcrumb":{"@id":"https:\/\/metaltale.com\/et\/toode\/sepistatud-raudne-uksekaepide-murcja-90-mm-koos-lukuga\/#breadcrumb"},"inLanguage":"et","potentialAction":[{"@type":"ReadAction","target":["https:\/\/metaltale.com\/et\/toode\/sepistatud-raudne-uksekaepide-murcja-90-mm-koos-lukuga\/"]}]},{"@type":"ImageObject","inLanguage":"et","@id":"https:\/\/metaltale.com\/et\/toode\/sepistatud-raudne-uksekaepide-murcja-90-mm-koos-lukuga\/#primaryimage","url":"https:\/\/metaltale.com\/wp-content\/uploads\/2023\/10\/MURCJA-rankena-su-dekoratyvine-ix161kaba.jpg","contentUrl":"https:\/\/metaltale.com\/wp-content\/uploads\/2023\/10\/MURCJA-rankena-su-dekoratyvine-ix161kaba.jpg","width":800,"height":800,"caption":"Sepistatud rauast uksek\u00e4epide MURCJA 90 mm"},{"@type":"BreadcrumbList","@id":"https:\/\/metaltale.com\/et\/toode\/sepistatud-raudne-uksekaepide-murcja-90-mm-koos-lukuga\/#breadcrumb","itemListElement":[{"@type":"ListItem","position":1,"name":"Home","item":"https:\/\/metaltale.com\/et\/kodu\/"},{"@type":"ListItem","position":2,"name":"Kauplus","item":"https:\/\/metaltale.com\/et\/shop\/"},{"@type":"ListItem","position":3,"name":"Sepistatud raudne uksek\u00e4epide MURCJA 90 mm koos lukuga"}]},{"@type":"WebSite","@id":"https:\/\/metaltale.com\/et\/#website","url":"https:\/\/metaltale.com\/et\/","name":"Metaltale.com","description":"","potentialAction":[{"@type":"SearchAction","target":{"@type":"EntryPoint","urlTemplate":"https:\/\/metaltale.com\/et\/?s={search_term_string}"},"query-input":{"@type":"PropertyValueSpecification","valueRequired":true,"valueName":"search_term_string"}}],"inLanguage":"et"}]}},"_links":{"self":[{"href":"https:\/\/metaltale.com\/et\/wp-json\/wp\/v2\/product\/138168","targetHints":{"allow":["GET"]}}],"collection":[{"href":"https:\/\/metaltale.com\/et\/wp-json\/wp\/v2\/product"}],"about":[{"href":"https:\/\/metaltale.com\/et\/wp-json\/wp\/v2\/types\/product"}],"replies":[{"embeddable":true,"href":"https:\/\/metaltale.com\/et\/wp-json\/wp\/v2\/comments?post=138168"}],"version-history":[{"count":0,"href":"https:\/\/metaltale.com\/et\/wp-json\/wp\/v2\/product\/138168\/revisions"}],"wp:featuredmedia":[{"embeddable":true,"href":"https:\/\/metaltale.com\/et\/wp-json\/wp\/v2\/media\/96375"}],"wp:attachment":[{"href":"https:\/\/metaltale.com\/et\/wp-json\/wp\/v2\/media?parent=138168"}],"wp:term":[{"taxonomy":"product_brand","embeddable":true,"href":"https:\/\/metaltale.com\/et\/wp-json\/wp\/v2\/product_brand?post=138168"},{"taxonomy":"product_cat","embeddable":true,"href":"https:\/\/metaltale.com\/et\/wp-json\/wp\/v2\/product_cat?post=138168"},{"taxonomy":"product_tag","embeddable":true,"href":"https:\/\/metaltale.com\/et\/wp-json\/wp\/v2\/product_tag?post=138168"}],"curies":[{"name":"wp","href":"https:\/\/api.w.org\/{rel}","templated":true}]}}