{"id":138146,"date":"2024-02-13T14:25:06","date_gmt":"2024-02-13T12:25:06","guid":{"rendered":"https:\/\/metaltale.com\/produktas\/konks-melonik-mini\/"},"modified":"2024-02-13T14:25:06","modified_gmt":"2024-02-13T12:25:06","slug":"konks-melonik-mini","status":"publish","type":"product","link":"https:\/\/metaltale.com\/et\/toode\/konks-melonik-mini\/","title":{"rendered":"Konks MELONIK MINI"},"content":{"rendered":"<div class=\"prod_data\">\n<p><strong>Mudel<\/strong> 30.336I. AI.50<br \/>\n<strong>EAN.<\/strong>  5905369917967<br \/>\nMaterjal Ketus<br \/>\n<strong>\u00dcldine k\u00f5rgus (cm)<\/strong> 4<br \/>\n<strong>\u00dcldine laius (cm)<\/strong> 4<br \/>\n<strong>Koguprojektsioon (cm)<\/strong> 4<br \/>\n<strong>Aluse m\u00f5\u00f5tmed (cm)<\/strong> 2.3 (laius)<br \/>\n<strong>T\u00fc\u00fcp<\/strong> \u00dcksik<br \/>\n<strong>V\u00e4rv<\/strong> teras<\/p>\n<p><strong>Mini Hat<\/strong> Hook on v\u00e4ga populaarne ripatsikuju, millel on kumer rippuv ots.<\/p>\n<p>Valmistatud kvaliteetsest malmist, mis tagab \u00e4\u00e4rmise vastupidavuse ja tugevuse.<\/p>\n<p>Konksu kiire paigaldamine on v\u00f5imalik t\u00e4nu kahele kinnitusaugule selle lamedas aluses.<\/p>\n<\/div>\n","protected":false},"excerpt":{"rendered":"<p>Mudel 30.336I. AI.50 EAN. 5905369917967 Materjal Ketus \u00dcldine k\u00f5rgus (cm) 4 \u00dcldine laius (cm) 4 Koguprojektsioon (cm) 4 Aluse m\u00f5\u00f5tmed<\/p>\n","protected":false},"featured_media":69300,"comment_status":"open","ping_status":"closed","template":"","meta":{"_acf_changed":false,"pmpro_default_level":""},"product_brand":[],"product_cat":[24176,23836],"product_tag":[],"class_list":{"0":"post-138146","1":"product","2":"type-product","3":"status-publish","4":"has-post-thumbnail","6":"product_cat-ripatsid-ja-konksud","7":"product_cat-moobli-tarvikud","8":"pmpro-has-access","10":"first","11":"instock","12":"shipping-taxable","13":"purchasable","14":"product-type-simple"},"acf":[],"yoast_head":"<!-- This site is optimized with the Yoast SEO plugin v24.9 - https:\/\/yoast.com\/wordpress\/plugins\/seo\/ -->\n<title>Konks MELONIK MINI - MetalTale.com<\/title>\n<meta name=\"robots\" content=\"index, follow, max-snippet:-1, max-image-preview:large, max-video-preview:-1\" \/>\n<link rel=\"canonical\" href=\"https:\/\/metaltale.com\/et\/toode\/konks-melonik-mini\/\" \/>\n<meta property=\"og:locale\" content=\"et_EE\" \/>\n<meta property=\"og:type\" content=\"article\" \/>\n<meta property=\"og:title\" content=\"Konks MELONIK MINI - MetalTale.com\" \/>\n<meta property=\"og:description\" content=\"Mudel 30.336I. AI.50 EAN. 5905369917967 Materjal Ketus \u00dcldine k\u00f5rgus (cm) 4 \u00dcldine laius (cm) 4 Koguprojektsioon (cm) 4 Aluse m\u00f5\u00f5tmed\" \/>\n<meta property=\"og:url\" content=\"https:\/\/metaltale.com\/et\/toode\/konks-melonik-mini\/\" \/>\n<meta property=\"og:site_name\" content=\"MetalTale.com\" \/>\n<meta name=\"twitter:card\" content=\"summary_large_image\" \/>\n<script type=\"application\/ld+json\" class=\"yoast-schema-graph\">{\"@context\":\"https:\/\/schema.org\",\"@graph\":[{\"@type\":\"WebPage\",\"@id\":\"https:\/\/metaltale.com\/et\/toode\/konks-melonik-mini\/\",\"url\":\"https:\/\/metaltale.com\/et\/toode\/konks-melonik-mini\/\",\"name\":\"Konks MELONIK MINI - MetalTale.com\",\"isPartOf\":{\"@id\":\"https:\/\/metaltale.com\/et\/#website\"},\"primaryImageOfPage\":{\"@id\":\"https:\/\/metaltale.com\/et\/toode\/konks-melonik-mini\/#primaryimage\"},\"image\":{\"@id\":\"https:\/\/metaltale.com\/et\/toode\/konks-melonik-mini\/#primaryimage\"},\"thumbnailUrl\":\"https:\/\/metaltale.com\/wp-content\/uploads\/2023\/09\/Kablys-MELONIK-MINI.jpg\",\"datePublished\":\"2024-02-13T12:25:06+00:00\",\"breadcrumb\":{\"@id\":\"https:\/\/metaltale.com\/et\/toode\/konks-melonik-mini\/#breadcrumb\"},\"inLanguage\":\"et\",\"potentialAction\":[{\"@type\":\"ReadAction\",\"target\":[\"https:\/\/metaltale.com\/et\/toode\/konks-melonik-mini\/\"]}]},{\"@type\":\"ImageObject\",\"inLanguage\":\"et\",\"@id\":\"https:\/\/metaltale.com\/et\/toode\/konks-melonik-mini\/#primaryimage\",\"url\":\"https:\/\/metaltale.com\/wp-content\/uploads\/2023\/09\/Kablys-MELONIK-MINI.jpg\",\"contentUrl\":\"https:\/\/metaltale.com\/wp-content\/uploads\/2023\/09\/Kablys-MELONIK-MINI.jpg\",\"width\":800,\"height\":800,\"caption\":\"konks rubiinide jaoks\"},{\"@type\":\"BreadcrumbList\",\"@id\":\"https:\/\/metaltale.com\/et\/toode\/konks-melonik-mini\/#breadcrumb\",\"itemListElement\":[{\"@type\":\"ListItem\",\"position\":1,\"name\":\"Home\",\"item\":\"https:\/\/metaltale.com\/et\/kodu\/\"},{\"@type\":\"ListItem\",\"position\":2,\"name\":\"Kauplus\",\"item\":\"https:\/\/metaltale.com\/et\/shop\/\"},{\"@type\":\"ListItem\",\"position\":3,\"name\":\"Konks MELONIK MINI\"}]},{\"@type\":\"WebSite\",\"@id\":\"https:\/\/metaltale.com\/et\/#website\",\"url\":\"https:\/\/metaltale.com\/et\/\",\"name\":\"Metaltale.com\",\"description\":\"\",\"potentialAction\":[{\"@type\":\"SearchAction\",\"target\":{\"@type\":\"EntryPoint\",\"urlTemplate\":\"https:\/\/metaltale.com\/et\/?s={search_term_string}\"},\"query-input\":{\"@type\":\"PropertyValueSpecification\",\"valueRequired\":true,\"valueName\":\"search_term_string\"}}],\"inLanguage\":\"et\"}]}<\/script>\n<!-- \/ Yoast SEO plugin. -->","yoast_head_json":{"title":"Konks MELONIK MINI - MetalTale.com","robots":{"index":"index","follow":"follow","max-snippet":"max-snippet:-1","max-image-preview":"max-image-preview:large","max-video-preview":"max-video-preview:-1"},"canonical":"https:\/\/metaltale.com\/et\/toode\/konks-melonik-mini\/","og_locale":"et_EE","og_type":"article","og_title":"Konks MELONIK MINI - MetalTale.com","og_description":"Mudel 30.336I. AI.50 EAN. 5905369917967 Materjal Ketus \u00dcldine k\u00f5rgus (cm) 4 \u00dcldine laius (cm) 4 Koguprojektsioon (cm) 4 Aluse m\u00f5\u00f5tmed","og_url":"https:\/\/metaltale.com\/et\/toode\/konks-melonik-mini\/","og_site_name":"MetalTale.com","twitter_card":"summary_large_image","schema":{"@context":"https:\/\/schema.org","@graph":[{"@type":"WebPage","@id":"https:\/\/metaltale.com\/et\/toode\/konks-melonik-mini\/","url":"https:\/\/metaltale.com\/et\/toode\/konks-melonik-mini\/","name":"Konks MELONIK MINI - MetalTale.com","isPartOf":{"@id":"https:\/\/metaltale.com\/et\/#website"},"primaryImageOfPage":{"@id":"https:\/\/metaltale.com\/et\/toode\/konks-melonik-mini\/#primaryimage"},"image":{"@id":"https:\/\/metaltale.com\/et\/toode\/konks-melonik-mini\/#primaryimage"},"thumbnailUrl":"https:\/\/metaltale.com\/wp-content\/uploads\/2023\/09\/Kablys-MELONIK-MINI.jpg","datePublished":"2024-02-13T12:25:06+00:00","breadcrumb":{"@id":"https:\/\/metaltale.com\/et\/toode\/konks-melonik-mini\/#breadcrumb"},"inLanguage":"et","potentialAction":[{"@type":"ReadAction","target":["https:\/\/metaltale.com\/et\/toode\/konks-melonik-mini\/"]}]},{"@type":"ImageObject","inLanguage":"et","@id":"https:\/\/metaltale.com\/et\/toode\/konks-melonik-mini\/#primaryimage","url":"https:\/\/metaltale.com\/wp-content\/uploads\/2023\/09\/Kablys-MELONIK-MINI.jpg","contentUrl":"https:\/\/metaltale.com\/wp-content\/uploads\/2023\/09\/Kablys-MELONIK-MINI.jpg","width":800,"height":800,"caption":"konks rubiinide jaoks"},{"@type":"BreadcrumbList","@id":"https:\/\/metaltale.com\/et\/toode\/konks-melonik-mini\/#breadcrumb","itemListElement":[{"@type":"ListItem","position":1,"name":"Home","item":"https:\/\/metaltale.com\/et\/kodu\/"},{"@type":"ListItem","position":2,"name":"Kauplus","item":"https:\/\/metaltale.com\/et\/shop\/"},{"@type":"ListItem","position":3,"name":"Konks MELONIK MINI"}]},{"@type":"WebSite","@id":"https:\/\/metaltale.com\/et\/#website","url":"https:\/\/metaltale.com\/et\/","name":"Metaltale.com","description":"","potentialAction":[{"@type":"SearchAction","target":{"@type":"EntryPoint","urlTemplate":"https:\/\/metaltale.com\/et\/?s={search_term_string}"},"query-input":{"@type":"PropertyValueSpecification","valueRequired":true,"valueName":"search_term_string"}}],"inLanguage":"et"}]}},"_links":{"self":[{"href":"https:\/\/metaltale.com\/et\/wp-json\/wp\/v2\/product\/138146","targetHints":{"allow":["GET"]}}],"collection":[{"href":"https:\/\/metaltale.com\/et\/wp-json\/wp\/v2\/product"}],"about":[{"href":"https:\/\/metaltale.com\/et\/wp-json\/wp\/v2\/types\/product"}],"replies":[{"embeddable":true,"href":"https:\/\/metaltale.com\/et\/wp-json\/wp\/v2\/comments?post=138146"}],"version-history":[{"count":0,"href":"https:\/\/metaltale.com\/et\/wp-json\/wp\/v2\/product\/138146\/revisions"}],"wp:featuredmedia":[{"embeddable":true,"href":"https:\/\/metaltale.com\/et\/wp-json\/wp\/v2\/media\/69300"}],"wp:attachment":[{"href":"https:\/\/metaltale.com\/et\/wp-json\/wp\/v2\/media?parent=138146"}],"wp:term":[{"taxonomy":"product_brand","embeddable":true,"href":"https:\/\/metaltale.com\/et\/wp-json\/wp\/v2\/product_brand?post=138146"},{"taxonomy":"product_cat","embeddable":true,"href":"https:\/\/metaltale.com\/et\/wp-json\/wp\/v2\/product_cat?post=138146"},{"taxonomy":"product_tag","embeddable":true,"href":"https:\/\/metaltale.com\/et\/wp-json\/wp\/v2\/product_tag?post=138146"}],"curies":[{"name":"wp","href":"https:\/\/api.w.org\/{rel}","templated":true}]}}