{"id":138140,"date":"2024-02-13T14:25:06","date_gmt":"2024-02-13T12:25:06","guid":{"rendered":"https:\/\/metaltale.com\/produktas\/konks-malaga-must\/"},"modified":"2026-03-26T07:47:23","modified_gmt":"2026-03-26T05:47:23","slug":"konks-malaga-must","status":"publish","type":"product","link":"https:\/\/metaltale.com\/et\/toode\/konks-malaga-must\/","title":{"rendered":"Konks MALAGA must"},"content":{"rendered":"<div class=\"prod_data\">\n<p><strong>Mudel<\/strong> 49.337B. HFB.78<br \/>\n<strong>EAN.<\/strong>  5905369917929<br \/>\n<strong>Materjal<\/strong> teras<br \/>\n<strong>\u00dcldine k\u00f5rgus (cm)<\/strong> 7,8<br \/>\n<strong>\u00dcldine laius (cm)<\/strong> 1,1<br \/>\n<strong>Koguprojektsioon (cm)<\/strong> 3,5<br \/>\n<strong>T\u00fc\u00fcp<\/strong> \u00dcksik<br \/>\nV\u00e4rv Must<br \/>\n<strong>Trim<\/strong> Waxed<br \/>\n<strong>Pinna t\u00fc\u00fcp<\/strong> Silea<\/p>\n<p>Sepistatud riputuskonks Malaga musta v\u00e4rvi.<\/p>\n<p>Lihtne ja klassikaline riputuskonks on kindlasti iga interj\u00f6\u00f6ri viimistluseks.<\/p>\n<p>Toode oli viimistletud vanas mustas toonis ja kaitstud vahaga.<\/p>\n<p>Toode on valmistatud manufaktuuriprintsiibi j\u00e4rgi.<\/p>\n<\/div>\n","protected":false},"excerpt":{"rendered":"<p>Mudel 49.337B. HFB.78 EAN. 5905369917929 Materjal teras \u00dcldine k\u00f5rgus (cm) 7,8 \u00dcldine laius (cm) 1,1 Koguprojektsioon (cm) 3,5 T\u00fc\u00fcp \u00dcksik<\/p>\n","protected":false},"featured_media":69291,"comment_status":"open","ping_status":"closed","template":"","meta":{"_acf_changed":false,"pmpro_default_level":""},"product_brand":[],"product_cat":[24176,23836],"product_tag":[],"class_list":{"0":"post-138140","1":"product","2":"type-product","3":"status-publish","4":"has-post-thumbnail","6":"product_cat-ripatsid-ja-konksud","7":"product_cat-moobli-tarvikud","8":"pmpro-has-access","10":"first","11":"instock","12":"shipping-taxable","13":"purchasable","14":"product-type-simple"},"acf":[],"yoast_head":"<!-- This site is optimized with the Yoast SEO plugin v24.9 - https:\/\/yoast.com\/wordpress\/plugins\/seo\/ -->\n<title>Konks MALAGA must - MetalTale.com<\/title>\n<meta name=\"robots\" content=\"index, follow, max-snippet:-1, max-image-preview:large, max-video-preview:-1\" \/>\n<link rel=\"canonical\" href=\"https:\/\/metaltale.com\/et\/toode\/konks-malaga-must\/\" \/>\n<meta property=\"og:locale\" content=\"et_EE\" \/>\n<meta property=\"og:type\" content=\"article\" \/>\n<meta property=\"og:title\" content=\"Konks MALAGA must - MetalTale.com\" \/>\n<meta property=\"og:description\" content=\"Mudel 49.337B. HFB.78 EAN. 5905369917929 Materjal teras \u00dcldine k\u00f5rgus (cm) 7,8 \u00dcldine laius (cm) 1,1 Koguprojektsioon (cm) 3,5 T\u00fc\u00fcp \u00dcksik\" \/>\n<meta property=\"og:url\" content=\"https:\/\/metaltale.com\/et\/toode\/konks-malaga-must\/\" \/>\n<meta property=\"og:site_name\" content=\"MetalTale.com\" \/>\n<meta property=\"article:modified_time\" content=\"2026-03-26T05:47:23+00:00\" \/>\n<meta name=\"twitter:card\" content=\"summary_large_image\" \/>\n<script type=\"application\/ld+json\" class=\"yoast-schema-graph\">{\"@context\":\"https:\/\/schema.org\",\"@graph\":[{\"@type\":\"WebPage\",\"@id\":\"https:\/\/metaltale.com\/et\/toode\/konks-malaga-must\/\",\"url\":\"https:\/\/metaltale.com\/et\/toode\/konks-malaga-must\/\",\"name\":\"Konks MALAGA must - MetalTale.com\",\"isPartOf\":{\"@id\":\"https:\/\/metaltale.com\/et\/#website\"},\"primaryImageOfPage\":{\"@id\":\"https:\/\/metaltale.com\/et\/toode\/konks-malaga-must\/#primaryimage\"},\"image\":{\"@id\":\"https:\/\/metaltale.com\/et\/toode\/konks-malaga-must\/#primaryimage\"},\"thumbnailUrl\":\"https:\/\/metaltale.com\/wp-content\/uploads\/2023\/09\/MALAGA-teisx117s.jpg\",\"datePublished\":\"2024-02-13T12:25:06+00:00\",\"dateModified\":\"2026-03-26T05:47:23+00:00\",\"breadcrumb\":{\"@id\":\"https:\/\/metaltale.com\/et\/toode\/konks-malaga-must\/#breadcrumb\"},\"inLanguage\":\"et\",\"potentialAction\":[{\"@type\":\"ReadAction\",\"target\":[\"https:\/\/metaltale.com\/et\/toode\/konks-malaga-must\/\"]}]},{\"@type\":\"ImageObject\",\"inLanguage\":\"et\",\"@id\":\"https:\/\/metaltale.com\/et\/toode\/konks-malaga-must\/#primaryimage\",\"url\":\"https:\/\/metaltale.com\/wp-content\/uploads\/2023\/09\/MALAGA-teisx117s.jpg\",\"contentUrl\":\"https:\/\/metaltale.com\/wp-content\/uploads\/2023\/09\/MALAGA-teisx117s.jpg\",\"width\":800,\"height\":800,\"caption\":\"Riiete konks\"},{\"@type\":\"BreadcrumbList\",\"@id\":\"https:\/\/metaltale.com\/et\/toode\/konks-malaga-must\/#breadcrumb\",\"itemListElement\":[{\"@type\":\"ListItem\",\"position\":1,\"name\":\"Home\",\"item\":\"https:\/\/metaltale.com\/et\/kodu\/\"},{\"@type\":\"ListItem\",\"position\":2,\"name\":\"Kauplus\",\"item\":\"https:\/\/metaltale.com\/et\/shop\/\"},{\"@type\":\"ListItem\",\"position\":3,\"name\":\"Konks MALAGA must\"}]},{\"@type\":\"WebSite\",\"@id\":\"https:\/\/metaltale.com\/et\/#website\",\"url\":\"https:\/\/metaltale.com\/et\/\",\"name\":\"Metaltale.com\",\"description\":\"\",\"potentialAction\":[{\"@type\":\"SearchAction\",\"target\":{\"@type\":\"EntryPoint\",\"urlTemplate\":\"https:\/\/metaltale.com\/et\/?s={search_term_string}\"},\"query-input\":{\"@type\":\"PropertyValueSpecification\",\"valueRequired\":true,\"valueName\":\"search_term_string\"}}],\"inLanguage\":\"et\"}]}<\/script>\n<!-- \/ Yoast SEO plugin. -->","yoast_head_json":{"title":"Konks MALAGA must - MetalTale.com","robots":{"index":"index","follow":"follow","max-snippet":"max-snippet:-1","max-image-preview":"max-image-preview:large","max-video-preview":"max-video-preview:-1"},"canonical":"https:\/\/metaltale.com\/et\/toode\/konks-malaga-must\/","og_locale":"et_EE","og_type":"article","og_title":"Konks MALAGA must - MetalTale.com","og_description":"Mudel 49.337B. HFB.78 EAN. 5905369917929 Materjal teras \u00dcldine k\u00f5rgus (cm) 7,8 \u00dcldine laius (cm) 1,1 Koguprojektsioon (cm) 3,5 T\u00fc\u00fcp \u00dcksik","og_url":"https:\/\/metaltale.com\/et\/toode\/konks-malaga-must\/","og_site_name":"MetalTale.com","article_modified_time":"2026-03-26T05:47:23+00:00","twitter_card":"summary_large_image","schema":{"@context":"https:\/\/schema.org","@graph":[{"@type":"WebPage","@id":"https:\/\/metaltale.com\/et\/toode\/konks-malaga-must\/","url":"https:\/\/metaltale.com\/et\/toode\/konks-malaga-must\/","name":"Konks MALAGA must - MetalTale.com","isPartOf":{"@id":"https:\/\/metaltale.com\/et\/#website"},"primaryImageOfPage":{"@id":"https:\/\/metaltale.com\/et\/toode\/konks-malaga-must\/#primaryimage"},"image":{"@id":"https:\/\/metaltale.com\/et\/toode\/konks-malaga-must\/#primaryimage"},"thumbnailUrl":"https:\/\/metaltale.com\/wp-content\/uploads\/2023\/09\/MALAGA-teisx117s.jpg","datePublished":"2024-02-13T12:25:06+00:00","dateModified":"2026-03-26T05:47:23+00:00","breadcrumb":{"@id":"https:\/\/metaltale.com\/et\/toode\/konks-malaga-must\/#breadcrumb"},"inLanguage":"et","potentialAction":[{"@type":"ReadAction","target":["https:\/\/metaltale.com\/et\/toode\/konks-malaga-must\/"]}]},{"@type":"ImageObject","inLanguage":"et","@id":"https:\/\/metaltale.com\/et\/toode\/konks-malaga-must\/#primaryimage","url":"https:\/\/metaltale.com\/wp-content\/uploads\/2023\/09\/MALAGA-teisx117s.jpg","contentUrl":"https:\/\/metaltale.com\/wp-content\/uploads\/2023\/09\/MALAGA-teisx117s.jpg","width":800,"height":800,"caption":"Riiete konks"},{"@type":"BreadcrumbList","@id":"https:\/\/metaltale.com\/et\/toode\/konks-malaga-must\/#breadcrumb","itemListElement":[{"@type":"ListItem","position":1,"name":"Home","item":"https:\/\/metaltale.com\/et\/kodu\/"},{"@type":"ListItem","position":2,"name":"Kauplus","item":"https:\/\/metaltale.com\/et\/shop\/"},{"@type":"ListItem","position":3,"name":"Konks MALAGA must"}]},{"@type":"WebSite","@id":"https:\/\/metaltale.com\/et\/#website","url":"https:\/\/metaltale.com\/et\/","name":"Metaltale.com","description":"","potentialAction":[{"@type":"SearchAction","target":{"@type":"EntryPoint","urlTemplate":"https:\/\/metaltale.com\/et\/?s={search_term_string}"},"query-input":{"@type":"PropertyValueSpecification","valueRequired":true,"valueName":"search_term_string"}}],"inLanguage":"et"}]}},"_links":{"self":[{"href":"https:\/\/metaltale.com\/et\/wp-json\/wp\/v2\/product\/138140","targetHints":{"allow":["GET"]}}],"collection":[{"href":"https:\/\/metaltale.com\/et\/wp-json\/wp\/v2\/product"}],"about":[{"href":"https:\/\/metaltale.com\/et\/wp-json\/wp\/v2\/types\/product"}],"replies":[{"embeddable":true,"href":"https:\/\/metaltale.com\/et\/wp-json\/wp\/v2\/comments?post=138140"}],"version-history":[{"count":0,"href":"https:\/\/metaltale.com\/et\/wp-json\/wp\/v2\/product\/138140\/revisions"}],"wp:featuredmedia":[{"embeddable":true,"href":"https:\/\/metaltale.com\/et\/wp-json\/wp\/v2\/media\/69291"}],"wp:attachment":[{"href":"https:\/\/metaltale.com\/et\/wp-json\/wp\/v2\/media?parent=138140"}],"wp:term":[{"taxonomy":"product_brand","embeddable":true,"href":"https:\/\/metaltale.com\/et\/wp-json\/wp\/v2\/product_brand?post=138140"},{"taxonomy":"product_cat","embeddable":true,"href":"https:\/\/metaltale.com\/et\/wp-json\/wp\/v2\/product_cat?post=138140"},{"taxonomy":"product_tag","embeddable":true,"href":"https:\/\/metaltale.com\/et\/wp-json\/wp\/v2\/product_tag?post=138140"}],"curies":[{"name":"wp","href":"https:\/\/api.w.org\/{rel}","templated":true}]}}