{"id":138112,"date":"2024-02-13T14:23:04","date_gmt":"2024-02-13T12:23:04","guid":{"rendered":"https:\/\/metaltale.com\/produktas\/roivakonks-cr\/"},"modified":"2024-02-13T14:23:04","modified_gmt":"2024-02-13T12:23:04","slug":"roivakonks-cr","status":"publish","type":"product","link":"https:\/\/metaltale.com\/et\/toode\/roivakonks-cr\/","title":{"rendered":"R\u00f5ivakonks C&amp;R"},"content":{"rendered":"<div class=\"prod_data\">\n<p><strong>Mudel<\/strong> 70.336G. AI.100<br \/>\n<strong>EAN.<\/strong>  5905369917455<br \/>\nMaterjal Ketus<br \/>\n<strong>\u00dcldine k\u00f5rgus (cm)<\/strong> 10<br \/>\n<strong>Koguprojektsioon (cm)<\/strong> 6<br \/>\n<strong>Aluse m\u00f5\u00f5tmed (cm<\/strong> ) 5 x 5,5<br \/>\n<strong>T\u00fc\u00fcp<\/strong> \u00dcksik<br \/>\n<strong>V\u00e4rv<\/strong> teras<\/p>\n<p><strong>C&amp;R riputuskonks<\/strong> on t\u00fc\u00fcpiline maal\u00e4hedane n\u00e4ide huvitavast m\u00f6\u00f6blitarvikust. See on valmistatud kvaliteetsest malmsulamist. See on kujundatud nii, et see oleks praktiline, r\u00f5hutades samas selle visuaalselt atraktiivset olemust.<\/p>\n<p>See on odakujuline, augustatud, l\u00f5petatud \u00fcmmarguse ripatsiga, mille alusele on osavalt kinnitatud dekoratiivne plaat. Meie <strong>rustikaalseid m\u00f6\u00f6blitarvikuid<\/strong> iseloomustab eriline t\u00e4helepanu detailidele ja k\u00f5igi toodetud elementide s\u00e4ilitamine.<\/p>\n<\/div>\n","protected":false},"excerpt":{"rendered":"<p>Mudel 70.336G. AI.100 EAN. 5905369917455 Materjal Ketus \u00dcldine k\u00f5rgus (cm) 10 Koguprojektsioon (cm) 6 Aluse m\u00f5\u00f5tmed (cm ) 5 x<\/p>\n","protected":false},"featured_media":87633,"comment_status":"open","ping_status":"closed","template":"","meta":{"_acf_changed":false,"pmpro_default_level":""},"product_brand":[],"product_cat":[24176,23836],"product_tag":[],"class_list":{"0":"post-138112","1":"product","2":"type-product","3":"status-publish","4":"has-post-thumbnail","6":"product_cat-ripatsid-ja-konksud","7":"product_cat-moobli-tarvikud","8":"pmpro-has-access","10":"first","11":"instock","12":"shipping-taxable","13":"purchasable","14":"product-type-simple"},"acf":[],"yoast_head":"<!-- This site is optimized with the Yoast SEO plugin v24.9 - https:\/\/yoast.com\/wordpress\/plugins\/seo\/ -->\n<title>R\u00f5ivakonks C&amp;R - MetalTale.com<\/title>\n<meta name=\"robots\" content=\"index, follow, max-snippet:-1, max-image-preview:large, max-video-preview:-1\" \/>\n<link rel=\"canonical\" href=\"https:\/\/metaltale.com\/et\/toode\/roivakonks-cr\/\" \/>\n<meta property=\"og:locale\" content=\"et_EE\" \/>\n<meta property=\"og:type\" content=\"article\" \/>\n<meta property=\"og:title\" content=\"R\u00f5ivakonks C&amp;R - MetalTale.com\" \/>\n<meta property=\"og:description\" content=\"Mudel 70.336G. AI.100 EAN. 5905369917455 Materjal Ketus \u00dcldine k\u00f5rgus (cm) 10 Koguprojektsioon (cm) 6 Aluse m\u00f5\u00f5tmed (cm ) 5 x\" \/>\n<meta property=\"og:url\" content=\"https:\/\/metaltale.com\/et\/toode\/roivakonks-cr\/\" \/>\n<meta property=\"og:site_name\" content=\"MetalTale.com\" \/>\n<meta name=\"twitter:card\" content=\"summary_large_image\" \/>\n<script type=\"application\/ld+json\" class=\"yoast-schema-graph\">{\"@context\":\"https:\/\/schema.org\",\"@graph\":[{\"@type\":\"WebPage\",\"@id\":\"https:\/\/metaltale.com\/et\/toode\/roivakonks-cr\/\",\"url\":\"https:\/\/metaltale.com\/et\/toode\/roivakonks-cr\/\",\"name\":\"R\u00f5ivakonks C&amp;R - MetalTale.com\",\"isPartOf\":{\"@id\":\"https:\/\/metaltale.com\/et\/#website\"},\"primaryImageOfPage\":{\"@id\":\"https:\/\/metaltale.com\/et\/toode\/roivakonks-cr\/#primaryimage\"},\"image\":{\"@id\":\"https:\/\/metaltale.com\/et\/toode\/roivakonks-cr\/#primaryimage\"},\"thumbnailUrl\":\"https:\/\/metaltale.com\/wp-content\/uploads\/2023\/10\/CR-teises.jpg\",\"datePublished\":\"2024-02-13T12:23:04+00:00\",\"breadcrumb\":{\"@id\":\"https:\/\/metaltale.com\/et\/toode\/roivakonks-cr\/#breadcrumb\"},\"inLanguage\":\"et\",\"potentialAction\":[{\"@type\":\"ReadAction\",\"target\":[\"https:\/\/metaltale.com\/et\/toode\/roivakonks-cr\/\"]}]},{\"@type\":\"ImageObject\",\"inLanguage\":\"et\",\"@id\":\"https:\/\/metaltale.com\/et\/toode\/roivakonks-cr\/#primaryimage\",\"url\":\"https:\/\/metaltale.com\/wp-content\/uploads\/2023\/10\/CR-teises.jpg\",\"contentUrl\":\"https:\/\/metaltale.com\/wp-content\/uploads\/2023\/10\/CR-teises.jpg\",\"width\":800,\"height\":800,\"caption\":\"R\u00f5ivakonks C&amp;R\"},{\"@type\":\"BreadcrumbList\",\"@id\":\"https:\/\/metaltale.com\/et\/toode\/roivakonks-cr\/#breadcrumb\",\"itemListElement\":[{\"@type\":\"ListItem\",\"position\":1,\"name\":\"Home\",\"item\":\"https:\/\/metaltale.com\/et\/kodu\/\"},{\"@type\":\"ListItem\",\"position\":2,\"name\":\"Kauplus\",\"item\":\"https:\/\/metaltale.com\/et\/shop\/\"},{\"@type\":\"ListItem\",\"position\":3,\"name\":\"R\u00f5ivakonks C&amp;R\"}]},{\"@type\":\"WebSite\",\"@id\":\"https:\/\/metaltale.com\/et\/#website\",\"url\":\"https:\/\/metaltale.com\/et\/\",\"name\":\"Metaltale.com\",\"description\":\"\",\"potentialAction\":[{\"@type\":\"SearchAction\",\"target\":{\"@type\":\"EntryPoint\",\"urlTemplate\":\"https:\/\/metaltale.com\/et\/?s={search_term_string}\"},\"query-input\":{\"@type\":\"PropertyValueSpecification\",\"valueRequired\":true,\"valueName\":\"search_term_string\"}}],\"inLanguage\":\"et\"}]}<\/script>\n<!-- \/ Yoast SEO plugin. -->","yoast_head_json":{"title":"R\u00f5ivakonks C&amp;R - MetalTale.com","robots":{"index":"index","follow":"follow","max-snippet":"max-snippet:-1","max-image-preview":"max-image-preview:large","max-video-preview":"max-video-preview:-1"},"canonical":"https:\/\/metaltale.com\/et\/toode\/roivakonks-cr\/","og_locale":"et_EE","og_type":"article","og_title":"R\u00f5ivakonks C&amp;R - MetalTale.com","og_description":"Mudel 70.336G. AI.100 EAN. 5905369917455 Materjal Ketus \u00dcldine k\u00f5rgus (cm) 10 Koguprojektsioon (cm) 6 Aluse m\u00f5\u00f5tmed (cm ) 5 x","og_url":"https:\/\/metaltale.com\/et\/toode\/roivakonks-cr\/","og_site_name":"MetalTale.com","twitter_card":"summary_large_image","schema":{"@context":"https:\/\/schema.org","@graph":[{"@type":"WebPage","@id":"https:\/\/metaltale.com\/et\/toode\/roivakonks-cr\/","url":"https:\/\/metaltale.com\/et\/toode\/roivakonks-cr\/","name":"R\u00f5ivakonks C&amp;R - MetalTale.com","isPartOf":{"@id":"https:\/\/metaltale.com\/et\/#website"},"primaryImageOfPage":{"@id":"https:\/\/metaltale.com\/et\/toode\/roivakonks-cr\/#primaryimage"},"image":{"@id":"https:\/\/metaltale.com\/et\/toode\/roivakonks-cr\/#primaryimage"},"thumbnailUrl":"https:\/\/metaltale.com\/wp-content\/uploads\/2023\/10\/CR-teises.jpg","datePublished":"2024-02-13T12:23:04+00:00","breadcrumb":{"@id":"https:\/\/metaltale.com\/et\/toode\/roivakonks-cr\/#breadcrumb"},"inLanguage":"et","potentialAction":[{"@type":"ReadAction","target":["https:\/\/metaltale.com\/et\/toode\/roivakonks-cr\/"]}]},{"@type":"ImageObject","inLanguage":"et","@id":"https:\/\/metaltale.com\/et\/toode\/roivakonks-cr\/#primaryimage","url":"https:\/\/metaltale.com\/wp-content\/uploads\/2023\/10\/CR-teises.jpg","contentUrl":"https:\/\/metaltale.com\/wp-content\/uploads\/2023\/10\/CR-teises.jpg","width":800,"height":800,"caption":"R\u00f5ivakonks C&amp;R"},{"@type":"BreadcrumbList","@id":"https:\/\/metaltale.com\/et\/toode\/roivakonks-cr\/#breadcrumb","itemListElement":[{"@type":"ListItem","position":1,"name":"Home","item":"https:\/\/metaltale.com\/et\/kodu\/"},{"@type":"ListItem","position":2,"name":"Kauplus","item":"https:\/\/metaltale.com\/et\/shop\/"},{"@type":"ListItem","position":3,"name":"R\u00f5ivakonks C&amp;R"}]},{"@type":"WebSite","@id":"https:\/\/metaltale.com\/et\/#website","url":"https:\/\/metaltale.com\/et\/","name":"Metaltale.com","description":"","potentialAction":[{"@type":"SearchAction","target":{"@type":"EntryPoint","urlTemplate":"https:\/\/metaltale.com\/et\/?s={search_term_string}"},"query-input":{"@type":"PropertyValueSpecification","valueRequired":true,"valueName":"search_term_string"}}],"inLanguage":"et"}]}},"_links":{"self":[{"href":"https:\/\/metaltale.com\/et\/wp-json\/wp\/v2\/product\/138112","targetHints":{"allow":["GET"]}}],"collection":[{"href":"https:\/\/metaltale.com\/et\/wp-json\/wp\/v2\/product"}],"about":[{"href":"https:\/\/metaltale.com\/et\/wp-json\/wp\/v2\/types\/product"}],"replies":[{"embeddable":true,"href":"https:\/\/metaltale.com\/et\/wp-json\/wp\/v2\/comments?post=138112"}],"version-history":[{"count":0,"href":"https:\/\/metaltale.com\/et\/wp-json\/wp\/v2\/product\/138112\/revisions"}],"wp:featuredmedia":[{"embeddable":true,"href":"https:\/\/metaltale.com\/et\/wp-json\/wp\/v2\/media\/87633"}],"wp:attachment":[{"href":"https:\/\/metaltale.com\/et\/wp-json\/wp\/v2\/media?parent=138112"}],"wp:term":[{"taxonomy":"product_brand","embeddable":true,"href":"https:\/\/metaltale.com\/et\/wp-json\/wp\/v2\/product_brand?post=138112"},{"taxonomy":"product_cat","embeddable":true,"href":"https:\/\/metaltale.com\/et\/wp-json\/wp\/v2\/product_cat?post=138112"},{"taxonomy":"product_tag","embeddable":true,"href":"https:\/\/metaltale.com\/et\/wp-json\/wp\/v2\/product_tag?post=138112"}],"curies":[{"name":"wp","href":"https:\/\/api.w.org\/{rel}","templated":true}]}}