{"id":137980,"date":"2024-02-13T14:19:04","date_gmt":"2024-02-13T12:19:04","guid":{"rendered":"https:\/\/metaltale.com\/produktas\/dekoratiivne-ummargune-noop-simple-30-mm-antiik-kuldne\/"},"modified":"2024-02-13T14:19:04","modified_gmt":"2024-02-13T12:19:04","slug":"dekoratiivne-ummargune-noop-simple-30-mm-antiik-kuldne","status":"publish","type":"product","link":"https:\/\/metaltale.com\/et\/toode\/dekoratiivne-ummargune-noop-simple-30-mm-antiik-kuldne\/","title":{"rendered":"Dekoratiivne \u00fcmmargune n\u00f6\u00f6p SIMPLE 30 mm Antiik kuldne"},"content":{"rendered":"<div class=\"prod_data\">\n<p><strong>Mudel<\/strong> AG.192-PRGR<br \/>\n<strong>Materjal<\/strong> teras<br \/>\n<strong>\u00dcldine k\u00f5rgus (cm)<\/strong> 3<br \/>\n<strong>\u00dcldl\u00e4bim\u00f5\u00f5t (cm)<\/strong> 3<br \/>\n<strong>V\u00e4rv<\/strong> Antiik kuld<br \/>\n<strong>Viimistlus<\/strong> Pehme, satiinne efekt<br \/>\n<strong>LISAINFO<\/strong> K\u00fc\u00fcnte pikkus 2,4 cm. Pea k\u00f5rgus 0,6 cm.<\/p>\n<p>Dekoratiivsed terasn\u00f6\u00f6bid, n\u00e4iteks nupud ja m\u00f6\u00f6blik\u00e4epidemed, on lihtne viis m\u00f6\u00f6bli \u00fcmberkujundamiseks. Isekorjatud toolidest saab ainulaadne element, mida vaadatakse alati sentimentaalselt. Vanad kuldsed m\u00f6\u00f6blin\u00f5elad loovad teie interj\u00f6\u00f6ris ainulaadse, maal\u00e4hedase atmosf\u00e4\u00e4ri.<\/p>\n<hr>\n<\/div>\n","protected":false},"excerpt":{"rendered":"<p>Mudel AG.192-PRGR Materjal teras \u00dcldine k\u00f5rgus (cm) 3 \u00dcldl\u00e4bim\u00f5\u00f5t (cm) 3 V\u00e4rv Antiik kuld Viimistlus Pehme, satiinne efekt LISAINFO K\u00fc\u00fcnte<\/p>\n","protected":false},"featured_media":69075,"comment_status":"open","ping_status":"closed","template":"","meta":{"_acf_changed":false,"pmpro_default_level":""},"product_brand":[],"product_cat":[24142,23836],"product_tag":[],"class_list":{"0":"post-137980","1":"product","2":"type-product","3":"status-publish","4":"has-post-thumbnail","6":"product_cat-kuuned-ja-naelad","7":"product_cat-moobli-tarvikud","8":"pmpro-has-access","10":"first","11":"instock","12":"shipping-taxable","13":"purchasable","14":"product-type-simple"},"acf":[],"yoast_head":"<!-- This site is optimized with the Yoast SEO plugin v24.9 - https:\/\/yoast.com\/wordpress\/plugins\/seo\/ -->\n<title>Dekoratiivne \u00fcmmargune n\u00f6\u00f6p SIMPLE 30 mm Antiik kuldne - MetalTale.com<\/title>\n<meta name=\"robots\" content=\"index, follow, max-snippet:-1, max-image-preview:large, max-video-preview:-1\" \/>\n<link rel=\"canonical\" href=\"https:\/\/metaltale.com\/et\/toode\/dekoratiivne-ummargune-noop-simple-30-mm-antiik-kuldne\/\" \/>\n<meta property=\"og:locale\" content=\"et_EE\" \/>\n<meta property=\"og:type\" content=\"article\" \/>\n<meta property=\"og:title\" content=\"Dekoratiivne \u00fcmmargune n\u00f6\u00f6p SIMPLE 30 mm Antiik kuldne - MetalTale.com\" \/>\n<meta property=\"og:description\" content=\"Mudel AG.192-PRGR Materjal teras \u00dcldine k\u00f5rgus (cm) 3 \u00dcldl\u00e4bim\u00f5\u00f5t (cm) 3 V\u00e4rv Antiik kuld Viimistlus Pehme, satiinne efekt LISAINFO K\u00fc\u00fcnte\" \/>\n<meta property=\"og:url\" content=\"https:\/\/metaltale.com\/et\/toode\/dekoratiivne-ummargune-noop-simple-30-mm-antiik-kuldne\/\" \/>\n<meta property=\"og:site_name\" content=\"MetalTale.com\" \/>\n<meta property=\"og:image\" content=\"https:\/\/metaltale.com\/wp-content\/uploads\/2023\/09\/Dekoratyvinis-smeigtukas-apvalus-PAPRASTAS-senas-auksas-30mm.jpg\" \/>\n\t<meta property=\"og:image:width\" content=\"800\" \/>\n\t<meta property=\"og:image:height\" content=\"800\" \/>\n\t<meta property=\"og:image:type\" content=\"image\/jpeg\" \/>\n<meta name=\"twitter:card\" content=\"summary_large_image\" \/>\n<script type=\"application\/ld+json\" class=\"yoast-schema-graph\">{\"@context\":\"https:\/\/schema.org\",\"@graph\":[{\"@type\":\"WebPage\",\"@id\":\"https:\/\/metaltale.com\/et\/toode\/dekoratiivne-ummargune-noop-simple-30-mm-antiik-kuldne\/\",\"url\":\"https:\/\/metaltale.com\/et\/toode\/dekoratiivne-ummargune-noop-simple-30-mm-antiik-kuldne\/\",\"name\":\"Dekoratiivne \u00fcmmargune n\u00f6\u00f6p SIMPLE 30 mm Antiik kuldne - MetalTale.com\",\"isPartOf\":{\"@id\":\"https:\/\/metaltale.com\/et\/#website\"},\"primaryImageOfPage\":{\"@id\":\"https:\/\/metaltale.com\/et\/toode\/dekoratiivne-ummargune-noop-simple-30-mm-antiik-kuldne\/#primaryimage\"},\"image\":{\"@id\":\"https:\/\/metaltale.com\/et\/toode\/dekoratiivne-ummargune-noop-simple-30-mm-antiik-kuldne\/#primaryimage\"},\"thumbnailUrl\":\"https:\/\/metaltale.com\/wp-content\/uploads\/2023\/09\/Dekoratyvinis-smeigtukas-apvalus-PAPRASTAS-senas-auksas-30mm.jpg\",\"datePublished\":\"2024-02-13T12:19:04+00:00\",\"breadcrumb\":{\"@id\":\"https:\/\/metaltale.com\/et\/toode\/dekoratiivne-ummargune-noop-simple-30-mm-antiik-kuldne\/#breadcrumb\"},\"inLanguage\":\"et\",\"potentialAction\":[{\"@type\":\"ReadAction\",\"target\":[\"https:\/\/metaltale.com\/et\/toode\/dekoratiivne-ummargune-noop-simple-30-mm-antiik-kuldne\/\"]}]},{\"@type\":\"ImageObject\",\"inLanguage\":\"et\",\"@id\":\"https:\/\/metaltale.com\/et\/toode\/dekoratiivne-ummargune-noop-simple-30-mm-antiik-kuldne\/#primaryimage\",\"url\":\"https:\/\/metaltale.com\/wp-content\/uploads\/2023\/09\/Dekoratyvinis-smeigtukas-apvalus-PAPRASTAS-senas-auksas-30mm.jpg\",\"contentUrl\":\"https:\/\/metaltale.com\/wp-content\/uploads\/2023\/09\/Dekoratyvinis-smeigtukas-apvalus-PAPRASTAS-senas-auksas-30mm.jpg\",\"width\":800,\"height\":800,\"caption\":\"Dekoratiivne \u00fcmmargune n\u00f6\u00f6p SIMPLE 30 mm Antiik kuldne\"},{\"@type\":\"BreadcrumbList\",\"@id\":\"https:\/\/metaltale.com\/et\/toode\/dekoratiivne-ummargune-noop-simple-30-mm-antiik-kuldne\/#breadcrumb\",\"itemListElement\":[{\"@type\":\"ListItem\",\"position\":1,\"name\":\"Home\",\"item\":\"https:\/\/metaltale.com\/et\/kodu\/\"},{\"@type\":\"ListItem\",\"position\":2,\"name\":\"Kauplus\",\"item\":\"https:\/\/metaltale.com\/et\/shop\/\"},{\"@type\":\"ListItem\",\"position\":3,\"name\":\"Dekoratiivne \u00fcmmargune n\u00f6\u00f6p SIMPLE 30 mm Antiik kuldne\"}]},{\"@type\":\"WebSite\",\"@id\":\"https:\/\/metaltale.com\/et\/#website\",\"url\":\"https:\/\/metaltale.com\/et\/\",\"name\":\"Metaltale.com\",\"description\":\"\",\"potentialAction\":[{\"@type\":\"SearchAction\",\"target\":{\"@type\":\"EntryPoint\",\"urlTemplate\":\"https:\/\/metaltale.com\/et\/?s={search_term_string}\"},\"query-input\":{\"@type\":\"PropertyValueSpecification\",\"valueRequired\":true,\"valueName\":\"search_term_string\"}}],\"inLanguage\":\"et\"}]}<\/script>\n<!-- \/ Yoast SEO plugin. -->","yoast_head_json":{"title":"Dekoratiivne \u00fcmmargune n\u00f6\u00f6p SIMPLE 30 mm Antiik kuldne - MetalTale.com","robots":{"index":"index","follow":"follow","max-snippet":"max-snippet:-1","max-image-preview":"max-image-preview:large","max-video-preview":"max-video-preview:-1"},"canonical":"https:\/\/metaltale.com\/et\/toode\/dekoratiivne-ummargune-noop-simple-30-mm-antiik-kuldne\/","og_locale":"et_EE","og_type":"article","og_title":"Dekoratiivne \u00fcmmargune n\u00f6\u00f6p SIMPLE 30 mm Antiik kuldne - MetalTale.com","og_description":"Mudel AG.192-PRGR Materjal teras \u00dcldine k\u00f5rgus (cm) 3 \u00dcldl\u00e4bim\u00f5\u00f5t (cm) 3 V\u00e4rv Antiik kuld Viimistlus Pehme, satiinne efekt LISAINFO K\u00fc\u00fcnte","og_url":"https:\/\/metaltale.com\/et\/toode\/dekoratiivne-ummargune-noop-simple-30-mm-antiik-kuldne\/","og_site_name":"MetalTale.com","og_image":[{"width":800,"height":800,"url":"https:\/\/metaltale.com\/wp-content\/uploads\/2023\/09\/Dekoratyvinis-smeigtukas-apvalus-PAPRASTAS-senas-auksas-30mm.jpg","type":"image\/jpeg"}],"twitter_card":"summary_large_image","schema":{"@context":"https:\/\/schema.org","@graph":[{"@type":"WebPage","@id":"https:\/\/metaltale.com\/et\/toode\/dekoratiivne-ummargune-noop-simple-30-mm-antiik-kuldne\/","url":"https:\/\/metaltale.com\/et\/toode\/dekoratiivne-ummargune-noop-simple-30-mm-antiik-kuldne\/","name":"Dekoratiivne \u00fcmmargune n\u00f6\u00f6p SIMPLE 30 mm Antiik kuldne - MetalTale.com","isPartOf":{"@id":"https:\/\/metaltale.com\/et\/#website"},"primaryImageOfPage":{"@id":"https:\/\/metaltale.com\/et\/toode\/dekoratiivne-ummargune-noop-simple-30-mm-antiik-kuldne\/#primaryimage"},"image":{"@id":"https:\/\/metaltale.com\/et\/toode\/dekoratiivne-ummargune-noop-simple-30-mm-antiik-kuldne\/#primaryimage"},"thumbnailUrl":"https:\/\/metaltale.com\/wp-content\/uploads\/2023\/09\/Dekoratyvinis-smeigtukas-apvalus-PAPRASTAS-senas-auksas-30mm.jpg","datePublished":"2024-02-13T12:19:04+00:00","breadcrumb":{"@id":"https:\/\/metaltale.com\/et\/toode\/dekoratiivne-ummargune-noop-simple-30-mm-antiik-kuldne\/#breadcrumb"},"inLanguage":"et","potentialAction":[{"@type":"ReadAction","target":["https:\/\/metaltale.com\/et\/toode\/dekoratiivne-ummargune-noop-simple-30-mm-antiik-kuldne\/"]}]},{"@type":"ImageObject","inLanguage":"et","@id":"https:\/\/metaltale.com\/et\/toode\/dekoratiivne-ummargune-noop-simple-30-mm-antiik-kuldne\/#primaryimage","url":"https:\/\/metaltale.com\/wp-content\/uploads\/2023\/09\/Dekoratyvinis-smeigtukas-apvalus-PAPRASTAS-senas-auksas-30mm.jpg","contentUrl":"https:\/\/metaltale.com\/wp-content\/uploads\/2023\/09\/Dekoratyvinis-smeigtukas-apvalus-PAPRASTAS-senas-auksas-30mm.jpg","width":800,"height":800,"caption":"Dekoratiivne \u00fcmmargune n\u00f6\u00f6p SIMPLE 30 mm Antiik kuldne"},{"@type":"BreadcrumbList","@id":"https:\/\/metaltale.com\/et\/toode\/dekoratiivne-ummargune-noop-simple-30-mm-antiik-kuldne\/#breadcrumb","itemListElement":[{"@type":"ListItem","position":1,"name":"Home","item":"https:\/\/metaltale.com\/et\/kodu\/"},{"@type":"ListItem","position":2,"name":"Kauplus","item":"https:\/\/metaltale.com\/et\/shop\/"},{"@type":"ListItem","position":3,"name":"Dekoratiivne \u00fcmmargune n\u00f6\u00f6p SIMPLE 30 mm Antiik kuldne"}]},{"@type":"WebSite","@id":"https:\/\/metaltale.com\/et\/#website","url":"https:\/\/metaltale.com\/et\/","name":"Metaltale.com","description":"","potentialAction":[{"@type":"SearchAction","target":{"@type":"EntryPoint","urlTemplate":"https:\/\/metaltale.com\/et\/?s={search_term_string}"},"query-input":{"@type":"PropertyValueSpecification","valueRequired":true,"valueName":"search_term_string"}}],"inLanguage":"et"}]}},"_links":{"self":[{"href":"https:\/\/metaltale.com\/et\/wp-json\/wp\/v2\/product\/137980","targetHints":{"allow":["GET"]}}],"collection":[{"href":"https:\/\/metaltale.com\/et\/wp-json\/wp\/v2\/product"}],"about":[{"href":"https:\/\/metaltale.com\/et\/wp-json\/wp\/v2\/types\/product"}],"replies":[{"embeddable":true,"href":"https:\/\/metaltale.com\/et\/wp-json\/wp\/v2\/comments?post=137980"}],"version-history":[{"count":0,"href":"https:\/\/metaltale.com\/et\/wp-json\/wp\/v2\/product\/137980\/revisions"}],"wp:featuredmedia":[{"embeddable":true,"href":"https:\/\/metaltale.com\/et\/wp-json\/wp\/v2\/media\/69075"}],"wp:attachment":[{"href":"https:\/\/metaltale.com\/et\/wp-json\/wp\/v2\/media?parent=137980"}],"wp:term":[{"taxonomy":"product_brand","embeddable":true,"href":"https:\/\/metaltale.com\/et\/wp-json\/wp\/v2\/product_brand?post=137980"},{"taxonomy":"product_cat","embeddable":true,"href":"https:\/\/metaltale.com\/et\/wp-json\/wp\/v2\/product_cat?post=137980"},{"taxonomy":"product_tag","embeddable":true,"href":"https:\/\/metaltale.com\/et\/wp-json\/wp\/v2\/product_tag?post=137980"}],"curies":[{"name":"wp","href":"https:\/\/api.w.org\/{rel}","templated":true}]}}