{"id":137915,"date":"2024-02-13T14:29:05","date_gmt":"2024-02-13T12:29:05","guid":{"rendered":"https:\/\/metaltale.com\/produktas\/tammepuidust-liuguksed-metalboardi-raamides-2\/"},"modified":"2024-02-13T14:29:05","modified_gmt":"2024-02-13T12:29:05","slug":"tammepuidust-liuguksed-metalboardi-raamides-2","status":"publish","type":"product","link":"https:\/\/metaltale.com\/et\/toode\/tammepuidust-liuguksed-metalboardi-raamides-2\/","title":{"rendered":"Tammepuidust liuguksed METALBOARDi raamides"},"content":{"rendered":"<div class=\"prod_data\"><strong>Mudel<\/strong> MBD  <br \/><strong>Materjal<\/strong> Tammepuit, teras  <br \/>Paksus (cm ) 2,5 <br \/>\u00dcldine k\u00f5rgus (cm) 210 <br \/>\u00dcldlaius (cm) 100 <br \/><strong>Kaal (kg)<\/strong> 45  <br \/>V\u00e4rv Puit &#8211; t\u00f6\u00f6tlemata <br \/><strong>Viimistlus<\/strong> T\u00f6\u00f6tlemata \/ \u00f5litatud  <br \/>LISATEAVE Pakkumine kehtib ainult \u00fche ukselaua kohta ja ei sisalda libisevuss\u00fcsteemi ega muid lisaseadmeid. <\/p>\n<hr>\n<p>&#8211; Tammepuust uksed  <br \/>&#8211; terasest raam, mis koosneb kahest nurgaterasest, mis \u00fcmbritsevad laudu.<br \/>&#8211; ukse sisek\u00fcljel olevad keevis\u00f5mblused ja neetid on n\u00e4htavad, tugevdades konstruktsiooni, mis r\u00f5hutab veel enam aknaraami algset iseloomu.<br \/>&#8211; viilutatud tammeplaadid loovad lihtsa, kuid originaalse mustri<br \/>&#8211; uksel v\u00f5ivad olla puidu loomulikust struktuurist tingitud v\u00e4ikesed praod ja oksad, mis ei ulatu kogu uksepinna paksuseni.<br \/>&#8211; universaalne disain v\u00f5imaldab mis tahes montaa\u017ei (\u00fcles- ja allapoole)<br \/>&#8211; ukse konstruktsioon v\u00f5imaldab libisevat s\u00fcsteemi<br \/>&#8211; \u00c4rge kasutage hingedega l\u00fckandukses\u00fcsteeme (Vintage, Hanger-t\u00fc\u00fcpi ratas jne).<br \/>&#8211; mudel ilma alumise l\u00f5ikurita<br \/>&#8211; pakkumine kehtib ainult ukselehe kohta ja ei sisalda l\u00fckandusteid ega muid lisaseadmeid.<br \/>&#8211; Pakutava mudeliga sobivad alumine l\u00f5ikur, vt allpool &#8220;Seotud tooted&#8221;.<\/p>\n<hr>\n<p>Terasraamiga tammepuust l\u00fckanduks on intrigeeriv ettepanek, mis \u00fchendab endas klassikalise ja moodsa ning loft-tunnetusega. Metallplaadist puidust uksed n\u00e4evad v\u00e4lja elegantsed ja v\u00e4\u00e4rikad ning nende teraskonstruktsioon tagab nende vastupidavuse ja takistab igasugust deformeerumist. Selle mudeli suurimaks eeliseks on selle lihtsus &#8211; ainus kaunistus on tammeplaatide loodud muster, puidu arhitektuur ning raami keevis\u00f5mblused ja neetid. Metallplaat sobib h\u00f5lpsasti loft- ja moodsatesse ruumidesse, kus metalli ja puidu kombinatsioon on mugav. Tamm on ideaalne siseruumide soojenduselement. T\u00f6\u00f6stuslikkusele annab iseloomuliku lamedate plaatidega raam. Ukse stiilis m\u00e4ngivad olulist rolli loomulikud praod, n\u00e4htavad oksad ja puidu tajutav arhitektuur. Tamme l\u00fckanduksed on saadaval toorelt (isekleepuvana) ja kaitstud naturaalse v\u00f5i pruuni \u00f5liga. Peenus ja<\/p>\n<\/div>\n","protected":false},"excerpt":{"rendered":"<p>Mudel MBD Materjal Tammepuit, teras Paksus (cm ) 2,5 \u00dcldine k\u00f5rgus (cm) 210 \u00dcldlaius (cm) 100 Kaal (kg) 45 V\u00e4rv<\/p>\n","protected":false},"featured_media":88250,"comment_status":"open","ping_status":"closed","template":"","meta":{"_acf_changed":false,"pmpro_default_level":""},"product_brand":[],"product_cat":[24156],"product_tag":[],"class_list":{"0":"post-137915","1":"product","2":"type-product","3":"status-publish","4":"has-post-thumbnail","6":"product_cat-metallraamiga-lukanduksed","7":"pmpro-has-access","9":"first","10":"outofstock","11":"shipping-taxable","12":"purchasable","13":"product-type-simple"},"acf":[],"yoast_head":"<!-- This site is optimized with the Yoast SEO plugin v24.9 - https:\/\/yoast.com\/wordpress\/plugins\/seo\/ -->\n<title>Tammepuidust liuguksed METALBOARDi raamides - MetalTale.com<\/title>\n<meta name=\"robots\" content=\"index, follow, max-snippet:-1, max-image-preview:large, max-video-preview:-1\" \/>\n<link rel=\"canonical\" href=\"https:\/\/metaltale.com\/et\/toode\/tammepuidust-liuguksed-metalboardi-raamides-2\/\" \/>\n<meta property=\"og:locale\" content=\"et_EE\" \/>\n<meta property=\"og:type\" content=\"article\" \/>\n<meta property=\"og:title\" content=\"Tammepuidust liuguksed METALBOARDi raamides - MetalTale.com\" \/>\n<meta property=\"og:description\" content=\"Mudel MBD Materjal Tammepuit, teras Paksus (cm ) 2,5 \u00dcldine k\u00f5rgus (cm) 210 \u00dcldlaius (cm) 100 Kaal (kg) 45 V\u00e4rv\" \/>\n<meta property=\"og:url\" content=\"https:\/\/metaltale.com\/et\/toode\/tammepuidust-liuguksed-metalboardi-raamides-2\/\" \/>\n<meta property=\"og:site_name\" content=\"MetalTale.com\" \/>\n<meta name=\"twitter:card\" content=\"summary_large_image\" \/>\n<meta name=\"twitter:label1\" content=\"Est. reading time\" \/>\n\t<meta name=\"twitter:data1\" content=\"1 minut\" \/>\n<script type=\"application\/ld+json\" class=\"yoast-schema-graph\">{\"@context\":\"https:\/\/schema.org\",\"@graph\":[{\"@type\":\"WebPage\",\"@id\":\"https:\/\/metaltale.com\/et\/toode\/tammepuidust-liuguksed-metalboardi-raamides-2\/\",\"url\":\"https:\/\/metaltale.com\/et\/toode\/tammepuidust-liuguksed-metalboardi-raamides-2\/\",\"name\":\"Tammepuidust liuguksed METALBOARDi raamides - MetalTale.com\",\"isPartOf\":{\"@id\":\"https:\/\/metaltale.com\/et\/#website\"},\"primaryImageOfPage\":{\"@id\":\"https:\/\/metaltale.com\/et\/toode\/tammepuidust-liuguksed-metalboardi-raamides-2\/#primaryimage\"},\"image\":{\"@id\":\"https:\/\/metaltale.com\/et\/toode\/tammepuidust-liuguksed-metalboardi-raamides-2\/#primaryimage\"},\"thumbnailUrl\":\"https:\/\/metaltale.com\/wp-content\/uploads\/2023\/10\/METALBOARD-Neapdorotos-durys.jpg\",\"datePublished\":\"2024-02-13T12:29:05+00:00\",\"breadcrumb\":{\"@id\":\"https:\/\/metaltale.com\/et\/toode\/tammepuidust-liuguksed-metalboardi-raamides-2\/#breadcrumb\"},\"inLanguage\":\"et\",\"potentialAction\":[{\"@type\":\"ReadAction\",\"target\":[\"https:\/\/metaltale.com\/et\/toode\/tammepuidust-liuguksed-metalboardi-raamides-2\/\"]}]},{\"@type\":\"ImageObject\",\"inLanguage\":\"et\",\"@id\":\"https:\/\/metaltale.com\/et\/toode\/tammepuidust-liuguksed-metalboardi-raamides-2\/#primaryimage\",\"url\":\"https:\/\/metaltale.com\/wp-content\/uploads\/2023\/10\/METALBOARD-Neapdorotos-durys.jpg\",\"contentUrl\":\"https:\/\/metaltale.com\/wp-content\/uploads\/2023\/10\/METALBOARD-Neapdorotos-durys.jpg\",\"width\":800,\"height\":800},{\"@type\":\"BreadcrumbList\",\"@id\":\"https:\/\/metaltale.com\/et\/toode\/tammepuidust-liuguksed-metalboardi-raamides-2\/#breadcrumb\",\"itemListElement\":[{\"@type\":\"ListItem\",\"position\":1,\"name\":\"Home\",\"item\":\"https:\/\/metaltale.com\/et\/kodu\/\"},{\"@type\":\"ListItem\",\"position\":2,\"name\":\"Kauplus\",\"item\":\"https:\/\/metaltale.com\/et\/shop\/\"},{\"@type\":\"ListItem\",\"position\":3,\"name\":\"Tammepuidust liuguksed METALBOARDi raamides\"}]},{\"@type\":\"WebSite\",\"@id\":\"https:\/\/metaltale.com\/et\/#website\",\"url\":\"https:\/\/metaltale.com\/et\/\",\"name\":\"Metaltale.com\",\"description\":\"\",\"potentialAction\":[{\"@type\":\"SearchAction\",\"target\":{\"@type\":\"EntryPoint\",\"urlTemplate\":\"https:\/\/metaltale.com\/et\/?s={search_term_string}\"},\"query-input\":{\"@type\":\"PropertyValueSpecification\",\"valueRequired\":true,\"valueName\":\"search_term_string\"}}],\"inLanguage\":\"et\"}]}<\/script>\n<!-- \/ Yoast SEO plugin. -->","yoast_head_json":{"title":"Tammepuidust liuguksed METALBOARDi raamides - MetalTale.com","robots":{"index":"index","follow":"follow","max-snippet":"max-snippet:-1","max-image-preview":"max-image-preview:large","max-video-preview":"max-video-preview:-1"},"canonical":"https:\/\/metaltale.com\/et\/toode\/tammepuidust-liuguksed-metalboardi-raamides-2\/","og_locale":"et_EE","og_type":"article","og_title":"Tammepuidust liuguksed METALBOARDi raamides - MetalTale.com","og_description":"Mudel MBD Materjal Tammepuit, teras Paksus (cm ) 2,5 \u00dcldine k\u00f5rgus (cm) 210 \u00dcldlaius (cm) 100 Kaal (kg) 45 V\u00e4rv","og_url":"https:\/\/metaltale.com\/et\/toode\/tammepuidust-liuguksed-metalboardi-raamides-2\/","og_site_name":"MetalTale.com","twitter_card":"summary_large_image","twitter_misc":{"Est. reading time":"1 minut"},"schema":{"@context":"https:\/\/schema.org","@graph":[{"@type":"WebPage","@id":"https:\/\/metaltale.com\/et\/toode\/tammepuidust-liuguksed-metalboardi-raamides-2\/","url":"https:\/\/metaltale.com\/et\/toode\/tammepuidust-liuguksed-metalboardi-raamides-2\/","name":"Tammepuidust liuguksed METALBOARDi raamides - MetalTale.com","isPartOf":{"@id":"https:\/\/metaltale.com\/et\/#website"},"primaryImageOfPage":{"@id":"https:\/\/metaltale.com\/et\/toode\/tammepuidust-liuguksed-metalboardi-raamides-2\/#primaryimage"},"image":{"@id":"https:\/\/metaltale.com\/et\/toode\/tammepuidust-liuguksed-metalboardi-raamides-2\/#primaryimage"},"thumbnailUrl":"https:\/\/metaltale.com\/wp-content\/uploads\/2023\/10\/METALBOARD-Neapdorotos-durys.jpg","datePublished":"2024-02-13T12:29:05+00:00","breadcrumb":{"@id":"https:\/\/metaltale.com\/et\/toode\/tammepuidust-liuguksed-metalboardi-raamides-2\/#breadcrumb"},"inLanguage":"et","potentialAction":[{"@type":"ReadAction","target":["https:\/\/metaltale.com\/et\/toode\/tammepuidust-liuguksed-metalboardi-raamides-2\/"]}]},{"@type":"ImageObject","inLanguage":"et","@id":"https:\/\/metaltale.com\/et\/toode\/tammepuidust-liuguksed-metalboardi-raamides-2\/#primaryimage","url":"https:\/\/metaltale.com\/wp-content\/uploads\/2023\/10\/METALBOARD-Neapdorotos-durys.jpg","contentUrl":"https:\/\/metaltale.com\/wp-content\/uploads\/2023\/10\/METALBOARD-Neapdorotos-durys.jpg","width":800,"height":800},{"@type":"BreadcrumbList","@id":"https:\/\/metaltale.com\/et\/toode\/tammepuidust-liuguksed-metalboardi-raamides-2\/#breadcrumb","itemListElement":[{"@type":"ListItem","position":1,"name":"Home","item":"https:\/\/metaltale.com\/et\/kodu\/"},{"@type":"ListItem","position":2,"name":"Kauplus","item":"https:\/\/metaltale.com\/et\/shop\/"},{"@type":"ListItem","position":3,"name":"Tammepuidust liuguksed METALBOARDi raamides"}]},{"@type":"WebSite","@id":"https:\/\/metaltale.com\/et\/#website","url":"https:\/\/metaltale.com\/et\/","name":"Metaltale.com","description":"","potentialAction":[{"@type":"SearchAction","target":{"@type":"EntryPoint","urlTemplate":"https:\/\/metaltale.com\/et\/?s={search_term_string}"},"query-input":{"@type":"PropertyValueSpecification","valueRequired":true,"valueName":"search_term_string"}}],"inLanguage":"et"}]}},"_links":{"self":[{"href":"https:\/\/metaltale.com\/et\/wp-json\/wp\/v2\/product\/137915","targetHints":{"allow":["GET"]}}],"collection":[{"href":"https:\/\/metaltale.com\/et\/wp-json\/wp\/v2\/product"}],"about":[{"href":"https:\/\/metaltale.com\/et\/wp-json\/wp\/v2\/types\/product"}],"replies":[{"embeddable":true,"href":"https:\/\/metaltale.com\/et\/wp-json\/wp\/v2\/comments?post=137915"}],"version-history":[{"count":0,"href":"https:\/\/metaltale.com\/et\/wp-json\/wp\/v2\/product\/137915\/revisions"}],"wp:featuredmedia":[{"embeddable":true,"href":"https:\/\/metaltale.com\/et\/wp-json\/wp\/v2\/media\/88250"}],"wp:attachment":[{"href":"https:\/\/metaltale.com\/et\/wp-json\/wp\/v2\/media?parent=137915"}],"wp:term":[{"taxonomy":"product_brand","embeddable":true,"href":"https:\/\/metaltale.com\/et\/wp-json\/wp\/v2\/product_brand?post=137915"},{"taxonomy":"product_cat","embeddable":true,"href":"https:\/\/metaltale.com\/et\/wp-json\/wp\/v2\/product_cat?post=137915"},{"taxonomy":"product_tag","embeddable":true,"href":"https:\/\/metaltale.com\/et\/wp-json\/wp\/v2\/product_tag?post=137915"}],"curies":[{"name":"wp","href":"https:\/\/api.w.org\/{rel}","templated":true}]}}