{"id":137901,"date":"2024-02-13T14:27:45","date_gmt":"2024-02-13T12:27:45","guid":{"rendered":"https:\/\/metaltale.com\/produktas\/grange-one-puidust-manni-lukanduksed\/"},"modified":"2024-02-13T14:27:45","modified_gmt":"2024-02-13T12:27:45","slug":"grange-one-puidust-manni-lukanduksed","status":"publish","type":"product","link":"https:\/\/metaltale.com\/et\/toode\/grange-one-puidust-manni-lukanduksed\/","title":{"rendered":"GRANGE-ONE puidust m\u00e4nni l\u00fckanduksed"},"content":{"rendered":"<div class=\"prod_data\"><strong>SAVE-mudel<\/strong>. MD.04  <br \/><strong>Materjal<\/strong> m\u00e4nnipuit  <br \/>\u00dcldine k\u00f5rgus (cm) 210 <br \/>\u00dcldlaius (cm) 100 <br \/><strong>V\u00e4rv<\/strong> Hall  <br \/>Trimmi laiguline <br \/>Tarne t\u00fc\u00fcp T\u00e4ielikult kokkupandud toode <br \/>LISATEAVE Pakkumine kehtib ainult \u00fche ukselaua kohta ja ei sisalda libisevuss\u00fcsteemi ega muid lisaseadmeid. <\/p>\n<hr>\n<p><span style=\"font-size: medium;\"><\/span><\/p>\n<p><span style=\"font-size: medium;\">&#8211; valmistatud k\u00f5rgeima kvaliteediga m\u00e4nnipuidust, mis tagab v\u00e4ga pika kasutusea<\/span><br \/><span style=\"font-size: medium;\">&#8211; uksev\u00e4rvide valik v\u00f5imaldab sobitada mis tahes t\u00fc\u00fcpi interj\u00f6\u00f6ri, s\u00f5ltumata stiilist.<\/span><br \/><span style=\"font-size: medium;\">&#8211; t\u00f6\u00f6tlemata versioon v\u00f5imaldab kliendil v\u00e4rvida ukse enda valitud v\u00e4rviga.<\/span><\/p>\n<hr>\n<p><span style=\"font-size: medium;\"> <span class=\"hiddenSpellError\">GRANGE&#8217;i<\/span> m\u00e4nniuksed on t\u00f5estuseks, et on v\u00f5imalik \u00fchendada maal\u00e4hedane disain ja kaasaegne elegants. Nelja dekoratiivse raami mudeli ja kolme v\u00e4rvi hulgast saate valida sobiva toote oma interj\u00f6\u00f6ri jaoks. Esialgne pruun v\u00f5i hall v\u00e4rvimuster tagab suurep\u00e4rase puidu immutamise ja v\u00e4rvi kestvuse. T\u00f6\u00f6tlemata uksed annavad v\u00f5imaluse v\u00e4rvida neid k\u00f5ige fantaasiarikkamates v\u00e4rvides, kus piiriks on kliendi kujutlusv\u00f5ime. <span class=\"hiddenSpellError\">Grange<\/span> on pakkumine k\u00f5igile, kes otsivad mitmek\u00fclgset ust, mis sobib igasse interj\u00f6\u00f6ri, olenemata stiilist.<\/span><\/p>\n<hr>\n<\/p>\n<\/div>\n","protected":false},"excerpt":{"rendered":"<p>SAVE-mudel. MD.04 Materjal m\u00e4nnipuit \u00dcldine k\u00f5rgus (cm) 210 \u00dcldlaius (cm) 100 V\u00e4rv Hall Trimmi laiguline Tarne t\u00fc\u00fcp T\u00e4ielikult kokkupandud toode<\/p>\n","protected":false},"featured_media":88197,"comment_status":"open","ping_status":"closed","template":"","meta":{"_acf_changed":false,"pmpro_default_level":""},"product_brand":[],"product_cat":[24158],"product_tag":[],"class_list":{"0":"post-137901","1":"product","2":"type-product","3":"status-publish","4":"has-post-thumbnail","6":"product_cat-mannist-lukanduksed","7":"pmpro-has-access","9":"first","10":"instock","11":"shipping-taxable","12":"purchasable","13":"product-type-simple"},"acf":[],"yoast_head":"<!-- This site is optimized with the Yoast SEO plugin v24.9 - https:\/\/yoast.com\/wordpress\/plugins\/seo\/ -->\n<title>GRANGE-ONE puidust m\u00e4nni l\u00fckanduksed - MetalTale.com<\/title>\n<meta name=\"robots\" content=\"index, follow, max-snippet:-1, max-image-preview:large, max-video-preview:-1\" \/>\n<link rel=\"canonical\" href=\"https:\/\/metaltale.com\/et\/toode\/grange-one-puidust-manni-lukanduksed\/\" \/>\n<meta property=\"og:locale\" content=\"et_EE\" \/>\n<meta property=\"og:type\" content=\"article\" \/>\n<meta property=\"og:title\" content=\"GRANGE-ONE puidust m\u00e4nni l\u00fckanduksed - MetalTale.com\" \/>\n<meta property=\"og:description\" content=\"SAVE-mudel. MD.04 Materjal m\u00e4nnipuit \u00dcldine k\u00f5rgus (cm) 210 \u00dcldlaius (cm) 100 V\u00e4rv Hall Trimmi laiguline Tarne t\u00fc\u00fcp T\u00e4ielikult kokkupandud toode\" \/>\n<meta property=\"og:url\" content=\"https:\/\/metaltale.com\/et\/toode\/grange-one-puidust-manni-lukanduksed\/\" \/>\n<meta property=\"og:site_name\" content=\"MetalTale.com\" \/>\n<meta name=\"twitter:card\" content=\"summary_large_image\" \/>\n<meta name=\"twitter:label1\" content=\"Est. reading time\" \/>\n\t<meta name=\"twitter:data1\" content=\"1 minut\" \/>\n<script type=\"application\/ld+json\" class=\"yoast-schema-graph\">{\"@context\":\"https:\/\/schema.org\",\"@graph\":[{\"@type\":\"WebPage\",\"@id\":\"https:\/\/metaltale.com\/et\/toode\/grange-one-puidust-manni-lukanduksed\/\",\"url\":\"https:\/\/metaltale.com\/et\/toode\/grange-one-puidust-manni-lukanduksed\/\",\"name\":\"GRANGE-ONE puidust m\u00e4nni l\u00fckanduksed - MetalTale.com\",\"isPartOf\":{\"@id\":\"https:\/\/metaltale.com\/et\/#website\"},\"primaryImageOfPage\":{\"@id\":\"https:\/\/metaltale.com\/et\/toode\/grange-one-puidust-manni-lukanduksed\/#primaryimage\"},\"image\":{\"@id\":\"https:\/\/metaltale.com\/et\/toode\/grange-one-puidust-manni-lukanduksed\/#primaryimage\"},\"thumbnailUrl\":\"https:\/\/metaltale.com\/wp-content\/uploads\/2023\/10\/Durys-GRANGE-ONE-100x210cm-PILKA.jpg\",\"datePublished\":\"2024-02-13T12:27:45+00:00\",\"breadcrumb\":{\"@id\":\"https:\/\/metaltale.com\/et\/toode\/grange-one-puidust-manni-lukanduksed\/#breadcrumb\"},\"inLanguage\":\"et\",\"potentialAction\":[{\"@type\":\"ReadAction\",\"target\":[\"https:\/\/metaltale.com\/et\/toode\/grange-one-puidust-manni-lukanduksed\/\"]}]},{\"@type\":\"ImageObject\",\"inLanguage\":\"et\",\"@id\":\"https:\/\/metaltale.com\/et\/toode\/grange-one-puidust-manni-lukanduksed\/#primaryimage\",\"url\":\"https:\/\/metaltale.com\/wp-content\/uploads\/2023\/10\/Durys-GRANGE-ONE-100x210cm-PILKA.jpg\",\"contentUrl\":\"https:\/\/metaltale.com\/wp-content\/uploads\/2023\/10\/Durys-GRANGE-ONE-100x210cm-PILKA.jpg\",\"width\":800,\"height\":800},{\"@type\":\"BreadcrumbList\",\"@id\":\"https:\/\/metaltale.com\/et\/toode\/grange-one-puidust-manni-lukanduksed\/#breadcrumb\",\"itemListElement\":[{\"@type\":\"ListItem\",\"position\":1,\"name\":\"Home\",\"item\":\"https:\/\/metaltale.com\/et\/kodu\/\"},{\"@type\":\"ListItem\",\"position\":2,\"name\":\"Kauplus\",\"item\":\"https:\/\/metaltale.com\/et\/shop\/\"},{\"@type\":\"ListItem\",\"position\":3,\"name\":\"GRANGE-ONE puidust m\u00e4nni l\u00fckanduksed\"}]},{\"@type\":\"WebSite\",\"@id\":\"https:\/\/metaltale.com\/et\/#website\",\"url\":\"https:\/\/metaltale.com\/et\/\",\"name\":\"Metaltale.com\",\"description\":\"\",\"potentialAction\":[{\"@type\":\"SearchAction\",\"target\":{\"@type\":\"EntryPoint\",\"urlTemplate\":\"https:\/\/metaltale.com\/et\/?s={search_term_string}\"},\"query-input\":{\"@type\":\"PropertyValueSpecification\",\"valueRequired\":true,\"valueName\":\"search_term_string\"}}],\"inLanguage\":\"et\"}]}<\/script>\n<!-- \/ Yoast SEO plugin. -->","yoast_head_json":{"title":"GRANGE-ONE puidust m\u00e4nni l\u00fckanduksed - MetalTale.com","robots":{"index":"index","follow":"follow","max-snippet":"max-snippet:-1","max-image-preview":"max-image-preview:large","max-video-preview":"max-video-preview:-1"},"canonical":"https:\/\/metaltale.com\/et\/toode\/grange-one-puidust-manni-lukanduksed\/","og_locale":"et_EE","og_type":"article","og_title":"GRANGE-ONE puidust m\u00e4nni l\u00fckanduksed - MetalTale.com","og_description":"SAVE-mudel. MD.04 Materjal m\u00e4nnipuit \u00dcldine k\u00f5rgus (cm) 210 \u00dcldlaius (cm) 100 V\u00e4rv Hall Trimmi laiguline Tarne t\u00fc\u00fcp T\u00e4ielikult kokkupandud toode","og_url":"https:\/\/metaltale.com\/et\/toode\/grange-one-puidust-manni-lukanduksed\/","og_site_name":"MetalTale.com","twitter_card":"summary_large_image","twitter_misc":{"Est. reading time":"1 minut"},"schema":{"@context":"https:\/\/schema.org","@graph":[{"@type":"WebPage","@id":"https:\/\/metaltale.com\/et\/toode\/grange-one-puidust-manni-lukanduksed\/","url":"https:\/\/metaltale.com\/et\/toode\/grange-one-puidust-manni-lukanduksed\/","name":"GRANGE-ONE puidust m\u00e4nni l\u00fckanduksed - MetalTale.com","isPartOf":{"@id":"https:\/\/metaltale.com\/et\/#website"},"primaryImageOfPage":{"@id":"https:\/\/metaltale.com\/et\/toode\/grange-one-puidust-manni-lukanduksed\/#primaryimage"},"image":{"@id":"https:\/\/metaltale.com\/et\/toode\/grange-one-puidust-manni-lukanduksed\/#primaryimage"},"thumbnailUrl":"https:\/\/metaltale.com\/wp-content\/uploads\/2023\/10\/Durys-GRANGE-ONE-100x210cm-PILKA.jpg","datePublished":"2024-02-13T12:27:45+00:00","breadcrumb":{"@id":"https:\/\/metaltale.com\/et\/toode\/grange-one-puidust-manni-lukanduksed\/#breadcrumb"},"inLanguage":"et","potentialAction":[{"@type":"ReadAction","target":["https:\/\/metaltale.com\/et\/toode\/grange-one-puidust-manni-lukanduksed\/"]}]},{"@type":"ImageObject","inLanguage":"et","@id":"https:\/\/metaltale.com\/et\/toode\/grange-one-puidust-manni-lukanduksed\/#primaryimage","url":"https:\/\/metaltale.com\/wp-content\/uploads\/2023\/10\/Durys-GRANGE-ONE-100x210cm-PILKA.jpg","contentUrl":"https:\/\/metaltale.com\/wp-content\/uploads\/2023\/10\/Durys-GRANGE-ONE-100x210cm-PILKA.jpg","width":800,"height":800},{"@type":"BreadcrumbList","@id":"https:\/\/metaltale.com\/et\/toode\/grange-one-puidust-manni-lukanduksed\/#breadcrumb","itemListElement":[{"@type":"ListItem","position":1,"name":"Home","item":"https:\/\/metaltale.com\/et\/kodu\/"},{"@type":"ListItem","position":2,"name":"Kauplus","item":"https:\/\/metaltale.com\/et\/shop\/"},{"@type":"ListItem","position":3,"name":"GRANGE-ONE puidust m\u00e4nni l\u00fckanduksed"}]},{"@type":"WebSite","@id":"https:\/\/metaltale.com\/et\/#website","url":"https:\/\/metaltale.com\/et\/","name":"Metaltale.com","description":"","potentialAction":[{"@type":"SearchAction","target":{"@type":"EntryPoint","urlTemplate":"https:\/\/metaltale.com\/et\/?s={search_term_string}"},"query-input":{"@type":"PropertyValueSpecification","valueRequired":true,"valueName":"search_term_string"}}],"inLanguage":"et"}]}},"_links":{"self":[{"href":"https:\/\/metaltale.com\/et\/wp-json\/wp\/v2\/product\/137901","targetHints":{"allow":["GET"]}}],"collection":[{"href":"https:\/\/metaltale.com\/et\/wp-json\/wp\/v2\/product"}],"about":[{"href":"https:\/\/metaltale.com\/et\/wp-json\/wp\/v2\/types\/product"}],"replies":[{"embeddable":true,"href":"https:\/\/metaltale.com\/et\/wp-json\/wp\/v2\/comments?post=137901"}],"version-history":[{"count":0,"href":"https:\/\/metaltale.com\/et\/wp-json\/wp\/v2\/product\/137901\/revisions"}],"wp:featuredmedia":[{"embeddable":true,"href":"https:\/\/metaltale.com\/et\/wp-json\/wp\/v2\/media\/88197"}],"wp:attachment":[{"href":"https:\/\/metaltale.com\/et\/wp-json\/wp\/v2\/media?parent=137901"}],"wp:term":[{"taxonomy":"product_brand","embeddable":true,"href":"https:\/\/metaltale.com\/et\/wp-json\/wp\/v2\/product_brand?post=137901"},{"taxonomy":"product_cat","embeddable":true,"href":"https:\/\/metaltale.com\/et\/wp-json\/wp\/v2\/product_cat?post=137901"},{"taxonomy":"product_tag","embeddable":true,"href":"https:\/\/metaltale.com\/et\/wp-json\/wp\/v2\/product_tag?post=137901"}],"curies":[{"name":"wp","href":"https:\/\/api.w.org\/{rel}","templated":true}]}}