{"id":137893,"date":"2024-02-13T14:27:45","date_gmt":"2024-02-13T12:27:45","guid":{"rendered":"https:\/\/metaltale.com\/produktas\/roivaste-konks-sheeps-head\/"},"modified":"2024-02-13T14:27:45","modified_gmt":"2024-02-13T12:27:45","slug":"roivaste-konks-sheeps-head","status":"publish","type":"product","link":"https:\/\/metaltale.com\/et\/toode\/roivaste-konks-sheeps-head\/","title":{"rendered":"R\u00f5ivaste konks SHEEP&#8217;S HEAD"},"content":{"rendered":"<div class=\"prod_data\">\n<p><strong>Mudel<\/strong> 03.337C. Osa ABW.100<br \/>\n<strong>EAN.<\/strong>  5905369918124<br \/>\n<strong>Materjal<\/strong> teras<br \/>\n<strong>\u00dcldine k\u00f5rgus (cm)<\/strong> 10<br \/>\n<strong>\u00dcldine laius (cm)<\/strong> 5<br \/>\n<strong>Koguprojektsioon (cm)<\/strong> 4,5<br \/>\n<strong>T\u00fc\u00fcp<\/strong> \u00dcksik<br \/>\nV\u00e4rv Must<\/p>\n<p>K\u00e4sitsi sepistatud m\u00f6\u00f6blitarvikud on t\u00fc\u00fcpiliselt maal\u00e4hedaselt kaunistatud ruumide m\u00e4\u00e4ravaks elemendiks. Siin n\u00e4idatud riputuskonks on suurep\u00e4rane n\u00e4ide sellest, kuidas praktilised ja lihtsad vormid v\u00f5ivad t\u00e4nu \u00f5igele loomingulisele protsessile n\u00e4ida vaatamata oma filigraansele suurusele v\u00e4ga silmatorkavad ja muljetavaldavad.<\/p>\n<p>Ripatsiga keele lamedat otsa kaunistas kenasti oinaspea, mis andis sellele palju n\u00e4htavama id\u00fcllilise kliima. <strong>Konks<\/strong> on <strong>k\u00e4sitsi sepistatud kvaliteetsest terasest<\/strong>, mis tagab selle k\u00f5rge kvaliteedi ja vastupidavuse.<\/p>\n<p>SHEEP&#8217;S HEAD konks, k\u00e4sitsi valmistatud k\u00f5rgeima kvaliteediga terasest.<\/p>\n<p>Metallist otsa oli m\u00e4hitud lambapea muster.<\/p>\n<p>Konksul peab olema \u00fcksik ripats, mis l\u00f5peb keelega.<\/p>\n<p>Ette on n\u00e4htud kaks kinnituspunkti, sealhulgas kinnituspunktid.<\/p>\n<\/div>\n","protected":false},"excerpt":{"rendered":"<p>Mudel 03.337C. Osa ABW.100 EAN. 5905369918124 Materjal teras \u00dcldine k\u00f5rgus (cm) 10 \u00dcldine laius (cm) 5 Koguprojektsioon (cm) 4,5 T\u00fc\u00fcp<\/p>\n","protected":false},"featured_media":88074,"comment_status":"open","ping_status":"closed","template":"","meta":{"_acf_changed":false,"pmpro_default_level":""},"product_brand":[],"product_cat":[24176,23836],"product_tag":[],"class_list":{"0":"post-137893","1":"product","2":"type-product","3":"status-publish","4":"has-post-thumbnail","6":"product_cat-ripatsid-ja-konksud","7":"product_cat-moobli-tarvikud","8":"pmpro-has-access","10":"first","11":"instock","12":"shipping-taxable","13":"purchasable","14":"product-type-simple"},"acf":[],"yoast_head":"<!-- This site is optimized with the Yoast SEO plugin v24.9 - https:\/\/yoast.com\/wordpress\/plugins\/seo\/ -->\n<title>R\u00f5ivaste konks SHEEP&#039;S HEAD - MetalTale.com<\/title>\n<meta name=\"robots\" content=\"index, follow, max-snippet:-1, max-image-preview:large, max-video-preview:-1\" \/>\n<link rel=\"canonical\" href=\"https:\/\/metaltale.com\/et\/toode\/roivaste-konks-sheeps-head\/\" \/>\n<meta property=\"og:locale\" content=\"et_EE\" \/>\n<meta property=\"og:type\" content=\"article\" \/>\n<meta property=\"og:title\" content=\"R\u00f5ivaste konks SHEEP&#039;S HEAD - MetalTale.com\" \/>\n<meta property=\"og:description\" content=\"Mudel 03.337C. Osa ABW.100 EAN. 5905369918124 Materjal teras \u00dcldine k\u00f5rgus (cm) 10 \u00dcldine laius (cm) 5 Koguprojektsioon (cm) 4,5 T\u00fc\u00fcp\" \/>\n<meta property=\"og:url\" content=\"https:\/\/metaltale.com\/et\/toode\/roivaste-konks-sheeps-head\/\" \/>\n<meta property=\"og:site_name\" content=\"MetalTale.com\" \/>\n<meta name=\"twitter:card\" content=\"summary_large_image\" \/>\n<meta name=\"twitter:label1\" content=\"Est. reading time\" \/>\n\t<meta name=\"twitter:data1\" content=\"1 minut\" \/>\n<script type=\"application\/ld+json\" class=\"yoast-schema-graph\">{\"@context\":\"https:\/\/schema.org\",\"@graph\":[{\"@type\":\"WebPage\",\"@id\":\"https:\/\/metaltale.com\/et\/toode\/roivaste-konks-sheeps-head\/\",\"url\":\"https:\/\/metaltale.com\/et\/toode\/roivaste-konks-sheeps-head\/\",\"name\":\"R\u00f5ivaste konks SHEEP'S HEAD - MetalTale.com\",\"isPartOf\":{\"@id\":\"https:\/\/metaltale.com\/et\/#website\"},\"primaryImageOfPage\":{\"@id\":\"https:\/\/metaltale.com\/et\/toode\/roivaste-konks-sheeps-head\/#primaryimage\"},\"image\":{\"@id\":\"https:\/\/metaltale.com\/et\/toode\/roivaste-konks-sheeps-head\/#primaryimage\"},\"thumbnailUrl\":\"https:\/\/metaltale.com\/wp-content\/uploads\/2023\/10\/Kablys-AVIES-GALVA.jpg\",\"datePublished\":\"2024-02-13T12:27:45+00:00\",\"breadcrumb\":{\"@id\":\"https:\/\/metaltale.com\/et\/toode\/roivaste-konks-sheeps-head\/#breadcrumb\"},\"inLanguage\":\"et\",\"potentialAction\":[{\"@type\":\"ReadAction\",\"target\":[\"https:\/\/metaltale.com\/et\/toode\/roivaste-konks-sheeps-head\/\"]}]},{\"@type\":\"ImageObject\",\"inLanguage\":\"et\",\"@id\":\"https:\/\/metaltale.com\/et\/toode\/roivaste-konks-sheeps-head\/#primaryimage\",\"url\":\"https:\/\/metaltale.com\/wp-content\/uploads\/2023\/10\/Kablys-AVIES-GALVA.jpg\",\"contentUrl\":\"https:\/\/metaltale.com\/wp-content\/uploads\/2023\/10\/Kablys-AVIES-GALVA.jpg\",\"width\":800,\"height\":800,\"caption\":\"R\u00f5ivaste konks SHEEP'S HEAD\"},{\"@type\":\"BreadcrumbList\",\"@id\":\"https:\/\/metaltale.com\/et\/toode\/roivaste-konks-sheeps-head\/#breadcrumb\",\"itemListElement\":[{\"@type\":\"ListItem\",\"position\":1,\"name\":\"Home\",\"item\":\"https:\/\/metaltale.com\/et\/kodu\/\"},{\"@type\":\"ListItem\",\"position\":2,\"name\":\"Kauplus\",\"item\":\"https:\/\/metaltale.com\/et\/shop\/\"},{\"@type\":\"ListItem\",\"position\":3,\"name\":\"R\u00f5ivaste konks SHEEP&#8217;S HEAD\"}]},{\"@type\":\"WebSite\",\"@id\":\"https:\/\/metaltale.com\/et\/#website\",\"url\":\"https:\/\/metaltale.com\/et\/\",\"name\":\"Metaltale.com\",\"description\":\"\",\"potentialAction\":[{\"@type\":\"SearchAction\",\"target\":{\"@type\":\"EntryPoint\",\"urlTemplate\":\"https:\/\/metaltale.com\/et\/?s={search_term_string}\"},\"query-input\":{\"@type\":\"PropertyValueSpecification\",\"valueRequired\":true,\"valueName\":\"search_term_string\"}}],\"inLanguage\":\"et\"}]}<\/script>\n<!-- \/ Yoast SEO plugin. -->","yoast_head_json":{"title":"R\u00f5ivaste konks SHEEP'S HEAD - MetalTale.com","robots":{"index":"index","follow":"follow","max-snippet":"max-snippet:-1","max-image-preview":"max-image-preview:large","max-video-preview":"max-video-preview:-1"},"canonical":"https:\/\/metaltale.com\/et\/toode\/roivaste-konks-sheeps-head\/","og_locale":"et_EE","og_type":"article","og_title":"R\u00f5ivaste konks SHEEP'S HEAD - MetalTale.com","og_description":"Mudel 03.337C. Osa ABW.100 EAN. 5905369918124 Materjal teras \u00dcldine k\u00f5rgus (cm) 10 \u00dcldine laius (cm) 5 Koguprojektsioon (cm) 4,5 T\u00fc\u00fcp","og_url":"https:\/\/metaltale.com\/et\/toode\/roivaste-konks-sheeps-head\/","og_site_name":"MetalTale.com","twitter_card":"summary_large_image","twitter_misc":{"Est. reading time":"1 minut"},"schema":{"@context":"https:\/\/schema.org","@graph":[{"@type":"WebPage","@id":"https:\/\/metaltale.com\/et\/toode\/roivaste-konks-sheeps-head\/","url":"https:\/\/metaltale.com\/et\/toode\/roivaste-konks-sheeps-head\/","name":"R\u00f5ivaste konks SHEEP'S HEAD - MetalTale.com","isPartOf":{"@id":"https:\/\/metaltale.com\/et\/#website"},"primaryImageOfPage":{"@id":"https:\/\/metaltale.com\/et\/toode\/roivaste-konks-sheeps-head\/#primaryimage"},"image":{"@id":"https:\/\/metaltale.com\/et\/toode\/roivaste-konks-sheeps-head\/#primaryimage"},"thumbnailUrl":"https:\/\/metaltale.com\/wp-content\/uploads\/2023\/10\/Kablys-AVIES-GALVA.jpg","datePublished":"2024-02-13T12:27:45+00:00","breadcrumb":{"@id":"https:\/\/metaltale.com\/et\/toode\/roivaste-konks-sheeps-head\/#breadcrumb"},"inLanguage":"et","potentialAction":[{"@type":"ReadAction","target":["https:\/\/metaltale.com\/et\/toode\/roivaste-konks-sheeps-head\/"]}]},{"@type":"ImageObject","inLanguage":"et","@id":"https:\/\/metaltale.com\/et\/toode\/roivaste-konks-sheeps-head\/#primaryimage","url":"https:\/\/metaltale.com\/wp-content\/uploads\/2023\/10\/Kablys-AVIES-GALVA.jpg","contentUrl":"https:\/\/metaltale.com\/wp-content\/uploads\/2023\/10\/Kablys-AVIES-GALVA.jpg","width":800,"height":800,"caption":"R\u00f5ivaste konks SHEEP'S HEAD"},{"@type":"BreadcrumbList","@id":"https:\/\/metaltale.com\/et\/toode\/roivaste-konks-sheeps-head\/#breadcrumb","itemListElement":[{"@type":"ListItem","position":1,"name":"Home","item":"https:\/\/metaltale.com\/et\/kodu\/"},{"@type":"ListItem","position":2,"name":"Kauplus","item":"https:\/\/metaltale.com\/et\/shop\/"},{"@type":"ListItem","position":3,"name":"R\u00f5ivaste konks SHEEP&#8217;S HEAD"}]},{"@type":"WebSite","@id":"https:\/\/metaltale.com\/et\/#website","url":"https:\/\/metaltale.com\/et\/","name":"Metaltale.com","description":"","potentialAction":[{"@type":"SearchAction","target":{"@type":"EntryPoint","urlTemplate":"https:\/\/metaltale.com\/et\/?s={search_term_string}"},"query-input":{"@type":"PropertyValueSpecification","valueRequired":true,"valueName":"search_term_string"}}],"inLanguage":"et"}]}},"_links":{"self":[{"href":"https:\/\/metaltale.com\/et\/wp-json\/wp\/v2\/product\/137893","targetHints":{"allow":["GET"]}}],"collection":[{"href":"https:\/\/metaltale.com\/et\/wp-json\/wp\/v2\/product"}],"about":[{"href":"https:\/\/metaltale.com\/et\/wp-json\/wp\/v2\/types\/product"}],"replies":[{"embeddable":true,"href":"https:\/\/metaltale.com\/et\/wp-json\/wp\/v2\/comments?post=137893"}],"version-history":[{"count":0,"href":"https:\/\/metaltale.com\/et\/wp-json\/wp\/v2\/product\/137893\/revisions"}],"wp:featuredmedia":[{"embeddable":true,"href":"https:\/\/metaltale.com\/et\/wp-json\/wp\/v2\/media\/88074"}],"wp:attachment":[{"href":"https:\/\/metaltale.com\/et\/wp-json\/wp\/v2\/media?parent=137893"}],"wp:term":[{"taxonomy":"product_brand","embeddable":true,"href":"https:\/\/metaltale.com\/et\/wp-json\/wp\/v2\/product_brand?post=137893"},{"taxonomy":"product_cat","embeddable":true,"href":"https:\/\/metaltale.com\/et\/wp-json\/wp\/v2\/product_cat?post=137893"},{"taxonomy":"product_tag","embeddable":true,"href":"https:\/\/metaltale.com\/et\/wp-json\/wp\/v2\/product_tag?post=137893"}],"curies":[{"name":"wp","href":"https:\/\/api.w.org\/{rel}","templated":true}]}}