{"id":137886,"date":"2024-02-13T14:27:05","date_gmt":"2024-02-13T12:27:05","guid":{"rendered":"https:\/\/metaltale.com\/produktas\/sirge-konks-150-mm\/"},"modified":"2024-02-13T14:27:05","modified_gmt":"2024-02-13T12:27:05","slug":"sirge-konks-150-mm","status":"publish","type":"product","link":"https:\/\/metaltale.com\/et\/toode\/sirge-konks-150-mm\/","title":{"rendered":"Sirge konks 150 mm"},"content":{"rendered":"<div class=\"prod_data\">\n<p><strong>Mudel<\/strong> 70.336 tuh. AI.150<br \/>\n<strong>EAN.<\/strong>  5905369918261<br \/>\nMaterjal Ketus<br \/>\n<strong>\u00dcldine k\u00f5rgus (cm)<\/strong> 15<br \/>\nKoguprojektsioon (cm) 9<br \/>\n<strong>Aluse m\u00f5\u00f5tmed (cm<\/strong> ) 5,5 x 4<br \/>\n<strong>Liik<\/strong> Double<br \/>\n<strong>V\u00e4rv<\/strong> teras<\/p>\n<p><strong>Lihtne riputuskonks<\/strong> on t\u00fc\u00fcpiline <strong>maal\u00e4hedane<\/strong> n\u00e4ide funktsionaalsetest m\u00f6\u00f6blitarvikutest. See on valmistatud kvaliteetsest malmsulamist. M\u00f5eldud nii, et see oleks praktiline, r\u00f5hutades samas selle visuaalseid omadusi. Lihtsad lahendused, mis on inspireeritud k\u00f5ige praktilisematest vajadustest, on \u00fcks rustikaalse stiili tunnusjooni.<\/p>\n<p>Vormi all m\u00f5eldakse lamedale jalale paigaldatud painutatud terastraadi kuju, mis v\u00f5imaldab seda h\u00f5lpsasti kokku panna ja kindlalt valitud pinnale kinnituda. T\u00e4nu kogu elemendi sirgjoonelisusele leiab konks palju praktilisi rakendusi, eriti riietusruumides.<\/p>\n<p>Konksul on kaks kinnitusauku, kruvid kuuluvad komplekti.<\/p>\n<\/div>\n","protected":false},"excerpt":{"rendered":"<p>Mudel 70.336 tuh. AI.150 EAN. 5905369918261 Materjal Ketus \u00dcldine k\u00f5rgus (cm) 15 Koguprojektsioon (cm) 9 Aluse m\u00f5\u00f5tmed (cm ) 5,5<\/p>\n","protected":false},"featured_media":87951,"comment_status":"open","ping_status":"closed","template":"","meta":{"_acf_changed":false,"pmpro_default_level":""},"product_brand":[],"product_cat":[24176,23836],"product_tag":[],"class_list":{"0":"post-137886","1":"product","2":"type-product","3":"status-publish","4":"has-post-thumbnail","6":"product_cat-ripatsid-ja-konksud","7":"product_cat-moobli-tarvikud","8":"pmpro-has-access","10":"first","11":"instock","12":"shipping-taxable","13":"purchasable","14":"product-type-simple"},"acf":[],"yoast_head":"<!-- This site is optimized with the Yoast SEO plugin v24.9 - https:\/\/yoast.com\/wordpress\/plugins\/seo\/ -->\n<title>Sirge konks 150 mm - MetalTale.com<\/title>\n<meta name=\"robots\" content=\"index, follow, max-snippet:-1, max-image-preview:large, max-video-preview:-1\" \/>\n<link rel=\"canonical\" href=\"https:\/\/metaltale.com\/et\/toode\/sirge-konks-150-mm\/\" \/>\n<meta property=\"og:locale\" content=\"et_EE\" \/>\n<meta property=\"og:type\" content=\"article\" \/>\n<meta property=\"og:title\" content=\"Sirge konks 150 mm - MetalTale.com\" \/>\n<meta property=\"og:description\" content=\"Mudel 70.336 tuh. AI.150 EAN. 5905369918261 Materjal Ketus \u00dcldine k\u00f5rgus (cm) 15 Koguprojektsioon (cm) 9 Aluse m\u00f5\u00f5tmed (cm ) 5,5\" \/>\n<meta property=\"og:url\" content=\"https:\/\/metaltale.com\/et\/toode\/sirge-konks-150-mm\/\" \/>\n<meta property=\"og:site_name\" content=\"MetalTale.com\" \/>\n<meta name=\"twitter:card\" content=\"summary_large_image\" \/>\n<meta name=\"twitter:label1\" content=\"Est. reading time\" \/>\n\t<meta name=\"twitter:data1\" content=\"1 minut\" \/>\n<script type=\"application\/ld+json\" class=\"yoast-schema-graph\">{\"@context\":\"https:\/\/schema.org\",\"@graph\":[{\"@type\":\"WebPage\",\"@id\":\"https:\/\/metaltale.com\/et\/toode\/sirge-konks-150-mm\/\",\"url\":\"https:\/\/metaltale.com\/et\/toode\/sirge-konks-150-mm\/\",\"name\":\"Sirge konks 150 mm - MetalTale.com\",\"isPartOf\":{\"@id\":\"https:\/\/metaltale.com\/et\/#website\"},\"primaryImageOfPage\":{\"@id\":\"https:\/\/metaltale.com\/et\/toode\/sirge-konks-150-mm\/#primaryimage\"},\"image\":{\"@id\":\"https:\/\/metaltale.com\/et\/toode\/sirge-konks-150-mm\/#primaryimage\"},\"thumbnailUrl\":\"https:\/\/metaltale.com\/wp-content\/uploads\/2023\/10\/Kablys-TIESUS-150mm.jpg\",\"datePublished\":\"2024-02-13T12:27:05+00:00\",\"breadcrumb\":{\"@id\":\"https:\/\/metaltale.com\/et\/toode\/sirge-konks-150-mm\/#breadcrumb\"},\"inLanguage\":\"et\",\"potentialAction\":[{\"@type\":\"ReadAction\",\"target\":[\"https:\/\/metaltale.com\/et\/toode\/sirge-konks-150-mm\/\"]}]},{\"@type\":\"ImageObject\",\"inLanguage\":\"et\",\"@id\":\"https:\/\/metaltale.com\/et\/toode\/sirge-konks-150-mm\/#primaryimage\",\"url\":\"https:\/\/metaltale.com\/wp-content\/uploads\/2023\/10\/Kablys-TIESUS-150mm.jpg\",\"contentUrl\":\"https:\/\/metaltale.com\/wp-content\/uploads\/2023\/10\/Kablys-TIESUS-150mm.jpg\",\"width\":800,\"height\":800,\"caption\":\"Riiete konks\"},{\"@type\":\"BreadcrumbList\",\"@id\":\"https:\/\/metaltale.com\/et\/toode\/sirge-konks-150-mm\/#breadcrumb\",\"itemListElement\":[{\"@type\":\"ListItem\",\"position\":1,\"name\":\"Home\",\"item\":\"https:\/\/metaltale.com\/et\/kodu\/\"},{\"@type\":\"ListItem\",\"position\":2,\"name\":\"Kauplus\",\"item\":\"https:\/\/metaltale.com\/et\/shop\/\"},{\"@type\":\"ListItem\",\"position\":3,\"name\":\"Sirge konks 150 mm\"}]},{\"@type\":\"WebSite\",\"@id\":\"https:\/\/metaltale.com\/et\/#website\",\"url\":\"https:\/\/metaltale.com\/et\/\",\"name\":\"Metaltale.com\",\"description\":\"\",\"potentialAction\":[{\"@type\":\"SearchAction\",\"target\":{\"@type\":\"EntryPoint\",\"urlTemplate\":\"https:\/\/metaltale.com\/et\/?s={search_term_string}\"},\"query-input\":{\"@type\":\"PropertyValueSpecification\",\"valueRequired\":true,\"valueName\":\"search_term_string\"}}],\"inLanguage\":\"et\"}]}<\/script>\n<!-- \/ Yoast SEO plugin. -->","yoast_head_json":{"title":"Sirge konks 150 mm - MetalTale.com","robots":{"index":"index","follow":"follow","max-snippet":"max-snippet:-1","max-image-preview":"max-image-preview:large","max-video-preview":"max-video-preview:-1"},"canonical":"https:\/\/metaltale.com\/et\/toode\/sirge-konks-150-mm\/","og_locale":"et_EE","og_type":"article","og_title":"Sirge konks 150 mm - MetalTale.com","og_description":"Mudel 70.336 tuh. AI.150 EAN. 5905369918261 Materjal Ketus \u00dcldine k\u00f5rgus (cm) 15 Koguprojektsioon (cm) 9 Aluse m\u00f5\u00f5tmed (cm ) 5,5","og_url":"https:\/\/metaltale.com\/et\/toode\/sirge-konks-150-mm\/","og_site_name":"MetalTale.com","twitter_card":"summary_large_image","twitter_misc":{"Est. reading time":"1 minut"},"schema":{"@context":"https:\/\/schema.org","@graph":[{"@type":"WebPage","@id":"https:\/\/metaltale.com\/et\/toode\/sirge-konks-150-mm\/","url":"https:\/\/metaltale.com\/et\/toode\/sirge-konks-150-mm\/","name":"Sirge konks 150 mm - MetalTale.com","isPartOf":{"@id":"https:\/\/metaltale.com\/et\/#website"},"primaryImageOfPage":{"@id":"https:\/\/metaltale.com\/et\/toode\/sirge-konks-150-mm\/#primaryimage"},"image":{"@id":"https:\/\/metaltale.com\/et\/toode\/sirge-konks-150-mm\/#primaryimage"},"thumbnailUrl":"https:\/\/metaltale.com\/wp-content\/uploads\/2023\/10\/Kablys-TIESUS-150mm.jpg","datePublished":"2024-02-13T12:27:05+00:00","breadcrumb":{"@id":"https:\/\/metaltale.com\/et\/toode\/sirge-konks-150-mm\/#breadcrumb"},"inLanguage":"et","potentialAction":[{"@type":"ReadAction","target":["https:\/\/metaltale.com\/et\/toode\/sirge-konks-150-mm\/"]}]},{"@type":"ImageObject","inLanguage":"et","@id":"https:\/\/metaltale.com\/et\/toode\/sirge-konks-150-mm\/#primaryimage","url":"https:\/\/metaltale.com\/wp-content\/uploads\/2023\/10\/Kablys-TIESUS-150mm.jpg","contentUrl":"https:\/\/metaltale.com\/wp-content\/uploads\/2023\/10\/Kablys-TIESUS-150mm.jpg","width":800,"height":800,"caption":"Riiete konks"},{"@type":"BreadcrumbList","@id":"https:\/\/metaltale.com\/et\/toode\/sirge-konks-150-mm\/#breadcrumb","itemListElement":[{"@type":"ListItem","position":1,"name":"Home","item":"https:\/\/metaltale.com\/et\/kodu\/"},{"@type":"ListItem","position":2,"name":"Kauplus","item":"https:\/\/metaltale.com\/et\/shop\/"},{"@type":"ListItem","position":3,"name":"Sirge konks 150 mm"}]},{"@type":"WebSite","@id":"https:\/\/metaltale.com\/et\/#website","url":"https:\/\/metaltale.com\/et\/","name":"Metaltale.com","description":"","potentialAction":[{"@type":"SearchAction","target":{"@type":"EntryPoint","urlTemplate":"https:\/\/metaltale.com\/et\/?s={search_term_string}"},"query-input":{"@type":"PropertyValueSpecification","valueRequired":true,"valueName":"search_term_string"}}],"inLanguage":"et"}]}},"_links":{"self":[{"href":"https:\/\/metaltale.com\/et\/wp-json\/wp\/v2\/product\/137886","targetHints":{"allow":["GET"]}}],"collection":[{"href":"https:\/\/metaltale.com\/et\/wp-json\/wp\/v2\/product"}],"about":[{"href":"https:\/\/metaltale.com\/et\/wp-json\/wp\/v2\/types\/product"}],"replies":[{"embeddable":true,"href":"https:\/\/metaltale.com\/et\/wp-json\/wp\/v2\/comments?post=137886"}],"version-history":[{"count":0,"href":"https:\/\/metaltale.com\/et\/wp-json\/wp\/v2\/product\/137886\/revisions"}],"wp:featuredmedia":[{"embeddable":true,"href":"https:\/\/metaltale.com\/et\/wp-json\/wp\/v2\/media\/87951"}],"wp:attachment":[{"href":"https:\/\/metaltale.com\/et\/wp-json\/wp\/v2\/media?parent=137886"}],"wp:term":[{"taxonomy":"product_brand","embeddable":true,"href":"https:\/\/metaltale.com\/et\/wp-json\/wp\/v2\/product_brand?post=137886"},{"taxonomy":"product_cat","embeddable":true,"href":"https:\/\/metaltale.com\/et\/wp-json\/wp\/v2\/product_cat?post=137886"},{"taxonomy":"product_tag","embeddable":true,"href":"https:\/\/metaltale.com\/et\/wp-json\/wp\/v2\/product_tag?post=137886"}],"curies":[{"name":"wp","href":"https:\/\/api.w.org\/{rel}","templated":true}]}}