{"id":137877,"date":"2024-02-13T14:27:05","date_gmt":"2024-02-13T12:27:05","guid":{"rendered":"https:\/\/metaltale.com\/produktas\/mooblinurk-sielskie\/"},"modified":"2024-02-13T14:27:05","modified_gmt":"2024-02-13T12:27:05","slug":"mooblinurk-sielskie","status":"publish","type":"product","link":"https:\/\/metaltale.com\/et\/toode\/mooblinurk-sielskie\/","title":{"rendered":"M\u00f6\u00f6blinurk SIELSKIE"},"content":{"rendered":"<div class=\"prod_data\">\n<p><strong>Mudel<\/strong> ZA.011<br \/>\n<strong>\u00dcldine k\u00f5rgus (cm)<\/strong> 4,2<br \/>\n<strong>Parema k\u00fclje laius (cm)<\/strong> 12<br \/>\n<strong>Vasaku k\u00fclje laius (cm)<\/strong> 12<br \/>\n<strong>V\u00e4rv<\/strong> teras<\/p>\n<p>Meie veebipood pakub laia valikut lahendusi, sealhulgas k\u00f5rgeima kvaliteediga terasest valmistatud <strong>tugevad m\u00f6\u00f6blinurgad<\/strong>. Nende traditsioonilised ja lihtsad vormid tagavad iga elemendi funktsionaalse kasutamise.<\/p>\n<p>Kaunid nurgad sobivad suurep\u00e4raselt naturaalsest puidust kirstude, kohvrite v\u00f5i laudade kaitsmiseks. K\u00f5ige enam huvitab see <strong>maal\u00e4hedase sisekujunduse<\/strong> f\u00e4nne, mida r\u00f5hutavad erilised ja originaalsed kaunistused v\u00e4ikeste aksessuaaride kujul.<\/p>\n<\/div>\n","protected":false},"excerpt":{"rendered":"<p>Mudel ZA.011 \u00dcldine k\u00f5rgus (cm) 4,2 Parema k\u00fclje laius (cm) 12 Vasaku k\u00fclje laius (cm) 12 V\u00e4rv teras Meie veebipood<\/p>\n","protected":false},"featured_media":69351,"comment_status":"open","ping_status":"closed","template":"","meta":{"_acf_changed":false,"pmpro_default_level":""},"product_brand":[],"product_cat":[23836,23891],"product_tag":[],"class_list":{"0":"post-137877","1":"product","2":"type-product","3":"status-publish","4":"has-post-thumbnail","6":"product_cat-moobli-tarvikud","7":"product_cat-statybines-ir-baldu-jungtys-et","8":"pmpro-has-access","10":"first","11":"instock","12":"shipping-taxable","13":"purchasable","14":"product-type-simple"},"acf":[],"yoast_head":"<!-- This site is optimized with the Yoast SEO plugin v24.9 - https:\/\/yoast.com\/wordpress\/plugins\/seo\/ -->\n<title>M\u00f6\u00f6blinurk SIELSKIE - MetalTale.com<\/title>\n<meta name=\"robots\" content=\"index, follow, max-snippet:-1, max-image-preview:large, max-video-preview:-1\" \/>\n<link rel=\"canonical\" href=\"https:\/\/metaltale.com\/et\/toode\/mooblinurk-sielskie\/\" \/>\n<meta property=\"og:locale\" content=\"et_EE\" \/>\n<meta property=\"og:type\" content=\"article\" \/>\n<meta property=\"og:title\" content=\"M\u00f6\u00f6blinurk SIELSKIE - MetalTale.com\" \/>\n<meta property=\"og:description\" content=\"Mudel ZA.011 \u00dcldine k\u00f5rgus (cm) 4,2 Parema k\u00fclje laius (cm) 12 Vasaku k\u00fclje laius (cm) 12 V\u00e4rv teras Meie veebipood\" \/>\n<meta property=\"og:url\" content=\"https:\/\/metaltale.com\/et\/toode\/mooblinurk-sielskie\/\" \/>\n<meta property=\"og:site_name\" content=\"MetalTale.com\" \/>\n<meta property=\"og:image\" content=\"https:\/\/metaltale.com\/wp-content\/uploads\/2023\/09\/Baldx173-kampas-SIELSKI-plienas-scaled.jpg\" \/>\n\t<meta property=\"og:image:width\" content=\"2560\" \/>\n\t<meta property=\"og:image:height\" content=\"2560\" \/>\n\t<meta property=\"og:image:type\" content=\"image\/jpeg\" \/>\n<meta name=\"twitter:card\" content=\"summary_large_image\" \/>\n<script type=\"application\/ld+json\" class=\"yoast-schema-graph\">{\"@context\":\"https:\/\/schema.org\",\"@graph\":[{\"@type\":\"WebPage\",\"@id\":\"https:\/\/metaltale.com\/et\/toode\/mooblinurk-sielskie\/\",\"url\":\"https:\/\/metaltale.com\/et\/toode\/mooblinurk-sielskie\/\",\"name\":\"M\u00f6\u00f6blinurk SIELSKIE - MetalTale.com\",\"isPartOf\":{\"@id\":\"https:\/\/metaltale.com\/et\/#website\"},\"primaryImageOfPage\":{\"@id\":\"https:\/\/metaltale.com\/et\/toode\/mooblinurk-sielskie\/#primaryimage\"},\"image\":{\"@id\":\"https:\/\/metaltale.com\/et\/toode\/mooblinurk-sielskie\/#primaryimage\"},\"thumbnailUrl\":\"https:\/\/metaltale.com\/wp-content\/uploads\/2023\/09\/Baldx173-kampas-SIELSKI-plienas-scaled.jpg\",\"datePublished\":\"2024-02-13T12:27:05+00:00\",\"breadcrumb\":{\"@id\":\"https:\/\/metaltale.com\/et\/toode\/mooblinurk-sielskie\/#breadcrumb\"},\"inLanguage\":\"et\",\"potentialAction\":[{\"@type\":\"ReadAction\",\"target\":[\"https:\/\/metaltale.com\/et\/toode\/mooblinurk-sielskie\/\"]}]},{\"@type\":\"ImageObject\",\"inLanguage\":\"et\",\"@id\":\"https:\/\/metaltale.com\/et\/toode\/mooblinurk-sielskie\/#primaryimage\",\"url\":\"https:\/\/metaltale.com\/wp-content\/uploads\/2023\/09\/Baldx173-kampas-SIELSKI-plienas-scaled.jpg\",\"contentUrl\":\"https:\/\/metaltale.com\/wp-content\/uploads\/2023\/09\/Baldx173-kampas-SIELSKI-plienas-scaled.jpg\",\"width\":2560,\"height\":2560,\"caption\":\"M\u00f6\u00f6blinurk SIELSKIE\"},{\"@type\":\"BreadcrumbList\",\"@id\":\"https:\/\/metaltale.com\/et\/toode\/mooblinurk-sielskie\/#breadcrumb\",\"itemListElement\":[{\"@type\":\"ListItem\",\"position\":1,\"name\":\"Home\",\"item\":\"https:\/\/metaltale.com\/et\/kodu\/\"},{\"@type\":\"ListItem\",\"position\":2,\"name\":\"Kauplus\",\"item\":\"https:\/\/metaltale.com\/et\/shop\/\"},{\"@type\":\"ListItem\",\"position\":3,\"name\":\"M\u00f6\u00f6blinurk SIELSKIE\"}]},{\"@type\":\"WebSite\",\"@id\":\"https:\/\/metaltale.com\/et\/#website\",\"url\":\"https:\/\/metaltale.com\/et\/\",\"name\":\"Metaltale.com\",\"description\":\"\",\"potentialAction\":[{\"@type\":\"SearchAction\",\"target\":{\"@type\":\"EntryPoint\",\"urlTemplate\":\"https:\/\/metaltale.com\/et\/?s={search_term_string}\"},\"query-input\":{\"@type\":\"PropertyValueSpecification\",\"valueRequired\":true,\"valueName\":\"search_term_string\"}}],\"inLanguage\":\"et\"}]}<\/script>\n<!-- \/ Yoast SEO plugin. -->","yoast_head_json":{"title":"M\u00f6\u00f6blinurk SIELSKIE - MetalTale.com","robots":{"index":"index","follow":"follow","max-snippet":"max-snippet:-1","max-image-preview":"max-image-preview:large","max-video-preview":"max-video-preview:-1"},"canonical":"https:\/\/metaltale.com\/et\/toode\/mooblinurk-sielskie\/","og_locale":"et_EE","og_type":"article","og_title":"M\u00f6\u00f6blinurk SIELSKIE - MetalTale.com","og_description":"Mudel ZA.011 \u00dcldine k\u00f5rgus (cm) 4,2 Parema k\u00fclje laius (cm) 12 Vasaku k\u00fclje laius (cm) 12 V\u00e4rv teras Meie veebipood","og_url":"https:\/\/metaltale.com\/et\/toode\/mooblinurk-sielskie\/","og_site_name":"MetalTale.com","og_image":[{"width":2560,"height":2560,"url":"https:\/\/metaltale.com\/wp-content\/uploads\/2023\/09\/Baldx173-kampas-SIELSKI-plienas-scaled.jpg","type":"image\/jpeg"}],"twitter_card":"summary_large_image","schema":{"@context":"https:\/\/schema.org","@graph":[{"@type":"WebPage","@id":"https:\/\/metaltale.com\/et\/toode\/mooblinurk-sielskie\/","url":"https:\/\/metaltale.com\/et\/toode\/mooblinurk-sielskie\/","name":"M\u00f6\u00f6blinurk SIELSKIE - MetalTale.com","isPartOf":{"@id":"https:\/\/metaltale.com\/et\/#website"},"primaryImageOfPage":{"@id":"https:\/\/metaltale.com\/et\/toode\/mooblinurk-sielskie\/#primaryimage"},"image":{"@id":"https:\/\/metaltale.com\/et\/toode\/mooblinurk-sielskie\/#primaryimage"},"thumbnailUrl":"https:\/\/metaltale.com\/wp-content\/uploads\/2023\/09\/Baldx173-kampas-SIELSKI-plienas-scaled.jpg","datePublished":"2024-02-13T12:27:05+00:00","breadcrumb":{"@id":"https:\/\/metaltale.com\/et\/toode\/mooblinurk-sielskie\/#breadcrumb"},"inLanguage":"et","potentialAction":[{"@type":"ReadAction","target":["https:\/\/metaltale.com\/et\/toode\/mooblinurk-sielskie\/"]}]},{"@type":"ImageObject","inLanguage":"et","@id":"https:\/\/metaltale.com\/et\/toode\/mooblinurk-sielskie\/#primaryimage","url":"https:\/\/metaltale.com\/wp-content\/uploads\/2023\/09\/Baldx173-kampas-SIELSKI-plienas-scaled.jpg","contentUrl":"https:\/\/metaltale.com\/wp-content\/uploads\/2023\/09\/Baldx173-kampas-SIELSKI-plienas-scaled.jpg","width":2560,"height":2560,"caption":"M\u00f6\u00f6blinurk SIELSKIE"},{"@type":"BreadcrumbList","@id":"https:\/\/metaltale.com\/et\/toode\/mooblinurk-sielskie\/#breadcrumb","itemListElement":[{"@type":"ListItem","position":1,"name":"Home","item":"https:\/\/metaltale.com\/et\/kodu\/"},{"@type":"ListItem","position":2,"name":"Kauplus","item":"https:\/\/metaltale.com\/et\/shop\/"},{"@type":"ListItem","position":3,"name":"M\u00f6\u00f6blinurk SIELSKIE"}]},{"@type":"WebSite","@id":"https:\/\/metaltale.com\/et\/#website","url":"https:\/\/metaltale.com\/et\/","name":"Metaltale.com","description":"","potentialAction":[{"@type":"SearchAction","target":{"@type":"EntryPoint","urlTemplate":"https:\/\/metaltale.com\/et\/?s={search_term_string}"},"query-input":{"@type":"PropertyValueSpecification","valueRequired":true,"valueName":"search_term_string"}}],"inLanguage":"et"}]}},"_links":{"self":[{"href":"https:\/\/metaltale.com\/et\/wp-json\/wp\/v2\/product\/137877","targetHints":{"allow":["GET"]}}],"collection":[{"href":"https:\/\/metaltale.com\/et\/wp-json\/wp\/v2\/product"}],"about":[{"href":"https:\/\/metaltale.com\/et\/wp-json\/wp\/v2\/types\/product"}],"replies":[{"embeddable":true,"href":"https:\/\/metaltale.com\/et\/wp-json\/wp\/v2\/comments?post=137877"}],"version-history":[{"count":0,"href":"https:\/\/metaltale.com\/et\/wp-json\/wp\/v2\/product\/137877\/revisions"}],"wp:featuredmedia":[{"embeddable":true,"href":"https:\/\/metaltale.com\/et\/wp-json\/wp\/v2\/media\/69351"}],"wp:attachment":[{"href":"https:\/\/metaltale.com\/et\/wp-json\/wp\/v2\/media?parent=137877"}],"wp:term":[{"taxonomy":"product_brand","embeddable":true,"href":"https:\/\/metaltale.com\/et\/wp-json\/wp\/v2\/product_brand?post=137877"},{"taxonomy":"product_cat","embeddable":true,"href":"https:\/\/metaltale.com\/et\/wp-json\/wp\/v2\/product_cat?post=137877"},{"taxonomy":"product_tag","embeddable":true,"href":"https:\/\/metaltale.com\/et\/wp-json\/wp\/v2\/product_tag?post=137877"}],"curies":[{"name":"wp","href":"https:\/\/api.w.org\/{rel}","templated":true}]}}