{"id":137871,"date":"2024-02-13T14:27:05","date_gmt":"2024-02-13T12:27:05","guid":{"rendered":"https:\/\/metaltale.com\/produktas\/stabil-riiete-konks\/"},"modified":"2024-02-13T14:27:05","modified_gmt":"2024-02-13T12:27:05","slug":"stabil-riiete-konks","status":"publish","type":"product","link":"https:\/\/metaltale.com\/et\/toode\/stabil-riiete-konks\/","title":{"rendered":"STABIL riiete konks"},"content":{"rendered":"<div class=\"prod_data\">\n<p><strong>Mudel<\/strong> 01.335.AI.75<br \/>\n<strong>EAN.<\/strong>  5905369918346<br \/>\nMaterjal Ketus<br \/>\n<strong>\u00dcldine k\u00f5rgus (cm)<\/strong> 7,5<br \/>\n<strong>Koguprojektsioon (cm)<\/strong> 7,5<br \/>\n<strong>Aluse m\u00f5\u00f5tmed (cm<\/strong> ) 4 x 5<br \/>\n<strong>T\u00fc\u00fcp<\/strong> \u00dcksik<br \/>\n<strong>V\u00e4rv<\/strong> teras<\/p>\n<p>Rustikaline sisustusstiil hoolitseb uskumatult k\u00f5igi aksessuaaride harmoonilise koosk\u00f5la eest, luues moderniseeritud interj\u00f6\u00f6ri atmosf\u00e4\u00e4ri. \u00dcks v\u00f5imalus r\u00f5hutada toa rustikaalseid p\u00fc\u00fcdlusi on m\u00f6\u00f6blitarvikute ja aksessuaaride hoolikas valik.<\/p>\n<p>Kavandatav riputuskonks on valmistatud kvaliteetsest malmist, mida tugevdab jala ja riputuse vahele paigutatud lame plaat. Selline disain tagab kogu elemendi k\u00f5rge ja vaieldamatu vastupidavuse, mis on viimistletud elegantse k\u00e4epidemega.<\/p>\n<p>Sellel on kolm kinnitusauku, mis muudavad selle stabiilseks.<\/p>\n<p>Kinnituskruvid kaasas.<\/p>\n<\/div>\n","protected":false},"excerpt":{"rendered":"<p>Mudel 01.335.AI.75 EAN. 5905369918346 Materjal Ketus \u00dcldine k\u00f5rgus (cm) 7,5 Koguprojektsioon (cm) 7,5 Aluse m\u00f5\u00f5tmed (cm ) 4 x 5<\/p>\n","protected":false},"featured_media":69327,"comment_status":"open","ping_status":"closed","template":"","meta":{"_acf_changed":false,"pmpro_default_level":""},"product_brand":[],"product_cat":[24176,23836],"product_tag":[],"class_list":{"0":"post-137871","1":"product","2":"type-product","3":"status-publish","4":"has-post-thumbnail","6":"product_cat-ripatsid-ja-konksud","7":"product_cat-moobli-tarvikud","8":"pmpro-has-access","10":"first","11":"instock","12":"shipping-taxable","13":"purchasable","14":"product-type-simple"},"acf":[],"yoast_head":"<!-- This site is optimized with the Yoast SEO plugin v24.9 - https:\/\/yoast.com\/wordpress\/plugins\/seo\/ -->\n<title>STABIL riiete konks - MetalTale.com<\/title>\n<meta name=\"robots\" content=\"index, follow, max-snippet:-1, max-image-preview:large, max-video-preview:-1\" \/>\n<link rel=\"canonical\" href=\"https:\/\/metaltale.com\/et\/toode\/stabil-riiete-konks\/\" \/>\n<meta property=\"og:locale\" content=\"et_EE\" \/>\n<meta property=\"og:type\" content=\"article\" \/>\n<meta property=\"og:title\" content=\"STABIL riiete konks - MetalTale.com\" \/>\n<meta property=\"og:description\" content=\"Mudel 01.335.AI.75 EAN. 5905369918346 Materjal Ketus \u00dcldine k\u00f5rgus (cm) 7,5 Koguprojektsioon (cm) 7,5 Aluse m\u00f5\u00f5tmed (cm ) 4 x 5\" \/>\n<meta property=\"og:url\" content=\"https:\/\/metaltale.com\/et\/toode\/stabil-riiete-konks\/\" \/>\n<meta property=\"og:site_name\" content=\"MetalTale.com\" \/>\n<meta name=\"twitter:card\" content=\"summary_large_image\" \/>\n<script type=\"application\/ld+json\" class=\"yoast-schema-graph\">{\"@context\":\"https:\/\/schema.org\",\"@graph\":[{\"@type\":\"WebPage\",\"@id\":\"https:\/\/metaltale.com\/et\/toode\/stabil-riiete-konks\/\",\"url\":\"https:\/\/metaltale.com\/et\/toode\/stabil-riiete-konks\/\",\"name\":\"STABIL riiete konks - MetalTale.com\",\"isPartOf\":{\"@id\":\"https:\/\/metaltale.com\/et\/#website\"},\"primaryImageOfPage\":{\"@id\":\"https:\/\/metaltale.com\/et\/toode\/stabil-riiete-konks\/#primaryimage\"},\"image\":{\"@id\":\"https:\/\/metaltale.com\/et\/toode\/stabil-riiete-konks\/#primaryimage\"},\"thumbnailUrl\":\"https:\/\/metaltale.com\/wp-content\/uploads\/2023\/09\/STABILIOS-TEISx116S.jpg\",\"datePublished\":\"2024-02-13T12:27:05+00:00\",\"breadcrumb\":{\"@id\":\"https:\/\/metaltale.com\/et\/toode\/stabil-riiete-konks\/#breadcrumb\"},\"inLanguage\":\"et\",\"potentialAction\":[{\"@type\":\"ReadAction\",\"target\":[\"https:\/\/metaltale.com\/et\/toode\/stabil-riiete-konks\/\"]}]},{\"@type\":\"ImageObject\",\"inLanguage\":\"et\",\"@id\":\"https:\/\/metaltale.com\/et\/toode\/stabil-riiete-konks\/#primaryimage\",\"url\":\"https:\/\/metaltale.com\/wp-content\/uploads\/2023\/09\/STABILIOS-TEISx116S.jpg\",\"contentUrl\":\"https:\/\/metaltale.com\/wp-content\/uploads\/2023\/09\/STABILIOS-TEISx116S.jpg\",\"width\":800,\"height\":800,\"caption\":\"STABIL riiete konks\"},{\"@type\":\"BreadcrumbList\",\"@id\":\"https:\/\/metaltale.com\/et\/toode\/stabil-riiete-konks\/#breadcrumb\",\"itemListElement\":[{\"@type\":\"ListItem\",\"position\":1,\"name\":\"Home\",\"item\":\"https:\/\/metaltale.com\/et\/kodu\/\"},{\"@type\":\"ListItem\",\"position\":2,\"name\":\"Kauplus\",\"item\":\"https:\/\/metaltale.com\/et\/shop\/\"},{\"@type\":\"ListItem\",\"position\":3,\"name\":\"STABIL riiete konks\"}]},{\"@type\":\"WebSite\",\"@id\":\"https:\/\/metaltale.com\/et\/#website\",\"url\":\"https:\/\/metaltale.com\/et\/\",\"name\":\"Metaltale.com\",\"description\":\"\",\"potentialAction\":[{\"@type\":\"SearchAction\",\"target\":{\"@type\":\"EntryPoint\",\"urlTemplate\":\"https:\/\/metaltale.com\/et\/?s={search_term_string}\"},\"query-input\":{\"@type\":\"PropertyValueSpecification\",\"valueRequired\":true,\"valueName\":\"search_term_string\"}}],\"inLanguage\":\"et\"}]}<\/script>\n<!-- \/ Yoast SEO plugin. -->","yoast_head_json":{"title":"STABIL riiete konks - MetalTale.com","robots":{"index":"index","follow":"follow","max-snippet":"max-snippet:-1","max-image-preview":"max-image-preview:large","max-video-preview":"max-video-preview:-1"},"canonical":"https:\/\/metaltale.com\/et\/toode\/stabil-riiete-konks\/","og_locale":"et_EE","og_type":"article","og_title":"STABIL riiete konks - MetalTale.com","og_description":"Mudel 01.335.AI.75 EAN. 5905369918346 Materjal Ketus \u00dcldine k\u00f5rgus (cm) 7,5 Koguprojektsioon (cm) 7,5 Aluse m\u00f5\u00f5tmed (cm ) 4 x 5","og_url":"https:\/\/metaltale.com\/et\/toode\/stabil-riiete-konks\/","og_site_name":"MetalTale.com","twitter_card":"summary_large_image","schema":{"@context":"https:\/\/schema.org","@graph":[{"@type":"WebPage","@id":"https:\/\/metaltale.com\/et\/toode\/stabil-riiete-konks\/","url":"https:\/\/metaltale.com\/et\/toode\/stabil-riiete-konks\/","name":"STABIL riiete konks - MetalTale.com","isPartOf":{"@id":"https:\/\/metaltale.com\/et\/#website"},"primaryImageOfPage":{"@id":"https:\/\/metaltale.com\/et\/toode\/stabil-riiete-konks\/#primaryimage"},"image":{"@id":"https:\/\/metaltale.com\/et\/toode\/stabil-riiete-konks\/#primaryimage"},"thumbnailUrl":"https:\/\/metaltale.com\/wp-content\/uploads\/2023\/09\/STABILIOS-TEISx116S.jpg","datePublished":"2024-02-13T12:27:05+00:00","breadcrumb":{"@id":"https:\/\/metaltale.com\/et\/toode\/stabil-riiete-konks\/#breadcrumb"},"inLanguage":"et","potentialAction":[{"@type":"ReadAction","target":["https:\/\/metaltale.com\/et\/toode\/stabil-riiete-konks\/"]}]},{"@type":"ImageObject","inLanguage":"et","@id":"https:\/\/metaltale.com\/et\/toode\/stabil-riiete-konks\/#primaryimage","url":"https:\/\/metaltale.com\/wp-content\/uploads\/2023\/09\/STABILIOS-TEISx116S.jpg","contentUrl":"https:\/\/metaltale.com\/wp-content\/uploads\/2023\/09\/STABILIOS-TEISx116S.jpg","width":800,"height":800,"caption":"STABIL riiete konks"},{"@type":"BreadcrumbList","@id":"https:\/\/metaltale.com\/et\/toode\/stabil-riiete-konks\/#breadcrumb","itemListElement":[{"@type":"ListItem","position":1,"name":"Home","item":"https:\/\/metaltale.com\/et\/kodu\/"},{"@type":"ListItem","position":2,"name":"Kauplus","item":"https:\/\/metaltale.com\/et\/shop\/"},{"@type":"ListItem","position":3,"name":"STABIL riiete konks"}]},{"@type":"WebSite","@id":"https:\/\/metaltale.com\/et\/#website","url":"https:\/\/metaltale.com\/et\/","name":"Metaltale.com","description":"","potentialAction":[{"@type":"SearchAction","target":{"@type":"EntryPoint","urlTemplate":"https:\/\/metaltale.com\/et\/?s={search_term_string}"},"query-input":{"@type":"PropertyValueSpecification","valueRequired":true,"valueName":"search_term_string"}}],"inLanguage":"et"}]}},"_links":{"self":[{"href":"https:\/\/metaltale.com\/et\/wp-json\/wp\/v2\/product\/137871","targetHints":{"allow":["GET"]}}],"collection":[{"href":"https:\/\/metaltale.com\/et\/wp-json\/wp\/v2\/product"}],"about":[{"href":"https:\/\/metaltale.com\/et\/wp-json\/wp\/v2\/types\/product"}],"replies":[{"embeddable":true,"href":"https:\/\/metaltale.com\/et\/wp-json\/wp\/v2\/comments?post=137871"}],"version-history":[{"count":0,"href":"https:\/\/metaltale.com\/et\/wp-json\/wp\/v2\/product\/137871\/revisions"}],"wp:featuredmedia":[{"embeddable":true,"href":"https:\/\/metaltale.com\/et\/wp-json\/wp\/v2\/media\/69327"}],"wp:attachment":[{"href":"https:\/\/metaltale.com\/et\/wp-json\/wp\/v2\/media?parent=137871"}],"wp:term":[{"taxonomy":"product_brand","embeddable":true,"href":"https:\/\/metaltale.com\/et\/wp-json\/wp\/v2\/product_brand?post=137871"},{"taxonomy":"product_cat","embeddable":true,"href":"https:\/\/metaltale.com\/et\/wp-json\/wp\/v2\/product_cat?post=137871"},{"taxonomy":"product_tag","embeddable":true,"href":"https:\/\/metaltale.com\/et\/wp-json\/wp\/v2\/product_tag?post=137871"}],"curies":[{"name":"wp","href":"https:\/\/api.w.org\/{rel}","templated":true}]}}