{"id":137852,"date":"2024-02-13T14:25:06","date_gmt":"2024-02-13T12:25:06","guid":{"rendered":"https:\/\/metaltale.com\/produktas\/nummeritud-riiete-keel-stil-1-5-komplekt\/"},"modified":"2024-02-13T14:25:06","modified_gmt":"2024-02-13T12:25:06","slug":"nummeritud-riiete-keel-stil-1-5-komplekt","status":"publish","type":"product","link":"https:\/\/metaltale.com\/et\/toode\/nummeritud-riiete-keel-stil-1-5-komplekt\/","title":{"rendered":"Nummeritud riiete keel STIL 1-5 komplekt"},"content":{"rendered":"<div class=\"prod_data\">\n<p><strong>Mudel<\/strong> 70.336F. AI.1-5<br \/>\n<strong>EAN.<\/strong>  5905369918070<br \/>\nMaterjal Ketus<br \/>\n<strong>\u00dcldine k\u00f5rgus (cm)<\/strong> 12,5<br \/>\n<strong>Koguprojektsioon (cm)<\/strong> 7<br \/>\n<strong>Aluse m\u00f5\u00f5tmed (cm<\/strong> ) 5,5 x 2,8<br \/>\n<strong>T\u00fc\u00fcp<\/strong> Double, numbriline<br \/>\nPaigalduskruvid Jah<br \/>\n<strong>V\u00e4rv<\/strong> teras<br \/>\n<strong>Kogus komplekti kohta<\/strong> 5 tk.<br \/>\n<strong>Lisainfo<\/strong> Hind on komplekti eest, mis koosneb numbritest 1-5.<\/p>\n<p><strong>Riputuskonksud<\/strong> on k\u00f5ige klassikalisemad lahendused, mis on kujundatud praktilisel viisil, mis r\u00f5hutab nende kasutatavust.<\/p>\n<p>N\u00e4idatud konksud p\u00f5hinevad v\u00e4ga h\u00e4sti j\u00e4releproovitud ja v\u00e4ga populaarsel klassikaliste vormide mustril. Igal konksul on kaks riputuskonksu, mis on eraldatud graveeritud plaadiga, mille esik\u00fcljel on j\u00e4rjekorranumber. Kasutatava malmi k\u00f5rge kvaliteet tagab hea vastupidavuse ja kulumiskindluse.<\/p>\n<p>Viie <strong>riputuskonksu<\/strong> komplekt, mis on valmistatud kvaliteetsest vormimisest.<\/p>\n<p>Konks kinnitatakse nelja kaasasoleva kruviga .<\/p>\n<\/div>\n","protected":false},"excerpt":{"rendered":"<p>Mudel 70.336F. AI.1-5 EAN. 5905369918070 Materjal Ketus \u00dcldine k\u00f5rgus (cm) 12,5 Koguprojektsioon (cm) 7 Aluse m\u00f5\u00f5tmed (cm ) 5,5 x<\/p>\n","protected":false},"featured_media":87890,"comment_status":"open","ping_status":"closed","template":"","meta":{"_acf_changed":false,"pmpro_default_level":""},"product_brand":[],"product_cat":[24176,23836],"product_tag":[],"class_list":{"0":"post-137852","1":"product","2":"type-product","3":"status-publish","4":"has-post-thumbnail","6":"product_cat-ripatsid-ja-konksud","7":"product_cat-moobli-tarvikud","8":"pmpro-has-access","10":"first","11":"instock","12":"shipping-taxable","13":"purchasable","14":"product-type-simple"},"acf":[],"yoast_head":"<!-- This site is optimized with the Yoast SEO plugin v24.9 - https:\/\/yoast.com\/wordpress\/plugins\/seo\/ -->\n<title>Nummeritud riiete keel STIL 1-5 komplekt - MetalTale.com<\/title>\n<meta name=\"robots\" content=\"index, follow, max-snippet:-1, max-image-preview:large, max-video-preview:-1\" \/>\n<link rel=\"canonical\" href=\"https:\/\/metaltale.com\/et\/toode\/nummeritud-riiete-keel-stil-1-5-komplekt\/\" \/>\n<meta property=\"og:locale\" content=\"et_EE\" \/>\n<meta property=\"og:type\" content=\"article\" \/>\n<meta property=\"og:title\" content=\"Nummeritud riiete keel STIL 1-5 komplekt - MetalTale.com\" \/>\n<meta property=\"og:description\" content=\"Mudel 70.336F. AI.1-5 EAN. 5905369918070 Materjal Ketus \u00dcldine k\u00f5rgus (cm) 12,5 Koguprojektsioon (cm) 7 Aluse m\u00f5\u00f5tmed (cm ) 5,5 x\" \/>\n<meta property=\"og:url\" content=\"https:\/\/metaltale.com\/et\/toode\/nummeritud-riiete-keel-stil-1-5-komplekt\/\" \/>\n<meta property=\"og:site_name\" content=\"MetalTale.com\" \/>\n<meta name=\"twitter:card\" content=\"summary_large_image\" \/>\n<meta name=\"twitter:label1\" content=\"Est. reading time\" \/>\n\t<meta name=\"twitter:data1\" content=\"1 minut\" \/>\n<script type=\"application\/ld+json\" class=\"yoast-schema-graph\">{\"@context\":\"https:\/\/schema.org\",\"@graph\":[{\"@type\":\"WebPage\",\"@id\":\"https:\/\/metaltale.com\/et\/toode\/nummeritud-riiete-keel-stil-1-5-komplekt\/\",\"url\":\"https:\/\/metaltale.com\/et\/toode\/nummeritud-riiete-keel-stil-1-5-komplekt\/\",\"name\":\"Nummeritud riiete keel STIL 1-5 komplekt - MetalTale.com\",\"isPartOf\":{\"@id\":\"https:\/\/metaltale.com\/et\/#website\"},\"primaryImageOfPage\":{\"@id\":\"https:\/\/metaltale.com\/et\/toode\/nummeritud-riiete-keel-stil-1-5-komplekt\/#primaryimage\"},\"image\":{\"@id\":\"https:\/\/metaltale.com\/et\/toode\/nummeritud-riiete-keel-stil-1-5-komplekt\/#primaryimage\"},\"thumbnailUrl\":\"https:\/\/metaltale.com\/wp-content\/uploads\/2023\/10\/SKAITMENINIS-KABLYS-1-5.jpg\",\"datePublished\":\"2024-02-13T12:25:06+00:00\",\"breadcrumb\":{\"@id\":\"https:\/\/metaltale.com\/et\/toode\/nummeritud-riiete-keel-stil-1-5-komplekt\/#breadcrumb\"},\"inLanguage\":\"et\",\"potentialAction\":[{\"@type\":\"ReadAction\",\"target\":[\"https:\/\/metaltale.com\/et\/toode\/nummeritud-riiete-keel-stil-1-5-komplekt\/\"]}]},{\"@type\":\"ImageObject\",\"inLanguage\":\"et\",\"@id\":\"https:\/\/metaltale.com\/et\/toode\/nummeritud-riiete-keel-stil-1-5-komplekt\/#primaryimage\",\"url\":\"https:\/\/metaltale.com\/wp-content\/uploads\/2023\/10\/SKAITMENINIS-KABLYS-1-5.jpg\",\"contentUrl\":\"https:\/\/metaltale.com\/wp-content\/uploads\/2023\/10\/SKAITMENINIS-KABLYS-1-5.jpg\",\"width\":800,\"height\":800,\"caption\":\"Nummeritud riiete keel STIL 1-5 komplekt\"},{\"@type\":\"BreadcrumbList\",\"@id\":\"https:\/\/metaltale.com\/et\/toode\/nummeritud-riiete-keel-stil-1-5-komplekt\/#breadcrumb\",\"itemListElement\":[{\"@type\":\"ListItem\",\"position\":1,\"name\":\"Home\",\"item\":\"https:\/\/metaltale.com\/et\/kodu\/\"},{\"@type\":\"ListItem\",\"position\":2,\"name\":\"Kauplus\",\"item\":\"https:\/\/metaltale.com\/et\/shop\/\"},{\"@type\":\"ListItem\",\"position\":3,\"name\":\"Nummeritud riiete keel STIL 1-5 komplekt\"}]},{\"@type\":\"WebSite\",\"@id\":\"https:\/\/metaltale.com\/et\/#website\",\"url\":\"https:\/\/metaltale.com\/et\/\",\"name\":\"Metaltale.com\",\"description\":\"\",\"potentialAction\":[{\"@type\":\"SearchAction\",\"target\":{\"@type\":\"EntryPoint\",\"urlTemplate\":\"https:\/\/metaltale.com\/et\/?s={search_term_string}\"},\"query-input\":{\"@type\":\"PropertyValueSpecification\",\"valueRequired\":true,\"valueName\":\"search_term_string\"}}],\"inLanguage\":\"et\"}]}<\/script>\n<!-- \/ Yoast SEO plugin. -->","yoast_head_json":{"title":"Nummeritud riiete keel STIL 1-5 komplekt - MetalTale.com","robots":{"index":"index","follow":"follow","max-snippet":"max-snippet:-1","max-image-preview":"max-image-preview:large","max-video-preview":"max-video-preview:-1"},"canonical":"https:\/\/metaltale.com\/et\/toode\/nummeritud-riiete-keel-stil-1-5-komplekt\/","og_locale":"et_EE","og_type":"article","og_title":"Nummeritud riiete keel STIL 1-5 komplekt - MetalTale.com","og_description":"Mudel 70.336F. AI.1-5 EAN. 5905369918070 Materjal Ketus \u00dcldine k\u00f5rgus (cm) 12,5 Koguprojektsioon (cm) 7 Aluse m\u00f5\u00f5tmed (cm ) 5,5 x","og_url":"https:\/\/metaltale.com\/et\/toode\/nummeritud-riiete-keel-stil-1-5-komplekt\/","og_site_name":"MetalTale.com","twitter_card":"summary_large_image","twitter_misc":{"Est. reading time":"1 minut"},"schema":{"@context":"https:\/\/schema.org","@graph":[{"@type":"WebPage","@id":"https:\/\/metaltale.com\/et\/toode\/nummeritud-riiete-keel-stil-1-5-komplekt\/","url":"https:\/\/metaltale.com\/et\/toode\/nummeritud-riiete-keel-stil-1-5-komplekt\/","name":"Nummeritud riiete keel STIL 1-5 komplekt - MetalTale.com","isPartOf":{"@id":"https:\/\/metaltale.com\/et\/#website"},"primaryImageOfPage":{"@id":"https:\/\/metaltale.com\/et\/toode\/nummeritud-riiete-keel-stil-1-5-komplekt\/#primaryimage"},"image":{"@id":"https:\/\/metaltale.com\/et\/toode\/nummeritud-riiete-keel-stil-1-5-komplekt\/#primaryimage"},"thumbnailUrl":"https:\/\/metaltale.com\/wp-content\/uploads\/2023\/10\/SKAITMENINIS-KABLYS-1-5.jpg","datePublished":"2024-02-13T12:25:06+00:00","breadcrumb":{"@id":"https:\/\/metaltale.com\/et\/toode\/nummeritud-riiete-keel-stil-1-5-komplekt\/#breadcrumb"},"inLanguage":"et","potentialAction":[{"@type":"ReadAction","target":["https:\/\/metaltale.com\/et\/toode\/nummeritud-riiete-keel-stil-1-5-komplekt\/"]}]},{"@type":"ImageObject","inLanguage":"et","@id":"https:\/\/metaltale.com\/et\/toode\/nummeritud-riiete-keel-stil-1-5-komplekt\/#primaryimage","url":"https:\/\/metaltale.com\/wp-content\/uploads\/2023\/10\/SKAITMENINIS-KABLYS-1-5.jpg","contentUrl":"https:\/\/metaltale.com\/wp-content\/uploads\/2023\/10\/SKAITMENINIS-KABLYS-1-5.jpg","width":800,"height":800,"caption":"Nummeritud riiete keel STIL 1-5 komplekt"},{"@type":"BreadcrumbList","@id":"https:\/\/metaltale.com\/et\/toode\/nummeritud-riiete-keel-stil-1-5-komplekt\/#breadcrumb","itemListElement":[{"@type":"ListItem","position":1,"name":"Home","item":"https:\/\/metaltale.com\/et\/kodu\/"},{"@type":"ListItem","position":2,"name":"Kauplus","item":"https:\/\/metaltale.com\/et\/shop\/"},{"@type":"ListItem","position":3,"name":"Nummeritud riiete keel STIL 1-5 komplekt"}]},{"@type":"WebSite","@id":"https:\/\/metaltale.com\/et\/#website","url":"https:\/\/metaltale.com\/et\/","name":"Metaltale.com","description":"","potentialAction":[{"@type":"SearchAction","target":{"@type":"EntryPoint","urlTemplate":"https:\/\/metaltale.com\/et\/?s={search_term_string}"},"query-input":{"@type":"PropertyValueSpecification","valueRequired":true,"valueName":"search_term_string"}}],"inLanguage":"et"}]}},"_links":{"self":[{"href":"https:\/\/metaltale.com\/et\/wp-json\/wp\/v2\/product\/137852","targetHints":{"allow":["GET"]}}],"collection":[{"href":"https:\/\/metaltale.com\/et\/wp-json\/wp\/v2\/product"}],"about":[{"href":"https:\/\/metaltale.com\/et\/wp-json\/wp\/v2\/types\/product"}],"replies":[{"embeddable":true,"href":"https:\/\/metaltale.com\/et\/wp-json\/wp\/v2\/comments?post=137852"}],"version-history":[{"count":0,"href":"https:\/\/metaltale.com\/et\/wp-json\/wp\/v2\/product\/137852\/revisions"}],"wp:featuredmedia":[{"embeddable":true,"href":"https:\/\/metaltale.com\/et\/wp-json\/wp\/v2\/media\/87890"}],"wp:attachment":[{"href":"https:\/\/metaltale.com\/et\/wp-json\/wp\/v2\/media?parent=137852"}],"wp:term":[{"taxonomy":"product_brand","embeddable":true,"href":"https:\/\/metaltale.com\/et\/wp-json\/wp\/v2\/product_brand?post=137852"},{"taxonomy":"product_cat","embeddable":true,"href":"https:\/\/metaltale.com\/et\/wp-json\/wp\/v2\/product_cat?post=137852"},{"taxonomy":"product_tag","embeddable":true,"href":"https:\/\/metaltale.com\/et\/wp-json\/wp\/v2\/product_tag?post=137852"}],"curies":[{"name":"wp","href":"https:\/\/api.w.org\/{rel}","templated":true}]}}