{"id":137837,"date":"2024-02-13T14:25:06","date_gmt":"2024-02-13T12:25:06","guid":{"rendered":"https:\/\/metaltale.com\/produktas\/roivakonks-forged-150mm\/"},"modified":"2024-02-13T14:25:06","modified_gmt":"2024-02-13T12:25:06","slug":"roivakonks-forged-150mm","status":"publish","type":"product","link":"https:\/\/metaltale.com\/et\/toode\/roivakonks-forged-150mm\/","title":{"rendered":"R\u00f5ivakonks FORGED 150mm"},"content":{"rendered":"<div class=\"prod_data\">\n<p><strong>Mudel<\/strong> 49.339A. Osa ABW.150<br \/>\n<strong>EAN.<\/strong>  5905369917721<br \/>\n<strong>Materjal<\/strong> teras<br \/>\n<strong>\u00dcldine k\u00f5rgus (cm)<\/strong> 15<br \/>\n<strong>Koguprojektsioon (cm)<\/strong> 5<br \/>\n<strong>T\u00fc\u00fcp<\/strong> \u00dcksik<br \/>\nV\u00e4rv Must<\/p>\n<p><strong>K\u00e4sitsi sepistatud riputuskonks<\/strong> avaldab muljet oma lihtsusega. Sellel on peen, \u00f5huline joon, t\u00e4nu millele pakub see laias valikus rakendusi. L\u00f5ppviimistletud lame, v\u00f5rkjooneline jalg annab tunnistust selle tugevalt maal\u00e4hedasest p\u00e4ritolust. K\u00e4e tasapind on v\u00e4\u00e4natud ja k\u00e4e ots on painutatud, mis parandab oluliselt mugavust ja ohutust.<\/p>\n<p><strong>K\u00e4sitsi sepistatud m\u00f6\u00f6blitarvikud<\/strong> on v\u00e4ga populaarsed, peamiselt sellep\u00e4rast, et need annavad paljudele muudetud interj\u00f6\u00f6ridele id\u00fcllilise iseloomu.<\/p>\n<p>Konks on k\u00e4sitsi valmistatud kvaliteetsest metallist, mustast vahast.<\/p>\n<\/div>\n","protected":false},"excerpt":{"rendered":"<p>Mudel 49.339A. Osa ABW.150 EAN. 5905369917721 Materjal teras \u00dcldine k\u00f5rgus (cm) 15 Koguprojektsioon (cm) 5 T\u00fc\u00fcp \u00dcksik V\u00e4rv Must K\u00e4sitsi<\/p>\n","protected":false},"featured_media":87786,"comment_status":"open","ping_status":"closed","template":"","meta":{"_acf_changed":false,"pmpro_default_level":""},"product_brand":[],"product_cat":[24176,23836],"product_tag":[],"class_list":{"0":"post-137837","1":"product","2":"type-product","3":"status-publish","4":"has-post-thumbnail","6":"product_cat-ripatsid-ja-konksud","7":"product_cat-moobli-tarvikud","8":"pmpro-has-access","10":"first","11":"instock","12":"shipping-taxable","13":"purchasable","14":"product-type-simple"},"acf":[],"yoast_head":"<!-- This site is optimized with the Yoast SEO plugin v24.9 - https:\/\/yoast.com\/wordpress\/plugins\/seo\/ -->\n<title>R\u00f5ivakonks FORGED 150mm - MetalTale.com<\/title>\n<meta name=\"robots\" content=\"index, follow, max-snippet:-1, max-image-preview:large, max-video-preview:-1\" \/>\n<link rel=\"canonical\" href=\"https:\/\/metaltale.com\/et\/toode\/roivakonks-forged-150mm\/\" \/>\n<meta property=\"og:locale\" content=\"et_EE\" \/>\n<meta property=\"og:type\" content=\"article\" \/>\n<meta property=\"og:title\" content=\"R\u00f5ivakonks FORGED 150mm - MetalTale.com\" \/>\n<meta property=\"og:description\" content=\"Mudel 49.339A. Osa ABW.150 EAN. 5905369917721 Materjal teras \u00dcldine k\u00f5rgus (cm) 15 Koguprojektsioon (cm) 5 T\u00fc\u00fcp \u00dcksik V\u00e4rv Must K\u00e4sitsi\" \/>\n<meta property=\"og:url\" content=\"https:\/\/metaltale.com\/et\/toode\/roivakonks-forged-150mm\/\" \/>\n<meta property=\"og:site_name\" content=\"MetalTale.com\" \/>\n<meta name=\"twitter:card\" content=\"summary_large_image\" \/>\n<meta name=\"twitter:label1\" content=\"Est. reading time\" \/>\n\t<meta name=\"twitter:data1\" content=\"1 minut\" \/>\n<script type=\"application\/ld+json\" class=\"yoast-schema-graph\">{\"@context\":\"https:\/\/schema.org\",\"@graph\":[{\"@type\":\"WebPage\",\"@id\":\"https:\/\/metaltale.com\/et\/toode\/roivakonks-forged-150mm\/\",\"url\":\"https:\/\/metaltale.com\/et\/toode\/roivakonks-forged-150mm\/\",\"name\":\"R\u00f5ivakonks FORGED 150mm - MetalTale.com\",\"isPartOf\":{\"@id\":\"https:\/\/metaltale.com\/et\/#website\"},\"primaryImageOfPage\":{\"@id\":\"https:\/\/metaltale.com\/et\/toode\/roivakonks-forged-150mm\/#primaryimage\"},\"image\":{\"@id\":\"https:\/\/metaltale.com\/et\/toode\/roivakonks-forged-150mm\/#primaryimage\"},\"thumbnailUrl\":\"https:\/\/metaltale.com\/wp-content\/uploads\/2023\/10\/Kablys-FORGED-150mm-2.jpg\",\"datePublished\":\"2024-02-13T12:25:06+00:00\",\"breadcrumb\":{\"@id\":\"https:\/\/metaltale.com\/et\/toode\/roivakonks-forged-150mm\/#breadcrumb\"},\"inLanguage\":\"et\",\"potentialAction\":[{\"@type\":\"ReadAction\",\"target\":[\"https:\/\/metaltale.com\/et\/toode\/roivakonks-forged-150mm\/\"]}]},{\"@type\":\"ImageObject\",\"inLanguage\":\"et\",\"@id\":\"https:\/\/metaltale.com\/et\/toode\/roivakonks-forged-150mm\/#primaryimage\",\"url\":\"https:\/\/metaltale.com\/wp-content\/uploads\/2023\/10\/Kablys-FORGED-150mm-2.jpg\",\"contentUrl\":\"https:\/\/metaltale.com\/wp-content\/uploads\/2023\/10\/Kablys-FORGED-150mm-2.jpg\",\"width\":800,\"height\":800,\"caption\":\"R\u00f5ivakonks FORGED 150mm\"},{\"@type\":\"BreadcrumbList\",\"@id\":\"https:\/\/metaltale.com\/et\/toode\/roivakonks-forged-150mm\/#breadcrumb\",\"itemListElement\":[{\"@type\":\"ListItem\",\"position\":1,\"name\":\"Home\",\"item\":\"https:\/\/metaltale.com\/et\/kodu\/\"},{\"@type\":\"ListItem\",\"position\":2,\"name\":\"Kauplus\",\"item\":\"https:\/\/metaltale.com\/et\/shop\/\"},{\"@type\":\"ListItem\",\"position\":3,\"name\":\"R\u00f5ivakonks FORGED 150mm\"}]},{\"@type\":\"WebSite\",\"@id\":\"https:\/\/metaltale.com\/et\/#website\",\"url\":\"https:\/\/metaltale.com\/et\/\",\"name\":\"Metaltale.com\",\"description\":\"\",\"potentialAction\":[{\"@type\":\"SearchAction\",\"target\":{\"@type\":\"EntryPoint\",\"urlTemplate\":\"https:\/\/metaltale.com\/et\/?s={search_term_string}\"},\"query-input\":{\"@type\":\"PropertyValueSpecification\",\"valueRequired\":true,\"valueName\":\"search_term_string\"}}],\"inLanguage\":\"et\"}]}<\/script>\n<!-- \/ Yoast SEO plugin. -->","yoast_head_json":{"title":"R\u00f5ivakonks FORGED 150mm - MetalTale.com","robots":{"index":"index","follow":"follow","max-snippet":"max-snippet:-1","max-image-preview":"max-image-preview:large","max-video-preview":"max-video-preview:-1"},"canonical":"https:\/\/metaltale.com\/et\/toode\/roivakonks-forged-150mm\/","og_locale":"et_EE","og_type":"article","og_title":"R\u00f5ivakonks FORGED 150mm - MetalTale.com","og_description":"Mudel 49.339A. Osa ABW.150 EAN. 5905369917721 Materjal teras \u00dcldine k\u00f5rgus (cm) 15 Koguprojektsioon (cm) 5 T\u00fc\u00fcp \u00dcksik V\u00e4rv Must K\u00e4sitsi","og_url":"https:\/\/metaltale.com\/et\/toode\/roivakonks-forged-150mm\/","og_site_name":"MetalTale.com","twitter_card":"summary_large_image","twitter_misc":{"Est. reading time":"1 minut"},"schema":{"@context":"https:\/\/schema.org","@graph":[{"@type":"WebPage","@id":"https:\/\/metaltale.com\/et\/toode\/roivakonks-forged-150mm\/","url":"https:\/\/metaltale.com\/et\/toode\/roivakonks-forged-150mm\/","name":"R\u00f5ivakonks FORGED 150mm - MetalTale.com","isPartOf":{"@id":"https:\/\/metaltale.com\/et\/#website"},"primaryImageOfPage":{"@id":"https:\/\/metaltale.com\/et\/toode\/roivakonks-forged-150mm\/#primaryimage"},"image":{"@id":"https:\/\/metaltale.com\/et\/toode\/roivakonks-forged-150mm\/#primaryimage"},"thumbnailUrl":"https:\/\/metaltale.com\/wp-content\/uploads\/2023\/10\/Kablys-FORGED-150mm-2.jpg","datePublished":"2024-02-13T12:25:06+00:00","breadcrumb":{"@id":"https:\/\/metaltale.com\/et\/toode\/roivakonks-forged-150mm\/#breadcrumb"},"inLanguage":"et","potentialAction":[{"@type":"ReadAction","target":["https:\/\/metaltale.com\/et\/toode\/roivakonks-forged-150mm\/"]}]},{"@type":"ImageObject","inLanguage":"et","@id":"https:\/\/metaltale.com\/et\/toode\/roivakonks-forged-150mm\/#primaryimage","url":"https:\/\/metaltale.com\/wp-content\/uploads\/2023\/10\/Kablys-FORGED-150mm-2.jpg","contentUrl":"https:\/\/metaltale.com\/wp-content\/uploads\/2023\/10\/Kablys-FORGED-150mm-2.jpg","width":800,"height":800,"caption":"R\u00f5ivakonks FORGED 150mm"},{"@type":"BreadcrumbList","@id":"https:\/\/metaltale.com\/et\/toode\/roivakonks-forged-150mm\/#breadcrumb","itemListElement":[{"@type":"ListItem","position":1,"name":"Home","item":"https:\/\/metaltale.com\/et\/kodu\/"},{"@type":"ListItem","position":2,"name":"Kauplus","item":"https:\/\/metaltale.com\/et\/shop\/"},{"@type":"ListItem","position":3,"name":"R\u00f5ivakonks FORGED 150mm"}]},{"@type":"WebSite","@id":"https:\/\/metaltale.com\/et\/#website","url":"https:\/\/metaltale.com\/et\/","name":"Metaltale.com","description":"","potentialAction":[{"@type":"SearchAction","target":{"@type":"EntryPoint","urlTemplate":"https:\/\/metaltale.com\/et\/?s={search_term_string}"},"query-input":{"@type":"PropertyValueSpecification","valueRequired":true,"valueName":"search_term_string"}}],"inLanguage":"et"}]}},"_links":{"self":[{"href":"https:\/\/metaltale.com\/et\/wp-json\/wp\/v2\/product\/137837","targetHints":{"allow":["GET"]}}],"collection":[{"href":"https:\/\/metaltale.com\/et\/wp-json\/wp\/v2\/product"}],"about":[{"href":"https:\/\/metaltale.com\/et\/wp-json\/wp\/v2\/types\/product"}],"replies":[{"embeddable":true,"href":"https:\/\/metaltale.com\/et\/wp-json\/wp\/v2\/comments?post=137837"}],"version-history":[{"count":0,"href":"https:\/\/metaltale.com\/et\/wp-json\/wp\/v2\/product\/137837\/revisions"}],"wp:featuredmedia":[{"embeddable":true,"href":"https:\/\/metaltale.com\/et\/wp-json\/wp\/v2\/media\/87786"}],"wp:attachment":[{"href":"https:\/\/metaltale.com\/et\/wp-json\/wp\/v2\/media?parent=137837"}],"wp:term":[{"taxonomy":"product_brand","embeddable":true,"href":"https:\/\/metaltale.com\/et\/wp-json\/wp\/v2\/product_brand?post=137837"},{"taxonomy":"product_cat","embeddable":true,"href":"https:\/\/metaltale.com\/et\/wp-json\/wp\/v2\/product_cat?post=137837"},{"taxonomy":"product_tag","embeddable":true,"href":"https:\/\/metaltale.com\/et\/wp-json\/wp\/v2\/product_tag?post=137837"}],"curies":[{"name":"wp","href":"https:\/\/api.w.org\/{rel}","templated":true}]}}