{"id":137832,"date":"2024-02-13T14:25:06","date_gmt":"2024-02-13T12:25:06","guid":{"rendered":"https:\/\/metaltale.com\/produktas\/roivakonks-wole-key\/"},"modified":"2024-02-13T14:25:06","modified_gmt":"2024-02-13T12:25:06","slug":"roivakonks-wole-key","status":"publish","type":"product","link":"https:\/\/metaltale.com\/et\/toode\/roivakonks-wole-key\/","title":{"rendered":"R\u00f5ivakonks WOLE KEY"},"content":{"rendered":"<div class=\"prod_data\">\n<p><strong>Mudel<\/strong> 01.336G. AI.215<br \/>\n<strong>EAN.<\/strong>  5905369917646<br \/>\nMaterjal Ketus<br \/>\n\u00dcldine k\u00f5rgus (cm) 21,5<br \/>\n<strong>Koguprojektsioon (cm)<\/strong> 11<br \/>\n<strong>Aluse m\u00f5\u00f5tmed (cm<\/strong> ) 4 x 15<br \/>\n<strong>Liik<\/strong> Triple<br \/>\n<strong>V\u00e4rv<\/strong> teras<\/p>\n<p>Rikkalikud kaunistused ja lilleline viimistlus on \u00fcks paljudest teguritest, mis aitavad kaasa rustikaalsele stiilile. Selles keskkonnas valmistatud <strong>m\u00f6\u00f6blitarvikuid<\/strong> iseloomustavad vaatamata nende v\u00e4iksusele paljud iseloomulikud ja ainulaadsed vormid.<\/p>\n<p>Siin n\u00e4idatud <strong>riputuskonks<\/strong> on kindlasti keskmisest parem konstruktsioon. Leiutuslik vorm v\u00f5eti kasutusele praktilises rakenduses. Muljetavaldav ja tugev konks on varustatud kolme ripatsiga, mis suurendavad oluliselt selle funktsionaalset kasutust. Keskmise riputuskonksuga \u00fchendatud \u00fclemine konksuraam oli viimistletud dekoratiivse seenega, et tagada riputatavate esemete kaitse.<\/p>\n<\/div>\n","protected":false},"excerpt":{"rendered":"<p>Mudel 01.336G. AI.215 EAN. 5905369917646 Materjal Ketus \u00dcldine k\u00f5rgus (cm) 21,5 Koguprojektsioon (cm) 11 Aluse m\u00f5\u00f5tmed (cm ) 4 x<\/p>\n","protected":false},"featured_media":87763,"comment_status":"open","ping_status":"closed","template":"","meta":{"_acf_changed":false,"pmpro_default_level":""},"product_brand":[],"product_cat":[24176,23836],"product_tag":[],"class_list":{"0":"post-137832","1":"product","2":"type-product","3":"status-publish","4":"has-post-thumbnail","6":"product_cat-ripatsid-ja-konksud","7":"product_cat-moobli-tarvikud","8":"pmpro-has-access","10":"first","11":"instock","12":"shipping-taxable","13":"purchasable","14":"product-type-simple"},"acf":[],"yoast_head":"<!-- This site is optimized with the Yoast SEO plugin v24.9 - https:\/\/yoast.com\/wordpress\/plugins\/seo\/ -->\n<title>R\u00f5ivakonks WOLE KEY - MetalTale.com<\/title>\n<meta name=\"robots\" content=\"index, follow, max-snippet:-1, max-image-preview:large, max-video-preview:-1\" \/>\n<link rel=\"canonical\" href=\"https:\/\/metaltale.com\/et\/toode\/roivakonks-wole-key\/\" \/>\n<meta property=\"og:locale\" content=\"et_EE\" \/>\n<meta property=\"og:type\" content=\"article\" \/>\n<meta property=\"og:title\" content=\"R\u00f5ivakonks WOLE KEY - MetalTale.com\" \/>\n<meta property=\"og:description\" content=\"Mudel 01.336G. AI.215 EAN. 5905369917646 Materjal Ketus \u00dcldine k\u00f5rgus (cm) 21,5 Koguprojektsioon (cm) 11 Aluse m\u00f5\u00f5tmed (cm ) 4 x\" \/>\n<meta property=\"og:url\" content=\"https:\/\/metaltale.com\/et\/toode\/roivakonks-wole-key\/\" \/>\n<meta property=\"og:site_name\" content=\"MetalTale.com\" \/>\n<meta name=\"twitter:card\" content=\"summary_large_image\" \/>\n<script type=\"application\/ld+json\" class=\"yoast-schema-graph\">{\"@context\":\"https:\/\/schema.org\",\"@graph\":[{\"@type\":\"WebPage\",\"@id\":\"https:\/\/metaltale.com\/et\/toode\/roivakonks-wole-key\/\",\"url\":\"https:\/\/metaltale.com\/et\/toode\/roivakonks-wole-key\/\",\"name\":\"R\u00f5ivakonks WOLE KEY - MetalTale.com\",\"isPartOf\":{\"@id\":\"https:\/\/metaltale.com\/et\/#website\"},\"primaryImageOfPage\":{\"@id\":\"https:\/\/metaltale.com\/et\/toode\/roivakonks-wole-key\/#primaryimage\"},\"image\":{\"@id\":\"https:\/\/metaltale.com\/et\/toode\/roivakonks-wole-key\/#primaryimage\"},\"thumbnailUrl\":\"https:\/\/metaltale.com\/wp-content\/uploads\/2023\/10\/WIOLINOWY-teisx117s.jpg\",\"datePublished\":\"2024-02-13T12:25:06+00:00\",\"breadcrumb\":{\"@id\":\"https:\/\/metaltale.com\/et\/toode\/roivakonks-wole-key\/#breadcrumb\"},\"inLanguage\":\"et\",\"potentialAction\":[{\"@type\":\"ReadAction\",\"target\":[\"https:\/\/metaltale.com\/et\/toode\/roivakonks-wole-key\/\"]}]},{\"@type\":\"ImageObject\",\"inLanguage\":\"et\",\"@id\":\"https:\/\/metaltale.com\/et\/toode\/roivakonks-wole-key\/#primaryimage\",\"url\":\"https:\/\/metaltale.com\/wp-content\/uploads\/2023\/10\/WIOLINOWY-teisx117s.jpg\",\"contentUrl\":\"https:\/\/metaltale.com\/wp-content\/uploads\/2023\/10\/WIOLINOWY-teisx117s.jpg\",\"width\":800,\"height\":800,\"caption\":\"R\u00f5ivakonks WOLE KEY\"},{\"@type\":\"BreadcrumbList\",\"@id\":\"https:\/\/metaltale.com\/et\/toode\/roivakonks-wole-key\/#breadcrumb\",\"itemListElement\":[{\"@type\":\"ListItem\",\"position\":1,\"name\":\"Home\",\"item\":\"https:\/\/metaltale.com\/et\/kodu\/\"},{\"@type\":\"ListItem\",\"position\":2,\"name\":\"Kauplus\",\"item\":\"https:\/\/metaltale.com\/et\/shop\/\"},{\"@type\":\"ListItem\",\"position\":3,\"name\":\"R\u00f5ivakonks WOLE KEY\"}]},{\"@type\":\"WebSite\",\"@id\":\"https:\/\/metaltale.com\/et\/#website\",\"url\":\"https:\/\/metaltale.com\/et\/\",\"name\":\"Metaltale.com\",\"description\":\"\",\"potentialAction\":[{\"@type\":\"SearchAction\",\"target\":{\"@type\":\"EntryPoint\",\"urlTemplate\":\"https:\/\/metaltale.com\/et\/?s={search_term_string}\"},\"query-input\":{\"@type\":\"PropertyValueSpecification\",\"valueRequired\":true,\"valueName\":\"search_term_string\"}}],\"inLanguage\":\"et\"}]}<\/script>\n<!-- \/ Yoast SEO plugin. -->","yoast_head_json":{"title":"R\u00f5ivakonks WOLE KEY - MetalTale.com","robots":{"index":"index","follow":"follow","max-snippet":"max-snippet:-1","max-image-preview":"max-image-preview:large","max-video-preview":"max-video-preview:-1"},"canonical":"https:\/\/metaltale.com\/et\/toode\/roivakonks-wole-key\/","og_locale":"et_EE","og_type":"article","og_title":"R\u00f5ivakonks WOLE KEY - MetalTale.com","og_description":"Mudel 01.336G. AI.215 EAN. 5905369917646 Materjal Ketus \u00dcldine k\u00f5rgus (cm) 21,5 Koguprojektsioon (cm) 11 Aluse m\u00f5\u00f5tmed (cm ) 4 x","og_url":"https:\/\/metaltale.com\/et\/toode\/roivakonks-wole-key\/","og_site_name":"MetalTale.com","twitter_card":"summary_large_image","schema":{"@context":"https:\/\/schema.org","@graph":[{"@type":"WebPage","@id":"https:\/\/metaltale.com\/et\/toode\/roivakonks-wole-key\/","url":"https:\/\/metaltale.com\/et\/toode\/roivakonks-wole-key\/","name":"R\u00f5ivakonks WOLE KEY - MetalTale.com","isPartOf":{"@id":"https:\/\/metaltale.com\/et\/#website"},"primaryImageOfPage":{"@id":"https:\/\/metaltale.com\/et\/toode\/roivakonks-wole-key\/#primaryimage"},"image":{"@id":"https:\/\/metaltale.com\/et\/toode\/roivakonks-wole-key\/#primaryimage"},"thumbnailUrl":"https:\/\/metaltale.com\/wp-content\/uploads\/2023\/10\/WIOLINOWY-teisx117s.jpg","datePublished":"2024-02-13T12:25:06+00:00","breadcrumb":{"@id":"https:\/\/metaltale.com\/et\/toode\/roivakonks-wole-key\/#breadcrumb"},"inLanguage":"et","potentialAction":[{"@type":"ReadAction","target":["https:\/\/metaltale.com\/et\/toode\/roivakonks-wole-key\/"]}]},{"@type":"ImageObject","inLanguage":"et","@id":"https:\/\/metaltale.com\/et\/toode\/roivakonks-wole-key\/#primaryimage","url":"https:\/\/metaltale.com\/wp-content\/uploads\/2023\/10\/WIOLINOWY-teisx117s.jpg","contentUrl":"https:\/\/metaltale.com\/wp-content\/uploads\/2023\/10\/WIOLINOWY-teisx117s.jpg","width":800,"height":800,"caption":"R\u00f5ivakonks WOLE KEY"},{"@type":"BreadcrumbList","@id":"https:\/\/metaltale.com\/et\/toode\/roivakonks-wole-key\/#breadcrumb","itemListElement":[{"@type":"ListItem","position":1,"name":"Home","item":"https:\/\/metaltale.com\/et\/kodu\/"},{"@type":"ListItem","position":2,"name":"Kauplus","item":"https:\/\/metaltale.com\/et\/shop\/"},{"@type":"ListItem","position":3,"name":"R\u00f5ivakonks WOLE KEY"}]},{"@type":"WebSite","@id":"https:\/\/metaltale.com\/et\/#website","url":"https:\/\/metaltale.com\/et\/","name":"Metaltale.com","description":"","potentialAction":[{"@type":"SearchAction","target":{"@type":"EntryPoint","urlTemplate":"https:\/\/metaltale.com\/et\/?s={search_term_string}"},"query-input":{"@type":"PropertyValueSpecification","valueRequired":true,"valueName":"search_term_string"}}],"inLanguage":"et"}]}},"_links":{"self":[{"href":"https:\/\/metaltale.com\/et\/wp-json\/wp\/v2\/product\/137832","targetHints":{"allow":["GET"]}}],"collection":[{"href":"https:\/\/metaltale.com\/et\/wp-json\/wp\/v2\/product"}],"about":[{"href":"https:\/\/metaltale.com\/et\/wp-json\/wp\/v2\/types\/product"}],"replies":[{"embeddable":true,"href":"https:\/\/metaltale.com\/et\/wp-json\/wp\/v2\/comments?post=137832"}],"version-history":[{"count":0,"href":"https:\/\/metaltale.com\/et\/wp-json\/wp\/v2\/product\/137832\/revisions"}],"wp:featuredmedia":[{"embeddable":true,"href":"https:\/\/metaltale.com\/et\/wp-json\/wp\/v2\/media\/87763"}],"wp:attachment":[{"href":"https:\/\/metaltale.com\/et\/wp-json\/wp\/v2\/media?parent=137832"}],"wp:term":[{"taxonomy":"product_brand","embeddable":true,"href":"https:\/\/metaltale.com\/et\/wp-json\/wp\/v2\/product_brand?post=137832"},{"taxonomy":"product_cat","embeddable":true,"href":"https:\/\/metaltale.com\/et\/wp-json\/wp\/v2\/product_cat?post=137832"},{"taxonomy":"product_tag","embeddable":true,"href":"https:\/\/metaltale.com\/et\/wp-json\/wp\/v2\/product_tag?post=137832"}],"curies":[{"name":"wp","href":"https:\/\/api.w.org\/{rel}","templated":true}]}}