{"id":137823,"date":"2024-02-13T14:27:05","date_gmt":"2024-02-13T12:27:05","guid":{"rendered":"https:\/\/metaltale.com\/produktas\/mooblinurk-rusty-50-mm-roostes\/"},"modified":"2024-02-13T14:27:05","modified_gmt":"2024-02-13T12:27:05","slug":"mooblinurk-rusty-50-mm-roostes","status":"publish","type":"product","link":"https:\/\/metaltale.com\/et\/toode\/mooblinurk-rusty-50-mm-roostes\/","title":{"rendered":"M\u00f6\u00f6blinurk RUSTY 50 mm roostes"},"content":{"rendered":"<div class=\"prod_data\">\n<p><strong>Mudel<\/strong> 49.075B. RU.50<br \/>\n<strong>EAN.<\/strong>  5905369919244<br \/>\n<strong>Materjal<\/strong> teras<br \/>\n<strong>\u00dcldine k\u00f5rgus (cm)<\/strong> 5<br \/>\n<strong>\u00dcldine laius (cm)<\/strong> 5<br \/>\n<strong>Aluse m\u00f5\u00f5tmed (cm<\/strong> ) 5 x 5<br \/>\n<strong>Parema k\u00fclje laius (cm)<\/strong> 5<br \/>\n<strong>Vasaku k\u00fclje laius (cm)<\/strong> 5<br \/>\n<strong>V\u00e4rv<\/strong> roostes<\/p>\n<p>T\u00f5eliselt vanad ja meeleolukad esemed meie ruumides vajavad \u00f5iget keskkonda. Et vastata klientide ootustele, oleme oma veebipoodi t\u00e4iendanud <strong>retrostiilis aksessuaaridega<\/strong>, mis on teadlikult m\u00f5jutatud vananemisprotsessist.<\/p>\n<p><strong>Nurgadiivan<\/strong> on ideaalne lahendus rustikaalse stiili r\u00f5hutamiseks interj\u00f6\u00f6ris, kus m\u00f6\u00f6bli ja aksessuaaride l\u00f5ppm\u00f5ju on oluline. Vaatamata vanale v\u00e4limusele on nurk valmistatud kvaliteetsest malmsulamist, mis tagab t\u00e4ielikult funktsionaalse kasutamise.<\/p>\n<p>Tere tulemast meie maal\u00e4hedaste k\u00e4epidemete poe pealehele, kus saate tutvuda meie m\u00f6\u00f6blitarvikute, m\u00f6\u00f6blik\u00e4epidemete ja m\u00f6\u00f6blivarustuse pakkumisega.<\/p>\n<\/div>\n","protected":false},"excerpt":{"rendered":"<p>Mudel 49.075B. RU.50 EAN. 5905369919244 Materjal teras \u00dcldine k\u00f5rgus (cm) 5 \u00dcldine laius (cm) 5 Aluse m\u00f5\u00f5tmed (cm ) 5<\/p>\n","protected":false},"featured_media":101631,"comment_status":"open","ping_status":"closed","template":"","meta":{"_acf_changed":false,"pmpro_default_level":""},"product_brand":[],"product_cat":[23836,23891],"product_tag":[],"class_list":{"0":"post-137823","1":"product","2":"type-product","3":"status-publish","4":"has-post-thumbnail","6":"product_cat-moobli-tarvikud","7":"product_cat-statybines-ir-baldu-jungtys-et","8":"pmpro-has-access","10":"first","11":"instock","12":"shipping-taxable","13":"purchasable","14":"product-type-simple"},"acf":[],"yoast_head":"<!-- This site is optimized with the Yoast SEO plugin v24.9 - https:\/\/yoast.com\/wordpress\/plugins\/seo\/ -->\n<title>M\u00f6\u00f6blinurk RUSTY 50 mm roostes - MetalTale.com<\/title>\n<meta name=\"robots\" content=\"index, follow, max-snippet:-1, max-image-preview:large, max-video-preview:-1\" \/>\n<link rel=\"canonical\" href=\"https:\/\/metaltale.com\/et\/toode\/mooblinurk-rusty-50-mm-roostes\/\" \/>\n<meta property=\"og:locale\" content=\"et_EE\" \/>\n<meta property=\"og:type\" content=\"article\" \/>\n<meta property=\"og:title\" content=\"M\u00f6\u00f6blinurk RUSTY 50 mm roostes - MetalTale.com\" \/>\n<meta property=\"og:description\" content=\"Mudel 49.075B. RU.50 EAN. 5905369919244 Materjal teras \u00dcldine k\u00f5rgus (cm) 5 \u00dcldine laius (cm) 5 Aluse m\u00f5\u00f5tmed (cm ) 5\" \/>\n<meta property=\"og:url\" content=\"https:\/\/metaltale.com\/et\/toode\/mooblinurk-rusty-50-mm-roostes\/\" \/>\n<meta property=\"og:site_name\" content=\"MetalTale.com\" \/>\n<meta name=\"twitter:card\" content=\"summary_large_image\" \/>\n<meta name=\"twitter:label1\" content=\"Est. reading time\" \/>\n\t<meta name=\"twitter:data1\" content=\"1 minut\" \/>\n<script type=\"application\/ld+json\" class=\"yoast-schema-graph\">{\"@context\":\"https:\/\/schema.org\",\"@graph\":[{\"@type\":\"WebPage\",\"@id\":\"https:\/\/metaltale.com\/et\/toode\/mooblinurk-rusty-50-mm-roostes\/\",\"url\":\"https:\/\/metaltale.com\/et\/toode\/mooblinurk-rusty-50-mm-roostes\/\",\"name\":\"M\u00f6\u00f6blinurk RUSTY 50 mm roostes - MetalTale.com\",\"isPartOf\":{\"@id\":\"https:\/\/metaltale.com\/et\/#website\"},\"primaryImageOfPage\":{\"@id\":\"https:\/\/metaltale.com\/et\/toode\/mooblinurk-rusty-50-mm-roostes\/#primaryimage\"},\"image\":{\"@id\":\"https:\/\/metaltale.com\/et\/toode\/mooblinurk-rusty-50-mm-roostes\/#primaryimage\"},\"thumbnailUrl\":\"https:\/\/metaltale.com\/wp-content\/uploads\/2023\/11\/Baldx173-kampas-ROD-50.jpg\",\"datePublished\":\"2024-02-13T12:27:05+00:00\",\"breadcrumb\":{\"@id\":\"https:\/\/metaltale.com\/et\/toode\/mooblinurk-rusty-50-mm-roostes\/#breadcrumb\"},\"inLanguage\":\"et\",\"potentialAction\":[{\"@type\":\"ReadAction\",\"target\":[\"https:\/\/metaltale.com\/et\/toode\/mooblinurk-rusty-50-mm-roostes\/\"]}]},{\"@type\":\"ImageObject\",\"inLanguage\":\"et\",\"@id\":\"https:\/\/metaltale.com\/et\/toode\/mooblinurk-rusty-50-mm-roostes\/#primaryimage\",\"url\":\"https:\/\/metaltale.com\/wp-content\/uploads\/2023\/11\/Baldx173-kampas-ROD-50.jpg\",\"contentUrl\":\"https:\/\/metaltale.com\/wp-content\/uploads\/2023\/11\/Baldx173-kampas-ROD-50.jpg\",\"width\":800,\"height\":800,\"caption\":\"M\u00f6\u00f6blinurk RUSTY 50 mm roostes\"},{\"@type\":\"BreadcrumbList\",\"@id\":\"https:\/\/metaltale.com\/et\/toode\/mooblinurk-rusty-50-mm-roostes\/#breadcrumb\",\"itemListElement\":[{\"@type\":\"ListItem\",\"position\":1,\"name\":\"Home\",\"item\":\"https:\/\/metaltale.com\/et\/kodu\/\"},{\"@type\":\"ListItem\",\"position\":2,\"name\":\"Kauplus\",\"item\":\"https:\/\/metaltale.com\/et\/shop\/\"},{\"@type\":\"ListItem\",\"position\":3,\"name\":\"M\u00f6\u00f6blinurk RUSTY 50 mm roostes\"}]},{\"@type\":\"WebSite\",\"@id\":\"https:\/\/metaltale.com\/et\/#website\",\"url\":\"https:\/\/metaltale.com\/et\/\",\"name\":\"Metaltale.com\",\"description\":\"\",\"potentialAction\":[{\"@type\":\"SearchAction\",\"target\":{\"@type\":\"EntryPoint\",\"urlTemplate\":\"https:\/\/metaltale.com\/et\/?s={search_term_string}\"},\"query-input\":{\"@type\":\"PropertyValueSpecification\",\"valueRequired\":true,\"valueName\":\"search_term_string\"}}],\"inLanguage\":\"et\"}]}<\/script>\n<!-- \/ Yoast SEO plugin. -->","yoast_head_json":{"title":"M\u00f6\u00f6blinurk RUSTY 50 mm roostes - MetalTale.com","robots":{"index":"index","follow":"follow","max-snippet":"max-snippet:-1","max-image-preview":"max-image-preview:large","max-video-preview":"max-video-preview:-1"},"canonical":"https:\/\/metaltale.com\/et\/toode\/mooblinurk-rusty-50-mm-roostes\/","og_locale":"et_EE","og_type":"article","og_title":"M\u00f6\u00f6blinurk RUSTY 50 mm roostes - MetalTale.com","og_description":"Mudel 49.075B. RU.50 EAN. 5905369919244 Materjal teras \u00dcldine k\u00f5rgus (cm) 5 \u00dcldine laius (cm) 5 Aluse m\u00f5\u00f5tmed (cm ) 5","og_url":"https:\/\/metaltale.com\/et\/toode\/mooblinurk-rusty-50-mm-roostes\/","og_site_name":"MetalTale.com","twitter_card":"summary_large_image","twitter_misc":{"Est. reading time":"1 minut"},"schema":{"@context":"https:\/\/schema.org","@graph":[{"@type":"WebPage","@id":"https:\/\/metaltale.com\/et\/toode\/mooblinurk-rusty-50-mm-roostes\/","url":"https:\/\/metaltale.com\/et\/toode\/mooblinurk-rusty-50-mm-roostes\/","name":"M\u00f6\u00f6blinurk RUSTY 50 mm roostes - MetalTale.com","isPartOf":{"@id":"https:\/\/metaltale.com\/et\/#website"},"primaryImageOfPage":{"@id":"https:\/\/metaltale.com\/et\/toode\/mooblinurk-rusty-50-mm-roostes\/#primaryimage"},"image":{"@id":"https:\/\/metaltale.com\/et\/toode\/mooblinurk-rusty-50-mm-roostes\/#primaryimage"},"thumbnailUrl":"https:\/\/metaltale.com\/wp-content\/uploads\/2023\/11\/Baldx173-kampas-ROD-50.jpg","datePublished":"2024-02-13T12:27:05+00:00","breadcrumb":{"@id":"https:\/\/metaltale.com\/et\/toode\/mooblinurk-rusty-50-mm-roostes\/#breadcrumb"},"inLanguage":"et","potentialAction":[{"@type":"ReadAction","target":["https:\/\/metaltale.com\/et\/toode\/mooblinurk-rusty-50-mm-roostes\/"]}]},{"@type":"ImageObject","inLanguage":"et","@id":"https:\/\/metaltale.com\/et\/toode\/mooblinurk-rusty-50-mm-roostes\/#primaryimage","url":"https:\/\/metaltale.com\/wp-content\/uploads\/2023\/11\/Baldx173-kampas-ROD-50.jpg","contentUrl":"https:\/\/metaltale.com\/wp-content\/uploads\/2023\/11\/Baldx173-kampas-ROD-50.jpg","width":800,"height":800,"caption":"M\u00f6\u00f6blinurk RUSTY 50 mm roostes"},{"@type":"BreadcrumbList","@id":"https:\/\/metaltale.com\/et\/toode\/mooblinurk-rusty-50-mm-roostes\/#breadcrumb","itemListElement":[{"@type":"ListItem","position":1,"name":"Home","item":"https:\/\/metaltale.com\/et\/kodu\/"},{"@type":"ListItem","position":2,"name":"Kauplus","item":"https:\/\/metaltale.com\/et\/shop\/"},{"@type":"ListItem","position":3,"name":"M\u00f6\u00f6blinurk RUSTY 50 mm roostes"}]},{"@type":"WebSite","@id":"https:\/\/metaltale.com\/et\/#website","url":"https:\/\/metaltale.com\/et\/","name":"Metaltale.com","description":"","potentialAction":[{"@type":"SearchAction","target":{"@type":"EntryPoint","urlTemplate":"https:\/\/metaltale.com\/et\/?s={search_term_string}"},"query-input":{"@type":"PropertyValueSpecification","valueRequired":true,"valueName":"search_term_string"}}],"inLanguage":"et"}]}},"_links":{"self":[{"href":"https:\/\/metaltale.com\/et\/wp-json\/wp\/v2\/product\/137823","targetHints":{"allow":["GET"]}}],"collection":[{"href":"https:\/\/metaltale.com\/et\/wp-json\/wp\/v2\/product"}],"about":[{"href":"https:\/\/metaltale.com\/et\/wp-json\/wp\/v2\/types\/product"}],"replies":[{"embeddable":true,"href":"https:\/\/metaltale.com\/et\/wp-json\/wp\/v2\/comments?post=137823"}],"version-history":[{"count":0,"href":"https:\/\/metaltale.com\/et\/wp-json\/wp\/v2\/product\/137823\/revisions"}],"wp:featuredmedia":[{"embeddable":true,"href":"https:\/\/metaltale.com\/et\/wp-json\/wp\/v2\/media\/101631"}],"wp:attachment":[{"href":"https:\/\/metaltale.com\/et\/wp-json\/wp\/v2\/media?parent=137823"}],"wp:term":[{"taxonomy":"product_brand","embeddable":true,"href":"https:\/\/metaltale.com\/et\/wp-json\/wp\/v2\/product_brand?post=137823"},{"taxonomy":"product_cat","embeddable":true,"href":"https:\/\/metaltale.com\/et\/wp-json\/wp\/v2\/product_cat?post=137823"},{"taxonomy":"product_tag","embeddable":true,"href":"https:\/\/metaltale.com\/et\/wp-json\/wp\/v2\/product_tag?post=137823"}],"curies":[{"name":"wp","href":"https:\/\/api.w.org\/{rel}","templated":true}]}}