{"id":137811,"date":"2024-02-13T14:27:05","date_gmt":"2024-02-13T12:27:05","guid":{"rendered":"https:\/\/metaltale.com\/produktas\/moobli-kaepide-rural\/"},"modified":"2024-02-13T14:27:05","modified_gmt":"2024-02-13T12:27:05","slug":"moobli-kaepide-rural","status":"publish","type":"product","link":"https:\/\/metaltale.com\/et\/toode\/moobli-kaepide-rural\/","title":{"rendered":"M\u00f6\u00f6bli k\u00e4epide RURAL"},"content":{"rendered":"<div class=\"prod_data\">\n<h2>M\u00f6\u00f6bli tarvikud &#8211; M\u00d6\u00d6BEL ARM RURAL<\/h2>\n<p><strong>Mudel:<\/strong> 30.079.AI.105<br \/>\n<strong>EAN:<\/strong> 5905369920912<br \/>\n<strong>Materjal:<\/strong> malm<br \/>\n<strong>\u00dcldine k\u00f5rgus (cm):<\/strong> 6,5<br \/>\n<strong>\u00dcldine laius (cm):<\/strong> 10,5<br \/>\n<strong>Aluse m\u00f5\u00f5tmed (cm):<\/strong> 10.5 x 3.4<br \/>\nAukude <strong>vahe (cm):<\/strong> Vertikaalne: 2,5 \/ Horisontaalne: 7,8<br \/>\n<strong>V\u00e4rv:<\/strong> teras<\/p>\n<p>K\u00e4epide on valmistatud kvaliteetsest malmist ja kergelt tekstureeritud pind r\u00f5hutab veelgi retroh\u00f5ngulist iseloomu.<\/p>\n<p>T\u00e4nu oma mitmek\u00fclgsele kujule saab k\u00e4epideme kasutada nii m\u00f6\u00f6bli k\u00e4epidemena kui ka kastide v\u00f5i kohvrite k\u00e4epidemena. Tarnitakse koos vajalike kinnituskruvidega.<\/p>\n<\/div>\n","protected":false},"excerpt":{"rendered":"<p>M\u00f6\u00f6bli tarvikud &#8211; M\u00d6\u00d6BEL ARM RURAL Mudel: 30.079.AI.105 EAN: 5905369920912 Materjal: malm \u00dcldine k\u00f5rgus (cm): 6,5 \u00dcldine laius (cm): 10,5<\/p>\n","protected":false},"featured_media":88056,"comment_status":"open","ping_status":"closed","template":"","meta":{"_acf_changed":false,"pmpro_default_level":""},"product_brand":[],"product_cat":[23880,23839,23836,23873,23842],"product_tag":[],"class_list":{"0":"post-137811","1":"product","2":"type-product","3":"status-publish","4":"has-post-thumbnail","6":"product_cat-baldu-rankeneles-et","7":"product_cat-moobli-kaepidemed","8":"product_cat-moobli-tarvikud","9":"product_cat-rankeneles-et","10":"product_cat-spinteles-rankeneles-et","11":"pmpro-has-access","13":"first","14":"instock","15":"shipping-taxable","16":"purchasable","17":"product-type-simple"},"acf":[],"yoast_head":"<!-- This site is optimized with the Yoast SEO plugin v24.9 - https:\/\/yoast.com\/wordpress\/plugins\/seo\/ -->\n<title>M\u00f6\u00f6bli k\u00e4epide RURAL - MetalTale.com<\/title>\n<meta name=\"robots\" content=\"index, follow, max-snippet:-1, max-image-preview:large, max-video-preview:-1\" \/>\n<link rel=\"canonical\" href=\"https:\/\/metaltale.com\/et\/toode\/moobli-kaepide-rural\/\" \/>\n<meta property=\"og:locale\" content=\"et_EE\" \/>\n<meta property=\"og:type\" content=\"article\" \/>\n<meta property=\"og:title\" content=\"M\u00f6\u00f6bli k\u00e4epide RURAL - MetalTale.com\" \/>\n<meta property=\"og:description\" content=\"M\u00f6\u00f6bli tarvikud &#8211; M\u00d6\u00d6BEL ARM RURAL Mudel: 30.079.AI.105 EAN: 5905369920912 Materjal: malm \u00dcldine k\u00f5rgus (cm): 6,5 \u00dcldine laius (cm): 10,5\" \/>\n<meta property=\"og:url\" content=\"https:\/\/metaltale.com\/et\/toode\/moobli-kaepide-rural\/\" \/>\n<meta property=\"og:site_name\" content=\"MetalTale.com\" \/>\n<meta property=\"og:image\" content=\"https:\/\/metaltale.com\/wp-content\/uploads\/2023\/10\/RURAL-rankena-105mm.jpg\" \/>\n\t<meta property=\"og:image:width\" content=\"800\" \/>\n\t<meta property=\"og:image:height\" content=\"800\" \/>\n\t<meta property=\"og:image:type\" content=\"image\/jpeg\" \/>\n<meta name=\"twitter:card\" content=\"summary_large_image\" \/>\n<script type=\"application\/ld+json\" class=\"yoast-schema-graph\">{\"@context\":\"https:\/\/schema.org\",\"@graph\":[{\"@type\":\"WebPage\",\"@id\":\"https:\/\/metaltale.com\/et\/toode\/moobli-kaepide-rural\/\",\"url\":\"https:\/\/metaltale.com\/et\/toode\/moobli-kaepide-rural\/\",\"name\":\"M\u00f6\u00f6bli k\u00e4epide RURAL - MetalTale.com\",\"isPartOf\":{\"@id\":\"https:\/\/metaltale.com\/et\/#website\"},\"primaryImageOfPage\":{\"@id\":\"https:\/\/metaltale.com\/et\/toode\/moobli-kaepide-rural\/#primaryimage\"},\"image\":{\"@id\":\"https:\/\/metaltale.com\/et\/toode\/moobli-kaepide-rural\/#primaryimage\"},\"thumbnailUrl\":\"https:\/\/metaltale.com\/wp-content\/uploads\/2023\/10\/RURAL-rankena-105mm.jpg\",\"datePublished\":\"2024-02-13T12:27:05+00:00\",\"breadcrumb\":{\"@id\":\"https:\/\/metaltale.com\/et\/toode\/moobli-kaepide-rural\/#breadcrumb\"},\"inLanguage\":\"et\",\"potentialAction\":[{\"@type\":\"ReadAction\",\"target\":[\"https:\/\/metaltale.com\/et\/toode\/moobli-kaepide-rural\/\"]}]},{\"@type\":\"ImageObject\",\"inLanguage\":\"et\",\"@id\":\"https:\/\/metaltale.com\/et\/toode\/moobli-kaepide-rural\/#primaryimage\",\"url\":\"https:\/\/metaltale.com\/wp-content\/uploads\/2023\/10\/RURAL-rankena-105mm.jpg\",\"contentUrl\":\"https:\/\/metaltale.com\/wp-content\/uploads\/2023\/10\/RURAL-rankena-105mm.jpg\",\"width\":800,\"height\":800,\"caption\":\"M\u00d6\u00d6BLI K\u00c4EPIDE MAAELU\"},{\"@type\":\"BreadcrumbList\",\"@id\":\"https:\/\/metaltale.com\/et\/toode\/moobli-kaepide-rural\/#breadcrumb\",\"itemListElement\":[{\"@type\":\"ListItem\",\"position\":1,\"name\":\"Home\",\"item\":\"https:\/\/metaltale.com\/et\/kodu\/\"},{\"@type\":\"ListItem\",\"position\":2,\"name\":\"Kauplus\",\"item\":\"https:\/\/metaltale.com\/et\/shop\/\"},{\"@type\":\"ListItem\",\"position\":3,\"name\":\"M\u00f6\u00f6bli k\u00e4epide RURAL\"}]},{\"@type\":\"WebSite\",\"@id\":\"https:\/\/metaltale.com\/et\/#website\",\"url\":\"https:\/\/metaltale.com\/et\/\",\"name\":\"Metaltale.com\",\"description\":\"\",\"potentialAction\":[{\"@type\":\"SearchAction\",\"target\":{\"@type\":\"EntryPoint\",\"urlTemplate\":\"https:\/\/metaltale.com\/et\/?s={search_term_string}\"},\"query-input\":{\"@type\":\"PropertyValueSpecification\",\"valueRequired\":true,\"valueName\":\"search_term_string\"}}],\"inLanguage\":\"et\"}]}<\/script>\n<!-- \/ Yoast SEO plugin. -->","yoast_head_json":{"title":"M\u00f6\u00f6bli k\u00e4epide RURAL - MetalTale.com","robots":{"index":"index","follow":"follow","max-snippet":"max-snippet:-1","max-image-preview":"max-image-preview:large","max-video-preview":"max-video-preview:-1"},"canonical":"https:\/\/metaltale.com\/et\/toode\/moobli-kaepide-rural\/","og_locale":"et_EE","og_type":"article","og_title":"M\u00f6\u00f6bli k\u00e4epide RURAL - MetalTale.com","og_description":"M\u00f6\u00f6bli tarvikud &#8211; M\u00d6\u00d6BEL ARM RURAL Mudel: 30.079.AI.105 EAN: 5905369920912 Materjal: malm \u00dcldine k\u00f5rgus (cm): 6,5 \u00dcldine laius (cm): 10,5","og_url":"https:\/\/metaltale.com\/et\/toode\/moobli-kaepide-rural\/","og_site_name":"MetalTale.com","og_image":[{"width":800,"height":800,"url":"https:\/\/metaltale.com\/wp-content\/uploads\/2023\/10\/RURAL-rankena-105mm.jpg","type":"image\/jpeg"}],"twitter_card":"summary_large_image","schema":{"@context":"https:\/\/schema.org","@graph":[{"@type":"WebPage","@id":"https:\/\/metaltale.com\/et\/toode\/moobli-kaepide-rural\/","url":"https:\/\/metaltale.com\/et\/toode\/moobli-kaepide-rural\/","name":"M\u00f6\u00f6bli k\u00e4epide RURAL - MetalTale.com","isPartOf":{"@id":"https:\/\/metaltale.com\/et\/#website"},"primaryImageOfPage":{"@id":"https:\/\/metaltale.com\/et\/toode\/moobli-kaepide-rural\/#primaryimage"},"image":{"@id":"https:\/\/metaltale.com\/et\/toode\/moobli-kaepide-rural\/#primaryimage"},"thumbnailUrl":"https:\/\/metaltale.com\/wp-content\/uploads\/2023\/10\/RURAL-rankena-105mm.jpg","datePublished":"2024-02-13T12:27:05+00:00","breadcrumb":{"@id":"https:\/\/metaltale.com\/et\/toode\/moobli-kaepide-rural\/#breadcrumb"},"inLanguage":"et","potentialAction":[{"@type":"ReadAction","target":["https:\/\/metaltale.com\/et\/toode\/moobli-kaepide-rural\/"]}]},{"@type":"ImageObject","inLanguage":"et","@id":"https:\/\/metaltale.com\/et\/toode\/moobli-kaepide-rural\/#primaryimage","url":"https:\/\/metaltale.com\/wp-content\/uploads\/2023\/10\/RURAL-rankena-105mm.jpg","contentUrl":"https:\/\/metaltale.com\/wp-content\/uploads\/2023\/10\/RURAL-rankena-105mm.jpg","width":800,"height":800,"caption":"M\u00d6\u00d6BLI K\u00c4EPIDE MAAELU"},{"@type":"BreadcrumbList","@id":"https:\/\/metaltale.com\/et\/toode\/moobli-kaepide-rural\/#breadcrumb","itemListElement":[{"@type":"ListItem","position":1,"name":"Home","item":"https:\/\/metaltale.com\/et\/kodu\/"},{"@type":"ListItem","position":2,"name":"Kauplus","item":"https:\/\/metaltale.com\/et\/shop\/"},{"@type":"ListItem","position":3,"name":"M\u00f6\u00f6bli k\u00e4epide RURAL"}]},{"@type":"WebSite","@id":"https:\/\/metaltale.com\/et\/#website","url":"https:\/\/metaltale.com\/et\/","name":"Metaltale.com","description":"","potentialAction":[{"@type":"SearchAction","target":{"@type":"EntryPoint","urlTemplate":"https:\/\/metaltale.com\/et\/?s={search_term_string}"},"query-input":{"@type":"PropertyValueSpecification","valueRequired":true,"valueName":"search_term_string"}}],"inLanguage":"et"}]}},"_links":{"self":[{"href":"https:\/\/metaltale.com\/et\/wp-json\/wp\/v2\/product\/137811","targetHints":{"allow":["GET"]}}],"collection":[{"href":"https:\/\/metaltale.com\/et\/wp-json\/wp\/v2\/product"}],"about":[{"href":"https:\/\/metaltale.com\/et\/wp-json\/wp\/v2\/types\/product"}],"replies":[{"embeddable":true,"href":"https:\/\/metaltale.com\/et\/wp-json\/wp\/v2\/comments?post=137811"}],"version-history":[{"count":0,"href":"https:\/\/metaltale.com\/et\/wp-json\/wp\/v2\/product\/137811\/revisions"}],"wp:featuredmedia":[{"embeddable":true,"href":"https:\/\/metaltale.com\/et\/wp-json\/wp\/v2\/media\/88056"}],"wp:attachment":[{"href":"https:\/\/metaltale.com\/et\/wp-json\/wp\/v2\/media?parent=137811"}],"wp:term":[{"taxonomy":"product_brand","embeddable":true,"href":"https:\/\/metaltale.com\/et\/wp-json\/wp\/v2\/product_brand?post=137811"},{"taxonomy":"product_cat","embeddable":true,"href":"https:\/\/metaltale.com\/et\/wp-json\/wp\/v2\/product_cat?post=137811"},{"taxonomy":"product_tag","embeddable":true,"href":"https:\/\/metaltale.com\/et\/wp-json\/wp\/v2\/product_tag?post=137811"}],"curies":[{"name":"wp","href":"https:\/\/api.w.org\/{rel}","templated":true}]}}