{"id":137796,"date":"2024-02-13T14:29:51","date_gmt":"2024-02-13T12:29:51","guid":{"rendered":"https:\/\/metaltale.com\/produktas\/loft-city-2-3d-120x80-cm\/"},"modified":"2024-02-13T14:29:51","modified_gmt":"2024-02-13T12:29:51","slug":"loft-city-2-3d-120x80-cm","status":"publish","type":"product","link":"https:\/\/metaltale.com\/et\/toode\/loft-city-2-3d-120x80-cm\/","title":{"rendered":"LOFT CITY 2 3D 120&#215;80 cm"},"content":{"rendered":"<div class=\"prod_data\">\n<p><strong>Mudel<\/strong> PT. G10044B<br \/>\n<strong>EAN.<\/strong>  5907772073841<br \/>\n<strong>Laius (cm)<\/strong> 120<br \/>\n<strong>K\u00f5rgus (cm)<\/strong> 80<br \/>\n<strong>Paksus (cm)<\/strong> 7<br \/>\nMaterjal Puit, puitlaudis, plastik<br \/>\nOrienteerimine Horisontaalne<br \/>\nMotiiv Muu<\/p>\n<p>&#8211; 3D vaade plastist ja tisleriplaadist<br \/>\n&#8211; puidust raam loob tugeva struktuuri, mis kaitseb pilti moonutuste eest<br \/>\n&#8211; tegelikud v\u00e4ljaulatuvad osad<br \/>\n&#8211; Uuenduslik maalimistehnika loob uimastava metalse efekti<br \/>\n&#8211; h\u00f5be- ja terasetoonides s\u00e4ilitatavad v\u00e4rvid on koosk\u00f5las populaarsete sisustustrendidega ja tagavad ajatu dekoratiivse iseloomu.<br \/>\n&#8211; kaasaegne kompositsioon, mida v\u00f5ib t\u00f5lgendada kui vees peegelduvat linnapiiri v\u00f5i helilainesalvestust.<\/p>\n<hr>\n<p>Seinakattematerjal on oma tagasihoidliku motiiviga ja ainulaadse h\u00f5bedase ja terasest viimistlusega toode, mis on m\u00f5eldud kaasaegsetesse interj\u00f6\u00f6ridesse. Kolmem\u00f5\u00f5tmeline efekt on saavutatud materjaliga, mis j\u00e4ljendab puukoort t\u00e4nu uuenduslikule v\u00e4rvimismeetodile, andes s\u00fcgavust ja salap\u00e4ra. Peenike s\u00e4ra lisab dekoratsioonile glamuuri ja elegantsi. K\u00e4sitsi valmistatud t\u00e4hendab, et kaks koopiat ei ole identsed. &#8220;3D City 2 kujutise eeliseks on orientatsioonivabadus &#8211; s\u00f5ltuvalt ruumi ja paigutusn\u00f5uetest saab fassaadi riputada horisontaalselt v\u00f5i vertikaalselt. Pilti p\u00f6\u00f6ningul v\u00f5ib t\u00f5lgendada mitmeti &#8211; helilaine salvestus, vees peegelduvad pilvel\u00f5hkujad&#8230; Disainer aksessuaarist saab h\u00f5lpsasti lahutamatu fookuspunkt, mis t\u00f5mbab t\u00e4helepanu ja v\u00e4\u00e4rtustab kogu interj\u00f6\u00f6ri. Video mitmek\u00fclgsus ja ajatus muudab selle suurep\u00e4raseks kingiideeks. Kinnitatud k\u00e4epidemed v\u00f5imaldavad viimistluse p\u00fcsivalt kinnitada.<\/p>\n<\/div>\n","protected":false},"excerpt":{"rendered":"<p>Mudel PT. G10044B EAN. 5907772073841 Laius (cm) 120 K\u00f5rgus (cm) 80 Paksus (cm) 7 Materjal Puit, puitlaudis, plastik Orienteerimine Horisontaalne<\/p>\n","protected":false},"featured_media":69897,"comment_status":"open","ping_status":"closed","template":"","meta":{"_acf_changed":false,"pmpro_default_level":""},"product_brand":[],"product_cat":[23913,23895],"product_tag":[],"class_list":{"0":"post-137796","1":"product","2":"type-product","3":"status-publish","4":"has-post-thumbnail","6":"product_cat-3d-paveikslai-et","7":"product_cat-kaunistused","8":"pmpro-has-access","10":"first","11":"instock","12":"shipping-taxable","13":"purchasable","14":"product-type-simple"},"acf":[],"yoast_head":"<!-- This site is optimized with the Yoast SEO plugin v24.9 - https:\/\/yoast.com\/wordpress\/plugins\/seo\/ -->\n<title>LOFT CITY 2 3D 120x80 cm - MetalTale.com<\/title>\n<meta name=\"robots\" content=\"index, follow, max-snippet:-1, max-image-preview:large, max-video-preview:-1\" \/>\n<link rel=\"canonical\" href=\"https:\/\/metaltale.com\/et\/toode\/loft-city-2-3d-120x80-cm\/\" \/>\n<meta property=\"og:locale\" content=\"et_EE\" \/>\n<meta property=\"og:type\" content=\"article\" \/>\n<meta property=\"og:title\" content=\"LOFT CITY 2 3D 120x80 cm - MetalTale.com\" \/>\n<meta property=\"og:description\" content=\"Mudel PT. G10044B EAN. 5907772073841 Laius (cm) 120 K\u00f5rgus (cm) 80 Paksus (cm) 7 Materjal Puit, puitlaudis, plastik Orienteerimine Horisontaalne\" \/>\n<meta property=\"og:url\" content=\"https:\/\/metaltale.com\/et\/toode\/loft-city-2-3d-120x80-cm\/\" \/>\n<meta property=\"og:site_name\" content=\"MetalTale.com\" \/>\n<meta name=\"twitter:card\" content=\"summary_large_image\" \/>\n<meta name=\"twitter:label1\" content=\"Est. reading time\" \/>\n\t<meta name=\"twitter:data1\" content=\"1 minut\" \/>\n<script type=\"application\/ld+json\" class=\"yoast-schema-graph\">{\"@context\":\"https:\/\/schema.org\",\"@graph\":[{\"@type\":\"WebPage\",\"@id\":\"https:\/\/metaltale.com\/et\/toode\/loft-city-2-3d-120x80-cm\/\",\"url\":\"https:\/\/metaltale.com\/et\/toode\/loft-city-2-3d-120x80-cm\/\",\"name\":\"LOFT CITY 2 3D 120x80 cm - MetalTale.com\",\"isPartOf\":{\"@id\":\"https:\/\/metaltale.com\/et\/#website\"},\"primaryImageOfPage\":{\"@id\":\"https:\/\/metaltale.com\/et\/toode\/loft-city-2-3d-120x80-cm\/#primaryimage\"},\"image\":{\"@id\":\"https:\/\/metaltale.com\/et\/toode\/loft-city-2-3d-120x80-cm\/#primaryimage\"},\"thumbnailUrl\":\"https:\/\/metaltale.com\/wp-content\/uploads\/2023\/09\/3D-VAIZDAS-LOFTAS-MIESTAS-2.jpg\",\"datePublished\":\"2024-02-13T12:29:51+00:00\",\"breadcrumb\":{\"@id\":\"https:\/\/metaltale.com\/et\/toode\/loft-city-2-3d-120x80-cm\/#breadcrumb\"},\"inLanguage\":\"et\",\"potentialAction\":[{\"@type\":\"ReadAction\",\"target\":[\"https:\/\/metaltale.com\/et\/toode\/loft-city-2-3d-120x80-cm\/\"]}]},{\"@type\":\"ImageObject\",\"inLanguage\":\"et\",\"@id\":\"https:\/\/metaltale.com\/et\/toode\/loft-city-2-3d-120x80-cm\/#primaryimage\",\"url\":\"https:\/\/metaltale.com\/wp-content\/uploads\/2023\/09\/3D-VAIZDAS-LOFTAS-MIESTAS-2.jpg\",\"contentUrl\":\"https:\/\/metaltale.com\/wp-content\/uploads\/2023\/09\/3D-VAIZDAS-LOFTAS-MIESTAS-2.jpg\",\"width\":800,\"height\":800},{\"@type\":\"BreadcrumbList\",\"@id\":\"https:\/\/metaltale.com\/et\/toode\/loft-city-2-3d-120x80-cm\/#breadcrumb\",\"itemListElement\":[{\"@type\":\"ListItem\",\"position\":1,\"name\":\"Home\",\"item\":\"https:\/\/metaltale.com\/et\/kodu\/\"},{\"@type\":\"ListItem\",\"position\":2,\"name\":\"Kauplus\",\"item\":\"https:\/\/metaltale.com\/et\/shop\/\"},{\"@type\":\"ListItem\",\"position\":3,\"name\":\"LOFT CITY 2 3D 120&#215;80 cm\"}]},{\"@type\":\"WebSite\",\"@id\":\"https:\/\/metaltale.com\/et\/#website\",\"url\":\"https:\/\/metaltale.com\/et\/\",\"name\":\"Metaltale.com\",\"description\":\"\",\"potentialAction\":[{\"@type\":\"SearchAction\",\"target\":{\"@type\":\"EntryPoint\",\"urlTemplate\":\"https:\/\/metaltale.com\/et\/?s={search_term_string}\"},\"query-input\":{\"@type\":\"PropertyValueSpecification\",\"valueRequired\":true,\"valueName\":\"search_term_string\"}}],\"inLanguage\":\"et\"}]}<\/script>\n<!-- \/ Yoast SEO plugin. -->","yoast_head_json":{"title":"LOFT CITY 2 3D 120x80 cm - MetalTale.com","robots":{"index":"index","follow":"follow","max-snippet":"max-snippet:-1","max-image-preview":"max-image-preview:large","max-video-preview":"max-video-preview:-1"},"canonical":"https:\/\/metaltale.com\/et\/toode\/loft-city-2-3d-120x80-cm\/","og_locale":"et_EE","og_type":"article","og_title":"LOFT CITY 2 3D 120x80 cm - MetalTale.com","og_description":"Mudel PT. G10044B EAN. 5907772073841 Laius (cm) 120 K\u00f5rgus (cm) 80 Paksus (cm) 7 Materjal Puit, puitlaudis, plastik Orienteerimine Horisontaalne","og_url":"https:\/\/metaltale.com\/et\/toode\/loft-city-2-3d-120x80-cm\/","og_site_name":"MetalTale.com","twitter_card":"summary_large_image","twitter_misc":{"Est. reading time":"1 minut"},"schema":{"@context":"https:\/\/schema.org","@graph":[{"@type":"WebPage","@id":"https:\/\/metaltale.com\/et\/toode\/loft-city-2-3d-120x80-cm\/","url":"https:\/\/metaltale.com\/et\/toode\/loft-city-2-3d-120x80-cm\/","name":"LOFT CITY 2 3D 120x80 cm - MetalTale.com","isPartOf":{"@id":"https:\/\/metaltale.com\/et\/#website"},"primaryImageOfPage":{"@id":"https:\/\/metaltale.com\/et\/toode\/loft-city-2-3d-120x80-cm\/#primaryimage"},"image":{"@id":"https:\/\/metaltale.com\/et\/toode\/loft-city-2-3d-120x80-cm\/#primaryimage"},"thumbnailUrl":"https:\/\/metaltale.com\/wp-content\/uploads\/2023\/09\/3D-VAIZDAS-LOFTAS-MIESTAS-2.jpg","datePublished":"2024-02-13T12:29:51+00:00","breadcrumb":{"@id":"https:\/\/metaltale.com\/et\/toode\/loft-city-2-3d-120x80-cm\/#breadcrumb"},"inLanguage":"et","potentialAction":[{"@type":"ReadAction","target":["https:\/\/metaltale.com\/et\/toode\/loft-city-2-3d-120x80-cm\/"]}]},{"@type":"ImageObject","inLanguage":"et","@id":"https:\/\/metaltale.com\/et\/toode\/loft-city-2-3d-120x80-cm\/#primaryimage","url":"https:\/\/metaltale.com\/wp-content\/uploads\/2023\/09\/3D-VAIZDAS-LOFTAS-MIESTAS-2.jpg","contentUrl":"https:\/\/metaltale.com\/wp-content\/uploads\/2023\/09\/3D-VAIZDAS-LOFTAS-MIESTAS-2.jpg","width":800,"height":800},{"@type":"BreadcrumbList","@id":"https:\/\/metaltale.com\/et\/toode\/loft-city-2-3d-120x80-cm\/#breadcrumb","itemListElement":[{"@type":"ListItem","position":1,"name":"Home","item":"https:\/\/metaltale.com\/et\/kodu\/"},{"@type":"ListItem","position":2,"name":"Kauplus","item":"https:\/\/metaltale.com\/et\/shop\/"},{"@type":"ListItem","position":3,"name":"LOFT CITY 2 3D 120&#215;80 cm"}]},{"@type":"WebSite","@id":"https:\/\/metaltale.com\/et\/#website","url":"https:\/\/metaltale.com\/et\/","name":"Metaltale.com","description":"","potentialAction":[{"@type":"SearchAction","target":{"@type":"EntryPoint","urlTemplate":"https:\/\/metaltale.com\/et\/?s={search_term_string}"},"query-input":{"@type":"PropertyValueSpecification","valueRequired":true,"valueName":"search_term_string"}}],"inLanguage":"et"}]}},"_links":{"self":[{"href":"https:\/\/metaltale.com\/et\/wp-json\/wp\/v2\/product\/137796","targetHints":{"allow":["GET"]}}],"collection":[{"href":"https:\/\/metaltale.com\/et\/wp-json\/wp\/v2\/product"}],"about":[{"href":"https:\/\/metaltale.com\/et\/wp-json\/wp\/v2\/types\/product"}],"replies":[{"embeddable":true,"href":"https:\/\/metaltale.com\/et\/wp-json\/wp\/v2\/comments?post=137796"}],"version-history":[{"count":0,"href":"https:\/\/metaltale.com\/et\/wp-json\/wp\/v2\/product\/137796\/revisions"}],"wp:featuredmedia":[{"embeddable":true,"href":"https:\/\/metaltale.com\/et\/wp-json\/wp\/v2\/media\/69897"}],"wp:attachment":[{"href":"https:\/\/metaltale.com\/et\/wp-json\/wp\/v2\/media?parent=137796"}],"wp:term":[{"taxonomy":"product_brand","embeddable":true,"href":"https:\/\/metaltale.com\/et\/wp-json\/wp\/v2\/product_brand?post=137796"},{"taxonomy":"product_cat","embeddable":true,"href":"https:\/\/metaltale.com\/et\/wp-json\/wp\/v2\/product_cat?post=137796"},{"taxonomy":"product_tag","embeddable":true,"href":"https:\/\/metaltale.com\/et\/wp-json\/wp\/v2\/product_tag?post=137796"}],"curies":[{"name":"wp","href":"https:\/\/api.w.org\/{rel}","templated":true}]}}