{"id":137756,"date":"2024-02-13T14:37:04","date_gmt":"2024-02-13T12:37:04","guid":{"rendered":"https:\/\/metaltale.com\/produktas\/dekoratiivsed-plekid-parking-jaguar\/"},"modified":"2024-02-13T14:37:04","modified_gmt":"2024-02-13T12:37:04","slug":"dekoratiivsed-plekid-parking-jaguar","status":"publish","type":"product","link":"https:\/\/metaltale.com\/et\/toode\/dekoratiivsed-plekid-parking-jaguar\/","title":{"rendered":"Dekoratiivsed plekid PARKING JAGUAR"},"content":{"rendered":"<div class=\"prod_data\"><strong>Mudel<\/strong> IN.50174  <br \/><strong>EAN.<\/strong>  5905369908682  <br \/><strong>Laius (cm)<\/strong> 20  <br \/><strong>K\u00f5rgus (cm)<\/strong> 30  <br \/><strong>Materjal<\/strong> teras  <br \/><strong>Kujundid Ristk\u00fclikukujuline<\/strong>  <br \/><strong>Orienteerimine<\/strong> Vertikaalne  <br \/><strong>Ruum<\/strong> Garaa\u017e  <br \/><strong>Motiiv<\/strong> Motoriseerimine  <\/p>\n<p>Ristk\u00fclikukujuline metallplaat. Plakat on kaetud k\u00f5rge kulumiskindlusega v\u00e4rviga ja kaitstud kulumisvastase lakiga. Iga eksemplar on \u00fcmbritsetud kaitsekilega. Gaminys sujungia tipin\u0119 kelio \u017eenklo spalv\u0173 schem\u0105 su humoristiniu u\u017era\u0161u. Retro atmosfer\u0105 sukuria \u012fbr\u0117\u017eimai ir korozijos p\u0117dsakai. Plaat on kinnitatud peente avadega.<\/p>\n<p>Tootel on Jaguari logo ja s\u00f5nad &#8220;Hoiatus &#8211; ainult Jaguari parkimine &#8211; k\u00f5ik teised pukseeritakse&#8221;.<\/p>\n<p>Metallist plakat on originaalne kingiidee.<\/p>\n<\/div>\n","protected":false},"excerpt":{"rendered":"<p>Mudel IN.50174 EAN. 5905369908682 Laius (cm) 20 K\u00f5rgus (cm) 30 Materjal teras Kujundid Ristk\u00fclikukujuline Orienteerimine Vertikaalne Ruum Garaa\u017e Motiiv Motoriseerimine<\/p>\n","protected":false},"featured_media":98151,"comment_status":"open","ping_status":"closed","template":"","meta":{"_acf_changed":false,"pmpro_default_level":""},"product_brand":[],"product_cat":[23895],"product_tag":[],"class_list":{"0":"post-137756","1":"product","2":"type-product","3":"status-publish","4":"has-post-thumbnail","6":"product_cat-kaunistused","7":"pmpro-has-access","9":"first","10":"instock","11":"shipping-taxable","12":"purchasable","13":"product-type-simple"},"acf":[],"yoast_head":"<!-- This site is optimized with the Yoast SEO plugin v24.9 - https:\/\/yoast.com\/wordpress\/plugins\/seo\/ -->\n<title>Dekoratiivsed plekid PARKING JAGUAR - MetalTale.com<\/title>\n<meta name=\"robots\" content=\"index, follow, max-snippet:-1, max-image-preview:large, max-video-preview:-1\" \/>\n<link rel=\"canonical\" href=\"https:\/\/metaltale.com\/et\/toode\/dekoratiivsed-plekid-parking-jaguar\/\" \/>\n<meta property=\"og:locale\" content=\"et_EE\" \/>\n<meta property=\"og:type\" content=\"article\" \/>\n<meta property=\"og:title\" content=\"Dekoratiivsed plekid PARKING JAGUAR - MetalTale.com\" \/>\n<meta property=\"og:description\" content=\"Mudel IN.50174 EAN. 5905369908682 Laius (cm) 20 K\u00f5rgus (cm) 30 Materjal teras Kujundid Ristk\u00fclikukujuline Orienteerimine Vertikaalne Ruum Garaa\u017e Motiiv Motoriseerimine\" \/>\n<meta property=\"og:url\" content=\"https:\/\/metaltale.com\/et\/toode\/dekoratiivsed-plekid-parking-jaguar\/\" \/>\n<meta property=\"og:site_name\" content=\"MetalTale.com\" \/>\n<meta name=\"twitter:card\" content=\"summary_large_image\" \/>\n<script type=\"application\/ld+json\" class=\"yoast-schema-graph\">{\"@context\":\"https:\/\/schema.org\",\"@graph\":[{\"@type\":\"WebPage\",\"@id\":\"https:\/\/metaltale.com\/et\/toode\/dekoratiivsed-plekid-parking-jaguar\/\",\"url\":\"https:\/\/metaltale.com\/et\/toode\/dekoratiivsed-plekid-parking-jaguar\/\",\"name\":\"Dekoratiivsed plekid PARKING JAGUAR - MetalTale.com\",\"isPartOf\":{\"@id\":\"https:\/\/metaltale.com\/et\/#website\"},\"primaryImageOfPage\":{\"@id\":\"https:\/\/metaltale.com\/et\/toode\/dekoratiivsed-plekid-parking-jaguar\/#primaryimage\"},\"image\":{\"@id\":\"https:\/\/metaltale.com\/et\/toode\/dekoratiivsed-plekid-parking-jaguar\/#primaryimage\"},\"thumbnailUrl\":\"https:\/\/metaltale.com\/wp-content\/uploads\/2023\/11\/Dekoratyvinis-lakx161tinis-metalas-PARKING-JAGUAR.jpg\",\"datePublished\":\"2024-02-13T12:37:04+00:00\",\"breadcrumb\":{\"@id\":\"https:\/\/metaltale.com\/et\/toode\/dekoratiivsed-plekid-parking-jaguar\/#breadcrumb\"},\"inLanguage\":\"et\",\"potentialAction\":[{\"@type\":\"ReadAction\",\"target\":[\"https:\/\/metaltale.com\/et\/toode\/dekoratiivsed-plekid-parking-jaguar\/\"]}]},{\"@type\":\"ImageObject\",\"inLanguage\":\"et\",\"@id\":\"https:\/\/metaltale.com\/et\/toode\/dekoratiivsed-plekid-parking-jaguar\/#primaryimage\",\"url\":\"https:\/\/metaltale.com\/wp-content\/uploads\/2023\/11\/Dekoratyvinis-lakx161tinis-metalas-PARKING-JAGUAR.jpg\",\"contentUrl\":\"https:\/\/metaltale.com\/wp-content\/uploads\/2023\/11\/Dekoratyvinis-lakx161tinis-metalas-PARKING-JAGUAR.jpg\",\"width\":800,\"height\":800},{\"@type\":\"BreadcrumbList\",\"@id\":\"https:\/\/metaltale.com\/et\/toode\/dekoratiivsed-plekid-parking-jaguar\/#breadcrumb\",\"itemListElement\":[{\"@type\":\"ListItem\",\"position\":1,\"name\":\"Home\",\"item\":\"https:\/\/metaltale.com\/et\/kodu\/\"},{\"@type\":\"ListItem\",\"position\":2,\"name\":\"Kauplus\",\"item\":\"https:\/\/metaltale.com\/et\/shop\/\"},{\"@type\":\"ListItem\",\"position\":3,\"name\":\"Dekoratiivsed plekid PARKING JAGUAR\"}]},{\"@type\":\"WebSite\",\"@id\":\"https:\/\/metaltale.com\/et\/#website\",\"url\":\"https:\/\/metaltale.com\/et\/\",\"name\":\"Metaltale.com\",\"description\":\"\",\"potentialAction\":[{\"@type\":\"SearchAction\",\"target\":{\"@type\":\"EntryPoint\",\"urlTemplate\":\"https:\/\/metaltale.com\/et\/?s={search_term_string}\"},\"query-input\":{\"@type\":\"PropertyValueSpecification\",\"valueRequired\":true,\"valueName\":\"search_term_string\"}}],\"inLanguage\":\"et\"}]}<\/script>\n<!-- \/ Yoast SEO plugin. -->","yoast_head_json":{"title":"Dekoratiivsed plekid PARKING JAGUAR - MetalTale.com","robots":{"index":"index","follow":"follow","max-snippet":"max-snippet:-1","max-image-preview":"max-image-preview:large","max-video-preview":"max-video-preview:-1"},"canonical":"https:\/\/metaltale.com\/et\/toode\/dekoratiivsed-plekid-parking-jaguar\/","og_locale":"et_EE","og_type":"article","og_title":"Dekoratiivsed plekid PARKING JAGUAR - MetalTale.com","og_description":"Mudel IN.50174 EAN. 5905369908682 Laius (cm) 20 K\u00f5rgus (cm) 30 Materjal teras Kujundid Ristk\u00fclikukujuline Orienteerimine Vertikaalne Ruum Garaa\u017e Motiiv Motoriseerimine","og_url":"https:\/\/metaltale.com\/et\/toode\/dekoratiivsed-plekid-parking-jaguar\/","og_site_name":"MetalTale.com","twitter_card":"summary_large_image","schema":{"@context":"https:\/\/schema.org","@graph":[{"@type":"WebPage","@id":"https:\/\/metaltale.com\/et\/toode\/dekoratiivsed-plekid-parking-jaguar\/","url":"https:\/\/metaltale.com\/et\/toode\/dekoratiivsed-plekid-parking-jaguar\/","name":"Dekoratiivsed plekid PARKING JAGUAR - MetalTale.com","isPartOf":{"@id":"https:\/\/metaltale.com\/et\/#website"},"primaryImageOfPage":{"@id":"https:\/\/metaltale.com\/et\/toode\/dekoratiivsed-plekid-parking-jaguar\/#primaryimage"},"image":{"@id":"https:\/\/metaltale.com\/et\/toode\/dekoratiivsed-plekid-parking-jaguar\/#primaryimage"},"thumbnailUrl":"https:\/\/metaltale.com\/wp-content\/uploads\/2023\/11\/Dekoratyvinis-lakx161tinis-metalas-PARKING-JAGUAR.jpg","datePublished":"2024-02-13T12:37:04+00:00","breadcrumb":{"@id":"https:\/\/metaltale.com\/et\/toode\/dekoratiivsed-plekid-parking-jaguar\/#breadcrumb"},"inLanguage":"et","potentialAction":[{"@type":"ReadAction","target":["https:\/\/metaltale.com\/et\/toode\/dekoratiivsed-plekid-parking-jaguar\/"]}]},{"@type":"ImageObject","inLanguage":"et","@id":"https:\/\/metaltale.com\/et\/toode\/dekoratiivsed-plekid-parking-jaguar\/#primaryimage","url":"https:\/\/metaltale.com\/wp-content\/uploads\/2023\/11\/Dekoratyvinis-lakx161tinis-metalas-PARKING-JAGUAR.jpg","contentUrl":"https:\/\/metaltale.com\/wp-content\/uploads\/2023\/11\/Dekoratyvinis-lakx161tinis-metalas-PARKING-JAGUAR.jpg","width":800,"height":800},{"@type":"BreadcrumbList","@id":"https:\/\/metaltale.com\/et\/toode\/dekoratiivsed-plekid-parking-jaguar\/#breadcrumb","itemListElement":[{"@type":"ListItem","position":1,"name":"Home","item":"https:\/\/metaltale.com\/et\/kodu\/"},{"@type":"ListItem","position":2,"name":"Kauplus","item":"https:\/\/metaltale.com\/et\/shop\/"},{"@type":"ListItem","position":3,"name":"Dekoratiivsed plekid PARKING JAGUAR"}]},{"@type":"WebSite","@id":"https:\/\/metaltale.com\/et\/#website","url":"https:\/\/metaltale.com\/et\/","name":"Metaltale.com","description":"","potentialAction":[{"@type":"SearchAction","target":{"@type":"EntryPoint","urlTemplate":"https:\/\/metaltale.com\/et\/?s={search_term_string}"},"query-input":{"@type":"PropertyValueSpecification","valueRequired":true,"valueName":"search_term_string"}}],"inLanguage":"et"}]}},"_links":{"self":[{"href":"https:\/\/metaltale.com\/et\/wp-json\/wp\/v2\/product\/137756","targetHints":{"allow":["GET"]}}],"collection":[{"href":"https:\/\/metaltale.com\/et\/wp-json\/wp\/v2\/product"}],"about":[{"href":"https:\/\/metaltale.com\/et\/wp-json\/wp\/v2\/types\/product"}],"replies":[{"embeddable":true,"href":"https:\/\/metaltale.com\/et\/wp-json\/wp\/v2\/comments?post=137756"}],"version-history":[{"count":0,"href":"https:\/\/metaltale.com\/et\/wp-json\/wp\/v2\/product\/137756\/revisions"}],"wp:featuredmedia":[{"embeddable":true,"href":"https:\/\/metaltale.com\/et\/wp-json\/wp\/v2\/media\/98151"}],"wp:attachment":[{"href":"https:\/\/metaltale.com\/et\/wp-json\/wp\/v2\/media?parent=137756"}],"wp:term":[{"taxonomy":"product_brand","embeddable":true,"href":"https:\/\/metaltale.com\/et\/wp-json\/wp\/v2\/product_brand?post=137756"},{"taxonomy":"product_cat","embeddable":true,"href":"https:\/\/metaltale.com\/et\/wp-json\/wp\/v2\/product_cat?post=137756"},{"taxonomy":"product_tag","embeddable":true,"href":"https:\/\/metaltale.com\/et\/wp-json\/wp\/v2\/product_tag?post=137756"}],"curies":[{"name":"wp","href":"https:\/\/api.w.org\/{rel}","templated":true}]}}