{"id":137405,"date":"2024-02-13T14:41:05","date_gmt":"2024-02-13T12:41:05","guid":{"rendered":"https:\/\/metaltale.com\/produktas\/vihmaduss-roosa-kuld-varis-3\/"},"modified":"2024-02-13T14:41:05","modified_gmt":"2024-02-13T12:41:05","slug":"vihmaduss-roosa-kuld-varis-3","status":"publish","type":"product","link":"https:\/\/metaltale.com\/et\/toode\/vihmaduss-roosa-kuld-varis-3\/","title":{"rendered":"Vihmadu\u0161\u0161 roosa kuld VARIS 3"},"content":{"rendered":"<div class=\"prod_data\"><strong>Mudel<\/strong> WX. SH3.CO. RZL  <br \/>Vase kollektsioon <br \/><strong>EAN.<\/strong>  5905369901980  <br \/>\u00dcldine k\u00f5rgus (cm) 8 <br \/>\u00dcldl\u00e4bim\u00f5\u00f5t (cm) 20,5 <br \/><strong>Anti-Calc (lubjavastane)<\/strong> Ei  <br \/>V\u00e4rv Roosa kuld <br \/>Viimistlus l\u00e4ikiv <br \/>Reguleeritav du\u0161ipea nurk <br \/>LISATEAVE Pakkumine kehtib ainult du\u0161ipeale \/ vihmadu\u0161ile. <\/p>\n<p>&#8211; \u00fcmmargune vihmadu\u0161\u0161 l\u00e4bim\u00f5\u00f5duga 20,5 cm<br \/>&#8211; kuuliitmik<br \/>&#8211; vihmavool<br \/>&#8211; vihmadu\u0161\u0161 sobib &#8220;Copper&#8221;, &#8220;Gleam&#8221; kollektsioonile<br \/>&#8211; Vihmadu\u0161\u0161 ilma k\u00e4eta<\/p>\n<hr>\n<p>Retro disain elegantselt k\u00fclaliste jaoks teie vannitoas? Mul v\u00f5ib puududa element, mis r\u00f5hutaks seda ainulaadset atmosf\u00e4\u00e4ri. Roosakuldne Retro Rain Shower r\u00f5\u00f5mustab ka k\u00f5ige n\u00f5udlikumaid kliente. Pea sees olev \u00f5hutaja tagab mugava vanni, k\u00f5rvaldades v\u00f5imalikud r\u00f5hu t\u00f5usud veevoolu ajal.<\/p>\n<\/div>\n","protected":false},"excerpt":{"rendered":"<p>Mudel WX. SH3.CO. RZL Vase kollektsioon EAN. 5905369901980 \u00dcldine k\u00f5rgus (cm) 8 \u00dcldl\u00e4bim\u00f5\u00f5t (cm) 20,5 Anti-Calc (lubjavastane) Ei V\u00e4rv Roosa<\/p>\n","protected":false},"featured_media":89780,"comment_status":"open","ping_status":"closed","template":"","meta":{"_acf_changed":false,"pmpro_default_level":""},"product_brand":[],"product_cat":[24183],"product_tag":[],"class_list":{"0":"post-137405","1":"product","2":"type-product","3":"status-publish","4":"has-post-thumbnail","6":"product_cat-vihmadusid-ja-dusijuhid","7":"pmpro-has-access","9":"first","10":"instock","11":"shipping-taxable","12":"purchasable","13":"product-type-simple"},"acf":[],"yoast_head":"<!-- This site is optimized with the Yoast SEO plugin v24.9 - https:\/\/yoast.com\/wordpress\/plugins\/seo\/ -->\n<title>Vihmadu\u0161\u0161 roosa kuld VARIS 3 - MetalTale.com<\/title>\n<meta name=\"robots\" content=\"index, follow, max-snippet:-1, max-image-preview:large, max-video-preview:-1\" \/>\n<link rel=\"canonical\" href=\"https:\/\/metaltale.com\/et\/toode\/vihmaduss-roosa-kuld-varis-3\/\" \/>\n<meta property=\"og:locale\" content=\"et_EE\" \/>\n<meta property=\"og:type\" content=\"article\" \/>\n<meta property=\"og:title\" content=\"Vihmadu\u0161\u0161 roosa kuld VARIS 3 - MetalTale.com\" \/>\n<meta property=\"og:description\" content=\"Mudel WX. SH3.CO. RZL Vase kollektsioon EAN. 5905369901980 \u00dcldine k\u00f5rgus (cm) 8 \u00dcldl\u00e4bim\u00f5\u00f5t (cm) 20,5 Anti-Calc (lubjavastane) Ei V\u00e4rv Roosa\" \/>\n<meta property=\"og:url\" content=\"https:\/\/metaltale.com\/et\/toode\/vihmaduss-roosa-kuld-varis-3\/\" \/>\n<meta property=\"og:site_name\" content=\"MetalTale.com\" \/>\n<meta name=\"twitter:card\" content=\"summary_large_image\" \/>\n<meta name=\"twitter:label1\" content=\"Est. reading time\" \/>\n\t<meta name=\"twitter:data1\" content=\"1 minut\" \/>\n<script type=\"application\/ld+json\" class=\"yoast-schema-graph\">{\"@context\":\"https:\/\/schema.org\",\"@graph\":[{\"@type\":\"WebPage\",\"@id\":\"https:\/\/metaltale.com\/et\/toode\/vihmaduss-roosa-kuld-varis-3\/\",\"url\":\"https:\/\/metaltale.com\/et\/toode\/vihmaduss-roosa-kuld-varis-3\/\",\"name\":\"Vihmadu\u0161\u0161 roosa kuld VARIS 3 - MetalTale.com\",\"isPartOf\":{\"@id\":\"https:\/\/metaltale.com\/et\/#website\"},\"primaryImageOfPage\":{\"@id\":\"https:\/\/metaltale.com\/et\/toode\/vihmaduss-roosa-kuld-varis-3\/#primaryimage\"},\"image\":{\"@id\":\"https:\/\/metaltale.com\/et\/toode\/vihmaduss-roosa-kuld-varis-3\/#primaryimage\"},\"thumbnailUrl\":\"https:\/\/metaltale.com\/wp-content\/uploads\/2023\/10\/Lietaus-dux161as-rox17Einis-auksas-VARIS-3.jpg\",\"datePublished\":\"2024-02-13T12:41:05+00:00\",\"breadcrumb\":{\"@id\":\"https:\/\/metaltale.com\/et\/toode\/vihmaduss-roosa-kuld-varis-3\/#breadcrumb\"},\"inLanguage\":\"et\",\"potentialAction\":[{\"@type\":\"ReadAction\",\"target\":[\"https:\/\/metaltale.com\/et\/toode\/vihmaduss-roosa-kuld-varis-3\/\"]}]},{\"@type\":\"ImageObject\",\"inLanguage\":\"et\",\"@id\":\"https:\/\/metaltale.com\/et\/toode\/vihmaduss-roosa-kuld-varis-3\/#primaryimage\",\"url\":\"https:\/\/metaltale.com\/wp-content\/uploads\/2023\/10\/Lietaus-dux161as-rox17Einis-auksas-VARIS-3.jpg\",\"contentUrl\":\"https:\/\/metaltale.com\/wp-content\/uploads\/2023\/10\/Lietaus-dux161as-rox17Einis-auksas-VARIS-3.jpg\",\"width\":800,\"height\":800},{\"@type\":\"BreadcrumbList\",\"@id\":\"https:\/\/metaltale.com\/et\/toode\/vihmaduss-roosa-kuld-varis-3\/#breadcrumb\",\"itemListElement\":[{\"@type\":\"ListItem\",\"position\":1,\"name\":\"Home\",\"item\":\"https:\/\/metaltale.com\/et\/kodu\/\"},{\"@type\":\"ListItem\",\"position\":2,\"name\":\"Kauplus\",\"item\":\"https:\/\/metaltale.com\/et\/shop\/\"},{\"@type\":\"ListItem\",\"position\":3,\"name\":\"Vihmadu\u0161\u0161 roosa kuld VARIS 3\"}]},{\"@type\":\"WebSite\",\"@id\":\"https:\/\/metaltale.com\/et\/#website\",\"url\":\"https:\/\/metaltale.com\/et\/\",\"name\":\"Metaltale.com\",\"description\":\"\",\"potentialAction\":[{\"@type\":\"SearchAction\",\"target\":{\"@type\":\"EntryPoint\",\"urlTemplate\":\"https:\/\/metaltale.com\/et\/?s={search_term_string}\"},\"query-input\":{\"@type\":\"PropertyValueSpecification\",\"valueRequired\":true,\"valueName\":\"search_term_string\"}}],\"inLanguage\":\"et\"}]}<\/script>\n<!-- \/ Yoast SEO plugin. -->","yoast_head_json":{"title":"Vihmadu\u0161\u0161 roosa kuld VARIS 3 - MetalTale.com","robots":{"index":"index","follow":"follow","max-snippet":"max-snippet:-1","max-image-preview":"max-image-preview:large","max-video-preview":"max-video-preview:-1"},"canonical":"https:\/\/metaltale.com\/et\/toode\/vihmaduss-roosa-kuld-varis-3\/","og_locale":"et_EE","og_type":"article","og_title":"Vihmadu\u0161\u0161 roosa kuld VARIS 3 - MetalTale.com","og_description":"Mudel WX. SH3.CO. RZL Vase kollektsioon EAN. 5905369901980 \u00dcldine k\u00f5rgus (cm) 8 \u00dcldl\u00e4bim\u00f5\u00f5t (cm) 20,5 Anti-Calc (lubjavastane) Ei V\u00e4rv Roosa","og_url":"https:\/\/metaltale.com\/et\/toode\/vihmaduss-roosa-kuld-varis-3\/","og_site_name":"MetalTale.com","twitter_card":"summary_large_image","twitter_misc":{"Est. reading time":"1 minut"},"schema":{"@context":"https:\/\/schema.org","@graph":[{"@type":"WebPage","@id":"https:\/\/metaltale.com\/et\/toode\/vihmaduss-roosa-kuld-varis-3\/","url":"https:\/\/metaltale.com\/et\/toode\/vihmaduss-roosa-kuld-varis-3\/","name":"Vihmadu\u0161\u0161 roosa kuld VARIS 3 - MetalTale.com","isPartOf":{"@id":"https:\/\/metaltale.com\/et\/#website"},"primaryImageOfPage":{"@id":"https:\/\/metaltale.com\/et\/toode\/vihmaduss-roosa-kuld-varis-3\/#primaryimage"},"image":{"@id":"https:\/\/metaltale.com\/et\/toode\/vihmaduss-roosa-kuld-varis-3\/#primaryimage"},"thumbnailUrl":"https:\/\/metaltale.com\/wp-content\/uploads\/2023\/10\/Lietaus-dux161as-rox17Einis-auksas-VARIS-3.jpg","datePublished":"2024-02-13T12:41:05+00:00","breadcrumb":{"@id":"https:\/\/metaltale.com\/et\/toode\/vihmaduss-roosa-kuld-varis-3\/#breadcrumb"},"inLanguage":"et","potentialAction":[{"@type":"ReadAction","target":["https:\/\/metaltale.com\/et\/toode\/vihmaduss-roosa-kuld-varis-3\/"]}]},{"@type":"ImageObject","inLanguage":"et","@id":"https:\/\/metaltale.com\/et\/toode\/vihmaduss-roosa-kuld-varis-3\/#primaryimage","url":"https:\/\/metaltale.com\/wp-content\/uploads\/2023\/10\/Lietaus-dux161as-rox17Einis-auksas-VARIS-3.jpg","contentUrl":"https:\/\/metaltale.com\/wp-content\/uploads\/2023\/10\/Lietaus-dux161as-rox17Einis-auksas-VARIS-3.jpg","width":800,"height":800},{"@type":"BreadcrumbList","@id":"https:\/\/metaltale.com\/et\/toode\/vihmaduss-roosa-kuld-varis-3\/#breadcrumb","itemListElement":[{"@type":"ListItem","position":1,"name":"Home","item":"https:\/\/metaltale.com\/et\/kodu\/"},{"@type":"ListItem","position":2,"name":"Kauplus","item":"https:\/\/metaltale.com\/et\/shop\/"},{"@type":"ListItem","position":3,"name":"Vihmadu\u0161\u0161 roosa kuld VARIS 3"}]},{"@type":"WebSite","@id":"https:\/\/metaltale.com\/et\/#website","url":"https:\/\/metaltale.com\/et\/","name":"Metaltale.com","description":"","potentialAction":[{"@type":"SearchAction","target":{"@type":"EntryPoint","urlTemplate":"https:\/\/metaltale.com\/et\/?s={search_term_string}"},"query-input":{"@type":"PropertyValueSpecification","valueRequired":true,"valueName":"search_term_string"}}],"inLanguage":"et"}]}},"_links":{"self":[{"href":"https:\/\/metaltale.com\/et\/wp-json\/wp\/v2\/product\/137405","targetHints":{"allow":["GET"]}}],"collection":[{"href":"https:\/\/metaltale.com\/et\/wp-json\/wp\/v2\/product"}],"about":[{"href":"https:\/\/metaltale.com\/et\/wp-json\/wp\/v2\/types\/product"}],"replies":[{"embeddable":true,"href":"https:\/\/metaltale.com\/et\/wp-json\/wp\/v2\/comments?post=137405"}],"version-history":[{"count":0,"href":"https:\/\/metaltale.com\/et\/wp-json\/wp\/v2\/product\/137405\/revisions"}],"wp:featuredmedia":[{"embeddable":true,"href":"https:\/\/metaltale.com\/et\/wp-json\/wp\/v2\/media\/89780"}],"wp:attachment":[{"href":"https:\/\/metaltale.com\/et\/wp-json\/wp\/v2\/media?parent=137405"}],"wp:term":[{"taxonomy":"product_brand","embeddable":true,"href":"https:\/\/metaltale.com\/et\/wp-json\/wp\/v2\/product_brand?post=137405"},{"taxonomy":"product_cat","embeddable":true,"href":"https:\/\/metaltale.com\/et\/wp-json\/wp\/v2\/product_cat?post=137405"},{"taxonomy":"product_tag","embeddable":true,"href":"https:\/\/metaltale.com\/et\/wp-json\/wp\/v2\/product_tag?post=137405"}],"curies":[{"name":"wp","href":"https:\/\/api.w.org\/{rel}","templated":true}]}}