{"id":137403,"date":"2024-02-13T14:41:41","date_gmt":"2024-02-13T12:41:41","guid":{"rendered":"https:\/\/metaltale.com\/produktas\/must-tiesiog-retro-1-vihmaduss-pea\/"},"modified":"2024-02-13T14:41:41","modified_gmt":"2024-02-13T12:41:41","slug":"must-tiesiog-retro-1-vihmaduss-pea","status":"publish","type":"product","link":"https:\/\/metaltale.com\/et\/toode\/must-tiesiog-retro-1-vihmaduss-pea\/","title":{"rendered":"Must TIESIOG RETRO 1 vihmadu\u0161\u0161 pea"},"content":{"rendered":"<div class=\"prod_data\"><strong>Mudel<\/strong> WX. SH1.SR. BLA  <br \/>York <strong>kollektsioon<\/strong>, Simply Retro, Lola &amp; Lexie  <br \/><strong>EAN.<\/strong>  5905369901935  <br \/>\u00dcldine k\u00f5rgus (cm) 8 <br \/>\u00dcldl\u00e4bim\u00f5\u00f5t (cm) 20,5 <br \/><strong>Anti-Calc (lubjavastane)<\/strong> Ei  <br \/><strong>V\u00e4rv<\/strong> Must  <br \/>Viimistlus Pehme, satiinne efekt <br \/>Reguleeritav du\u0161ipea nurk <br \/>LISATEAVE Pakkumine kehtib ainult du\u0161ipeale \/ vihmadu\u0161ile. <\/p>\n<p>&#8211; \u00fcmmargune vihmadu\u0161\u0161 l\u00e4bim\u00f5\u00f5duga 20,5 cm<br \/>&#8211; kuuliitmik<br \/>&#8211; vihmavool<br \/>&#8211; Vihmadu\u0161\u0161 sobib York, Simply Retro ja Lola &amp;; Lexie kollektsioonidesse n\u00e4htavate harjaj\u00e4lgede t\u00f5ttu.<br \/>&#8211; Vihmadu\u0161\u0161 ilma k\u00e4eta<\/p>\n<hr>\n<p>Lame retroh\u00f5nguline vihmadu\u0161\u0161 on kombinatsioon modernsusest ja vintage-esteetikast. Kuuliigendiga saate reguleerida veejoa nurka vastavalt oma vajadustele. Paljud peapunktid muudavad suplemise l\u00f5busaks.<\/p>\n<\/div>\n","protected":false},"excerpt":{"rendered":"<p>Mudel WX. SH1.SR. BLA York kollektsioon, Simply Retro, Lola &amp; Lexie EAN. 5905369901935 \u00dcldine k\u00f5rgus (cm) 8 \u00dcldl\u00e4bim\u00f5\u00f5t (cm) 20,5<\/p>\n","protected":false},"featured_media":89811,"comment_status":"open","ping_status":"closed","template":"","meta":{"_acf_changed":false,"pmpro_default_level":""},"product_brand":[],"product_cat":[24183],"product_tag":[],"class_list":{"0":"post-137403","1":"product","2":"type-product","3":"status-publish","4":"has-post-thumbnail","6":"product_cat-vihmadusid-ja-dusijuhid","7":"pmpro-has-access","9":"first","10":"instock","11":"shipping-taxable","12":"purchasable","13":"product-type-simple"},"acf":[],"yoast_head":"<!-- This site is optimized with the Yoast SEO plugin v24.9 - https:\/\/yoast.com\/wordpress\/plugins\/seo\/ -->\n<title>Must TIESIOG RETRO 1 vihmadu\u0161\u0161 pea - MetalTale.com<\/title>\n<meta name=\"robots\" content=\"index, follow, max-snippet:-1, max-image-preview:large, max-video-preview:-1\" \/>\n<link rel=\"canonical\" href=\"https:\/\/metaltale.com\/et\/toode\/must-tiesiog-retro-1-vihmaduss-pea\/\" \/>\n<meta property=\"og:locale\" content=\"et_EE\" \/>\n<meta property=\"og:type\" content=\"article\" \/>\n<meta property=\"og:title\" content=\"Must TIESIOG RETRO 1 vihmadu\u0161\u0161 pea - MetalTale.com\" \/>\n<meta property=\"og:description\" content=\"Mudel WX. SH1.SR. BLA York kollektsioon, Simply Retro, Lola &amp; Lexie EAN. 5905369901935 \u00dcldine k\u00f5rgus (cm) 8 \u00dcldl\u00e4bim\u00f5\u00f5t (cm) 20,5\" \/>\n<meta property=\"og:url\" content=\"https:\/\/metaltale.com\/et\/toode\/must-tiesiog-retro-1-vihmaduss-pea\/\" \/>\n<meta property=\"og:site_name\" content=\"MetalTale.com\" \/>\n<meta name=\"twitter:card\" content=\"summary_large_image\" \/>\n<script type=\"application\/ld+json\" class=\"yoast-schema-graph\">{\"@context\":\"https:\/\/schema.org\",\"@graph\":[{\"@type\":\"WebPage\",\"@id\":\"https:\/\/metaltale.com\/et\/toode\/must-tiesiog-retro-1-vihmaduss-pea\/\",\"url\":\"https:\/\/metaltale.com\/et\/toode\/must-tiesiog-retro-1-vihmaduss-pea\/\",\"name\":\"Must TIESIOG RETRO 1 vihmadu\u0161\u0161 pea - MetalTale.com\",\"isPartOf\":{\"@id\":\"https:\/\/metaltale.com\/et\/#website\"},\"primaryImageOfPage\":{\"@id\":\"https:\/\/metaltale.com\/et\/toode\/must-tiesiog-retro-1-vihmaduss-pea\/#primaryimage\"},\"image\":{\"@id\":\"https:\/\/metaltale.com\/et\/toode\/must-tiesiog-retro-1-vihmaduss-pea\/#primaryimage\"},\"thumbnailUrl\":\"https:\/\/metaltale.com\/wp-content\/uploads\/2023\/10\/Deszczownica-czarna-TIESIOG-RETRO-1.jpg\",\"datePublished\":\"2024-02-13T12:41:41+00:00\",\"breadcrumb\":{\"@id\":\"https:\/\/metaltale.com\/et\/toode\/must-tiesiog-retro-1-vihmaduss-pea\/#breadcrumb\"},\"inLanguage\":\"et\",\"potentialAction\":[{\"@type\":\"ReadAction\",\"target\":[\"https:\/\/metaltale.com\/et\/toode\/must-tiesiog-retro-1-vihmaduss-pea\/\"]}]},{\"@type\":\"ImageObject\",\"inLanguage\":\"et\",\"@id\":\"https:\/\/metaltale.com\/et\/toode\/must-tiesiog-retro-1-vihmaduss-pea\/#primaryimage\",\"url\":\"https:\/\/metaltale.com\/wp-content\/uploads\/2023\/10\/Deszczownica-czarna-TIESIOG-RETRO-1.jpg\",\"contentUrl\":\"https:\/\/metaltale.com\/wp-content\/uploads\/2023\/10\/Deszczownica-czarna-TIESIOG-RETRO-1.jpg\",\"width\":800,\"height\":800},{\"@type\":\"BreadcrumbList\",\"@id\":\"https:\/\/metaltale.com\/et\/toode\/must-tiesiog-retro-1-vihmaduss-pea\/#breadcrumb\",\"itemListElement\":[{\"@type\":\"ListItem\",\"position\":1,\"name\":\"Home\",\"item\":\"https:\/\/metaltale.com\/et\/kodu\/\"},{\"@type\":\"ListItem\",\"position\":2,\"name\":\"Kauplus\",\"item\":\"https:\/\/metaltale.com\/et\/shop\/\"},{\"@type\":\"ListItem\",\"position\":3,\"name\":\"Must TIESIOG RETRO 1 vihmadu\u0161\u0161 pea\"}]},{\"@type\":\"WebSite\",\"@id\":\"https:\/\/metaltale.com\/et\/#website\",\"url\":\"https:\/\/metaltale.com\/et\/\",\"name\":\"Metaltale.com\",\"description\":\"\",\"potentialAction\":[{\"@type\":\"SearchAction\",\"target\":{\"@type\":\"EntryPoint\",\"urlTemplate\":\"https:\/\/metaltale.com\/et\/?s={search_term_string}\"},\"query-input\":{\"@type\":\"PropertyValueSpecification\",\"valueRequired\":true,\"valueName\":\"search_term_string\"}}],\"inLanguage\":\"et\"}]}<\/script>\n<!-- \/ Yoast SEO plugin. -->","yoast_head_json":{"title":"Must TIESIOG RETRO 1 vihmadu\u0161\u0161 pea - MetalTale.com","robots":{"index":"index","follow":"follow","max-snippet":"max-snippet:-1","max-image-preview":"max-image-preview:large","max-video-preview":"max-video-preview:-1"},"canonical":"https:\/\/metaltale.com\/et\/toode\/must-tiesiog-retro-1-vihmaduss-pea\/","og_locale":"et_EE","og_type":"article","og_title":"Must TIESIOG RETRO 1 vihmadu\u0161\u0161 pea - MetalTale.com","og_description":"Mudel WX. SH1.SR. BLA York kollektsioon, Simply Retro, Lola &amp; Lexie EAN. 5905369901935 \u00dcldine k\u00f5rgus (cm) 8 \u00dcldl\u00e4bim\u00f5\u00f5t (cm) 20,5","og_url":"https:\/\/metaltale.com\/et\/toode\/must-tiesiog-retro-1-vihmaduss-pea\/","og_site_name":"MetalTale.com","twitter_card":"summary_large_image","schema":{"@context":"https:\/\/schema.org","@graph":[{"@type":"WebPage","@id":"https:\/\/metaltale.com\/et\/toode\/must-tiesiog-retro-1-vihmaduss-pea\/","url":"https:\/\/metaltale.com\/et\/toode\/must-tiesiog-retro-1-vihmaduss-pea\/","name":"Must TIESIOG RETRO 1 vihmadu\u0161\u0161 pea - MetalTale.com","isPartOf":{"@id":"https:\/\/metaltale.com\/et\/#website"},"primaryImageOfPage":{"@id":"https:\/\/metaltale.com\/et\/toode\/must-tiesiog-retro-1-vihmaduss-pea\/#primaryimage"},"image":{"@id":"https:\/\/metaltale.com\/et\/toode\/must-tiesiog-retro-1-vihmaduss-pea\/#primaryimage"},"thumbnailUrl":"https:\/\/metaltale.com\/wp-content\/uploads\/2023\/10\/Deszczownica-czarna-TIESIOG-RETRO-1.jpg","datePublished":"2024-02-13T12:41:41+00:00","breadcrumb":{"@id":"https:\/\/metaltale.com\/et\/toode\/must-tiesiog-retro-1-vihmaduss-pea\/#breadcrumb"},"inLanguage":"et","potentialAction":[{"@type":"ReadAction","target":["https:\/\/metaltale.com\/et\/toode\/must-tiesiog-retro-1-vihmaduss-pea\/"]}]},{"@type":"ImageObject","inLanguage":"et","@id":"https:\/\/metaltale.com\/et\/toode\/must-tiesiog-retro-1-vihmaduss-pea\/#primaryimage","url":"https:\/\/metaltale.com\/wp-content\/uploads\/2023\/10\/Deszczownica-czarna-TIESIOG-RETRO-1.jpg","contentUrl":"https:\/\/metaltale.com\/wp-content\/uploads\/2023\/10\/Deszczownica-czarna-TIESIOG-RETRO-1.jpg","width":800,"height":800},{"@type":"BreadcrumbList","@id":"https:\/\/metaltale.com\/et\/toode\/must-tiesiog-retro-1-vihmaduss-pea\/#breadcrumb","itemListElement":[{"@type":"ListItem","position":1,"name":"Home","item":"https:\/\/metaltale.com\/et\/kodu\/"},{"@type":"ListItem","position":2,"name":"Kauplus","item":"https:\/\/metaltale.com\/et\/shop\/"},{"@type":"ListItem","position":3,"name":"Must TIESIOG RETRO 1 vihmadu\u0161\u0161 pea"}]},{"@type":"WebSite","@id":"https:\/\/metaltale.com\/et\/#website","url":"https:\/\/metaltale.com\/et\/","name":"Metaltale.com","description":"","potentialAction":[{"@type":"SearchAction","target":{"@type":"EntryPoint","urlTemplate":"https:\/\/metaltale.com\/et\/?s={search_term_string}"},"query-input":{"@type":"PropertyValueSpecification","valueRequired":true,"valueName":"search_term_string"}}],"inLanguage":"et"}]}},"_links":{"self":[{"href":"https:\/\/metaltale.com\/et\/wp-json\/wp\/v2\/product\/137403","targetHints":{"allow":["GET"]}}],"collection":[{"href":"https:\/\/metaltale.com\/et\/wp-json\/wp\/v2\/product"}],"about":[{"href":"https:\/\/metaltale.com\/et\/wp-json\/wp\/v2\/types\/product"}],"replies":[{"embeddable":true,"href":"https:\/\/metaltale.com\/et\/wp-json\/wp\/v2\/comments?post=137403"}],"version-history":[{"count":0,"href":"https:\/\/metaltale.com\/et\/wp-json\/wp\/v2\/product\/137403\/revisions"}],"wp:featuredmedia":[{"embeddable":true,"href":"https:\/\/metaltale.com\/et\/wp-json\/wp\/v2\/media\/89811"}],"wp:attachment":[{"href":"https:\/\/metaltale.com\/et\/wp-json\/wp\/v2\/media?parent=137403"}],"wp:term":[{"taxonomy":"product_brand","embeddable":true,"href":"https:\/\/metaltale.com\/et\/wp-json\/wp\/v2\/product_brand?post=137403"},{"taxonomy":"product_cat","embeddable":true,"href":"https:\/\/metaltale.com\/et\/wp-json\/wp\/v2\/product_cat?post=137403"},{"taxonomy":"product_tag","embeddable":true,"href":"https:\/\/metaltale.com\/et\/wp-json\/wp\/v2\/product_tag?post=137403"}],"curies":[{"name":"wp","href":"https:\/\/api.w.org\/{rel}","templated":true}]}}